{"id":1315,"date":"2026-02-26T11:37:10","date_gmt":"2026-02-26T10:37:10","guid":{"rendered":"https:\/\/www.hsu-hh.de\/baubetrieb\/?page_id=1315"},"modified":"2026-02-26T11:38:17","modified_gmt":"2026-02-26T10:38:17","slug":"zukunftbaurecht-ki-im-rechtsprozess","status":"publish","type":"page","link":"https:\/\/www.hsu-hh.de\/baubetrieb\/zukunftbaurecht-ki-im-rechtsprozess\/","title":{"rendered":"\u201eZUKUNFTBAURECHT \u2013 KI im Rechtsprozess\u201c"},"content":{"rendered":"\n<p>Am 24.02.2026 nahmen Herr <abbr title=\"Professor\">Prof.<\/abbr> Kumlehn und Herr Schmitz f\u00fcr unsere Professur an der Veranstaltung \u201eZUKUNFT BAURECHT \u2013 KI im Rechtsprozess\u201c des regionalen Arbeitskreises Berlin-Brandenburg der Deutschen Gesellschaft f\u00fcr Baurecht teil. Als Veranstaltungsort diente die Magdeburger Johanniskirche, die der fachlichen Diskussion eine ebenso konzentrierte wie au\u00dfergew\u00f6hnliche Atmosph\u00e4re verlieh.<\/p>\n\n\n<div class=\"wp-block-image\">\n<figure class=\"aligncenter size-large is-resized\"><img loading=\"lazy\" decoding=\"async\" width=\"1024\" height=\"485\" src=\"https:\/\/www.hsu-hh.de\/baubetrieb\/wp-content\/uploads\/sites\/919\/2026\/02\/2026-02-24_KI_im_Rechtsprozess-1024x485.jpg\" data-credit=\"BBG\" alt=\"\" class=\"wp-image-1317\" style=\"width:790px;height:auto\" srcset=\"https:\/\/www.hsu-hh.de\/baubetrieb\/wp-content\/uploads\/sites\/919\/2026\/02\/2026-02-24_KI_im_Rechtsprozess-1024x485.jpg 1024w, https:\/\/www.hsu-hh.de\/baubetrieb\/wp-content\/uploads\/sites\/919\/2026\/02\/2026-02-24_KI_im_Rechtsprozess-300x142.jpg 300w, https:\/\/www.hsu-hh.de\/baubetrieb\/wp-content\/uploads\/sites\/919\/2026\/02\/2026-02-24_KI_im_Rechtsprozess-768x363.jpg 768w, https:\/\/www.hsu-hh.de\/baubetrieb\/wp-content\/uploads\/sites\/919\/2026\/02\/2026-02-24_KI_im_Rechtsprozess-1536x727.jpg 1536w, https:\/\/www.hsu-hh.de\/baubetrieb\/wp-content\/uploads\/sites\/919\/2026\/02\/2026-02-24_KI_im_Rechtsprozess-2048x969.jpg 2048w, https:\/\/www.hsu-hh.de\/baubetrieb\/wp-content\/uploads\/sites\/919\/2026\/02\/2026-02-24_KI_im_Rechtsprozess-1100x521.jpg 1100w\" sizes=\"auto, (max-width: 1024px) 100vw, 1024px\" \/><\/figure>\n<\/div>\n\n\n<p>Im Mittelpunkt stand die Frage, wie K\u00fcnstliche Intelligenz \u2013 insbesondere Anwendungen auf Basis gro\u00dfer Sprachmodelle \u2013 den baubetrieblichen und baurechtlichen Arbeitsalltag unterst\u00fctzen kann. Nach einer kompakten Einf\u00fchrung in technische Grundlagen und haftungsrechtliche Problemfelder folgte ein praxisnaher Schwerpunktblock zur KI in der anwaltlichen Praxis.<\/p>\n\n\n\n<p>Am Nachmittag standen Einblicke in die praktische Anwendung im Fokus \u2013 unter anderem mit Beitr\u00e4gen aus dem Kammergericht sowie aus der Bau- und Infrastrukturpraxis (Schiene und Autobahn), etwa zur Pr\u00fcfung von Nachtr\u00e4gen. Die Vortr\u00e4ge und Diskussionen verdeutlichten, dass KI-gest\u00fctzte Werkzeuge neue Effizienzpotenziale er\u00f6ffnen, zugleich aber klare Anforderungen an Transparenz, Verantwortlichkeit und eine rechtssichere Nutzung stellen.<\/p>\n\n\n\n<p>F\u00fcr unsere Professur ist die Veranstaltung vor dem Hintergrund unserer aktuellen Forschungsarbeiten besonders relevant \u2013 insbesondere im Hinblick auf Anwendungen, die auf gro\u00dfen Sprachmodellen basieren, bei der Erstellung und Pr\u00fcfung von Leistungsbeschreibungen. Die vorgestellten Ans\u00e4tze sowie der Austausch zwischen Anwaltschaft, Gerichtsbarkeit und Baubetrieb liefern wertvolle Impulse f\u00fcr eine methodisch fundierte und praxisgerechte Integration von KI im Bauvertragswesen.<\/p>\n","protected":false},"excerpt":{"rendered":"<p>Am 24.02.2026 nahmen Herr Prof. Kumlehn und Herr Schmitz f\u00fcr unsere Professur an der Veranstaltung \u201eZUKUNFT BAURECHT \u2013 KI im Rechtsprozess\u201c des regionalen Arbeitskreises Berlin-Brandenburg der Deutschen Gesellschaft f\u00fcr Baurecht [&hellip;]<\/p>\n","protected":false},"author":3909,"featured_media":0,"parent":0,"menu_order":0,"comment_status":"closed","ping_status":"closed","template":"","meta":{"footnotes":""},"categories":[44],"tags":[],"class_list":["post-1315","page","type-page","status-publish","hentry","category-unterseiten"],"_links":{"self":[{"href":"https:\/\/www.hsu-hh.de\/baubetrieb\/wp-json\/wp\/v2\/pages\/1315","targetHints":{"allow":["GET"]}}],"collection":[{"href":"https:\/\/www.hsu-hh.de\/baubetrieb\/wp-json\/wp\/v2\/pages"}],"about":[{"href":"https:\/\/www.hsu-hh.de\/baubetrieb\/wp-json\/wp\/v2\/types\/page"}],"author":[{"embeddable":true,"href":"https:\/\/www.hsu-hh.de\/baubetrieb\/wp-json\/wp\/v2\/users\/3909"}],"replies":[{"embeddable":true,"href":"https:\/\/www.hsu-hh.de\/baubetrieb\/wp-json\/wp\/v2\/comments?post=1315"}],"version-history":[{"count":1,"href":"https:\/\/www.hsu-hh.de\/baubetrieb\/wp-json\/wp\/v2\/pages\/1315\/revisions"}],"predecessor-version":[{"id":1318,"href":"https:\/\/www.hsu-hh.de\/baubetrieb\/wp-json\/wp\/v2\/pages\/1315\/revisions\/1318"}],"wp:attachment":[{"href":"https:\/\/www.hsu-hh.de\/baubetrieb\/wp-json\/wp\/v2\/media?parent=1315"}],"wp:term":[{"taxonomy":"category","embeddable":true,"href":"https:\/\/www.hsu-hh.de\/baubetrieb\/wp-json\/wp\/v2\/categories?post=1315"},{"taxonomy":"post_tag","embeddable":true,"href":"https:\/\/www.hsu-hh.de\/baubetrieb\/wp-json\/wp\/v2\/tags?post=1315"}],"curies":[{"name":"wp","href":"https:\/\/api.w.org\/{rel}","templated":true}]}}