{"id":1306,"date":"2026-02-23T06:24:52","date_gmt":"2026-02-23T05:24:52","guid":{"rendered":"https:\/\/www.hsu-hh.de\/baubetrieb\/?page_id=1306"},"modified":"2026-02-23T06:24:52","modified_gmt":"2026-02-23T05:24:52","slug":"teilnahme-an-sondersitzung-des-arbeitskreises-x-baubetrieb-des-deutschen-baugerichtstags-in-dortmund","status":"publish","type":"page","link":"https:\/\/www.hsu-hh.de\/baubetrieb\/teilnahme-an-sondersitzung-des-arbeitskreises-x-baubetrieb-des-deutschen-baugerichtstags-in-dortmund\/","title":{"rendered":"Teilnahme an Sondersitzung des \u201eArbeitskreises X \u2013 Baubetrieb\u201c des Deutschen Baugerichtstags in Dortmund"},"content":{"rendered":"\n<p>Am 6. Februar 2026 fand an der <abbr title=\"Technische Universit\u00e4t\">TU<\/abbr> Dortmund eine Sondersitzung des Arbeitskreises X \u2013 Baubetrieb des Deutschen Baugerichtstags statt. Sie kn\u00fcpfte an die Debatten des 10. Deutschen Baugerichtstags 2025 an und behandelte praxisrelevante Fragen zu \u201eEinzelaspekte bei tats\u00e4chlich erforderlichen Kosten\u201c, insbesondere zur Ermittlung und Nachweisf\u00fchrung nach \u00a7 650c BGB.<\/p>\n\n\n\n<p>Die von den Arbeitskreisleitern <abbr title=\"Universit\u00e4tsprofessor\">Univ.-Prof.<\/abbr> <abbr title=\"Doktor-Ingenieur\">Dr.-Ing.<\/abbr> Mike Gralla und <abbr title=\"Professor\">Prof.<\/abbr> <abbr title=\"Doktor-Ingenieur\">Dr.-Ing.<\/abbr> Markus Kattenbusch organisierte Veranstaltung vertiefte die Diskussion zur praktischen Anwendung und Auslegung des \u00a7 650c BGB aus verschiedenen fachlichen Perspektiven. Im Fokus stand die Ermittlung und der Nachweis tats\u00e4chlicher Kosten bei Nachtr\u00e4gen. Die Sitzung bot, insbesondere durch zwei praxisnahe Vortr\u00e4ge von Jarl-Hendrik Kues und <abbr title=\"Professor\">Prof.<\/abbr> <abbr title=\"Doktor\">Dr.<\/abbr> techn. Peter Wotschke, weitere spannende Impulse f\u00fcr die Bewertung von Nachtragsleistungen.<\/p>\n\n\n\n<figure class=\"wp-block-image size-full is-style-default\"><img loading=\"lazy\" decoding=\"async\" width=\"945\" height=\"554\" src=\"https:\/\/www.hsu-hh.de\/baubetrieb\/wp-content\/uploads\/sites\/919\/2026\/02\/grafik-2.png\" data-credit=\"\" alt=\"\" class=\"wp-image-1307\" srcset=\"https:\/\/www.hsu-hh.de\/baubetrieb\/wp-content\/uploads\/sites\/919\/2026\/02\/grafik-2.png 945w, https:\/\/www.hsu-hh.de\/baubetrieb\/wp-content\/uploads\/sites\/919\/2026\/02\/grafik-2-300x176.png 300w, https:\/\/www.hsu-hh.de\/baubetrieb\/wp-content\/uploads\/sites\/919\/2026\/02\/grafik-2-768x450.png 768w\" sizes=\"auto, (max-width: 945px) 100vw, 945px\" \/><figcaption class=\"wp-element-caption\"><em>Quelle: https:\/\/baugerichtstag.de\/wp-content\/uploads\/2025\/11\/AK_X.pdf<\/em><\/figcaption><\/figure>\n\n\n\n<p><\/p>\n","protected":false},"excerpt":{"rendered":"<p>Am 6. Februar 2026 fand an der TU Dortmund eine Sondersitzung des Arbeitskreises X \u2013 Baubetrieb des Deutschen Baugerichtstags statt. Sie kn\u00fcpfte an die Debatten des 10. Deutschen Baugerichtstags 2025 [&hellip;]<\/p>\n","protected":false},"author":3909,"featured_media":0,"parent":0,"menu_order":0,"comment_status":"closed","ping_status":"closed","template":"","meta":{"footnotes":""},"categories":[44],"tags":[],"class_list":["post-1306","page","type-page","status-publish","hentry","category-unterseiten"],"_links":{"self":[{"href":"https:\/\/www.hsu-hh.de\/baubetrieb\/wp-json\/wp\/v2\/pages\/1306","targetHints":{"allow":["GET"]}}],"collection":[{"href":"https:\/\/www.hsu-hh.de\/baubetrieb\/wp-json\/wp\/v2\/pages"}],"about":[{"href":"https:\/\/www.hsu-hh.de\/baubetrieb\/wp-json\/wp\/v2\/types\/page"}],"author":[{"embeddable":true,"href":"https:\/\/www.hsu-hh.de\/baubetrieb\/wp-json\/wp\/v2\/users\/3909"}],"replies":[{"embeddable":true,"href":"https:\/\/www.hsu-hh.de\/baubetrieb\/wp-json\/wp\/v2\/comments?post=1306"}],"version-history":[{"count":1,"href":"https:\/\/www.hsu-hh.de\/baubetrieb\/wp-json\/wp\/v2\/pages\/1306\/revisions"}],"predecessor-version":[{"id":1308,"href":"https:\/\/www.hsu-hh.de\/baubetrieb\/wp-json\/wp\/v2\/pages\/1306\/revisions\/1308"}],"wp:attachment":[{"href":"https:\/\/www.hsu-hh.de\/baubetrieb\/wp-json\/wp\/v2\/media?parent=1306"}],"wp:term":[{"taxonomy":"category","embeddable":true,"href":"https:\/\/www.hsu-hh.de\/baubetrieb\/wp-json\/wp\/v2\/categories?post=1306"},{"taxonomy":"post_tag","embeddable":true,"href":"https:\/\/www.hsu-hh.de\/baubetrieb\/wp-json\/wp\/v2\/tags?post=1306"}],"curies":[{"name":"wp","href":"https:\/\/api.w.org\/{rel}","templated":true}]}}