{"id":1272,"date":"2026-02-19T14:27:28","date_gmt":"2026-02-19T13:27:28","guid":{"rendered":"https:\/\/www.hsu-hh.de\/baubetrieb\/?page_id=1272"},"modified":"2026-02-25T08:18:26","modified_gmt":"2026-02-25T07:18:26","slug":"bim-im-ingenieurbau-einblicke-in-erfahrungs-und-pilotprojekte-der-oeffentlichen-hand-2","status":"publish","type":"page","link":"https:\/\/www.hsu-hh.de\/baubetrieb\/bim-und-baumanagement-praxisvortraege\/bim-im-ingenieurbau-einblicke-in-erfahrungs-und-pilotprojekte-der-oeffentlichen-hand-2\/","title":{"rendered":"BIM im Ingenieurbau \u2013 Einblicke in Erfahrungs- und Pilotprojekte der \u00f6ffentlichen Hand"},"content":{"rendered":"\n<p>Zum Auftakt der Vortragsreihe lieferte Herr Bj\u00f6rn Helfers von GRBV Ingenieure im Bauwesen <abbr title=\"Gesellschaft mit beschr\u00e4nkter Haftung\">GmbH<\/abbr> &amp; Co. <abbr title=\"Kommanditgesellschaft\">KG<\/abbr> spannende Einblicke in diverse Pilot- und Erfahrungsprojekte der \u00f6ffentlichen Hand, die mit der BIM-Methode abgewickelt wurden und werden. Hierbei verdeutlichte er f\u00fcr zahlreiche der bei BIM standardisierten Anwendungsf\u00e4lle den aktuellen Stand ihrer Umsetzung in der Praxis. Er zeigte auf, welche Anwendungsf\u00e4lle in den unterschiedlichen Phasen eines Bauvorhabens bereits gut laufen, welche noch nicht so gut laufen und woran derzeit gearbeitet wird.<\/p>\n\n\n<div class=\"wp-block-image\">\n<figure class=\"aligncenter size-full is-resized\"><img loading=\"lazy\" decoding=\"async\" width=\"941\" height=\"710\" src=\"https:\/\/www.hsu-hh.de\/baubetrieb\/wp-content\/uploads\/sites\/919\/2026\/02\/grafik-1.png\" data-credit=\"\" alt=\"\" class=\"wp-image-1273\" style=\"aspect-ratio:1.325354633833696;width:675px;height:auto\" srcset=\"https:\/\/www.hsu-hh.de\/baubetrieb\/wp-content\/uploads\/sites\/919\/2026\/02\/grafik-1.png 941w, https:\/\/www.hsu-hh.de\/baubetrieb\/wp-content\/uploads\/sites\/919\/2026\/02\/grafik-1-300x226.png 300w, https:\/\/www.hsu-hh.de\/baubetrieb\/wp-content\/uploads\/sites\/919\/2026\/02\/grafik-1-768x579.png 768w\" sizes=\"auto, (max-width: 941px) 100vw, 941px\" \/><\/figure>\n<\/div>\n\n\n<p>Die vorgestellten Projekte aus den Bereichen des Wasserstra\u00dfen- und Br\u00fcckenbaus zeigten die diversen Einsatzm\u00f6glichkeiten und Potentiale, die durch eine konsequente Anwendung der BIM-Methode entstehen. Besonders die detaillierte Vorstellung der verschiedenen Anwendungs\u00adf\u00e4lle anhand der konkreten Projekte verdeutlichte den Studierenden wie die theoretischen Konzepte, die im Rahmen der Lehrveranstaltung vermittelt werden, in der Praxis umgesetzt werden und dadurch die Projektrealisierung effizienter gestalten (k\u00f6nnen).<\/p>\n\n\n\n<p>Wir danken Herrn Helfers f\u00fcr seinen motivierenden Vortrag mit den zahlreichen Einblicken in die Praxis und dem aufgezeigten Stand der Umsetzung von BIM.<\/p>\n","protected":false},"excerpt":{"rendered":"<p>Zum Auftakt der Vortragsreihe lieferte Herr Bj\u00f6rn Helfers von GRBV Ingenieure im Bauwesen GmbH &amp; Co. KG spannende Einblicke in diverse Pilot- und Erfahrungsprojekte der \u00f6ffentlichen Hand, die mit der [&hellip;]<\/p>\n","protected":false},"author":3909,"featured_media":0,"parent":1264,"menu_order":0,"comment_status":"closed","ping_status":"closed","template":"","meta":{"footnotes":""},"categories":[35,44],"tags":[],"class_list":["post-1272","page","type-page","status-publish","hentry","category-startseite","category-unterseiten"],"_links":{"self":[{"href":"https:\/\/www.hsu-hh.de\/baubetrieb\/wp-json\/wp\/v2\/pages\/1272","targetHints":{"allow":["GET"]}}],"collection":[{"href":"https:\/\/www.hsu-hh.de\/baubetrieb\/wp-json\/wp\/v2\/pages"}],"about":[{"href":"https:\/\/www.hsu-hh.de\/baubetrieb\/wp-json\/wp\/v2\/types\/page"}],"author":[{"embeddable":true,"href":"https:\/\/www.hsu-hh.de\/baubetrieb\/wp-json\/wp\/v2\/users\/3909"}],"replies":[{"embeddable":true,"href":"https:\/\/www.hsu-hh.de\/baubetrieb\/wp-json\/wp\/v2\/comments?post=1272"}],"version-history":[{"count":6,"href":"https:\/\/www.hsu-hh.de\/baubetrieb\/wp-json\/wp\/v2\/pages\/1272\/revisions"}],"predecessor-version":[{"id":1312,"href":"https:\/\/www.hsu-hh.de\/baubetrieb\/wp-json\/wp\/v2\/pages\/1272\/revisions\/1312"}],"up":[{"embeddable":true,"href":"https:\/\/www.hsu-hh.de\/baubetrieb\/wp-json\/wp\/v2\/pages\/1264"}],"wp:attachment":[{"href":"https:\/\/www.hsu-hh.de\/baubetrieb\/wp-json\/wp\/v2\/media?parent=1272"}],"wp:term":[{"taxonomy":"category","embeddable":true,"href":"https:\/\/www.hsu-hh.de\/baubetrieb\/wp-json\/wp\/v2\/categories?post=1272"},{"taxonomy":"post_tag","embeddable":true,"href":"https:\/\/www.hsu-hh.de\/baubetrieb\/wp-json\/wp\/v2\/tags?post=1272"}],"curies":[{"name":"wp","href":"https:\/\/api.w.org\/{rel}","templated":true}]}}