{"id":1264,"date":"2026-02-19T14:24:01","date_gmt":"2026-02-19T13:24:01","guid":{"rendered":"https:\/\/www.hsu-hh.de\/baubetrieb\/?page_id=1264"},"modified":"2026-03-11T08:40:35","modified_gmt":"2026-03-11T07:40:35","slug":"bim-und-baumanagement-praxisvortraege","status":"publish","type":"page","link":"https:\/\/www.hsu-hh.de\/baubetrieb\/bim-und-baumanagement-praxisvortraege\/","title":{"rendered":"BIM und Baumanagement \u2013 Praxisvortr\u00e4ge"},"content":{"rendered":"\n<p>Der Themenbereich Building Information Modeling (BIM) ist seit Jahren ein Fundament der Digitalisierung im Bauwesen. Um den Studierenden erg\u00e4nzend zu den theoretischen Grundlagen die praktischen Vorteile, Erfahrungen und Herausforderungen im Umgang mit dieser Methode in der Lehre n\u00e4her bringen zu k\u00f6nnen, findet im Rahmen der Lehrveranstaltung \u201eDigitale Bauwerksmodellierung I (Baumanagement und BIM) regelm\u00e4\u00dfig eine Gastvortragsreihe von Praxispartnern der Professur statt. Im Wintertrimester finden folgende Vortr\u00e4ge statt:<\/p>\n\n\n<div class=\"wp-block-image\">\n<figure class=\"aligncenter size-full is-resized\"><img loading=\"lazy\" decoding=\"async\" width=\"2000\" height=\"1500\" src=\"https:\/\/www.hsu-hh.de\/baubetrieb\/wp-content\/uploads\/sites\/919\/2026\/03\/Flyer_Baumanagement_und_BIM.jpg\" data-credit=\"LM\" alt=\"\" class=\"wp-image-1374\" style=\"width:841px;height:auto\" srcset=\"https:\/\/www.hsu-hh.de\/baubetrieb\/wp-content\/uploads\/sites\/919\/2026\/03\/Flyer_Baumanagement_und_BIM.jpg 2000w, https:\/\/www.hsu-hh.de\/baubetrieb\/wp-content\/uploads\/sites\/919\/2026\/03\/Flyer_Baumanagement_und_BIM-300x225.jpg 300w, https:\/\/www.hsu-hh.de\/baubetrieb\/wp-content\/uploads\/sites\/919\/2026\/03\/Flyer_Baumanagement_und_BIM-1024x768.jpg 1024w, https:\/\/www.hsu-hh.de\/baubetrieb\/wp-content\/uploads\/sites\/919\/2026\/03\/Flyer_Baumanagement_und_BIM-768x576.jpg 768w, https:\/\/www.hsu-hh.de\/baubetrieb\/wp-content\/uploads\/sites\/919\/2026\/03\/Flyer_Baumanagement_und_BIM-1536x1152.jpg 1536w, https:\/\/www.hsu-hh.de\/baubetrieb\/wp-content\/uploads\/sites\/919\/2026\/03\/Flyer_Baumanagement_und_BIM-1100x825.jpg 1100w\" sizes=\"auto, (max-width: 2000px) 100vw, 2000px\" \/><\/figure>\n<\/div>\n\n\n<p>Die Gastvortr\u00e4ge fanden bei uns am Campus Nord an folgenden Tagen statt:<\/p>\n\n\n\n<p>17.02.2026:<\/p>\n\n\n\n<p><strong><a href=\"https:\/\/www.hsu-hh.de\/baubetrieb\/bim-im-ingenieurbau-einblicke-in-erfahrungs-und-pilotprojekte-der-oeffentlichen-hand-2\/\" data-type=\"page\" data-id=\"1272\">BIM im Ingenieurbau \u2013 Einblicke in Erfahrungs- und Pilotprojekte der \u00f6ffentlichen Hand<\/a><\/strong><\/p>\n\n\n\n<p>Bj\u00f6rn Helfers, GRBV Ingenieure im Bauwesen <abbr title=\"Gesellschaft mit beschr\u00e4nkter Haftung\">GmbH<\/abbr> &amp; Co. <abbr title=\"Kommanditgesellschaft\">KG<\/abbr>, Hannover<\/p>\n\n\n\n<p>24.02.2026:<\/p>\n\n\n\n<p><strong><a href=\"https:\/\/www.hsu-hh.de\/baubetrieb\/bim-bei-der-db-infrago-ein-einblick-in-die-praxis\/\" data-type=\"page\" data-id=\"1324\">BIM aus Sicht der Deutschen Bahn<\/a><\/strong><\/p>\n\n\n\n<p>Cornelius Stehr, DB InfraGo AG<\/p>\n\n\n\n<p>03.03.2026:<\/p>\n\n\n\n<p><strong><a href=\"https:\/\/www.hsu-hh.de\/baubetrieb\/bim-und-baumanagement-praxisvortraege\/gastvortrag-bim-aus-sicht-der-wsv\/\" data-type=\"page\" data-id=\"1380\">BIM aus Sicht der WSV<\/a><\/strong><\/p>\n\n\n\n<p>J\u00fcrgen Schneider, Generaldirektion Wasserstra\u00dfen und Schifffahrt, Kiel<\/p>\n","protected":false},"excerpt":{"rendered":"<p>Der Themenbereich Building Information Modeling (BIM) ist seit Jahren ein Fundament der Digitalisierung im Bauwesen. Um den Studierenden erg\u00e4nzend zu den theoretischen Grundlagen die praktischen Vorteile, Erfahrungen und Herausforderungen im [&hellip;]<\/p>\n","protected":false},"author":3909,"featured_media":0,"parent":0,"menu_order":0,"comment_status":"closed","ping_status":"closed","template":"","meta":{"footnotes":""},"categories":[35,44],"tags":[],"class_list":["post-1264","page","type-page","status-publish","hentry","category-startseite","category-unterseiten"],"_links":{"self":[{"href":"https:\/\/www.hsu-hh.de\/baubetrieb\/wp-json\/wp\/v2\/pages\/1264","targetHints":{"allow":["GET"]}}],"collection":[{"href":"https:\/\/www.hsu-hh.de\/baubetrieb\/wp-json\/wp\/v2\/pages"}],"about":[{"href":"https:\/\/www.hsu-hh.de\/baubetrieb\/wp-json\/wp\/v2\/types\/page"}],"author":[{"embeddable":true,"href":"https:\/\/www.hsu-hh.de\/baubetrieb\/wp-json\/wp\/v2\/users\/3909"}],"replies":[{"embeddable":true,"href":"https:\/\/www.hsu-hh.de\/baubetrieb\/wp-json\/wp\/v2\/comments?post=1264"}],"version-history":[{"count":11,"href":"https:\/\/www.hsu-hh.de\/baubetrieb\/wp-json\/wp\/v2\/pages\/1264\/revisions"}],"predecessor-version":[{"id":1387,"href":"https:\/\/www.hsu-hh.de\/baubetrieb\/wp-json\/wp\/v2\/pages\/1264\/revisions\/1387"}],"wp:attachment":[{"href":"https:\/\/www.hsu-hh.de\/baubetrieb\/wp-json\/wp\/v2\/media?parent=1264"}],"wp:term":[{"taxonomy":"category","embeddable":true,"href":"https:\/\/www.hsu-hh.de\/baubetrieb\/wp-json\/wp\/v2\/categories?post=1264"},{"taxonomy":"post_tag","embeddable":true,"href":"https:\/\/www.hsu-hh.de\/baubetrieb\/wp-json\/wp\/v2\/tags?post=1264"}],"curies":[{"name":"wp","href":"https:\/\/api.w.org\/{rel}","templated":true}]}}