{"id":1183,"date":"2025-09-24T08:05:23","date_gmt":"2025-09-24T06:05:23","guid":{"rendered":"https:\/\/www.hsu-hh.de\/baubetrieb\/?page_id=1183"},"modified":"2025-09-24T08:05:30","modified_gmt":"2025-09-24T06:05:30","slug":"uebernahme-der-1-bachelorarbeit-an-der-professur-bbg","status":"publish","type":"page","link":"https:\/\/www.hsu-hh.de\/baubetrieb\/uebernahme-der-1-bachelorarbeit-an-der-professur-bbg\/","title":{"rendered":"\u00dcbernahme der 1. Bachelorarbeit an der Professur BBG"},"content":{"rendered":"\n<p>Am 18.09.2025 wurde an unserer Professur von einem Studenten des Bauingenieurwesens die erste Bachelorarbeit mit dem Thema \u201ePotenziale der Digitalisierung zur Steigerung der Qualit\u00e4t von Ausschreibungsunterlagen\u201c \u00fcbernommen. Die Betreuung der Arbeit erfolgt durch Herrn Henrik Schmitz, in dessen pers\u00f6nliche Interessen das Thema f\u00e4llt.<\/p>\n\n\n\n<p>In der Bachelorarbeit sollen die Chancen und Grenzen von digitalen Methoden wie Building-Information-Modeling (BIM) und von Instrumenten wie KI-Sprachmodellen zur Verbesserung der Ausschreibungsqualit\u00e4t systematisch untersucht werden. Insbesondere gilt es, die Wechselwirkungen zwischen Daten, Prozessen, Rollen und Werkzeugen zu analysieren. An repr\u00e4sentativen Ausschreibungsunterlagen soll exemplarisch eine KI-gest\u00fctzte M\u00e4ngelpr\u00fcfung vorgenommen werden.<\/p>\n","protected":false},"excerpt":{"rendered":"<p>Am 18.09.2025 wurde an unserer Professur von einem Studenten des Bauingenieurwesens die erste Bachelorarbeit mit dem Thema \u201ePotenziale der Digitalisierung zur Steigerung der Qualit\u00e4t von Ausschreibungsunterlagen\u201c \u00fcbernommen. Die Betreuung der [&hellip;]<\/p>\n","protected":false},"author":3909,"featured_media":0,"parent":0,"menu_order":0,"comment_status":"closed","ping_status":"closed","template":"","meta":{"footnotes":""},"categories":[35,44],"tags":[],"class_list":["post-1183","page","type-page","status-publish","hentry","category-startseite","category-unterseiten"],"_links":{"self":[{"href":"https:\/\/www.hsu-hh.de\/baubetrieb\/wp-json\/wp\/v2\/pages\/1183","targetHints":{"allow":["GET"]}}],"collection":[{"href":"https:\/\/www.hsu-hh.de\/baubetrieb\/wp-json\/wp\/v2\/pages"}],"about":[{"href":"https:\/\/www.hsu-hh.de\/baubetrieb\/wp-json\/wp\/v2\/types\/page"}],"author":[{"embeddable":true,"href":"https:\/\/www.hsu-hh.de\/baubetrieb\/wp-json\/wp\/v2\/users\/3909"}],"replies":[{"embeddable":true,"href":"https:\/\/www.hsu-hh.de\/baubetrieb\/wp-json\/wp\/v2\/comments?post=1183"}],"version-history":[{"count":1,"href":"https:\/\/www.hsu-hh.de\/baubetrieb\/wp-json\/wp\/v2\/pages\/1183\/revisions"}],"predecessor-version":[{"id":1184,"href":"https:\/\/www.hsu-hh.de\/baubetrieb\/wp-json\/wp\/v2\/pages\/1183\/revisions\/1184"}],"wp:attachment":[{"href":"https:\/\/www.hsu-hh.de\/baubetrieb\/wp-json\/wp\/v2\/media?parent=1183"}],"wp:term":[{"taxonomy":"category","embeddable":true,"href":"https:\/\/www.hsu-hh.de\/baubetrieb\/wp-json\/wp\/v2\/categories?post=1183"},{"taxonomy":"post_tag","embeddable":true,"href":"https:\/\/www.hsu-hh.de\/baubetrieb\/wp-json\/wp\/v2\/tags?post=1183"}],"curies":[{"name":"wp","href":"https:\/\/api.w.org\/{rel}","templated":true}]}}