{"id":116,"date":"2018-01-17T14:07:04","date_gmt":"2018-01-17T13:07:04","guid":{"rendered":"https:\/\/www.hsu-hh.de\/baubetrieb\/?page_id=116"},"modified":"2026-03-02T13:28:52","modified_gmt":"2026-03-02T12:28:52","slug":"lehre","status":"publish","type":"page","link":"https:\/\/www.hsu-hh.de\/baubetrieb\/lehre\/","title":{"rendered":"Lehre"},"content":{"rendered":"\n<figure class=\"wp-block-image size-large\"><img loading=\"lazy\" decoding=\"async\" width=\"1024\" height=\"341\" src=\"https:\/\/www.hsu-hh.de\/baubetrieb\/wp-content\/uploads\/sites\/919\/2024\/06\/wordcloud_hsu-1024x341.png\" data-credit=\"RS\" alt=\"\" class=\"wp-image-198\" srcset=\"https:\/\/www.hsu-hh.de\/baubetrieb\/wp-content\/uploads\/sites\/919\/2024\/06\/wordcloud_hsu-1024x341.png 1024w, https:\/\/www.hsu-hh.de\/baubetrieb\/wp-content\/uploads\/sites\/919\/2024\/06\/wordcloud_hsu-300x100.png 300w, https:\/\/www.hsu-hh.de\/baubetrieb\/wp-content\/uploads\/sites\/919\/2024\/06\/wordcloud_hsu-768x256.png 768w, https:\/\/www.hsu-hh.de\/baubetrieb\/wp-content\/uploads\/sites\/919\/2024\/06\/wordcloud_hsu-1100x367.png 1100w, https:\/\/www.hsu-hh.de\/baubetrieb\/wp-content\/uploads\/sites\/919\/2024\/06\/wordcloud_hsu.png 1500w\" sizes=\"auto, (max-width: 1024px) 100vw, 1024px\" \/><\/figure>\n\n\n\n<p>Die Professur bietet Lehrveranstaltungen sowohl f\u00fcr den Bachelor- als auch f\u00fcr den Masterstudiengang Bauingenieurwesen an. An der <abbr title=\"Helmut Schmidt Universit\u00e4t\">HSU<\/abbr> werden diese regelm\u00e4\u00dfig von Studierenden der Bundeswehr und verschiedener Bundesgesellschaften (<abbr title=\"insbesondere\">insb.<\/abbr> Autobahn <abbr title=\"Gesellschaft mit beschr\u00e4nkter Haftung\">GmbH<\/abbr> des Bundes, DEGES, WSV, Deutsche Bahn AG, BImA) belegt. Deren Fokus ist prim\u00e4r auf die Sichtweise eines Bauherrn <abbr title=\"beziehungsweise\">bzw.<\/abbr> Auftraggebers von freiberuflichen Leistungen und von Bauleistungen gerichtet, sodass hierauf in den Lehrveranstaltungen besonderes Augenmerk gelegt wird.<\/p>\n\n\n\n<div style=\"height:20px\" aria-hidden=\"true\" class=\"wp-block-spacer\"><\/div>\n\n\n\n<p>Die aktuell im Bachelorstudium Bauingenieurwesen von der Professur \u00fcbernommenen Veranstaltungen sind:<\/p>\n\n\n\n<ul class=\"wp-block-list\">\n<li><strong><a href=\"https:\/\/www.hsu-hh.de\/baubetrieb\/lehre\/bauwirtschaft-und-bauvertragsrecht\/\" data-type=\"page\" data-id=\"357\">Bauwirtschaft und Bauvertragsrecht<\/a><\/strong> (ehemals Baubetrieb)<\/li>\n\n\n\n<li><strong><a href=\"https:\/\/www.hsu-hh.de\/baubetrieb\/lehre\/bauverfahren-und-sicherheitstechnik\/\" data-type=\"page\" data-id=\"365\">Bauverfahren und Sicherheitstechnik<\/a><\/strong><\/li>\n\n\n\n<li><strong><a href=\"https:\/\/www.hsu-hh.de\/baubetrieb\/lehre\/baumanagement-und-bim\/\" data-type=\"page\" data-id=\"386\">Baumanagement und BIM<\/a><\/strong> (ehemals Digitale Bauwerksmodellierung I)<\/li>\n\n\n\n<li><strong><a href=\"https:\/\/www.hsu-hh.de\/baubetrieb\/lehre\/bim-bei-planung-bau-und-betrieb\/\" data-type=\"page\" data-id=\"383\">BIM bei Planung, Bau und Betrieb <\/a><\/strong>(ehemals Digitale Bauwerksmodellierung II)<\/li>\n<\/ul>\n\n\n\n<div style=\"height:30px\" aria-hidden=\"true\" class=\"wp-block-spacer\"><\/div>\n\n\n\n<p>F\u00fcr das Masterstudium Bauingenieurwesen werden folgende Wahlpflichtf\u00e4cher angeboten, die im Kombination mit allen Vertiefungsrichtungen belegt werden k\u00f6nnen:<\/p>\n\n\n\n<ul class=\"wp-block-list\">\n<li><strong><a href=\"https:\/\/www.hsu-hh.de\/baubetrieb\/lehre\/ausschreibung-vergabe-und-abrechnung-ava\/\" data-type=\"page\" data-id=\"373\">Ausschreibung, Vergabe und Abrechnung (AVA)<\/a><\/strong><\/li>\n\n\n\n<li><strong><a href=\"https:\/\/www.hsu-hh.de\/baubetrieb\/lehre\/projektmanagement-bauoberleitung-und-bauueberwachung\/\" data-type=\"page\" data-id=\"375\">Projektmanagement, Bauoberleitung und Bau\u00fcberwachung<\/a><\/strong><\/li>\n<\/ul>\n\n\n\n<div style=\"height:20px\" aria-hidden=\"true\" class=\"wp-block-spacer\"><\/div>\n\n\n\n<p>Zuk\u00fcnftig sind f\u00fcr das Masterstudium Bauingenieurwesen folgende weitere Lehrveranstaltungen geplant:<\/p>\n\n\n\n<ul class=\"wp-block-list\">\n<li><strong><a href=\"https:\/\/www.hsu-hh.de\/baubetrieb\/lehre\/krisenmanagement-bei-gestoerten-projektverlaeufen\/\" data-type=\"page\" data-id=\"380\">Krisenmanagement bei gest\u00f6rten Projektverl\u00e4ufen<\/a><\/strong><\/li>\n\n\n\n<li><strong><a href=\"https:\/\/www.hsu-hh.de\/baubetrieb\/lehre\/bim-bei-planung-bau-und-betrieb\/\" data-type=\"page\" data-id=\"383\">BIM bei Planung, Bau und Betrieb<\/a><\/strong><\/li>\n<\/ul>\n","protected":false},"excerpt":{"rendered":"<p>Die Professur bietet Lehrveranstaltungen sowohl f\u00fcr den Bachelor- als auch f\u00fcr den Masterstudiengang Bauingenieurwesen an. An der HSU werden diese regelm\u00e4\u00dfig von Studierenden der Bundeswehr und verschiedener Bundesgesellschaften (insb. Autobahn [&hellip;]<\/p>\n","protected":false},"author":3909,"featured_media":0,"parent":0,"menu_order":0,"comment_status":"closed","ping_status":"closed","template":"","meta":{"footnotes":""},"categories":[6],"tags":[],"class_list":["post-116","page","type-page","status-publish","hentry","category-lehre"],"_links":{"self":[{"href":"https:\/\/www.hsu-hh.de\/baubetrieb\/wp-json\/wp\/v2\/pages\/116","targetHints":{"allow":["GET"]}}],"collection":[{"href":"https:\/\/www.hsu-hh.de\/baubetrieb\/wp-json\/wp\/v2\/pages"}],"about":[{"href":"https:\/\/www.hsu-hh.de\/baubetrieb\/wp-json\/wp\/v2\/types\/page"}],"author":[{"embeddable":true,"href":"https:\/\/www.hsu-hh.de\/baubetrieb\/wp-json\/wp\/v2\/users\/3909"}],"replies":[{"embeddable":true,"href":"https:\/\/www.hsu-hh.de\/baubetrieb\/wp-json\/wp\/v2\/comments?post=116"}],"version-history":[{"count":31,"href":"https:\/\/www.hsu-hh.de\/baubetrieb\/wp-json\/wp\/v2\/pages\/116\/revisions"}],"predecessor-version":[{"id":1358,"href":"https:\/\/www.hsu-hh.de\/baubetrieb\/wp-json\/wp\/v2\/pages\/116\/revisions\/1358"}],"wp:attachment":[{"href":"https:\/\/www.hsu-hh.de\/baubetrieb\/wp-json\/wp\/v2\/media?parent=116"}],"wp:term":[{"taxonomy":"category","embeddable":true,"href":"https:\/\/www.hsu-hh.de\/baubetrieb\/wp-json\/wp\/v2\/categories?post=116"},{"taxonomy":"post_tag","embeddable":true,"href":"https:\/\/www.hsu-hh.de\/baubetrieb\/wp-json\/wp\/v2\/tags?post=116"}],"curies":[{"name":"wp","href":"https:\/\/api.w.org\/{rel}","templated":true}]}}