{"id":112,"date":"2018-01-17T14:06:36","date_gmt":"2018-01-17T13:06:36","guid":{"rendered":"https:\/\/www.hsu-hh.de\/baubetrieb\/?page_id=112"},"modified":"2025-07-22T11:53:31","modified_gmt":"2025-07-22T09:53:31","slug":"forschung","status":"publish","type":"page","link":"https:\/\/www.hsu-hh.de\/baubetrieb\/forschung\/","title":{"rendered":"Forschung"},"content":{"rendered":"\n<figure class=\"wp-block-image size-slider-image\"><img loading=\"lazy\" decoding=\"async\" width=\"1280\" height=\"450\" src=\"https:\/\/www.hsu-hh.de\/baubetrieb\/wp-content\/uploads\/sites\/919\/2024\/07\/Forschung4-1280x450.jpg\" data-credit=\"FK\" alt=\"\" class=\"wp-image-587\" \/><\/figure>\n\n\n\n<p>Das Forschungsprofil der Professur ist auf institutionelle Forschungseinrichtungen sowie auf private und \u00f6ffentliche Forschungsmittelgeber gleicherma\u00dfen ausgerichtet. Sowohl Projekte der Antrags- als auch der Auftragsforschung zu aktuellen Themen aus den Bereichen Baubetrieb, Baumanagement und Bauwirtschaft (BBB) im weiteren Sinne geh\u00f6ren damit zum Spektrum.<\/p>\n\n\n\n<p>Im Rahmen der Antragsforschung werden bei Forschungseinrichtungen Ideen zu Themen mit gesellschaftlicher Relevanz pr\u00e4sentiert, um Drittmittel zur Erarbeitung von Probleml\u00f6sungen einzuwerben. Entsprechend der grunds\u00e4tzlichen Ausrichtung der Professur erfolgt dies vielfach interdisziplin\u00e4r in Zusammenarbeit mit anderen Fachdisziplinen z.&nbsp;B. aus den Bereichen Recht, Betriebswirtschaft oder anderen ingenieurstechnischen Disziplinen. Die Projekte haben dabei eher einen Grundlagencharakter, sodass sie regelm\u00e4\u00dfig dem nichtwirtschaftlichen Bereich zuzuordnen sind.<\/p>\n\n\n\n<p>Private und \u00f6ffentliche Forschungsmittelgeber tragen besondere Problemstellungen aus aktuellen Vorgaben an die Professur heran. Diese werden gern aufgegriffen und es werden im Rahmen von Drittmittelprojekten L\u00f6sungen erarbeitet. Die Projekte sind damit anwendungsorientiert und daher dem wirtschaftlichen Bereich zuzuordnen. Im Ergebnis der Forschung werden Dokumente oder Tools entwickelt oder es werden Berichte in Form von Stellungnahmen\/Sachverst\u00e4ndigengutachten erarbeitet.<\/p>\n\n\n\n<p>In jedem Fall besteht das Ziel der Forschung darin, die im Fokus stehenden komplexen Problemstellungen aus dem Bereich BBB mit hohem wissenschaftlichem Anspruch und gr\u00f6\u00dfter Sorgfalt zu bearbeiten und dabei die Bed\u00fcrfnisse der Forschungsmittelgeber fest im Auge zu behalten.<\/p>\n\n\n\n<p>Die aktuellen Forschungsschwerpunkte liegen in den Bereichen<\/p>\n\n\n\n<ul class=\"wp-block-list\">\n<li>Nutzungsm\u00f6glichkeiten K\u00fcnstlicher Intelligenz bei der Gestaltung von Vergabeunterlagen<\/li>\n\n\n\n<li>Vertragsmanagement und Umgang mit Kosten- und Terminabweichungen<\/li>\n\n\n\n<li>proaktive Streitvermeidung durch innovative Vertrags- und Organisationsmodelle<\/li>\n\n\n\n<li>Bewertung der Vorteilhaftigkeit alternativer Projektabwicklungsmodelle<\/li>\n\n\n\n<li>Building-Information-Modeling <abbr title=\"beziehungsweise\">bzw.<\/abbr> Building-Information-Management (BIM)<\/li>\n\n\n\n<li>Kollaboration bei Planungsleistungen<\/li>\n\n\n\n<li>Digitalisierung von Prozessen in unterschiedlichen Planungs- und Realisierungsphasen von Bauprojekten<\/li>\n\n\n\n<li>Ausschreibung, Vergabe und Abrechnung von komplexen Bauleistungen und von Leistungen freiberuflich T\u00e4tiger<\/li>\n\n\n\n<li>Automatisierte Messung von Produktivit\u00e4t und Baufortschritt<\/li>\n\n\n\n<li>Kompensation des Fachkr\u00e4ftemangels<\/li>\n\n\n\n<li>Verfahren zur Bewertung der Nachhaltigkeit von Bauleistungen<\/li>\n<\/ul>\n","protected":false},"excerpt":{"rendered":"<p>Das Forschungsprofil der Professur ist auf institutionelle Forschungseinrichtungen sowie auf private und \u00f6ffentliche Forschungsmittelgeber gleicherma\u00dfen ausgerichtet. Sowohl Projekte der Antrags- als auch der Auftragsforschung zu aktuellen Themen aus den Bereichen [&hellip;]<\/p>\n","protected":false},"author":3909,"featured_media":0,"parent":0,"menu_order":0,"comment_status":"closed","ping_status":"closed","template":"","meta":{"footnotes":""},"categories":[4],"tags":[],"class_list":["post-112","page","type-page","status-publish","hentry","category-forschung"],"_links":{"self":[{"href":"https:\/\/www.hsu-hh.de\/baubetrieb\/wp-json\/wp\/v2\/pages\/112","targetHints":{"allow":["GET"]}}],"collection":[{"href":"https:\/\/www.hsu-hh.de\/baubetrieb\/wp-json\/wp\/v2\/pages"}],"about":[{"href":"https:\/\/www.hsu-hh.de\/baubetrieb\/wp-json\/wp\/v2\/types\/page"}],"author":[{"embeddable":true,"href":"https:\/\/www.hsu-hh.de\/baubetrieb\/wp-json\/wp\/v2\/users\/3909"}],"replies":[{"embeddable":true,"href":"https:\/\/www.hsu-hh.de\/baubetrieb\/wp-json\/wp\/v2\/comments?post=112"}],"version-history":[{"count":10,"href":"https:\/\/www.hsu-hh.de\/baubetrieb\/wp-json\/wp\/v2\/pages\/112\/revisions"}],"predecessor-version":[{"id":1142,"href":"https:\/\/www.hsu-hh.de\/baubetrieb\/wp-json\/wp\/v2\/pages\/112\/revisions\/1142"}],"wp:attachment":[{"href":"https:\/\/www.hsu-hh.de\/baubetrieb\/wp-json\/wp\/v2\/media?parent=112"}],"wp:term":[{"taxonomy":"category","embeddable":true,"href":"https:\/\/www.hsu-hh.de\/baubetrieb\/wp-json\/wp\/v2\/categories?post=112"},{"taxonomy":"post_tag","embeddable":true,"href":"https:\/\/www.hsu-hh.de\/baubetrieb\/wp-json\/wp\/v2\/tags?post=112"}],"curies":[{"name":"wp","href":"https:\/\/api.w.org\/{rel}","templated":true}]}}