{"id":1110,"date":"2025-07-03T09:29:20","date_gmt":"2025-07-03T07:29:20","guid":{"rendered":"https:\/\/www.hsu-hh.de\/baubetrieb\/?page_id=1110"},"modified":"2025-07-03T09:29:28","modified_gmt":"2025-07-03T07:29:28","slug":"mit-teamgeist-paddel-und-pizza-unterwegs-durch-eppendorf-und-winterhude","status":"publish","type":"page","link":"https:\/\/www.hsu-hh.de\/baubetrieb\/mit-teamgeist-paddel-und-pizza-unterwegs-durch-eppendorf-und-winterhude\/","title":{"rendered":"Mit Teamgeist, Paddel und Pizza \u2013 unterwegs durch Eppendorf und Winterhude"},"content":{"rendered":"\n<div style=\"height:10px\" aria-hidden=\"true\" class=\"wp-block-spacer\"><\/div>\n\n\n\n<p class=\"has-text-align-left\">Am 25.06.2025 unternahm die gesamte Professur f\u00fcr Baubetrieb und Baumanagement von Gro\u00dfprojekten einen sportlich-gem\u00fctlichen Betriebsausflug. Bei bestem Wetter ging es mit dem Kanu durch die idyllischen Kan\u00e4le von Eppendorf und Winterhude \u2013 eine optimale Mischung aus Teamarbeit, Naturerlebnis und Gro\u00dfstadtflair.<\/p>\n\n\n<div class=\"wp-block-image\">\n<figure class=\"aligncenter size-full\"><img loading=\"lazy\" decoding=\"async\" width=\"417\" height=\"235\" src=\"https:\/\/www.hsu-hh.de\/baubetrieb\/wp-content\/uploads\/sites\/919\/2025\/07\/grafik.png\" data-credit=\"\" alt=\"\" class=\"wp-image-1111\" srcset=\"https:\/\/www.hsu-hh.de\/baubetrieb\/wp-content\/uploads\/sites\/919\/2025\/07\/grafik.png 417w, https:\/\/www.hsu-hh.de\/baubetrieb\/wp-content\/uploads\/sites\/919\/2025\/07\/grafik-300x169.png 300w\" sizes=\"auto, (max-width: 417px) 100vw, 417px\" \/><\/figure>\n<\/div>\n\n\n<p>Die abschlie\u00dfende, sehr windige \u00dcberfahrt \u00fcber die Au\u00dfenalster war dabei ein besonderes Highlight und zugleich eine kleine Herausforderung. Mit vereinten Kr\u00e4ften und guter Teamkoordination wurde diese Kraftanstrengung gemeistert \u2013 belohnt mit einem beeindruckenden Blick auf das Panorama der Hamburger Innenstadt.<\/p>\n\n\n\n<div style=\"height:1px\" aria-hidden=\"true\" class=\"wp-block-spacer\"><\/div>\n\n\n<div class=\"wp-block-image\">\n<figure class=\"aligncenter size-full\"><img loading=\"lazy\" decoding=\"async\" width=\"417\" height=\"338\" src=\"https:\/\/www.hsu-hh.de\/baubetrieb\/wp-content\/uploads\/sites\/919\/2025\/07\/grafik-1.png\" data-credit=\"\" alt=\"\" class=\"wp-image-1112\" srcset=\"https:\/\/www.hsu-hh.de\/baubetrieb\/wp-content\/uploads\/sites\/919\/2025\/07\/grafik-1.png 417w, https:\/\/www.hsu-hh.de\/baubetrieb\/wp-content\/uploads\/sites\/919\/2025\/07\/grafik-1-300x243.png 300w\" sizes=\"auto, (max-width: 417px) 100vw, 417px\" \/><\/figure>\n<\/div>\n\n\n<p class=\"has-text-align-left\">Im Anschluss klang der Tag bei neapolitanischer Pizza und bester Stimmung in Winterhude gem\u00fctlich aus. Ein rundum gelungener Ausflug, der nicht nur den Teamgeist st\u00e4rkte, sondern auch Lust auf das n\u00e4chste gemeinsame Event machte.<\/p>\n","protected":false},"excerpt":{"rendered":"<p>Am 25.06.2025 unternahm die gesamte Professur f\u00fcr Baubetrieb und Baumanagement von Gro\u00dfprojekten einen sportlich-gem\u00fctlichen Betriebsausflug. Bei bestem Wetter ging es mit dem Kanu durch die idyllischen Kan\u00e4le von Eppendorf und [&hellip;]<\/p>\n","protected":false},"author":3909,"featured_media":0,"parent":0,"menu_order":0,"comment_status":"closed","ping_status":"closed","template":"","meta":{"footnotes":""},"categories":[35],"tags":[],"class_list":["post-1110","page","type-page","status-publish","hentry","category-startseite"],"_links":{"self":[{"href":"https:\/\/www.hsu-hh.de\/baubetrieb\/wp-json\/wp\/v2\/pages\/1110","targetHints":{"allow":["GET"]}}],"collection":[{"href":"https:\/\/www.hsu-hh.de\/baubetrieb\/wp-json\/wp\/v2\/pages"}],"about":[{"href":"https:\/\/www.hsu-hh.de\/baubetrieb\/wp-json\/wp\/v2\/types\/page"}],"author":[{"embeddable":true,"href":"https:\/\/www.hsu-hh.de\/baubetrieb\/wp-json\/wp\/v2\/users\/3909"}],"replies":[{"embeddable":true,"href":"https:\/\/www.hsu-hh.de\/baubetrieb\/wp-json\/wp\/v2\/comments?post=1110"}],"version-history":[{"count":12,"href":"https:\/\/www.hsu-hh.de\/baubetrieb\/wp-json\/wp\/v2\/pages\/1110\/revisions"}],"predecessor-version":[{"id":1125,"href":"https:\/\/www.hsu-hh.de\/baubetrieb\/wp-json\/wp\/v2\/pages\/1110\/revisions\/1125"}],"wp:attachment":[{"href":"https:\/\/www.hsu-hh.de\/baubetrieb\/wp-json\/wp\/v2\/media?parent=1110"}],"wp:term":[{"taxonomy":"category","embeddable":true,"href":"https:\/\/www.hsu-hh.de\/baubetrieb\/wp-json\/wp\/v2\/categories?post=1110"},{"taxonomy":"post_tag","embeddable":true,"href":"https:\/\/www.hsu-hh.de\/baubetrieb\/wp-json\/wp\/v2\/tags?post=1110"}],"curies":[{"name":"wp","href":"https:\/\/api.w.org\/{rel}","templated":true}]}}