{"id":1086,"date":"2025-05-30T06:59:15","date_gmt":"2025-05-30T04:59:15","guid":{"rendered":"https:\/\/www.hsu-hh.de\/baubetrieb\/?page_id=1086"},"modified":"2025-05-30T10:21:47","modified_gmt":"2025-05-30T08:21:47","slug":"teilnahme-am-10-deutschen-baugerichtstag-in-hamm","status":"publish","type":"page","link":"https:\/\/www.hsu-hh.de\/baubetrieb\/teilnahme-am-10-deutschen-baugerichtstag-in-hamm\/","title":{"rendered":"Teilnahme am 10. Deutschen Baugerichtstag in Hamm"},"content":{"rendered":"\n<p>Bereits zum 10. Mal fand am 23. und 24. Mai 2025 in Hamm (Westf.) der <a href=\"https:\/\/baugerichtstag.de\/\" rel='nofollow'>Deutsche Baugerichtstag<\/a> statt. Rund 400 Teilnehmer haben nach intensiven Diskussionen in den Arbeitskreisen Empfehlungen ausgesprochen.<\/p>\n\n\n<div class=\"wp-block-image\">\n<figure class=\"aligncenter size-full is-resized\"><img loading=\"lazy\" decoding=\"async\" width=\"2560\" height=\"1212\" src=\"https:\/\/www.hsu-hh.de\/baubetrieb\/wp-content\/uploads\/sites\/919\/2025\/05\/20250523_Dt_Baugerichtstag_Hamm-scaled.jpg\" data-credit=\"BBG\" alt=\"\" class=\"wp-image-1093\" style=\"width:989px;height:auto\" srcset=\"https:\/\/www.hsu-hh.de\/baubetrieb\/wp-content\/uploads\/sites\/919\/2025\/05\/20250523_Dt_Baugerichtstag_Hamm-scaled.jpg 2560w, https:\/\/www.hsu-hh.de\/baubetrieb\/wp-content\/uploads\/sites\/919\/2025\/05\/20250523_Dt_Baugerichtstag_Hamm-300x142.jpg 300w, https:\/\/www.hsu-hh.de\/baubetrieb\/wp-content\/uploads\/sites\/919\/2025\/05\/20250523_Dt_Baugerichtstag_Hamm-1024x485.jpg 1024w, https:\/\/www.hsu-hh.de\/baubetrieb\/wp-content\/uploads\/sites\/919\/2025\/05\/20250523_Dt_Baugerichtstag_Hamm-768x364.jpg 768w, https:\/\/www.hsu-hh.de\/baubetrieb\/wp-content\/uploads\/sites\/919\/2025\/05\/20250523_Dt_Baugerichtstag_Hamm-1536x727.jpg 1536w, https:\/\/www.hsu-hh.de\/baubetrieb\/wp-content\/uploads\/sites\/919\/2025\/05\/20250523_Dt_Baugerichtstag_Hamm-2048x970.jpg 2048w, https:\/\/www.hsu-hh.de\/baubetrieb\/wp-content\/uploads\/sites\/919\/2025\/05\/20250523_Dt_Baugerichtstag_Hamm-1100x521.jpg 1100w\" sizes=\"auto, (max-width: 2560px) 100vw, 2560px\" \/><\/figure>\n<\/div>\n\n\n<p>Der Deutsche Baugerichtstag e.V. widmet sich seit jeher der F\u00f6rderung von Wissenschaft, Forschung und Lehre im gesamten Spektrum des Bau- und Vergaberechts. Er verfolgt dabei das Ziel, die Auseinandersetzung mit aktuellen baurechtlichen Fragen und der entsprechenden Rechtspolitik voranzutreiben. Dies geschieht insbesondere durch die Erarbeitung von Vorschl\u00e4gen f\u00fcr moderne und ausgewogene Rechtsvorschriften.<\/p>\n\n\n\n<p>Unter der Leitung von <abbr title=\"Professor\">Prof.<\/abbr> Mike Gralla und <abbr title=\"Professor\">Prof.<\/abbr> Markus Kattenbusch beriet der Arbeitskreis X (Baubetrieb) unter Beteiligung eines dreik\u00f6pfigen Teams der Professur BBG \u00fcber f\u00fcnf Thesen zum Umgang mit \u00a7 650c BGB. In dem Paragraphen wird seit dem 01.01.2018 der Anspruch auf eine Verg\u00fctungsanpassung des Auftragnehmer, bei Anordnungen des Auftraggebers zur \u00c4nderung des Vertrags geregelt. Diese Vorschrift st\u00f6\u00dft in der Praxis auf zahlreiche Umsetzungsprobleme, weil die im Gesetz verwendeten Begriffe uneinheitlich ausgelegt werden. Der Arbeitskreis gelangte zu dem Schluss, dass bei der Ermittlung der &#8222;tats\u00e4chlich erforderlichen Kosten&#8220; sowie der &#8222;angemessenen Zuschl\u00e4ge f\u00fcr Allgemeine Gesch\u00e4ftskosten, Wagnis und Gewinn&#8220; f\u00fcr Nachtragsleistungen Zur\u00fcckhaltung geboten ist. F\u00fcr die Anwendung des \u00a7 650c BGB ist es entscheidend, dass eine Ermittlung und Pr\u00fcfung von Preisen \u00fcberhaupt m\u00f6glich ist und mit vertretbarem Aufwand realisiert werden kann. Ein Nachweis auf Basis sogenannter pagatorischer Kosten, d. h. ein Nachweis mittels Zahlungsvorg\u00e4ngen, ist insbesondere f\u00fcr Eigenleistungen eines Unternehmens allenfalls teilweise und nur theoretisch m\u00f6glich. Praktisch muss der Unternehmer zur Darlegung seines Anspruchs auf kalkulatorische Gr\u00f6\u00dfen wie u. a. den Kalkulationslohn oder den Ger\u00e4tekostenverrechnungssatz zur\u00fcckgreifen. Ein derartiger R\u00fcckgriff auf die Urkalkulation ist zwar im Gesetz verankert. Dieser scheitert jedoch vielfach aus formalen Gr\u00fcnden und weil im Einzelfall die Urkalkulation f\u00fcr die Nachtragsleistung keine hinreichend differenzierten Kostenelemente ausweist. Vor diesem Hintergrund wurde dar\u00fcber beraten, auf welche Kalkulationsans\u00e4tze zum Nachweis \u201etats\u00e4chlich erforderlicher Kosten\u201c und \u201eangemessener Zuschl\u00e4ge\u201c zur\u00fcckgegriffen werden k\u00f6nnen sollte. \u00dcber die Thesen wurde im Verlauf der zweit\u00e4tigen Veranstaltung abgestimmt und es wurden <a href=\"https:\/\/baugerichtstag.de\/wp-content\/uploads\/2025\/05\/Empfehlung.pdf\" rel='nofollow'>Empfehlungen an den Gesetz- und Verordnungsgeber<\/a> abgeleitet. <\/p>\n","protected":false},"excerpt":{"rendered":"<p>Bereits zum 10. Mal fand am 23. und 24. Mai 2025 in Hamm (Westf.) der Deutsche Baugerichtstag statt. Rund 400 Teilnehmer haben nach intensiven Diskussionen in den Arbeitskreisen Empfehlungen ausgesprochen. [&hellip;]<\/p>\n","protected":false},"author":3909,"featured_media":0,"parent":0,"menu_order":0,"comment_status":"closed","ping_status":"closed","template":"","meta":{"footnotes":""},"categories":[35],"tags":[],"class_list":["post-1086","page","type-page","status-publish","hentry","category-startseite"],"_links":{"self":[{"href":"https:\/\/www.hsu-hh.de\/baubetrieb\/wp-json\/wp\/v2\/pages\/1086","targetHints":{"allow":["GET"]}}],"collection":[{"href":"https:\/\/www.hsu-hh.de\/baubetrieb\/wp-json\/wp\/v2\/pages"}],"about":[{"href":"https:\/\/www.hsu-hh.de\/baubetrieb\/wp-json\/wp\/v2\/types\/page"}],"author":[{"embeddable":true,"href":"https:\/\/www.hsu-hh.de\/baubetrieb\/wp-json\/wp\/v2\/users\/3909"}],"replies":[{"embeddable":true,"href":"https:\/\/www.hsu-hh.de\/baubetrieb\/wp-json\/wp\/v2\/comments?post=1086"}],"version-history":[{"count":4,"href":"https:\/\/www.hsu-hh.de\/baubetrieb\/wp-json\/wp\/v2\/pages\/1086\/revisions"}],"predecessor-version":[{"id":1095,"href":"https:\/\/www.hsu-hh.de\/baubetrieb\/wp-json\/wp\/v2\/pages\/1086\/revisions\/1095"}],"wp:attachment":[{"href":"https:\/\/www.hsu-hh.de\/baubetrieb\/wp-json\/wp\/v2\/media?parent=1086"}],"wp:term":[{"taxonomy":"category","embeddable":true,"href":"https:\/\/www.hsu-hh.de\/baubetrieb\/wp-json\/wp\/v2\/categories?post=1086"},{"taxonomy":"post_tag","embeddable":true,"href":"https:\/\/www.hsu-hh.de\/baubetrieb\/wp-json\/wp\/v2\/tags?post=1086"}],"curies":[{"name":"wp","href":"https:\/\/api.w.org\/{rel}","templated":true}]}}