{"id":1074,"date":"2025-05-22T08:09:48","date_gmt":"2025-05-22T06:09:48","guid":{"rendered":"https:\/\/www.hsu-hh.de\/baubetrieb\/?page_id=1074"},"modified":"2025-05-22T08:27:11","modified_gmt":"2025-05-22T06:27:11","slug":"das-team-der-professur-nimmt-am-solidaritaetslauf-der-hsu-teil","status":"publish","type":"page","link":"https:\/\/www.hsu-hh.de\/baubetrieb\/das-team-der-professur-nimmt-am-solidaritaetslauf-der-hsu-teil\/","title":{"rendered":"Das Team der Professur nimmt am Solidarit\u00e4tslauf der HSU teil"},"content":{"rendered":"\n<p>Am 15.05.2025 fand an der <abbr title=\"Helmut Schmidt Universit\u00e4t\">HSU<\/abbr> der diesj\u00e4hrige 13. Solidarit\u00e4tslauf (<a href=\"https:\/\/www.solidaritaetslauf-hsu.de\/\" rel='nofollow'>https:\/\/www.solidaritaetslauf-hsu.de\/<\/a>) statt. Bei dieser Veranstaltung des Solidarit\u00e4tslaufs e.\u00a0V. entsprechen die erhobenen Startgelder Spenden, welche an verschiedene gemeinn\u00fctzige Organisationen weitergeleitet werden. So konnte dieses Jahr mit Hilfe der Startgelder und weiterer freiwilliger Spenden eine Summe von 40.911,47 \u20ac gesammelt und an die Soldaten und Veteranen Stiftung, das Soldatenhilfswerk, den Bundeswehr-Sozialwerk e.\u00a0V. und die Stiftung der Deutschen Polizeigewerkschaft \u00fcbergeben werden.<\/p>\n\n\n\n<p>Erstmals hat sich das Team der Professur mit drei Startern am 6 km-Lauf erfolgreich beteiligt. Pers\u00f6nlich gesteckte Ziele wurden bei nahezu optimalen Witterungsbedingungen teilweise deutlich \u00fcbertroffen. Im Mittelpunkt standen ansonsten allerdings weniger die sportlichen Leistungen, sondern vielmehr der Spa\u00dffaktor und die Gemeinschaft. Es wurde ein Zeichen der Solidarit\u00e4t gesetzt und eine gute Sache unterst\u00fctzt. So fasste einer der Teilnehmer die Veranstaltung mit den Worten zusammen: \u201e<em>Echt ein cooles Event<\/em>\u201c. Eine Wiederholung am 28.05.2026 ist geplant.<\/p>\n\n\n\n<figure class=\"wp-block-image size-full-image\"><img loading=\"lazy\" decoding=\"async\" width=\"1100\" height=\"825\" src=\"https:\/\/www.hsu-hh.de\/baubetrieb\/wp-content\/uploads\/sites\/919\/2025\/05\/IMG_7134-1100x825.jpg\" data-credit=\"BBG\" alt=\"\" class=\"wp-image-1075\" srcset=\"https:\/\/www.hsu-hh.de\/baubetrieb\/wp-content\/uploads\/sites\/919\/2025\/05\/IMG_7134-1100x825.jpg 1100w, https:\/\/www.hsu-hh.de\/baubetrieb\/wp-content\/uploads\/sites\/919\/2025\/05\/IMG_7134-300x225.jpg 300w, https:\/\/www.hsu-hh.de\/baubetrieb\/wp-content\/uploads\/sites\/919\/2025\/05\/IMG_7134-1024x768.jpg 1024w, https:\/\/www.hsu-hh.de\/baubetrieb\/wp-content\/uploads\/sites\/919\/2025\/05\/IMG_7134-768x576.jpg 768w, https:\/\/www.hsu-hh.de\/baubetrieb\/wp-content\/uploads\/sites\/919\/2025\/05\/IMG_7134-1536x1152.jpg 1536w, https:\/\/www.hsu-hh.de\/baubetrieb\/wp-content\/uploads\/sites\/919\/2025\/05\/IMG_7134-2048x1536.jpg 2048w\" sizes=\"auto, (max-width: 1100px) 100vw, 1100px\" \/><\/figure>\n","protected":false},"excerpt":{"rendered":"<p>Am 15.05.2025 fand an der HSU der diesj\u00e4hrige 13. Solidarit\u00e4tslauf (https:\/\/www.solidaritaetslauf-hsu.de\/) statt. Bei dieser Veranstaltung des Solidarit\u00e4tslaufs e.\u00a0V. entsprechen die erhobenen Startgelder Spenden, welche an verschiedene gemeinn\u00fctzige Organisationen weitergeleitet werden. [&hellip;]<\/p>\n","protected":false},"author":3909,"featured_media":0,"parent":0,"menu_order":0,"comment_status":"closed","ping_status":"closed","template":"","meta":{"footnotes":""},"categories":[4],"tags":[],"class_list":["post-1074","page","type-page","status-publish","hentry","category-forschung"],"_links":{"self":[{"href":"https:\/\/www.hsu-hh.de\/baubetrieb\/wp-json\/wp\/v2\/pages\/1074","targetHints":{"allow":["GET"]}}],"collection":[{"href":"https:\/\/www.hsu-hh.de\/baubetrieb\/wp-json\/wp\/v2\/pages"}],"about":[{"href":"https:\/\/www.hsu-hh.de\/baubetrieb\/wp-json\/wp\/v2\/types\/page"}],"author":[{"embeddable":true,"href":"https:\/\/www.hsu-hh.de\/baubetrieb\/wp-json\/wp\/v2\/users\/3909"}],"replies":[{"embeddable":true,"href":"https:\/\/www.hsu-hh.de\/baubetrieb\/wp-json\/wp\/v2\/comments?post=1074"}],"version-history":[{"count":3,"href":"https:\/\/www.hsu-hh.de\/baubetrieb\/wp-json\/wp\/v2\/pages\/1074\/revisions"}],"predecessor-version":[{"id":1079,"href":"https:\/\/www.hsu-hh.de\/baubetrieb\/wp-json\/wp\/v2\/pages\/1074\/revisions\/1079"}],"wp:attachment":[{"href":"https:\/\/www.hsu-hh.de\/baubetrieb\/wp-json\/wp\/v2\/media?parent=1074"}],"wp:term":[{"taxonomy":"category","embeddable":true,"href":"https:\/\/www.hsu-hh.de\/baubetrieb\/wp-json\/wp\/v2\/categories?post=1074"},{"taxonomy":"post_tag","embeddable":true,"href":"https:\/\/www.hsu-hh.de\/baubetrieb\/wp-json\/wp\/v2\/tags?post=1074"}],"curies":[{"name":"wp","href":"https:\/\/api.w.org\/{rel}","templated":true}]}}