{"id":106,"date":"2018-01-17T14:05:25","date_gmt":"2018-01-17T13:05:25","guid":{"rendered":"https:\/\/www.hsu-hh.de\/baubetrieb\/?page_id=106"},"modified":"2025-12-08T16:58:21","modified_gmt":"2025-12-08T15:58:21","slug":"mitarbeiter","status":"publish","type":"page","link":"https:\/\/www.hsu-hh.de\/baubetrieb\/mitarbeiter\/","title":{"rendered":"Team"},"content":{"rendered":"\n<figure class=\"wp-block-image size-large is-style-default\"><img loading=\"lazy\" decoding=\"async\" width=\"1024\" height=\"381\" src=\"https:\/\/www.hsu-hh.de\/baubetrieb\/wp-content\/uploads\/sites\/919\/2024\/07\/20240709_104839-scaled-e1720527624735-1024x381.jpg\" data-credit=\"FK\" alt=\"\" class=\"wp-image-545\" srcset=\"https:\/\/www.hsu-hh.de\/baubetrieb\/wp-content\/uploads\/sites\/919\/2024\/07\/20240709_104839-scaled-e1720527624735-1024x381.jpg 1024w, https:\/\/www.hsu-hh.de\/baubetrieb\/wp-content\/uploads\/sites\/919\/2024\/07\/20240709_104839-scaled-e1720527624735-300x111.jpg 300w, https:\/\/www.hsu-hh.de\/baubetrieb\/wp-content\/uploads\/sites\/919\/2024\/07\/20240709_104839-scaled-e1720527624735-768x285.jpg 768w, https:\/\/www.hsu-hh.de\/baubetrieb\/wp-content\/uploads\/sites\/919\/2024\/07\/20240709_104839-scaled-e1720527624735-1536x571.jpg 1536w, https:\/\/www.hsu-hh.de\/baubetrieb\/wp-content\/uploads\/sites\/919\/2024\/07\/20240709_104839-scaled-e1720527624735-2048x761.jpg 2048w, https:\/\/www.hsu-hh.de\/baubetrieb\/wp-content\/uploads\/sites\/919\/2024\/07\/20240709_104839-scaled-e1720527624735-1100x409.jpg 1100w\" sizes=\"auto, (max-width: 1024px) 100vw, 1024px\" \/><\/figure>\n\n\n\n<p class=\"has-text-align-left\">Zusammen mit den anderen Professuren der Fakult\u00e4t aus dem Bereich Bauingenieurwesen ist die Professur Baubetrieb und Baumanagement von Gro\u00dfprojekten am Campus Nord im Geb\u00e4ude der Deutschen Rentenversicherung (DRV) untergebracht.<\/p>\n\n\n\n<div class=\"wp-block-columns is-layout-flex wp-container-core-columns-is-layout-9d6595d7 wp-block-columns-is-layout-flex\">\n<div class=\"wp-block-column is-layout-flow wp-block-column-is-layout-flow\" style=\"flex-basis:75%\">\n<p class=\"has-text-align-left\"><strong>Postanschrift<\/strong><br>Helmut-Schmidt-Universit\u00e4t<br>Fakult\u00e4t f\u00fcr Maschinenbau und Bauingenieurwesen <br>Professur f\u00fcr Baubetrieb und Baumanagement von Gro\u00dfprojekten<br>Holstenhofweg 85<br>22043 Hamburg<\/p>\n<\/div>\n\n\n\n<div class=\"wp-block-column is-layout-flow wp-block-column-is-layout-flow\" style=\"flex-basis:35%\">\n<p><strong>Besucheranschrift<\/strong><br>Helmut-Schmidt-Universit\u00e4t<br>DRV Geb\u00e4ude<br>Friedrich-Ebert-Damm 245<br>22159 Hamburg<\/p>\n<\/div>\n<\/div>\n\n\n\n<hr class=\"wp-block-separator has-alpha-channel-opacity\" \/>\n\n\n\n<p>Das Team der Professur befindet sich derzeit noch im Aufbau. Als Mitarbeitende wurden der Professur eine Sekret\u00e4rin, drei Wissenschaftliche Mitarbeiter:innen (<abbr title=\"Wissenschaftlicher Mitarbeiter\">WMA<\/abbr>), ein(e) Arbeitnehmer:in f\u00fcr die Betreuung des BIM-Labors und Stellen f\u00fcr wissenschaftliche Hilfskr\u00e4fte zur Verf\u00fcgung gestellt.<\/p>\n\n\n\n<hr class=\"wp-block-separator has-alpha-channel-opacity\" \/>\n\n\n\n<div class=\"wp-block-media-text is-stacked-on-mobile is-vertically-aligned-center\" style=\"grid-template-columns:20% auto\"><figure class=\"wp-block-media-text__media\"><img loading=\"lazy\" decoding=\"async\" width=\"703\" height=\"1024\" src=\"https:\/\/www.hsu-hh.de\/baubetrieb\/wp-content\/uploads\/sites\/919\/2024\/05\/Kumlehn_Frank_9444-scaled-e1717659130820-703x1024.jpg\" data-credit=\"HSU\" alt=\"\" class=\"wp-image-153 size-full\" srcset=\"https:\/\/www.hsu-hh.de\/baubetrieb\/wp-content\/uploads\/sites\/919\/2024\/05\/Kumlehn_Frank_9444-scaled-e1717659130820-703x1024.jpg 703w, https:\/\/www.hsu-hh.de\/baubetrieb\/wp-content\/uploads\/sites\/919\/2024\/05\/Kumlehn_Frank_9444-scaled-e1717659130820-206x300.jpg 206w, https:\/\/www.hsu-hh.de\/baubetrieb\/wp-content\/uploads\/sites\/919\/2024\/05\/Kumlehn_Frank_9444-scaled-e1717659130820-768x1119.jpg 768w, https:\/\/www.hsu-hh.de\/baubetrieb\/wp-content\/uploads\/sites\/919\/2024\/05\/Kumlehn_Frank_9444-scaled-e1717659130820.jpg 943w\" sizes=\"auto, (max-width: 703px) 100vw, 703px\" \/><\/figure><div class=\"wp-block-media-text__content\">\n<h2 class=\"wp-block-heading\" style=\"font-size:28px\">Leitung<\/h2>\n\n\n\n<p class=\"has-medium-font-size\" style=\"font-style:normal;font-weight:800\"><a href=\"https:\/\/www.hsu-hh.de\/baubetrieb\/mitarbeiter\/leitung\/\" data-type=\"page\" data-id=\"498\"><abbr title=\"Universit\u00e4tsprofessor\">Univ.-Prof.<\/abbr> <abbr title=\"Doktor-Ingenieur\">Dr.-Ing.<\/abbr> <abbr title=\"Diplom\">Dipl.<\/abbr>-Wirtsch.-<abbr title=\"Ingenieur\">Ing.<\/abbr> Frank Kumlehn<\/a><\/p>\n\n\n\n<div class=\"wp-block-columns is-layout-flex wp-container-core-columns-is-layout-9d6595d7 wp-block-columns-is-layout-flex\">\n<div class=\"wp-block-column is-layout-flow wp-block-column-is-layout-flow\">\n<div class=\"wp-block-columns is-not-stacked-on-mobile is-layout-flex wp-container-core-columns-is-layout-9d6595d7 wp-block-columns-is-layout-flex\">\n<div class=\"wp-block-column is-layout-flow wp-block-column-is-layout-flow\" style=\"flex-basis:78px\">\n<p>Raum: <\/p>\n\n\n\n<p>Telefon:<\/p>\n\n\n\n<p>E-Mail:<\/p>\n<\/div>\n\n\n\n<div class=\"wp-block-column is-layout-flow wp-block-column-is-layout-flow\" style=\"flex-basis:250px\">\n<p>0E 126<\/p>\n\n\n\n<p>+49 (0)40-6541-4803<\/p>\n\n\n\n<p><a href=\"mailto:kumlehnf@hsu.hamburg\" rel='nofollow'>kumlehnf@hsu.hamburg<\/a><\/p>\n<\/div>\n<\/div>\n<\/div>\n<\/div>\n<\/div><\/div>\n\n\n\n<hr class=\"wp-block-separator has-alpha-channel-opacity\" \/>\n\n\n\n<div class=\"wp-block-media-text is-stacked-on-mobile is-vertically-aligned-center\" style=\"grid-template-columns:20% auto\"><figure class=\"wp-block-media-text__media\"><img loading=\"lazy\" decoding=\"async\" width=\"679\" height=\"1024\" src=\"https:\/\/www.hsu-hh.de\/baubetrieb\/wp-content\/uploads\/sites\/919\/2024\/05\/Strauch-2-679x1024.jpg\" data-credit=\"HSU\" alt=\"\" class=\"wp-image-165 size-full\" srcset=\"https:\/\/www.hsu-hh.de\/baubetrieb\/wp-content\/uploads\/sites\/919\/2024\/05\/Strauch-2-679x1024.jpg 679w, https:\/\/www.hsu-hh.de\/baubetrieb\/wp-content\/uploads\/sites\/919\/2024\/05\/Strauch-2-199x300.jpg 199w, https:\/\/www.hsu-hh.de\/baubetrieb\/wp-content\/uploads\/sites\/919\/2024\/05\/Strauch-2-768x1158.jpg 768w, https:\/\/www.hsu-hh.de\/baubetrieb\/wp-content\/uploads\/sites\/919\/2024\/05\/Strauch-2-1019x1536.jpg 1019w, https:\/\/www.hsu-hh.de\/baubetrieb\/wp-content\/uploads\/sites\/919\/2024\/05\/Strauch-2-1359x2048.jpg 1359w, https:\/\/www.hsu-hh.de\/baubetrieb\/wp-content\/uploads\/sites\/919\/2024\/05\/Strauch-2-1100x1658.jpg 1100w, https:\/\/www.hsu-hh.de\/baubetrieb\/wp-content\/uploads\/sites\/919\/2024\/05\/Strauch-2-scaled.jpg 1699w\" sizes=\"auto, (max-width: 679px) 100vw, 679px\" \/><\/figure><div class=\"wp-block-media-text__content\">\n<h2 class=\"wp-block-heading\" style=\"font-size:28px\">Sekretariat<\/h2>\n\n\n\n<p style=\"font-style:normal;font-weight:800\"><a href=\"https:\/\/www.hsu-hh.de\/baubetrieb\/mitarbeiter\/sekretariat-ricarda-strauch\/\" data-type=\"page\" data-id=\"607\">Ricarda Strauch<\/a><\/p>\n\n\n\n<div class=\"wp-block-columns is-not-stacked-on-mobile is-layout-flex wp-container-core-columns-is-layout-9d6595d7 wp-block-columns-is-layout-flex\">\n<div class=\"wp-block-column is-layout-flow wp-block-column-is-layout-flow\" style=\"flex-basis:78px\">\n<p>Raum:<\/p>\n\n\n\n<p>Telefon:<\/p>\n\n\n\n<p>E-Mail:<\/p>\n<\/div>\n\n\n\n<div class=\"wp-block-column is-layout-flow wp-block-column-is-layout-flow\" style=\"flex-basis:260px\">\n<p>0E 050<\/p>\n\n\n\n<p>+49 (0)40-6541-4437<\/p>\n\n\n\n<p><a href=\"mailto:ricarda.strauch@hsu.hamburg\" rel='nofollow'>ricarda.strauch@hsu.hamburg<\/a><\/p>\n\n\n\n<p><\/p>\n<\/div>\n<\/div>\n<\/div><\/div>\n\n\n\n<hr class=\"wp-block-separator has-alpha-channel-opacity\" \/>\n\n\n\n<div class=\"wp-block-media-text is-stacked-on-mobile is-vertically-aligned-center\" style=\"grid-template-columns:20% auto\"><figure class=\"wp-block-media-text__media\"><img loading=\"lazy\" decoding=\"async\" width=\"683\" height=\"1024\" src=\"https:\/\/www.hsu-hh.de\/baubetrieb\/wp-content\/uploads\/sites\/919\/2024\/07\/Foto_Schmitz-683x1024.jpeg\" data-credit=\"MATTHIAS BUDDE\" alt=\"\" class=\"wp-image-672 size-full\" srcset=\"https:\/\/www.hsu-hh.de\/baubetrieb\/wp-content\/uploads\/sites\/919\/2024\/07\/Foto_Schmitz-683x1024.jpeg 683w, https:\/\/www.hsu-hh.de\/baubetrieb\/wp-content\/uploads\/sites\/919\/2024\/07\/Foto_Schmitz-200x300.jpeg 200w, https:\/\/www.hsu-hh.de\/baubetrieb\/wp-content\/uploads\/sites\/919\/2024\/07\/Foto_Schmitz-768x1151.jpeg 768w, https:\/\/www.hsu-hh.de\/baubetrieb\/wp-content\/uploads\/sites\/919\/2024\/07\/Foto_Schmitz-1025x1536.jpeg 1025w, https:\/\/www.hsu-hh.de\/baubetrieb\/wp-content\/uploads\/sites\/919\/2024\/07\/Foto_Schmitz.jpeg 1069w\" sizes=\"auto, (max-width: 683px) 100vw, 683px\" \/><\/figure><div class=\"wp-block-media-text__content\">\n<h2 class=\"wp-block-heading\" style=\"font-size:28px\"><abbr title=\"Wissenschaftlicher Mitarbeiter\">WMA<\/abbr><\/h2>\n\n\n\n<p style=\"font-style:normal;font-weight:800\"><a href=\"https:\/\/www.hsu-hh.de\/baubetrieb\/mitarbeiter\/henrik-schmitz-mba\/\" data-type=\"page\" data-id=\"560\">Henrik Schmitz<\/a><\/p>\n\n\n\n<div class=\"wp-block-columns is-not-stacked-on-mobile is-layout-flex wp-container-core-columns-is-layout-9d6595d7 wp-block-columns-is-layout-flex\">\n<div class=\"wp-block-column is-layout-flow wp-block-column-is-layout-flow\" style=\"flex-basis:78px\">\n<p>Raum:<\/p>\n\n\n\n<p>Telefon:<\/p>\n\n\n\n<p>E-Mail:<\/p>\n<\/div>\n\n\n\n<div class=\"wp-block-column is-layout-flow wp-block-column-is-layout-flow\" style=\"flex-basis:235px\">\n<p>0E 123<\/p>\n\n\n\n<p>+49 (0)40-6541-3691<\/p>\n\n\n\n<p><a href=\"mailto:schmitzh@hsu.hamburg\" rel='nofollow'>schmitzh@hsu.hamburg<\/a><\/p>\n<\/div>\n<\/div>\n<\/div><\/div>\n\n\n\n<hr class=\"wp-block-separator has-alpha-channel-opacity\" \/>\n\n\n\n<div class=\"wp-block-media-text is-stacked-on-mobile is-vertically-aligned-center\" style=\"grid-template-columns:20% auto\"><figure class=\"wp-block-media-text__media\"><img loading=\"lazy\" decoding=\"async\" width=\"774\" height=\"1024\" src=\"https:\/\/www.hsu-hh.de\/baubetrieb\/wp-content\/uploads\/sites\/919\/2025\/03\/20250317_Kock_Sebastian_Portrait_Prof_Kumlehn_CG_04_lowres-scaled-e1746447806588-774x1024.jpg\" data-credit=\"HSU\/Gelhausen\" alt=\"\" class=\"wp-image-941 size-full\" srcset=\"https:\/\/www.hsu-hh.de\/baubetrieb\/wp-content\/uploads\/sites\/919\/2025\/03\/20250317_Kock_Sebastian_Portrait_Prof_Kumlehn_CG_04_lowres-scaled-e1746447806588-774x1024.jpg 774w, https:\/\/www.hsu-hh.de\/baubetrieb\/wp-content\/uploads\/sites\/919\/2025\/03\/20250317_Kock_Sebastian_Portrait_Prof_Kumlehn_CG_04_lowres-scaled-e1746447806588-227x300.jpg 227w, https:\/\/www.hsu-hh.de\/baubetrieb\/wp-content\/uploads\/sites\/919\/2025\/03\/20250317_Kock_Sebastian_Portrait_Prof_Kumlehn_CG_04_lowres-scaled-e1746447806588-768x1016.jpg 768w, https:\/\/www.hsu-hh.de\/baubetrieb\/wp-content\/uploads\/sites\/919\/2025\/03\/20250317_Kock_Sebastian_Portrait_Prof_Kumlehn_CG_04_lowres-scaled-e1746447806588-1161x1536.jpg 1161w, https:\/\/www.hsu-hh.de\/baubetrieb\/wp-content\/uploads\/sites\/919\/2025\/03\/20250317_Kock_Sebastian_Portrait_Prof_Kumlehn_CG_04_lowres-scaled-e1746447806588-1100x1456.jpg 1100w, https:\/\/www.hsu-hh.de\/baubetrieb\/wp-content\/uploads\/sites\/919\/2025\/03\/20250317_Kock_Sebastian_Portrait_Prof_Kumlehn_CG_04_lowres-scaled-e1746447806588.jpg 1290w\" sizes=\"auto, (max-width: 774px) 100vw, 774px\" \/><\/figure><div class=\"wp-block-media-text__content\">\n<h2 class=\"wp-block-heading\" style=\"font-size:28px\"><abbr title=\"Wissenschaftlicher Mitarbeiter\">WMA<\/abbr><\/h2>\n\n\n\n<p style=\"font-style:normal;font-weight:800\"><a href=\"https:\/\/www.hsu-hh.de\/baubetrieb\/mitarbeiter\/wma-sebastian-kock\/\" data-type=\"page\" data-id=\"744\">Sebastian Kock<\/a><\/p>\n\n\n\n<div class=\"wp-block-columns is-not-stacked-on-mobile is-layout-flex wp-container-core-columns-is-layout-9d6595d7 wp-block-columns-is-layout-flex\">\n<div class=\"wp-block-column is-layout-flow wp-block-column-is-layout-flow\" style=\"flex-basis:78px\">\n<p>Raum:<\/p>\n\n\n\n<p>Telefon:<\/p>\n\n\n\n<p>E-Mail:<\/p>\n<\/div>\n\n\n\n<div class=\"wp-block-column is-layout-flow wp-block-column-is-layout-flow\" style=\"flex-basis:235px\">\n<p>0E 123<\/p>\n\n\n\n<p>+49 (0)40-6541-3694<\/p>\n\n\n\n<p><a href=\"mailto:kocks@hsu.hamburg\" rel='nofollow'>kocks@hsu.hamburg<\/a><\/p>\n<\/div>\n<\/div>\n<\/div><\/div>\n\n\n\n<hr class=\"wp-block-separator has-alpha-channel-opacity\" \/>\n\n\n\n<div class=\"wp-block-media-text is-stacked-on-mobile is-vertically-aligned-center\" style=\"grid-template-columns:20% auto\"><figure class=\"wp-block-media-text__media\"><img loading=\"lazy\" decoding=\"async\" width=\"716\" height=\"1024\" src=\"https:\/\/www.hsu-hh.de\/baubetrieb\/wp-content\/uploads\/sites\/919\/2025\/04\/Foto_L.Moritz-716x1024.jpg\" data-credit=\"LM\" alt=\"\" class=\"wp-image-1010 size-full\" srcset=\"https:\/\/www.hsu-hh.de\/baubetrieb\/wp-content\/uploads\/sites\/919\/2025\/04\/Foto_L.Moritz-716x1024.jpg 716w, https:\/\/www.hsu-hh.de\/baubetrieb\/wp-content\/uploads\/sites\/919\/2025\/04\/Foto_L.Moritz-210x300.jpg 210w, https:\/\/www.hsu-hh.de\/baubetrieb\/wp-content\/uploads\/sites\/919\/2025\/04\/Foto_L.Moritz-768x1098.jpg 768w, https:\/\/www.hsu-hh.de\/baubetrieb\/wp-content\/uploads\/sites\/919\/2025\/04\/Foto_L.Moritz-1074x1536.jpg 1074w, https:\/\/www.hsu-hh.de\/baubetrieb\/wp-content\/uploads\/sites\/919\/2025\/04\/Foto_L.Moritz-1432x2048.jpg 1432w, https:\/\/www.hsu-hh.de\/baubetrieb\/wp-content\/uploads\/sites\/919\/2025\/04\/Foto_L.Moritz-1100x1573.jpg 1100w, https:\/\/www.hsu-hh.de\/baubetrieb\/wp-content\/uploads\/sites\/919\/2025\/04\/Foto_L.Moritz-scaled.jpg 1790w\" sizes=\"auto, (max-width: 716px) 100vw, 716px\" \/><\/figure><div class=\"wp-block-media-text__content\">\n<h2 class=\"wp-block-heading\" style=\"font-size:28px\"><abbr title=\"Wissenschaftlicher Mitarbeiter\">WMA<\/abbr><\/h2>\n\n\n\n<p style=\"font-style:normal;font-weight:800\"><a href=\"https:\/\/www.hsu-hh.de\/baubetrieb\/mitarbeiter\/wma-lucas-moritz\/\" data-type=\"page\" data-id=\"1008\">Lucas Moritz<\/a><\/p>\n\n\n\n<div class=\"wp-block-columns is-not-stacked-on-mobile is-layout-flex wp-container-core-columns-is-layout-9d6595d7 wp-block-columns-is-layout-flex\">\n<div class=\"wp-block-column is-layout-flow wp-block-column-is-layout-flow\" style=\"flex-basis:78px\">\n<p>Raum:<\/p>\n\n\n\n<p>Telefon:<\/p>\n\n\n\n<p>E-Mail:<\/p>\n<\/div>\n\n\n\n<div class=\"wp-block-column is-layout-flow wp-block-column-is-layout-flow\" style=\"flex-basis:235px\">\n<p>0E 123<\/p>\n\n\n\n<p>+49 (0)40-6541-4733<\/p>\n\n\n\n<p><a href=\"mailto:moritzl@hsu.hamburg\" rel='nofollow'>moritzl@hsu.hamburg<\/a><\/p>\n<\/div>\n<\/div>\n<\/div><\/div>\n\n\n\n<hr class=\"wp-block-separator has-alpha-channel-opacity\" \/>\n\n\n\n<p><\/p>\n","protected":false},"excerpt":{"rendered":"<p>Zusammen mit den anderen Professuren der Fakult\u00e4t aus dem Bereich Bauingenieurwesen ist die Professur Baubetrieb und Baumanagement von Gro\u00dfprojekten am Campus Nord im Geb\u00e4ude der Deutschen Rentenversicherung (DRV) untergebracht. PostanschriftHelmut-Schmidt-Universit\u00e4tFakult\u00e4t [&hellip;]<\/p>\n","protected":false},"author":3909,"featured_media":0,"parent":0,"menu_order":0,"comment_status":"closed","ping_status":"closed","template":"","meta":{"footnotes":""},"categories":[8],"tags":[],"class_list":["post-106","page","type-page","status-publish","hentry","category-team"],"_links":{"self":[{"href":"https:\/\/www.hsu-hh.de\/baubetrieb\/wp-json\/wp\/v2\/pages\/106","targetHints":{"allow":["GET"]}}],"collection":[{"href":"https:\/\/www.hsu-hh.de\/baubetrieb\/wp-json\/wp\/v2\/pages"}],"about":[{"href":"https:\/\/www.hsu-hh.de\/baubetrieb\/wp-json\/wp\/v2\/types\/page"}],"author":[{"embeddable":true,"href":"https:\/\/www.hsu-hh.de\/baubetrieb\/wp-json\/wp\/v2\/users\/3909"}],"replies":[{"embeddable":true,"href":"https:\/\/www.hsu-hh.de\/baubetrieb\/wp-json\/wp\/v2\/comments?post=106"}],"version-history":[{"count":97,"href":"https:\/\/www.hsu-hh.de\/baubetrieb\/wp-json\/wp\/v2\/pages\/106\/revisions"}],"predecessor-version":[{"id":1241,"href":"https:\/\/www.hsu-hh.de\/baubetrieb\/wp-json\/wp\/v2\/pages\/106\/revisions\/1241"}],"wp:attachment":[{"href":"https:\/\/www.hsu-hh.de\/baubetrieb\/wp-json\/wp\/v2\/media?parent=106"}],"wp:term":[{"taxonomy":"category","embeddable":true,"href":"https:\/\/www.hsu-hh.de\/baubetrieb\/wp-json\/wp\/v2\/categories?post=106"},{"taxonomy":"post_tag","embeddable":true,"href":"https:\/\/www.hsu-hh.de\/baubetrieb\/wp-json\/wp\/v2\/tags?post=106"}],"curies":[{"name":"wp","href":"https:\/\/api.w.org\/{rel}","templated":true}]}}