{"id":1037,"date":"2025-05-05T12:37:35","date_gmt":"2025-05-05T10:37:35","guid":{"rendered":"https:\/\/www.hsu-hh.de\/baubetrieb\/?page_id=1037"},"modified":"2025-05-05T12:42:44","modified_gmt":"2025-05-05T10:42:44","slug":"unterstuetzung-im-team","status":"publish","type":"page","link":"https:\/\/www.hsu-hh.de\/baubetrieb\/unterstuetzung-im-team\/","title":{"rendered":"Unterst\u00fctzung im Team"},"content":{"rendered":"\n<p>Zum 01.05.2025 konnte Herr <a href=\"https:\/\/www.hsu-hh.de\/baubetrieb\/mitarbeiter\/wma-lucas-moritz\/\" data-type=\"page\" data-id=\"1008\">Lucas Moritz<\/a> als neuer Wissenschaftlicher Mitarbeiter gewonnen werden. Mit ihm verst\u00e4rkt sich das Team der Professur im Bereich Building Information Modeling (BIM), was sich sowohl im Ausbau der Lehre als auch der Forschung widerspiegeln soll. <abbr title=\"Professor\">Prof.<\/abbr> Kumlehn begr\u00fc\u00dft Herrn Moritz an seinem ersten Arbeitstag.<\/p>\n\n\n\n<figure class=\"wp-block-image size-large is-resized\"><img loading=\"lazy\" decoding=\"async\" width=\"1024\" height=\"557\" src=\"https:\/\/www.hsu-hh.de\/baubetrieb\/wp-content\/uploads\/sites\/919\/2025\/05\/IMG_6560-scaled-e1746436262143-1024x557.jpg\" data-credit=\"RS\" alt=\"\" class=\"wp-image-1024\" style=\"width:1140px;height:auto\" srcset=\"https:\/\/www.hsu-hh.de\/baubetrieb\/wp-content\/uploads\/sites\/919\/2025\/05\/IMG_6560-scaled-e1746436262143-1024x557.jpg 1024w, https:\/\/www.hsu-hh.de\/baubetrieb\/wp-content\/uploads\/sites\/919\/2025\/05\/IMG_6560-scaled-e1746436262143-300x163.jpg 300w, https:\/\/www.hsu-hh.de\/baubetrieb\/wp-content\/uploads\/sites\/919\/2025\/05\/IMG_6560-scaled-e1746436262143-768x417.jpg 768w, https:\/\/www.hsu-hh.de\/baubetrieb\/wp-content\/uploads\/sites\/919\/2025\/05\/IMG_6560-scaled-e1746436262143-1536x835.jpg 1536w, https:\/\/www.hsu-hh.de\/baubetrieb\/wp-content\/uploads\/sites\/919\/2025\/05\/IMG_6560-scaled-e1746436262143-2048x1113.jpg 2048w, https:\/\/www.hsu-hh.de\/baubetrieb\/wp-content\/uploads\/sites\/919\/2025\/05\/IMG_6560-scaled-e1746436262143-1100x598.jpg 1100w\" sizes=\"auto, (max-width: 1024px) 100vw, 1024px\" \/><\/figure>\n\n\n\n<p>Nach seiner Ausbildung zum technischen Systemplaner f\u00fcr Versorgungs- und Ausr\u00fcstungstechnik hat Herr Moritz das Bachelorstudium Energie \u2013 Geb\u00e4ude \u2013 Umwelt mit der Vertiefungsrichtung Geb\u00e4udetechnik an der Fachhochschule M\u00fcnster erfolgreich absolviert. Anschlie\u00dfend hat er an der Fachhochschule M\u00fcnster auch das Masterstudium Technisches Management mit Erfolg abgeschlossen. Aktuell ist er an der Fernuniversit\u00e4t in Hagen noch f\u00fcr das Bachelorstudium Informatik eingeschrieben, damit er seine Kompetenzen im Bereich der Digitalisierung noch weiter ausbauen kann.<\/p>\n\n\n\n<p>Bereits nach seinem erfolgreichen Abschluss als Bachelor begann Herr Moritz seine berufliche Laufbahn als BIM-Manager in L\u00fcbeck in einem \u00fcberregional t\u00e4tigen mittelst\u00e4ndischen Handwerksunternehmen aus dem Bereich Geb\u00e4udetechnik. Zu seinen wesentlichen Aufgaben z\u00e4hlte dabei u.&nbsp;a. die Mitwirkung bei der strategischen Ausrichtung des Unternehmens in Bezug auf die Digitalisierung.<\/p>\n\n\n\n<p>Seine umfangreichen praktischen Erfahrungen im Bereich BIM und Digitalisierung aber auch im Bereich der technischen Ausr\u00fcstung wird Herr Moritz zuk\u00fcnftig in die Lehre, Forschung und Weiterbildung der Professur einbringen. Zusammen mit einem noch zu findenden Laboringenieur\/einer Laboringenieurin (m\/w\/d) soll von ihm das Digitallabor der Professur aufgebaut und laufend betreut werden.<\/p>\n\n\n\n<p>Die Professur hei\u00dft Lucas Moritz herzlich Willkommen und freut sich auf seine Verst\u00e4rkung des Teams.<\/p>\n","protected":false},"excerpt":{"rendered":"<p>Zum 01.05.2025 konnte Herr Lucas Moritz als neuer Wissenschaftlicher Mitarbeiter gewonnen werden. Mit ihm verst\u00e4rkt sich das Team der Professur im Bereich Building Information Modeling (BIM), was sich sowohl im [&hellip;]<\/p>\n","protected":false},"author":3909,"featured_media":0,"parent":0,"menu_order":0,"comment_status":"closed","ping_status":"closed","template":"","meta":{"footnotes":""},"categories":[35],"tags":[],"class_list":["post-1037","page","type-page","status-publish","hentry","category-startseite"],"_links":{"self":[{"href":"https:\/\/www.hsu-hh.de\/baubetrieb\/wp-json\/wp\/v2\/pages\/1037","targetHints":{"allow":["GET"]}}],"collection":[{"href":"https:\/\/www.hsu-hh.de\/baubetrieb\/wp-json\/wp\/v2\/pages"}],"about":[{"href":"https:\/\/www.hsu-hh.de\/baubetrieb\/wp-json\/wp\/v2\/types\/page"}],"author":[{"embeddable":true,"href":"https:\/\/www.hsu-hh.de\/baubetrieb\/wp-json\/wp\/v2\/users\/3909"}],"replies":[{"embeddable":true,"href":"https:\/\/www.hsu-hh.de\/baubetrieb\/wp-json\/wp\/v2\/comments?post=1037"}],"version-history":[{"count":2,"href":"https:\/\/www.hsu-hh.de\/baubetrieb\/wp-json\/wp\/v2\/pages\/1037\/revisions"}],"predecessor-version":[{"id":1041,"href":"https:\/\/www.hsu-hh.de\/baubetrieb\/wp-json\/wp\/v2\/pages\/1037\/revisions\/1041"}],"wp:attachment":[{"href":"https:\/\/www.hsu-hh.de\/baubetrieb\/wp-json\/wp\/v2\/media?parent=1037"}],"wp:term":[{"taxonomy":"category","embeddable":true,"href":"https:\/\/www.hsu-hh.de\/baubetrieb\/wp-json\/wp\/v2\/categories?post=1037"},{"taxonomy":"post_tag","embeddable":true,"href":"https:\/\/www.hsu-hh.de\/baubetrieb\/wp-json\/wp\/v2\/tags?post=1037"}],"curies":[{"name":"wp","href":"https:\/\/api.w.org\/{rel}","templated":true}]}}