{"id":846,"date":"2022-06-20T15:15:10","date_gmt":"2022-06-20T13:15:10","guid":{"rendered":"https:\/\/www.hsu-hh.de\/awt\/?page_id=846"},"modified":"2022-06-21T09:52:54","modified_gmt":"2022-06-21T07:52:54","slug":"kritische-bewertung-von-hydridbildenden-legierungen-und-werkstoffen-mit-upscale-potenzial-und-anwendungsorientiert","status":"publish","type":"page","link":"https:\/\/www.hsu-hh.de\/awt\/lehre\/abschlussarbeiten\/kritische-bewertung-von-hydridbildenden-legierungen-und-werkstoffen-mit-upscale-potenzial-und-anwendungsorientiert\/","title":{"rendered":"Kritische Bewertung von hydridbildenden Legierungen und Werkstoffen mit Upscale-Potenzial und anwendungsorientiert"},"content":{"rendered":"\n<p>Die Verwendung von hydridbildenden Legierungen und Materialien zum Speichern, Komprimieren oder sogar Reinigen von Wasserstoff erfordert die Bewertung der Machbarkeit, dieses Material in gro\u00dfem Umfang verf\u00fcgbar zu machen. Aus diesem Grund wird zun\u00e4chst vorgeschlagen, eine auf Literatur- und Marktrecherche basierende Analyse durchzuf\u00fchren, um potenzielle Kandidaten f\u00fcr verschiedene Materialien zu identifizieren, die in der Lage sind, Wasserstoff im Festk\u00f6rper zu speichern. Diese Analyse ber\u00fccksichtigt die Definition der EU zum kritischen Rohstoff (CRM: Critical Raw Materials). In einem zweiten Schritt werden m\u00f6gliche Anwendungen gem\u00e4\u00df den Eigenschaften eines solchen Materials analysiert. Als letzter Schritt wird auch eine technisch-\u00f6konomische Analyse betrachtet.<\/p>\n\n\n\n<p><strong>Ansprechpartner: <\/strong><a href=\"https:\/\/www.hsu-hh.de\/awt\/team\/puszkiel\/\" data-type=\"page\" data-id=\"237\">Juli\u00e1n Puszkiel<\/a><\/p>\n","protected":false},"excerpt":{"rendered":"<p>Die Verwendung von hydridbildenden Legierungen und Materialien zum Speichern, Komprimieren oder sogar Reinigen von Wasserstoff erfordert die Bewertung der Machbarkeit, dieses Material in gro\u00dfem Umfang verf\u00fcgbar zu machen. Aus diesem [&hellip;]<\/p>\n","protected":false},"author":3340,"featured_media":0,"parent":676,"menu_order":0,"comment_status":"closed","ping_status":"closed","template":"","meta":{"footnotes":""},"categories":[6],"tags":[],"class_list":["post-846","page","type-page","status-publish","hentry","category-lehre"],"_links":{"self":[{"href":"https:\/\/www.hsu-hh.de\/awt\/wp-json\/wp\/v2\/pages\/846","targetHints":{"allow":["GET"]}}],"collection":[{"href":"https:\/\/www.hsu-hh.de\/awt\/wp-json\/wp\/v2\/pages"}],"about":[{"href":"https:\/\/www.hsu-hh.de\/awt\/wp-json\/wp\/v2\/types\/page"}],"author":[{"embeddable":true,"href":"https:\/\/www.hsu-hh.de\/awt\/wp-json\/wp\/v2\/users\/3340"}],"replies":[{"embeddable":true,"href":"https:\/\/www.hsu-hh.de\/awt\/wp-json\/wp\/v2\/comments?post=846"}],"version-history":[{"count":1,"href":"https:\/\/www.hsu-hh.de\/awt\/wp-json\/wp\/v2\/pages\/846\/revisions"}],"predecessor-version":[{"id":847,"href":"https:\/\/www.hsu-hh.de\/awt\/wp-json\/wp\/v2\/pages\/846\/revisions\/847"}],"up":[{"embeddable":true,"href":"https:\/\/www.hsu-hh.de\/awt\/wp-json\/wp\/v2\/pages\/676"}],"wp:attachment":[{"href":"https:\/\/www.hsu-hh.de\/awt\/wp-json\/wp\/v2\/media?parent=846"}],"wp:term":[{"taxonomy":"category","embeddable":true,"href":"https:\/\/www.hsu-hh.de\/awt\/wp-json\/wp\/v2\/categories?post=846"},{"taxonomy":"post_tag","embeddable":true,"href":"https:\/\/www.hsu-hh.de\/awt\/wp-json\/wp\/v2\/tags?post=846"}],"curies":[{"name":"wp","href":"https:\/\/api.w.org\/{rel}","templated":true}]}}