{"id":833,"date":"2022-06-20T14:31:17","date_gmt":"2022-06-20T12:31:17","guid":{"rendered":"https:\/\/www.hsu-hh.de\/awt\/?page_id=833"},"modified":"2022-06-21T09:52:40","modified_gmt":"2022-06-21T07:52:40","slug":"integrationsmodellierung-einer-dc-dc-wandler-mit-einem-pemfc-fuer-nachhaltige-energieanwendungen","status":"publish","type":"page","link":"https:\/\/www.hsu-hh.de\/awt\/lehre\/abschlussarbeiten\/integrationsmodellierung-einer-dc-dc-wandler-mit-einem-pemfc-fuer-nachhaltige-energieanwendungen\/","title":{"rendered":"Integrationsmodellierung einer DC\/DC-Wandler mit einem PEMFC f\u00fcr nachhaltige Energieanwendungen"},"content":{"rendered":"\n<p>PEM FC (Polymer Exchange Membrane Fuel Cells) werden zur Stromerzeugung aus gr\u00fcnem Wasserstoff und Sauerstoff eingesetzt. Eines der wichtigsten Ger\u00e4te f\u00fcr die PEMFC-System bez\u00fcglich auf die Steuerung ist der DC\/DC-Wandler (Gleichstrom), da er eine konstante Ausgangsleistung erm\u00f6glicht.<\/p>\n\n\n\n<p>Ziel der Arbeit ist die Entwicklung eines Modells in Mathlab-Simulink, das die Kopplung zwischen einer luftgek\u00fchlten 1,6-kW-PEMFC und einem integrierten DC\/DC-Wandler darstellen kann, um seinen Spannungsausgang zu stabilisieren und eine konstante Leistung zu liefern.<\/p>\n\n\n\n<p>Der Fokus liegt auf der Integration zwischen einem bereits entwickelten Modell des 1,6-kW-PEM-FC und dem DC\/DC-Wandler.<\/p>\n\n\n\n<p>Das Testen des PEMFC-DC\/DC-Wandlers umfasst 4 verschiedene Leistungsbedarfsszenarien f\u00fcr den station\u00e4ren Zustand.<\/p>\n\n\n\n<p><strong>Ansprechpartner: <\/strong><a href=\"https:\/\/www.hsu-hh.de\/awt\/team\/guarneros\/\" data-type=\"page\" data-id=\"247\">Myriam Covarrubias Guarneros<\/a><\/p>\n","protected":false},"excerpt":{"rendered":"<p>PEM FC (Polymer Exchange Membrane Fuel Cells) werden zur Stromerzeugung aus gr\u00fcnem Wasserstoff und Sauerstoff eingesetzt. Eines der wichtigsten Ger\u00e4te f\u00fcr die PEMFC-System bez\u00fcglich auf die Steuerung ist der DC\/DC-Wandler [&hellip;]<\/p>\n","protected":false},"author":3340,"featured_media":0,"parent":676,"menu_order":0,"comment_status":"closed","ping_status":"closed","template":"","meta":{"footnotes":""},"categories":[6],"tags":[],"class_list":["post-833","page","type-page","status-publish","hentry","category-lehre"],"_links":{"self":[{"href":"https:\/\/www.hsu-hh.de\/awt\/wp-json\/wp\/v2\/pages\/833","targetHints":{"allow":["GET"]}}],"collection":[{"href":"https:\/\/www.hsu-hh.de\/awt\/wp-json\/wp\/v2\/pages"}],"about":[{"href":"https:\/\/www.hsu-hh.de\/awt\/wp-json\/wp\/v2\/types\/page"}],"author":[{"embeddable":true,"href":"https:\/\/www.hsu-hh.de\/awt\/wp-json\/wp\/v2\/users\/3340"}],"replies":[{"embeddable":true,"href":"https:\/\/www.hsu-hh.de\/awt\/wp-json\/wp\/v2\/comments?post=833"}],"version-history":[{"count":1,"href":"https:\/\/www.hsu-hh.de\/awt\/wp-json\/wp\/v2\/pages\/833\/revisions"}],"predecessor-version":[{"id":834,"href":"https:\/\/www.hsu-hh.de\/awt\/wp-json\/wp\/v2\/pages\/833\/revisions\/834"}],"up":[{"embeddable":true,"href":"https:\/\/www.hsu-hh.de\/awt\/wp-json\/wp\/v2\/pages\/676"}],"wp:attachment":[{"href":"https:\/\/www.hsu-hh.de\/awt\/wp-json\/wp\/v2\/media?parent=833"}],"wp:term":[{"taxonomy":"category","embeddable":true,"href":"https:\/\/www.hsu-hh.de\/awt\/wp-json\/wp\/v2\/categories?post=833"},{"taxonomy":"post_tag","embeddable":true,"href":"https:\/\/www.hsu-hh.de\/awt\/wp-json\/wp\/v2\/tags?post=833"}],"curies":[{"name":"wp","href":"https:\/\/api.w.org\/{rel}","templated":true}]}}