{"id":821,"date":"2022-06-20T14:21:59","date_gmt":"2022-06-20T12:21:59","guid":{"rendered":"https:\/\/www.hsu-hh.de\/awt\/?page_id=821"},"modified":"2022-06-21T09:54:04","modified_gmt":"2022-06-21T07:54:04","slug":"modellierung-eines-metallhydridkompressors","status":"publish","type":"page","link":"https:\/\/www.hsu-hh.de\/awt\/lehre\/abschlussarbeiten\/modellierung-eines-metallhydridkompressors\/","title":{"rendered":"Modellierung eines Metallhydridkompressors"},"content":{"rendered":"\n<p>Mit Hilfe von Metallhydriden lassen sich Kompressoren designen, welche rein auf der Basis von W\u00e4rme Wasserstoff verdichten k\u00f6nnen. Die Hauptaufgabe der Arbeit umfasst die Umgestaltung und Weiterentwicklung eines bestehenden FEM-Modells, welches den Metallhydridtank mit Hilfe von Thermofluiden erw\u00e4rmt. Dabei wird das Modell so umgebaut , dass die W\u00e4rme\u00fcbertragung auf neue innovative Weise durchgef\u00fchrt wird. Verschiedene Flussraten werden untersucht und ein Vergleich zur Performance des bestehenden Modells erstellt.<\/p>\n\n\n\n<p><strong>Ansprechpartner:<\/strong> <a href=\"https:\/\/www.hsu-hh.de\/awt\/team\/fleming\/\" data-type=\"page\" data-id=\"245\">Lukas Fleming<\/a>, <a href=\"https:\/\/www.hsu-hh.de\/awt\/team\/kaufmann\/\" data-type=\"page\" data-id=\"251\">Thomas Kaufmann<\/a><\/p>\n","protected":false},"excerpt":{"rendered":"<p>Mit Hilfe von Metallhydriden lassen sich Kompressoren designen, welche rein auf der Basis von W\u00e4rme Wasserstoff verdichten k\u00f6nnen. Die Hauptaufgabe der Arbeit umfasst die Umgestaltung und Weiterentwicklung eines bestehenden FEM-Modells, [&hellip;]<\/p>\n","protected":false},"author":3340,"featured_media":0,"parent":676,"menu_order":0,"comment_status":"closed","ping_status":"closed","template":"","meta":{"footnotes":""},"categories":[6],"tags":[],"class_list":["post-821","page","type-page","status-publish","hentry","category-lehre"],"_links":{"self":[{"href":"https:\/\/www.hsu-hh.de\/awt\/wp-json\/wp\/v2\/pages\/821","targetHints":{"allow":["GET"]}}],"collection":[{"href":"https:\/\/www.hsu-hh.de\/awt\/wp-json\/wp\/v2\/pages"}],"about":[{"href":"https:\/\/www.hsu-hh.de\/awt\/wp-json\/wp\/v2\/types\/page"}],"author":[{"embeddable":true,"href":"https:\/\/www.hsu-hh.de\/awt\/wp-json\/wp\/v2\/users\/3340"}],"replies":[{"embeddable":true,"href":"https:\/\/www.hsu-hh.de\/awt\/wp-json\/wp\/v2\/comments?post=821"}],"version-history":[{"count":5,"href":"https:\/\/www.hsu-hh.de\/awt\/wp-json\/wp\/v2\/pages\/821\/revisions"}],"predecessor-version":[{"id":868,"href":"https:\/\/www.hsu-hh.de\/awt\/wp-json\/wp\/v2\/pages\/821\/revisions\/868"}],"up":[{"embeddable":true,"href":"https:\/\/www.hsu-hh.de\/awt\/wp-json\/wp\/v2\/pages\/676"}],"wp:attachment":[{"href":"https:\/\/www.hsu-hh.de\/awt\/wp-json\/wp\/v2\/media?parent=821"}],"wp:term":[{"taxonomy":"category","embeddable":true,"href":"https:\/\/www.hsu-hh.de\/awt\/wp-json\/wp\/v2\/categories?post=821"},{"taxonomy":"post_tag","embeddable":true,"href":"https:\/\/www.hsu-hh.de\/awt\/wp-json\/wp\/v2\/tags?post=821"}],"curies":[{"name":"wp","href":"https:\/\/api.w.org\/{rel}","templated":true}]}}