{"id":73,"date":"2026-03-06T17:17:08","date_gmt":"2026-03-06T16:17:08","guid":{"rendered":"https:\/\/www.hsu-hh.de\/vorlage\/?page_id=73"},"modified":"2026-03-06T17:46:37","modified_gmt":"2026-03-06T16:46:37","slug":"startseite","status":"publish","type":"page","link":"https:\/\/www.hsu-hh.de\/awt\/","title":{"rendered":"Institut f\u00fcr Angewandte Werkstofftechnik"},"content":{"rendered":"\n<div class=\"wp-block-columns is-layout-flex wp-container-core-columns-is-layout-9d6595d7 wp-block-columns-is-layout-flex\">\n<div class=\"wp-block-column is-layout-flow wp-block-column-is-layout-flow\" style=\"flex-basis:33.33%\">\n<figure class=\"wp-block-image size-full is-resized is-style-default\"><a href=\"https:\/\/www.mdpi.com\/journal\/energies\/special_issues\/JG5883W165\" rel='nofollow'><img loading=\"lazy\" decoding=\"async\" width=\"360\" height=\"1350\" src=\"https:\/\/www.hsu-hh.de\/awt\/wp-content\/uploads\/sites\/866\/2026\/03\/edited_vertical_31.08.2026-E.png\" data-credit=\"energies\" alt=\"\" class=\"wp-image-2124\" style=\"width:auto;height:1000px\" srcset=\"https:\/\/www.hsu-hh.de\/awt\/wp-content\/uploads\/sites\/866\/2026\/03\/edited_vertical_31.08.2026-E.png 360w, https:\/\/www.hsu-hh.de\/awt\/wp-content\/uploads\/sites\/866\/2026\/03\/edited_vertical_31.08.2026-E-80x300.png 80w, https:\/\/www.hsu-hh.de\/awt\/wp-content\/uploads\/sites\/866\/2026\/03\/edited_vertical_31.08.2026-E-273x1024.png 273w\" sizes=\"auto, (max-width: 360px) 100vw, 360px\" \/><\/a><\/figure>\n<\/div>\n\n\n\n<div class=\"wp-block-column is-layout-flow wp-block-column-is-layout-flow\" style=\"flex-basis:66.66%\">\n<div class=\"wp-block-columns is-layout-flex wp-container-core-columns-is-layout-9d6595d7 wp-block-columns-is-layout-flex\">\n<div class=\"wp-block-column is-layout-flow wp-block-column-is-layout-flow\" style=\"flex-basis:150%\">\n<p class=\"has-text-align-left has-medium-font-size\">Herzlich Willkommen auf der Website der Professur f\u00fcr Angewandte Werkstofftechnik<\/p>\n\n\n<div class=\"wp-block-image is-style-default\">\n<figure class=\"aligncenter size-slider-image\"><img loading=\"lazy\" decoding=\"async\" width=\"1800\" height=\"450\" src=\"https:\/\/www.hsu-hh.de\/awt\/wp-content\/uploads\/sites\/866\/2022\/04\/Header_Tanks-1800x450.jpg\" data-credit=\"Foto: Hereon \/ Christian Schmid\" alt=\"\" class=\"wp-image-129\" \/><\/figure>\n<\/div>\n\n\n<div class=\"wp-block-columns is-layout-flex wp-container-core-columns-is-layout-9d6595d7 wp-block-columns-is-layout-flex\">\n<div class=\"wp-block-column is-layout-flow wp-block-column-is-layout-flow\" style=\"flex-basis:150%\">\n<h2 class=\"wp-block-heading\">\u00dcber uns<\/h2>\n\n\n\n<p>In der Lehre und Forschung besch\u00e4ftigen wir uns mit anwendungsnahen Themen der Werkstofftechnik. Ein Schwerpunkt bildet dabei die <strong>Wasserstofftechnologie<\/strong>. Wasserstoff ist ein wichtiger Baustein f\u00fcr die Energiewende und den Klimaschutz. Nach wie vor gibt es dabei noch viele offene technische, aber vor allem auch wissenschaftliche Fragen und Herausforderungen, die sich auf eine energieeffiziente und sichere, aber auch wirtschaftliche Speicherung beziehen. An der Professur f\u00fcr Angewandte Werkstofftechnik gehen wir diese Herausforderungen gezielt an um weitere wichtige Impulse f\u00fcr diese Technologie zu entwickeln.<\/p>\n\n\n\n<div class=\"wp-block-columns is-layout-flex wp-container-core-columns-is-layout-9d6595d7 wp-block-columns-is-layout-flex\">\n<div class=\"wp-block-column is-layout-flow wp-block-column-is-layout-flow\"><div class=\"wp-block-image is-style-default\">\n<figure class=\"aligncenter size-full is-resized\"><a href=\"https:\/\/www.hsu-hh.de\/awt\/veroeffentlichungen\/\"><img decoding=\"async\" src=\"https:\/\/www.hsu-hh.de\/awt\/wp-content\/uploads\/sites\/866\/2022\/05\/Buch.svg\" alt=\"Ver\u00f6ffentlichungen\" class=\"wp-image-425\" style=\"width:92px;height:115px\" \/><\/a><\/figure>\n<\/div>\n\n\n<p class=\"has-text-align-center\"><strong><a href=\"https:\/\/www.hsu-hh.de\/awt\/veroeffentlichungen\/\" data-type=\"page\" data-id=\"189\">Ver\u00f6ffentlichungen<\/a><\/strong><\/p>\n<\/div>\n\n\n\n<div class=\"wp-block-column is-layout-flow wp-block-column-is-layout-flow\"><div class=\"wp-block-image is-style-default\">\n<figure class=\"aligncenter size-full is-resized\"><a href=\"https:\/\/www.hsu-hh.de\/awt\/forschung\/\"><img decoding=\"async\" src=\"https:\/\/www.hsu-hh.de\/awt\/wp-content\/uploads\/sites\/866\/2022\/05\/Microscope.svg\" alt=\"Forschung\" class=\"wp-image-419\" style=\"width:93px;height:116px\" \/><\/a><\/figure>\n<\/div>\n\n\n<p class=\"has-text-align-center\"><strong><a href=\"https:\/\/www.hsu-hh.de\/awt\/forschung\/\">Forschung<\/a><\/strong><\/p>\n<\/div>\n\n\n\n<div class=\"wp-block-column is-layout-flow wp-block-column-is-layout-flow\"><div class=\"wp-block-image is-style-default\">\n<figure class=\"aligncenter size-full is-resized\"><a href=\"https:\/\/www.hsu-hh.de\/awt\/projekte\/\"><img decoding=\"async\" src=\"https:\/\/www.hsu-hh.de\/awt\/wp-content\/uploads\/sites\/866\/2022\/05\/Projekt.svg\" alt=\"Projekte\" class=\"wp-image-426\" style=\"width:91px;height:113px\" \/><\/a><\/figure>\n<\/div>\n\n\n<p class=\"has-text-align-center\"><strong><a href=\"https:\/\/www.hsu-hh.de\/awt\/projekte\/\">Projekte<\/a><\/strong><\/p>\n<\/div>\n\n\n\n<div class=\"wp-block-column is-layout-flow wp-block-column-is-layout-flow\"><div class=\"wp-block-image is-style-default\">\n<figure class=\"aligncenter size-full is-resized\"><a href=\"https:\/\/www.hsu-hh.de\/awt\/lehre\/\"><img decoding=\"async\" src=\"https:\/\/www.hsu-hh.de\/awt\/wp-content\/uploads\/sites\/866\/2022\/05\/Tafel.svg\" alt=\"Lehre\" class=\"wp-image-427\" style=\"width:95px;height:119px\" \/><\/a><\/figure>\n<\/div>\n\n\n<p class=\"has-text-align-center\"><strong><a href=\"https:\/\/www.hsu-hh.de\/awt\/lehre\/\">Lehre<\/a><\/strong><\/p>\n<\/div>\n<\/div>\n<\/div>\n<\/div>\n<\/div>\n<\/div>\n<\/div>\n<\/div>\n","protected":false},"excerpt":{"rendered":"<p>Herzlich Willkommen auf der Website der Professur f\u00fcr Angewandte Werkstofftechnik \u00dcber uns In der Lehre und Forschung besch\u00e4ftigen wir uns mit anwendungsnahen Themen der Werkstofftechnik. Ein Schwerpunkt bildet dabei die [&hellip;]<\/p>\n","protected":false},"author":4220,"featured_media":0,"parent":0,"menu_order":0,"comment_status":"closed","ping_status":"closed","template":"","meta":{"footnotes":""},"categories":[35],"tags":[139],"class_list":["post-73","page","type-page","status-publish","hentry","category-startseite","tag-energies"],"_links":{"self":[{"href":"https:\/\/www.hsu-hh.de\/awt\/wp-json\/wp\/v2\/pages\/73","targetHints":{"allow":["GET"]}}],"collection":[{"href":"https:\/\/www.hsu-hh.de\/awt\/wp-json\/wp\/v2\/pages"}],"about":[{"href":"https:\/\/www.hsu-hh.de\/awt\/wp-json\/wp\/v2\/types\/page"}],"author":[{"embeddable":true,"href":"https:\/\/www.hsu-hh.de\/awt\/wp-json\/wp\/v2\/users\/4220"}],"replies":[{"embeddable":true,"href":"https:\/\/www.hsu-hh.de\/awt\/wp-json\/wp\/v2\/comments?post=73"}],"version-history":[{"count":37,"href":"https:\/\/www.hsu-hh.de\/awt\/wp-json\/wp\/v2\/pages\/73\/revisions"}],"predecessor-version":[{"id":2126,"href":"https:\/\/www.hsu-hh.de\/awt\/wp-json\/wp\/v2\/pages\/73\/revisions\/2126"}],"wp:attachment":[{"href":"https:\/\/www.hsu-hh.de\/awt\/wp-json\/wp\/v2\/media?parent=73"}],"wp:term":[{"taxonomy":"category","embeddable":true,"href":"https:\/\/www.hsu-hh.de\/awt\/wp-json\/wp\/v2\/categories?post=73"},{"taxonomy":"post_tag","embeddable":true,"href":"https:\/\/www.hsu-hh.de\/awt\/wp-json\/wp\/v2\/tags?post=73"}],"curies":[{"name":"wp","href":"https:\/\/api.w.org\/{rel}","templated":true}]}}