{"id":696,"date":"2022-06-02T11:08:53","date_gmt":"2022-06-02T09:08:53","guid":{"rendered":"https:\/\/www.hsu-hh.de\/awt\/?page_id=696"},"modified":"2022-06-21T09:54:38","modified_gmt":"2022-06-21T07:54:38","slug":"regelungstechnik-und-strategien-fuer-einen-metallhydridkompressor","status":"publish","type":"page","link":"https:\/\/www.hsu-hh.de\/awt\/lehre\/abschlussarbeiten\/regelungstechnik-und-strategien-fuer-einen-metallhydridkompressor\/","title":{"rendered":"Regelungstechnik und\u00a0strategien f\u00fcr einen Metallhydridkompressor"},"content":{"rendered":"\n<p>Auf Basis hydridbildender Legierungen k\u00f6nnen thermisch betriebene Wasserstoffkompressoren realisiert werden, die sich unter anderem durch die Abwesenheit beweglicher Teile, eine hohe Wasserstoffreinheit und einen geringen Verbrauch elektrischer Energie gegen\u00fcber anderen Kompressortechnologien abheben.<\/p>\n\n\n\n<p>In der Entwicklung eines solchen Metallhydridkompressors spielt die Regelung der Stoff- und W\u00e4rmestr\u00f6me eine wichtige Rolle. Im Rahmen der studentischen Arbeit soll eine geeignete Regelungstechnik erarbeitet werden, die die thermodynamischen und kinetischen Eigenschaften des Systems ber\u00fccksichtigt. Desweiteren sollen Regelungsstrategien untersucht werden, die auf die Maximierung einzelner Parameter wie Produktivit\u00e4t oder Effizienz abzielen.<\/p>\n\n\n\n<p>In einer Erweiterung der Arbeit wird die Integration des Metallhydridkompressors in eine Anlage mit Elektrolyseur und Metallhydridspeicher als Wasserstoffquelle sowie einem Betankungssystem zur Verwendung des Hochdruckwasserstoffs behandelt. Gegenstand der Arbeit ist es, die Eigenschaften dieser angrenzenden Systeme mit in eine \u00fcbergeordnete Regelung einzubeziehen. Daf\u00fcr sind geeignete Schnittstellen zu definieren und Regelungsstrategien auf Basis m\u00f6glicher Betriebsszenarien zu entwickeln. Der Fokus der Arbeiten kann entweder auf die Anlagentechnik mit experimentellem Anteil oder die Modellierung und Simulation im digitalen Modell gelegt werden. \u00a0<\/p>\n\n\n\n<p><strong>Ansprechpartner:<\/strong> <a href=\"https:\/\/www.hsu-hh.de\/awt\/fleming\/\" data-type=\"page\" data-id=\"245\">Lukas Fleming,<\/a> <a href=\"https:\/\/www.hsu-hh.de\/awt\/kaufmann\/\" data-type=\"page\" data-id=\"251\">Thomas Kaufmann<\/a><\/p>\n","protected":false},"excerpt":{"rendered":"<p>Auf Basis hydridbildender Legierungen k\u00f6nnen thermisch betriebene Wasserstoffkompressoren realisiert werden, die sich unter anderem durch die Abwesenheit beweglicher Teile, eine hohe Wasserstoffreinheit und einen geringen Verbrauch elektrischer Energie gegen\u00fcber anderen [&hellip;]<\/p>\n","protected":false},"author":3340,"featured_media":0,"parent":676,"menu_order":0,"comment_status":"closed","ping_status":"closed","template":"","meta":{"footnotes":""},"categories":[6],"tags":[],"class_list":["post-696","page","type-page","status-publish","hentry","category-lehre"],"_links":{"self":[{"href":"https:\/\/www.hsu-hh.de\/awt\/wp-json\/wp\/v2\/pages\/696","targetHints":{"allow":["GET"]}}],"collection":[{"href":"https:\/\/www.hsu-hh.de\/awt\/wp-json\/wp\/v2\/pages"}],"about":[{"href":"https:\/\/www.hsu-hh.de\/awt\/wp-json\/wp\/v2\/types\/page"}],"author":[{"embeddable":true,"href":"https:\/\/www.hsu-hh.de\/awt\/wp-json\/wp\/v2\/users\/3340"}],"replies":[{"embeddable":true,"href":"https:\/\/www.hsu-hh.de\/awt\/wp-json\/wp\/v2\/comments?post=696"}],"version-history":[{"count":1,"href":"https:\/\/www.hsu-hh.de\/awt\/wp-json\/wp\/v2\/pages\/696\/revisions"}],"predecessor-version":[{"id":697,"href":"https:\/\/www.hsu-hh.de\/awt\/wp-json\/wp\/v2\/pages\/696\/revisions\/697"}],"up":[{"embeddable":true,"href":"https:\/\/www.hsu-hh.de\/awt\/wp-json\/wp\/v2\/pages\/676"}],"wp:attachment":[{"href":"https:\/\/www.hsu-hh.de\/awt\/wp-json\/wp\/v2\/media?parent=696"}],"wp:term":[{"taxonomy":"category","embeddable":true,"href":"https:\/\/www.hsu-hh.de\/awt\/wp-json\/wp\/v2\/categories?post=696"},{"taxonomy":"post_tag","embeddable":true,"href":"https:\/\/www.hsu-hh.de\/awt\/wp-json\/wp\/v2\/tags?post=696"}],"curies":[{"name":"wp","href":"https:\/\/api.w.org\/{rel}","templated":true}]}}