{"id":676,"date":"2022-06-01T16:56:30","date_gmt":"2022-06-01T14:56:30","guid":{"rendered":"https:\/\/www.hsu-hh.de\/awt\/?page_id=676"},"modified":"2025-03-19T10:36:24","modified_gmt":"2025-03-19T09:36:24","slug":"abschlussarbeiten","status":"publish","type":"page","link":"https:\/\/www.hsu-hh.de\/awt\/lehre\/abschlussarbeiten\/","title":{"rendered":"Abschlussarbeiten"},"content":{"rendered":"\n<hr class=\"wp-block-separator has-css-opacity\" \/>\n\n\n\n<h3 class=\"wp-block-heading\" style=\"font-size:22px\">Simulation<\/h3>\n\n\n\n<hr class=\"wp-block-separator has-css-opacity\" \/>\n\n\n\n<div class=\"wp-block-columns is-layout-flex wp-container-core-columns-is-layout-9d6595d7 wp-block-columns-is-layout-flex\">\n<div class=\"wp-block-column is-layout-flow wp-block-column-is-layout-flow\">\n<h3 class=\"wp-block-heading\" style=\"font-size:22px;font-style:normal;font-weight:600\"><strong>Titel<\/strong><\/h3>\n<\/div>\n\n\n\n<div class=\"wp-block-column is-layout-flow wp-block-column-is-layout-flow\" style=\"flex-basis:150px\">\n<h3 class=\"wp-block-heading has-text-align-center\" style=\"font-size:22px;font-style:normal;font-weight:600\"><strong>Umfang<\/strong><\/h3>\n<\/div>\n<\/div>\n\n\n\n<div class=\"wp-block-columns is-layout-flex wp-container-core-columns-is-layout-9d6595d7 wp-block-columns-is-layout-flex\">\n<div class=\"wp-block-column is-layout-flow wp-block-column-is-layout-flow\">\n<p class=\"has-text-align-left\" style=\"font-size:22px\"><a href=\"https:\/\/www.hsu-hh.de\/awt\/modellierung-eines-metallhydridkompressors\/\" data-type=\"page\" data-id=\"821\">Modellierung eines Metallhydridkompressors<\/a><\/p>\n<\/div>\n\n\n\n<div class=\"wp-block-column is-layout-flow wp-block-column-is-layout-flow\" style=\"flex-basis:150px\">\n<p class=\"has-text-align-center\" style=\"font-size:22px\">Master<\/p>\n<\/div>\n<\/div>\n\n\n\n<div class=\"wp-block-columns is-layout-flex wp-container-core-columns-is-layout-9d6595d7 wp-block-columns-is-layout-flex\">\n<div class=\"wp-block-column is-layout-flow wp-block-column-is-layout-flow\">\n<p style=\"font-size:22px\"><a href=\"https:\/\/www.hsu-hh.de\/awt\/digitales-und-semi-empirisches-design-von-effizienten-adiabatischen-wasserstoffspeichern\/\" data-type=\"page\" data-id=\"829\">Digitales und semi-empirisches Design von effizienten adiabatischen Wasserstoffspeichern<\/a><\/p>\n<\/div>\n\n\n\n<div class=\"wp-block-column is-layout-flow wp-block-column-is-layout-flow\" style=\"flex-basis:150px\">\n<p class=\"has-text-align-center\" style=\"font-size:22px\">Bachelor<\/p>\n\n\n\n<p class=\"has-text-align-center\" style=\"font-size:22px\"><\/p>\n<\/div>\n<\/div>\n\n\n\n<div class=\"wp-block-columns is-layout-flex wp-container-core-columns-is-layout-9d6595d7 wp-block-columns-is-layout-flex\">\n<div class=\"wp-block-column is-layout-flow wp-block-column-is-layout-flow\">\n<p style=\"font-size:22px\"><a href=\"https:\/\/www.hsu-hh.de\/awt\/modellierung-und-experimentelle-validierung-eines-systemintegrierten-aem-elektrolyseurs\/\" data-type=\"page\" data-id=\"693\" target=\"_blank\" rel=\"noreferrer noopener\">Modellierung und experimentelle Validierung eines systemintegrierten AEM Elektrolyseurs<\/a><\/p>\n<\/div>\n\n\n\n<div class=\"wp-block-column is-layout-flow wp-block-column-is-layout-flow\" style=\"flex-basis:150px\">\n<p class=\"has-text-align-center\" style=\"font-size:22px\">Master<\/p>\n<\/div>\n<\/div>\n\n\n\n<div class=\"wp-block-columns is-layout-flex wp-container-core-columns-is-layout-9d6595d7 wp-block-columns-is-layout-flex\">\n<div class=\"wp-block-column is-layout-flow wp-block-column-is-layout-flow\">\n<p style=\"font-size:22px\"><a href=\"https:\/\/www.hsu-hh.de\/awt\/integrationsmodellierung-einer-dc-dc-wandler-mit-einem-pemfc-fuer-nachhaltige-energieanwendungen\/\" data-type=\"page\" data-id=\"833\">Integrationsmodellierung einer DC\/DC-Wandler mit einem PEMFC f\u00fcr nachhaltige Energieanwendungen<\/a><\/p>\n<\/div>\n\n\n\n<div class=\"wp-block-column is-layout-flow wp-block-column-is-layout-flow\" style=\"flex-basis:150px\">\n<p class=\"has-text-align-center\" style=\"font-size:22px\">Master<\/p>\n<\/div>\n<\/div>\n\n\n\n<div class=\"wp-block-columns is-layout-flex wp-container-core-columns-is-layout-9d6595d7 wp-block-columns-is-layout-flex\"><\/div>\n\n\n\n<hr class=\"wp-block-separator has-css-opacity\" \/>\n\n\n\n<h3 class=\"wp-block-heading\" style=\"font-size:22px\">Experimentell<\/h3>\n\n\n\n<hr class=\"wp-block-separator has-css-opacity\" \/>\n\n\n\n<div class=\"wp-block-columns is-layout-flex wp-container-core-columns-is-layout-9d6595d7 wp-block-columns-is-layout-flex\">\n<div class=\"wp-block-column is-layout-flow wp-block-column-is-layout-flow\">\n<h3 class=\"wp-block-heading\" style=\"font-size:22px\">Titel<\/h3>\n<\/div>\n\n\n\n<div class=\"wp-block-column is-layout-flow wp-block-column-is-layout-flow\" style=\"flex-basis:150px\">\n<h3 class=\"wp-block-heading has-text-align-center\" style=\"font-size:22px\">Umfang<\/h3>\n<\/div>\n<\/div>\n\n\n\n<div class=\"wp-block-columns is-layout-flex wp-container-core-columns-is-layout-9d6595d7 wp-block-columns-is-layout-flex\">\n<div class=\"wp-block-column is-layout-flow wp-block-column-is-layout-flow\">\n<p style=\"font-size:22px\"><a href=\"https:\/\/www.hsu-hh.de\/awt\/polymerbeschichtungen-als-schutzschicht-gegen-umwelteinfluesse-von-zyklisiertem-metallhydrid\/\" data-type=\"page\" data-id=\"840\">Polymerbeschichtungen als Schutzschicht gegen Umwelteinfl\u00fcsse von zyklisiertem Metallhydrid<\/a><\/p>\n<\/div>\n\n\n\n<div class=\"wp-block-column is-layout-flow wp-block-column-is-layout-flow\" style=\"flex-basis:150px\">\n<p class=\"has-text-align-center\" style=\"font-size:22px\">Bachelor<\/p>\n<\/div>\n<\/div>\n\n\n\n<div class=\"wp-block-columns is-layout-flex wp-container-core-columns-is-layout-9d6595d7 wp-block-columns-is-layout-flex\">\n<div class=\"wp-block-column is-layout-flow wp-block-column-is-layout-flow\">\n<p style=\"font-size:22px\"><a href=\"https:\/\/www.hsu-hh.de\/awt\/zyklierung-einer-hochskalierten-probe-timg\/\" data-type=\"page\" data-id=\"843\">Zyklierung einer hochskalierten Probe TiMg<\/a><\/p>\n<\/div>\n\n\n\n<div class=\"wp-block-column is-layout-flow wp-block-column-is-layout-flow\" style=\"flex-basis:150px\">\n<p class=\"has-text-align-center\" style=\"font-size:22px\">Bachelor<\/p>\n\n\n\n<p class=\"has-text-align-center\" style=\"font-size:22px\">Master<\/p>\n<\/div>\n<\/div>\n\n\n\n<hr class=\"wp-block-separator has-css-opacity\" \/>\n\n\n\n<h3 class=\"wp-block-heading\" style=\"font-size:22px\">Theoretisch<\/h3>\n\n\n\n<hr class=\"wp-block-separator has-css-opacity\" \/>\n\n\n\n<div class=\"wp-block-columns is-layout-flex wp-container-core-columns-is-layout-9d6595d7 wp-block-columns-is-layout-flex\">\n<div class=\"wp-block-column is-layout-flow wp-block-column-is-layout-flow\">\n<h3 class=\"wp-block-heading\" style=\"font-size:22px\">Titel<\/h3>\n<\/div>\n\n\n\n<div class=\"wp-block-column is-layout-flow wp-block-column-is-layout-flow\" style=\"flex-basis:150px\">\n<h3 class=\"wp-block-heading has-text-align-center\" style=\"font-size:22px\">Umfang<\/h3>\n<\/div>\n<\/div>\n\n\n\n<div class=\"wp-block-columns is-layout-flex wp-container-core-columns-is-layout-9d6595d7 wp-block-columns-is-layout-flex\">\n<div class=\"wp-block-column is-layout-flow wp-block-column-is-layout-flow\">\n<p style=\"font-size:22px\"><a href=\"https:\/\/www.hsu-hh.de\/awt\/regelungstechnik-und-strategien-fuer-einen-metallhydridkompressor\/\" data-type=\"page\" data-id=\"696\">Regelungstechnik und&nbsp;strategien f\u00fcr einen Metallhydridkompressor<\/a><\/p>\n<\/div>\n\n\n\n<div class=\"wp-block-column is-layout-flow wp-block-column-is-layout-flow\" style=\"flex-basis:150px\">\n<p class=\"has-text-align-center\" style=\"font-size:22px\">Bachelor<\/p>\n\n\n\n<p class=\"has-text-align-center\" style=\"font-size:22px\">Master<\/p>\n<\/div>\n<\/div>\n\n\n\n<div class=\"wp-block-columns is-layout-flex wp-container-core-columns-is-layout-9d6595d7 wp-block-columns-is-layout-flex\">\n<div class=\"wp-block-column is-layout-flow wp-block-column-is-layout-flow\">\n<p style=\"font-size:22px\"><a href=\"https:\/\/www.hsu-hh.de\/awt\/kritische-bewertung-von-hydridbildenden-legierungen-und-werkstoffen-mit-upscale-potenzial-und-anwendungsorientiert\/\" data-type=\"page\" data-id=\"846\">Kritische Bewertung von hydridbildenden Legierungen und Werkstoffen mit Upscale-Potenzial und anwendungsorientiert<\/a><\/p>\n<\/div>\n\n\n\n<div class=\"wp-block-column is-layout-flow wp-block-column-is-layout-flow\" style=\"flex-basis:150px\">\n<p class=\"has-text-align-center\" style=\"font-size:22px\">Bachelor<\/p>\n\n\n\n<p class=\"has-text-align-center\" style=\"font-size:22px\">Master<\/p>\n<\/div>\n<\/div>\n\n\n\n<div class=\"wp-block-columns is-layout-flex wp-container-core-columns-is-layout-9d6595d7 wp-block-columns-is-layout-flex\">\n<div class=\"wp-block-column is-layout-flow wp-block-column-is-layout-flow\">\n<p style=\"font-size:22px\"><a href=\"https:\/\/www.hsu-hh.de\/awt\/techno-oekonomische-bewertung-von-metallhydridtanks-fuer-diverse-maritime-anwendungen-in-der-binnen-und-kuestennahen-schifffahrt\/\" data-type=\"page\" data-id=\"849\">Techno-\u00f6konomische Bewertung von Metallhydridtanks f\u00fcr diverse maritime Anwendungen in der Binnen- und k\u00fcstennahen Schifffahrt<\/a><\/p>\n<\/div>\n\n\n\n<div class=\"wp-block-column is-layout-flow wp-block-column-is-layout-flow\" style=\"flex-basis:150px\">\n<p class=\"has-text-align-center\" style=\"font-size:22px\">Master<\/p>\n<\/div>\n<\/div>\n\n\n\n<p><\/p>\n","protected":false},"excerpt":{"rendered":"<p>Simulation Titel Umfang Modellierung eines Metallhydridkompressors Master Digitales und semi-empirisches Design von effizienten adiabatischen Wasserstoffspeichern Bachelor Modellierung und experimentelle Validierung eines systemintegrierten AEM Elektrolyseurs Master Integrationsmodellierung einer DC\/DC-Wandler mit einem [&hellip;]<\/p>\n","protected":false},"author":3340,"featured_media":0,"parent":116,"menu_order":0,"comment_status":"closed","ping_status":"closed","template":"","meta":{"footnotes":""},"categories":[6],"tags":[],"class_list":["post-676","page","type-page","status-publish","hentry","category-lehre"],"_links":{"self":[{"href":"https:\/\/www.hsu-hh.de\/awt\/wp-json\/wp\/v2\/pages\/676","targetHints":{"allow":["GET"]}}],"collection":[{"href":"https:\/\/www.hsu-hh.de\/awt\/wp-json\/wp\/v2\/pages"}],"about":[{"href":"https:\/\/www.hsu-hh.de\/awt\/wp-json\/wp\/v2\/types\/page"}],"author":[{"embeddable":true,"href":"https:\/\/www.hsu-hh.de\/awt\/wp-json\/wp\/v2\/users\/3340"}],"replies":[{"embeddable":true,"href":"https:\/\/www.hsu-hh.de\/awt\/wp-json\/wp\/v2\/comments?post=676"}],"version-history":[{"count":28,"href":"https:\/\/www.hsu-hh.de\/awt\/wp-json\/wp\/v2\/pages\/676\/revisions"}],"predecessor-version":[{"id":1719,"href":"https:\/\/www.hsu-hh.de\/awt\/wp-json\/wp\/v2\/pages\/676\/revisions\/1719"}],"up":[{"embeddable":true,"href":"https:\/\/www.hsu-hh.de\/awt\/wp-json\/wp\/v2\/pages\/116"}],"wp:attachment":[{"href":"https:\/\/www.hsu-hh.de\/awt\/wp-json\/wp\/v2\/media?parent=676"}],"wp:term":[{"taxonomy":"category","embeddable":true,"href":"https:\/\/www.hsu-hh.de\/awt\/wp-json\/wp\/v2\/categories?post=676"},{"taxonomy":"post_tag","embeddable":true,"href":"https:\/\/www.hsu-hh.de\/awt\/wp-json\/wp\/v2\/tags?post=676"}],"curies":[{"name":"wp","href":"https:\/\/api.w.org\/{rel}","templated":true}]}}