{"id":382,"date":"2022-05-30T07:23:46","date_gmt":"2022-05-30T05:23:46","guid":{"rendered":"https:\/\/www.hsu-hh.de\/awt\/?page_id=382"},"modified":"2022-07-26T09:52:53","modified_gmt":"2022-07-26T07:52:53","slug":"adiabatic-tank-2","status":"publish","type":"page","link":"https:\/\/www.hsu-hh.de\/awt\/forschung\/projekte\/adiabatic-tank-2\/","title":{"rendered":"Adiabatic Tank"},"content":{"rendered":"\n<div class=\"wp-block-columns is-layout-flex wp-container-core-columns-is-layout-9d6595d7 wp-block-columns-is-layout-flex\">\n<div class=\"wp-block-column is-layout-flow wp-block-column-is-layout-flow\">\n<div class=\"wp-block-columns is-layout-flex wp-container-core-columns-is-layout-9d6595d7 wp-block-columns-is-layout-flex\">\n<div class=\"wp-block-column is-layout-flow wp-block-column-is-layout-flow\">\n<div class=\"wp-block-image is-style-default\"><figure class=\"aligncenter size-large is-resized\"><img loading=\"lazy\" decoding=\"async\" src=\"https:\/\/www.hsu-hh.de\/awt\/wp-content\/uploads\/sites\/866\/2022\/05\/Graphical_Abstract_Li-RHC-Abs_v07.0_v2-1024x409.jpg\" data-credit=\"Andr\u00e9 Neves\" alt=\"Graphische Zusammenfassung Adiabat Tank\" class=\"wp-image-350\" width=\"558\" height=\"223\" \/><\/figure><\/div>\n<\/div>\n\n\n\n<div class=\"wp-block-column is-layout-flow wp-block-column-is-layout-flow\">\n<div class=\"wp-block-image is-style-default\"><figure class=\"aligncenter size-large is-resized\"><img loading=\"lazy\" decoding=\"async\" src=\"https:\/\/www.hsu-hh.de\/awt\/wp-content\/uploads\/sites\/866\/2022\/05\/Extruded-3D-Temperature-Profile-1024x752.png\" data-credit=\"Andr\u00e9 Neves\" alt=\"Temperaturprofil adiabater Reaktor\" class=\"wp-image-351\" width=\"331\" height=\"249\" \/><\/figure><\/div>\n<\/div>\n<\/div>\n<\/div>\n<\/div>\n\n\n\n<h3 class=\"has-grey-background-color has-background wp-block-heading\">Hocheffizienter adiabater Wasserstoffspeicher (Adiabatic Tank)<\/h3>\n\n\n\n<p>Neben der Energiewende wird in Deutschland auch auf dem Verkehrssektor eine gro\u00dfe Mobilit\u00e4tswende n\u00f6tig sein, um insbesondere die nationalen CO<sub>2<\/sub>-Ziele der Bundesregierung einzuhalten und um langfristig eine nachhaltige Energieversorgung zu erreichen. Einen wichtigen Beitrag hierf\u00fcr k\u00f6nnen neben reinen Batteriefahrzeugen auch Fahrzeuge basierend auf Brennstoffzellenantrieben leisten. In den bisher verf\u00fcgbaren Fahrzeugen kommen vorwiegend Druckspeichertanks f\u00fcr Wasserstoff mit Dr\u00fccken bis 700 bar zum Einsatz. Insbesondere f\u00fcr Nutzfahrzeuge, Busse oder Schienenfahrzeuge sind jedoch noch h\u00f6herer Speicherdichten n\u00f6tig. Eine M\u00f6glichkeit hierf\u00fcr bietet die Wasserstoffspeicherung in Feststoffen, die durch eine chemische Reaktion eine sichere und kompakte Speicherl\u00f6sung bieten kann. Bisherige Studien fokussierten hier auf Materialien, die bereits bei Raumtemperatur arbeiteten konnten, jedoch auf das Gewicht bezogen nur recht geringe Speicherdichten aufwiesen. <\/p>\n\n\n\n<p>Im Projekt Adiabater Tank wird ein neuartiges Speichermaterial mit einer fast 10-fachen h\u00f6heren Speicherdichte im Vergleich zu diesen Raumtemperaturhydriden untersucht. Dieses Material, welches bei h\u00f6heren Temperaturen arbeitet, wird in einem gemeinsamen Tank mit einem thermo-chemischen W\u00e4rmespeichermaterial verbunden. Dieses Material erm\u00f6glicht das W\u00e4rmemanagement f\u00fcr die sichere Be- und Entladung. So entsteht \u2013 von au\u00dfen betrachtet \u2013 ein hocheffizienter adiabater Wasserstoffspeicher Das Projekt befasst sich zum einen mit der materialwissenschaftlichen Entwicklung einer geeigneten Wasserstoff- und W\u00e4rmespeichermaterialpaarung und zum anderen mit der ingenieurstechnischen Konstruktion und Zusammenf\u00fchrung dieser beiden Materialien in einem adiabaten System zur Realisierung eines hocheffizienten Wasserstoffspeichers. Die Arbeiten umfassen sowohl experimentelle Untersuchungen als auch einen gro\u00dfen Anteil an Modellierung und Simulation des Tanksystems.<\/p>\n\n\n\n<p><strong>Laufzeit:<\/strong> 04\/2018 &#8211; 12\/2022<\/p>\n\n\n\n<div class=\"wp-block-columns is-layout-flex wp-container-core-columns-is-layout-9d6595d7 wp-block-columns-is-layout-flex\">\n<div class=\"wp-block-column is-layout-flow wp-block-column-is-layout-flow\">\n<p><strong>Gef\u00f6rdert durch:<\/strong><\/p>\n<\/div>\n\n\n\n<div class=\"wp-block-column is-layout-flow wp-block-column-is-layout-flow\">\n<p><a href=\"http:\/\/www.vossloh-stiftung.de\/karl_vossloh\/index.html\" data-type=\"URL\" data-id=\"http:\/\/www.vossloh-stiftung.de\/karl_vossloh\/index.html\" rel='nofollow'>Karl-<\/a><a href=\"http:\/\/www.vossloh-stiftung.de\/karl_vossloh\/index.html\" data-type=\"URL\" data-id=\"http:\/\/www.vossloh-stiftung.de\/karl_vossloh\/index.html\" target=\"_blank\" rel=\"noreferrer noopener\">Vossloh-Stiftung FKZ: S047\/10043\/2017<\/a><\/p>\n\n\n\n<figure class=\"wp-block-image size-full is-resized is-style-default\"><a href=\"http:\/\/www.vossloh-stiftung.de\/karl_vossloh\/index.html\" rel='nofollow'><img loading=\"lazy\" decoding=\"async\" src=\"https:\/\/www.hsu-hh.de\/awt\/wp-content\/uploads\/sites\/866\/2022\/04\/grafik.png\" data-credit=\"\" alt=\"K\" class=\"wp-image-185\" width=\"219\" height=\"31\" \/><\/a><\/figure>\n<\/div>\n<\/div>\n\n\n\n<div class=\"wp-block-columns is-layout-flex wp-container-core-columns-is-layout-9d6595d7 wp-block-columns-is-layout-flex\">\n<div class=\"wp-block-column is-layout-flow wp-block-column-is-layout-flow\">\n<p><strong>Projektpartner:<\/strong><\/p>\n<\/div>\n\n\n\n<div class=\"wp-block-column is-layout-flow wp-block-column-is-layout-flow\">\n<p><a href=\"https:\/\/www.dlr.de\/tt\/\" data-type=\"URL\" data-id=\"https:\/\/www.dlr.de\/tt\/\" target=\"_blank\" rel=\"noreferrer noopener\">Deutsches Zentrum f\u00fcr Luft- und Raumfahrt, Instituts f\u00fcr Technische Thermodynamik<\/a><\/p>\n\n\n\n<figure class=\"wp-block-image size-full is-style-default\"><a href=\"https:\/\/www.dlr.de\/tt\/\" rel='nofollow'><img loading=\"lazy\" decoding=\"async\" width=\"187\" height=\"54\" src=\"https:\/\/www.hsu-hh.de\/awt\/wp-content\/uploads\/sites\/866\/2022\/04\/grafik-2.png\" data-credit=\"\" alt=\"Logo\" class=\"wp-image-187\" \/><\/a><\/figure>\n<\/div>\n<\/div>\n\n\n\n<div class=\"wp-block-columns is-layout-flex wp-container-core-columns-is-layout-9d6595d7 wp-block-columns-is-layout-flex\">\n<div class=\"wp-block-column is-layout-flow wp-block-column-is-layout-flow\" style=\"flex-basis:33.33%\">\n<p><strong>Kontakt:<\/strong><\/p>\n<\/div>\n\n\n\n<div class=\"wp-block-column is-layout-flow wp-block-column-is-layout-flow\" style=\"flex-basis:66.66%\">\n<p><a href=\"https:\/\/www.hsu-hh.de\/awt\/neves\/\" data-type=\"page\" data-id=\"241\">Andr\u00e9 Neves<\/a><\/p>\n<\/div>\n<\/div>\n\n\n\n<p><\/p>\n","protected":false},"excerpt":{"rendered":"<p>Hocheffizienter adiabater Wasserstoffspeicher (Adiabatic Tank) Neben der Energiewende wird in Deutschland auch auf dem Verkehrssektor eine gro\u00dfe Mobilit\u00e4tswende n\u00f6tig sein, um insbesondere die nationalen CO2-Ziele der Bundesregierung einzuhalten und um [&hellip;]<\/p>\n","protected":false},"author":3340,"featured_media":0,"parent":155,"menu_order":0,"comment_status":"closed","ping_status":"closed","template":"","meta":{"footnotes":""},"categories":[4],"tags":[],"class_list":["post-382","page","type-page","status-publish","hentry","category-forschung"],"_links":{"self":[{"href":"https:\/\/www.hsu-hh.de\/awt\/wp-json\/wp\/v2\/pages\/382","targetHints":{"allow":["GET"]}}],"collection":[{"href":"https:\/\/www.hsu-hh.de\/awt\/wp-json\/wp\/v2\/pages"}],"about":[{"href":"https:\/\/www.hsu-hh.de\/awt\/wp-json\/wp\/v2\/types\/page"}],"author":[{"embeddable":true,"href":"https:\/\/www.hsu-hh.de\/awt\/wp-json\/wp\/v2\/users\/3340"}],"replies":[{"embeddable":true,"href":"https:\/\/www.hsu-hh.de\/awt\/wp-json\/wp\/v2\/comments?post=382"}],"version-history":[{"count":39,"href":"https:\/\/www.hsu-hh.de\/awt\/wp-json\/wp\/v2\/pages\/382\/revisions"}],"predecessor-version":[{"id":964,"href":"https:\/\/www.hsu-hh.de\/awt\/wp-json\/wp\/v2\/pages\/382\/revisions\/964"}],"up":[{"embeddable":true,"href":"https:\/\/www.hsu-hh.de\/awt\/wp-json\/wp\/v2\/pages\/155"}],"wp:attachment":[{"href":"https:\/\/www.hsu-hh.de\/awt\/wp-json\/wp\/v2\/media?parent=382"}],"wp:term":[{"taxonomy":"category","embeddable":true,"href":"https:\/\/www.hsu-hh.de\/awt\/wp-json\/wp\/v2\/categories?post=382"},{"taxonomy":"post_tag","embeddable":true,"href":"https:\/\/www.hsu-hh.de\/awt\/wp-json\/wp\/v2\/tags?post=382"}],"curies":[{"name":"wp","href":"https:\/\/api.w.org\/{rel}","templated":true}]}}