{"id":335,"date":"2022-05-06T14:41:24","date_gmt":"2022-05-06T12:41:24","guid":{"rendered":"https:\/\/www.hsu-hh.de\/awt\/?page_id=335"},"modified":"2024-06-24T12:15:31","modified_gmt":"2024-06-24T10:15:31","slug":"materials-for-efficient-energy-conversion-materialien-fuer-die-effiziente-energiewandlung","status":"publish","type":"page","link":"https:\/\/www.hsu-hh.de\/awt\/lehre\/vorlesungen\/materials-for-efficient-energy-conversion-materialien-fuer-die-effiziente-energiewandlung\/","title":{"rendered":"Materials for Efficient Energy Conversion (Materialien f\u00fcr die effiziente Energiewandlung)"},"content":{"rendered":"\n<div class=\"wp-block-columns is-layout-flex wp-container-core-columns-is-layout-9d6595d7 wp-block-columns-is-layout-flex\">\n<div class=\"wp-block-column is-layout-flow wp-block-column-is-layout-flow\" style=\"flex-basis:33.33%\">\n<p>Kursnummer:<\/p>\n\n\n\n<p>Dozent:<\/p>\n\n\n\n<p>Studiengang:<\/p>\n\n\n\n<p>Trimester:<\/p>\n\n\n\n<p>Leistungspunkte:<\/p>\n<\/div>\n\n\n\n<div class=\"wp-block-column is-layout-flow wp-block-column-is-layout-flow\" style=\"flex-basis:66.66%\">\n<p>MB 09721<\/p>\n\n\n\n<p><abbr title=\"Professor\">Prof.<\/abbr> <abbr title=\"Doktor\">Dr.<\/abbr>&#8211;<abbr title=\"Ingenieur\">Ing.<\/abbr> Julian Jepsen, <abbr title=\"Doktor\">Dr.<\/abbr> Mauricio Schieda<\/p>\n\n\n\n<p>Energie- und Umwelttechnik<\/p>\n\n\n\n<p>Wintertrimester<\/p>\n\n\n\n<p>4<\/p>\n<\/div>\n<\/div>\n\n\n\n<div class=\"wp-block-columns is-layout-flex wp-container-core-columns-is-layout-9d6595d7 wp-block-columns-is-layout-flex\">\n<div class=\"wp-block-column is-layout-flow wp-block-column-is-layout-flow\" style=\"flex-basis:33.33%\">\n<p>Qualifikationsziele:<\/p>\n<\/div>\n\n\n\n<div class=\"wp-block-column is-layout-flow wp-block-column-is-layout-flow\" style=\"flex-basis:66.66%\">\n<p>Studierende dieses Moduls erlernen Grundwissen \u00fcber die Funktionsweise von Elementen f\u00fcr die Wasserstoffwirtschaft <abbr title=\"beziehungsweise\">bzw.<\/abbr> f\u00fcr die effiziente Umwandlung regenerativer Energien, sowie Kenntnisse \u00fcber die Anforderungen an die eingesetzten Materialien f\u00fcr solche Elemente.<\/p>\n<\/div>\n<\/div>\n\n\n\n<div class=\"wp-block-columns is-layout-flex wp-container-core-columns-is-layout-9d6595d7 wp-block-columns-is-layout-flex\">\n<div class=\"wp-block-column is-layout-flow wp-block-column-is-layout-flow\" style=\"flex-basis:33.33%\">\n<p>Inhalte:<\/p>\n<\/div>\n\n\n\n<div class=\"wp-block-column is-layout-flow wp-block-column-is-layout-flow\" style=\"flex-basis:66.66%\">\n<p>Wasserstoffwirtschaft, Grundlagen zur Thermodynamik von chemischen Reaktionen, Grundlagen zur Funktionsweise von Solarzellen, Typen von Solarzellen und deren Herstellung, Grundlagen der Elektrochemie, Elektrolyseure, Photoelektrochemische Zellen, Wasserstoffspeicher, Brennstoffzelle, Anwendung der Niedertemperatur-Brennstoffzelle in Automobilen, Batterien, Photokatalyse zur solaren Abwasserreinigung, Solarthermische Anlagen.<br>Die M\u00f6glichkeiten der zuk\u00fcnftigen effizienten Energietechnologie werden im Hinblick auf Ressourcenverknappung und Klimaver\u00e4nderung diskutiert. In dem Modul liegt der Fokus auf den eingesetzten Materialien f\u00fcr Bauelemente und deren Herstellung.<\/p>\n<\/div>\n<\/div>\n","protected":false},"excerpt":{"rendered":"<p>Kursnummer: Dozent: Studiengang: Trimester: Leistungspunkte: MB 09721 Prof. Dr.&#8211;Ing. Julian Jepsen, Dr. Mauricio Schieda Energie- und Umwelttechnik Wintertrimester 4 Qualifikationsziele: Studierende dieses Moduls erlernen Grundwissen \u00fcber die Funktionsweise von Elementen [&hellip;]<\/p>\n","protected":false},"author":3306,"featured_media":0,"parent":862,"menu_order":0,"comment_status":"closed","ping_status":"closed","template":"","meta":{"footnotes":""},"categories":[6],"tags":[],"class_list":["post-335","page","type-page","status-publish","hentry","category-lehre"],"_links":{"self":[{"href":"https:\/\/www.hsu-hh.de\/awt\/wp-json\/wp\/v2\/pages\/335","targetHints":{"allow":["GET"]}}],"collection":[{"href":"https:\/\/www.hsu-hh.de\/awt\/wp-json\/wp\/v2\/pages"}],"about":[{"href":"https:\/\/www.hsu-hh.de\/awt\/wp-json\/wp\/v2\/types\/page"}],"author":[{"embeddable":true,"href":"https:\/\/www.hsu-hh.de\/awt\/wp-json\/wp\/v2\/users\/3306"}],"replies":[{"embeddable":true,"href":"https:\/\/www.hsu-hh.de\/awt\/wp-json\/wp\/v2\/comments?post=335"}],"version-history":[{"count":4,"href":"https:\/\/www.hsu-hh.de\/awt\/wp-json\/wp\/v2\/pages\/335\/revisions"}],"predecessor-version":[{"id":1496,"href":"https:\/\/www.hsu-hh.de\/awt\/wp-json\/wp\/v2\/pages\/335\/revisions\/1496"}],"up":[{"embeddable":true,"href":"https:\/\/www.hsu-hh.de\/awt\/wp-json\/wp\/v2\/pages\/862"}],"wp:attachment":[{"href":"https:\/\/www.hsu-hh.de\/awt\/wp-json\/wp\/v2\/media?parent=335"}],"wp:term":[{"taxonomy":"category","embeddable":true,"href":"https:\/\/www.hsu-hh.de\/awt\/wp-json\/wp\/v2\/categories?post=335"},{"taxonomy":"post_tag","embeddable":true,"href":"https:\/\/www.hsu-hh.de\/awt\/wp-json\/wp\/v2\/tags?post=335"}],"curies":[{"name":"wp","href":"https:\/\/api.w.org\/{rel}","templated":true}]}}