{"id":333,"date":"2022-05-09T17:19:43","date_gmt":"2022-05-09T15:19:43","guid":{"rendered":"https:\/\/www.hsu-hh.de\/awt\/?page_id=333"},"modified":"2024-06-24T12:15:04","modified_gmt":"2024-06-24T10:15:04","slug":"energietraeger-und-speicher-in-der-fahrzeugtechnik","status":"publish","type":"page","link":"https:\/\/www.hsu-hh.de\/awt\/lehre\/vorlesungen\/energietraeger-und-speicher-in-der-fahrzeugtechnik\/","title":{"rendered":"Energietr\u00e4ger und -speicher in der Fahrzeugtechnik"},"content":{"rendered":"\n<div class=\"wp-block-columns is-layout-flex wp-container-core-columns-is-layout-9d6595d7 wp-block-columns-is-layout-flex\">\n<div class=\"wp-block-column is-layout-flow wp-block-column-is-layout-flow\">\n<div class=\"wp-block-columns is-layout-flex wp-container-core-columns-is-layout-9d6595d7 wp-block-columns-is-layout-flex\">\n<div class=\"wp-block-column is-layout-flow wp-block-column-is-layout-flow\" style=\"flex-basis:33.33%\">\n<p>Kursnummer:<\/p>\n\n\n\n<p>Dozent:<\/p>\n\n\n\n<p>Studiengang:<\/p>\n\n\n\n<p>Trimester:<\/p>\n\n\n\n<p>Leistungspunkte:<\/p>\n<\/div>\n\n\n\n<div class=\"wp-block-column is-layout-flow wp-block-column-is-layout-flow\" style=\"flex-basis:66.66%\">\n<p>MB 08 XXX<\/p>\n\n\n\n<p><abbr title=\"Professor\">Prof.<\/abbr> <abbr title=\"Doktor\">Dr.<\/abbr>&#8211;<abbr title=\"Ingenieur\">Ing.<\/abbr> Julian Jepsen, <abbr title=\"Doktor\">Dr.<\/abbr> Juli\u00e1n Puszkiel<\/p>\n\n\n\n<p><abbr title=\"Master of Science\">M.Sc.<\/abbr> Fahrzeugtechnik<\/p>\n\n\n\n<p>Herbsttrimester<\/p>\n\n\n\n<p>4<\/p>\n<\/div>\n<\/div>\n<\/div>\n<\/div>\n\n\n\n<div class=\"wp-block-columns is-layout-flex wp-container-core-columns-is-layout-9d6595d7 wp-block-columns-is-layout-flex\">\n<div class=\"wp-block-column is-layout-flow wp-block-column-is-layout-flow\" style=\"flex-basis:33.33%\">\n<p>Qualifikationsziele:<\/p>\n<\/div>\n\n\n\n<div class=\"wp-block-column is-layout-flow wp-block-column-is-layout-flow\" style=\"flex-basis:66.66%\">\n<p>Aufbauend auf der Vorlesung Fahrzeugantriebe I erhalten die Studierenden einen tieferen Einblick in die verschiedenen Energietr\u00e4ger und -speicher in der Fahrzeugtechnik. Der Fokus liegt auf einer materialwissenschaftlichen Betrachtung von konventionellen Kraftstoffe und insbesondere neueren Energietr\u00e4gern und -speichern wie Akkumulatoren, Wasserstoff oder synthetischen Kraftstoffen. Neben technischen Aspekten kennen die Studierenden auch die \u00f6konomischen und \u00f6kologischen Besonderheiten der einzelnen Energietr\u00e4ger und -speicher und k\u00f6nnen diese zueinander in Relation setzen.<\/p>\n<\/div>\n<\/div>\n\n\n\n<div class=\"wp-block-columns is-layout-flex wp-container-core-columns-is-layout-9d6595d7 wp-block-columns-is-layout-flex\">\n<div class=\"wp-block-column is-layout-flow wp-block-column-is-layout-flow\" style=\"flex-basis:33.33%\">\n<p>Inhalte:<\/p>\n<\/div>\n\n\n\n<div class=\"wp-block-column is-layout-flow wp-block-column-is-layout-flow\" style=\"flex-basis:66.66%\">\n<ul class=\"wp-block-list\">\n<li>Einleitung (<abbr title=\"unter anderem\">u.a.<\/abbr> Physikalisch-chemische Grundlagen, Energie- und Leistungsbedarf in der Fahrzeugtechnik, Bedingungen, Anforderungen und Szenarien)<\/li>\n\n\n\n<li>Konventionelle Kraftstoffe (<abbr title=\"unter anderem\">u.a.<\/abbr> Energiedichte, Gewinnung, Emissionen)<\/li>\n\n\n\n<li>Akkumulatoren (<abbr title=\"unter anderem\">u.a.<\/abbr> Aufbau und Funktionsweise, Rohstoffbedarf)<\/li>\n\n\n\n<li>Wasserstoff (<abbr title=\"unter anderem\">u.a.<\/abbr> Brennstoffzellentechnologie, Wasserstoffspeicher)<\/li>\n\n\n\n<li>Synthetische Kraftstoffe (<abbr title=\"unter anderem\">u.a.<\/abbr> Ausgangsstoffe, Synthese)<\/li>\n\n\n\n<li>Kombinationen von Antriebsystemen und Energietr\u00e4gern<\/li>\n\n\n\n<li>Gegen\u00fcberstellung (technisch, \u00f6kologisch, \u00f6konomisch)<\/li>\n<\/ul>\n<\/div>\n<\/div>\n","protected":false},"excerpt":{"rendered":"<p>Kursnummer: Dozent: Studiengang: Trimester: Leistungspunkte: MB 08 XXX Prof. Dr.&#8211;Ing. Julian Jepsen, Dr. Juli\u00e1n Puszkiel M.Sc. Fahrzeugtechnik Herbsttrimester 4 Qualifikationsziele: Aufbauend auf der Vorlesung Fahrzeugantriebe I erhalten die Studierenden einen [&hellip;]<\/p>\n","protected":false},"author":3306,"featured_media":0,"parent":862,"menu_order":0,"comment_status":"closed","ping_status":"closed","template":"","meta":{"footnotes":""},"categories":[6],"tags":[],"class_list":["post-333","page","type-page","status-publish","hentry","category-lehre"],"_links":{"self":[{"href":"https:\/\/www.hsu-hh.de\/awt\/wp-json\/wp\/v2\/pages\/333","targetHints":{"allow":["GET"]}}],"collection":[{"href":"https:\/\/www.hsu-hh.de\/awt\/wp-json\/wp\/v2\/pages"}],"about":[{"href":"https:\/\/www.hsu-hh.de\/awt\/wp-json\/wp\/v2\/types\/page"}],"author":[{"embeddable":true,"href":"https:\/\/www.hsu-hh.de\/awt\/wp-json\/wp\/v2\/users\/3306"}],"replies":[{"embeddable":true,"href":"https:\/\/www.hsu-hh.de\/awt\/wp-json\/wp\/v2\/comments?post=333"}],"version-history":[{"count":5,"href":"https:\/\/www.hsu-hh.de\/awt\/wp-json\/wp\/v2\/pages\/333\/revisions"}],"predecessor-version":[{"id":1495,"href":"https:\/\/www.hsu-hh.de\/awt\/wp-json\/wp\/v2\/pages\/333\/revisions\/1495"}],"up":[{"embeddable":true,"href":"https:\/\/www.hsu-hh.de\/awt\/wp-json\/wp\/v2\/pages\/862"}],"wp:attachment":[{"href":"https:\/\/www.hsu-hh.de\/awt\/wp-json\/wp\/v2\/media?parent=333"}],"wp:term":[{"taxonomy":"category","embeddable":true,"href":"https:\/\/www.hsu-hh.de\/awt\/wp-json\/wp\/v2\/categories?post=333"},{"taxonomy":"post_tag","embeddable":true,"href":"https:\/\/www.hsu-hh.de\/awt\/wp-json\/wp\/v2\/tags?post=333"}],"curies":[{"name":"wp","href":"https:\/\/api.w.org\/{rel}","templated":true}]}}