{"id":326,"date":"2022-05-06T14:15:43","date_gmt":"2022-05-06T12:15:43","guid":{"rendered":"https:\/\/www.hsu-hh.de\/awt\/?page_id=326"},"modified":"2024-06-24T12:14:14","modified_gmt":"2024-06-24T10:14:14","slug":"werkstofftechnik-iii","status":"publish","type":"page","link":"https:\/\/www.hsu-hh.de\/awt\/lehre\/vorlesungen\/werkstofftechnik-iii\/","title":{"rendered":"Werkstofftechnik I,II"},"content":{"rendered":"\n<div class=\"wp-block-columns is-layout-flex wp-container-core-columns-is-layout-9d6595d7 wp-block-columns-is-layout-flex\">\n<div class=\"wp-block-column is-layout-flow wp-block-column-is-layout-flow\" style=\"flex-basis:33.33%\">\n<p>Kursnummer:<\/p>\n\n\n\n<p>Dozent<\/p>\n\n\n\n<p>Studiengang:<\/p>\n\n\n\n<p>Trimester:<\/p>\n\n\n\n<p><\/p>\n\n\n\n<p>Leistungspunkte:<\/p>\n<\/div>\n\n\n\n<div class=\"wp-block-column is-layout-flow wp-block-column-is-layout-flow\" style=\"flex-basis:66.66%\">\n<p>MB 01701<\/p>\n\n\n\n<p><abbr title=\"Professor\">Prof.<\/abbr> <abbr title=\"Doktor\">Dr.<\/abbr>&#8211;<abbr title=\"Ingenieur\">Ing.<\/abbr> T. Klassen und <abbr title=\"Professor\">Prof.<\/abbr> <abbr title=\"Doktor\">Dr.<\/abbr>&#8211;<abbr title=\"Ingenieur\">Ing.<\/abbr> Julian Jepsen<\/p>\n\n\n\n<p>Maschinenbau, Wirtschaftsingenieurwesen<\/p>\n\n\n\n<p>Werkstofftechnik I <abbr title=\"Herbsttrimester\">HT<\/abbr><\/p>\n\n\n\n<p>Werkstofftechnik II <abbr title=\"Wintertrimester\">WT<\/abbr><\/p>\n\n\n\n<p>7 insgesamt ((2) Werkstofftechnik I, (1) \u00dcbungen Werkstofftechnik, (3) Werkstofftechnik II) <\/p>\n<\/div>\n<\/div>\n\n\n\n<div class=\"wp-block-columns is-layout-flex wp-container-core-columns-is-layout-9d6595d7 wp-block-columns-is-layout-flex\">\n<div class=\"wp-block-column is-layout-flow wp-block-column-is-layout-flow\" style=\"flex-basis:33.33%\">\n<p>Qualifikationsziele<\/p>\n<\/div>\n\n\n\n<div class=\"wp-block-column is-layout-flow wp-block-column-is-layout-flow\" style=\"flex-basis:66.66%\">\n<p>Studierende dieses Moduls sollen in der Lage versetzt werden, das Verhalten von Werkstoffen einsch\u00e4tzen zu k\u00f6nnen sowie Eigenschaften gezielt durch Legierungselemente und\/oder Mikrostrukturmodifikation einzustellen. Dazu soll ein Verst\u00e4ndnis der grundlegenden Struktur\/Gef\u00fcge- Eigenschaftkorrelation vermittelt werden. Dar\u00fcber hinaus soll die F\u00e4higkeit entwickelt werden, geeignete Werkstoffe und Werkstoffkombinationen unter Ber\u00fccksichtigung des Eigenschaftsprofils, der Bauteilgeometrie und -belastung, sowie des Fertigungsaufwands <abbr title=\"beziehungsweise\">bzw.<\/abbr> des Fertigungseinflusses gezielt f\u00fcr eine spezifische Anwendung auszuw\u00e4hlen.<\/p>\n<\/div>\n<\/div>\n\n\n\n<div class=\"wp-block-columns is-layout-flex wp-container-core-columns-is-layout-9d6595d7 wp-block-columns-is-layout-flex\">\n<div class=\"wp-block-column is-layout-flow wp-block-column-is-layout-flow\" style=\"flex-basis:33.33%\">\n<p>Inhalte:<\/p>\n<\/div>\n\n\n\n<div class=\"wp-block-column is-layout-flow wp-block-column-is-layout-flow\" style=\"flex-basis:66.66%\">\n<p>Aufbau von Werkstoffen, Bindungsverh\u00e4ltnisse, Gitterstrukturen, Gitterbaufehler, Mikrostruktur, Thermische Umwandlungsprozesse, Phasenumwandlungsprozesse, Phasendiagramme, insbesondere Eisen-Kohlenstoff, Kennzeichnung von St\u00e4hlen, Leichtmetalllegierungen: Aluminium-, Magnesium-, und Titan-basierte Werkstoffe, Messing, Polymere, Keramiken, Herstellungs- und Formgebungsverfahren, grunds\u00e4tzliche H\u00e4rtungsmechanismen, H\u00e4rtungsverfahren, Oberfl\u00e4chenveredelung, Korrosion, Verhalten und Versagen von Werkstoffen unter mechanischer Last und entspr echende Pr\u00fcfverfahren, Grundlagen und Probleme des Schwei\u00dfens und L\u00f6tens, R\u00f6ntgenfeinstrukturanalyse, zerst\u00f6rungsfreie Werkstoffpr\u00fcfung, Mikroskopische Methoden (Licht- und Rasterelektronenmikroskopie)<\/p>\n<\/div>\n<\/div>\n","protected":false},"excerpt":{"rendered":"<p>Kursnummer: Dozent Studiengang: Trimester: Leistungspunkte: MB 01701 Prof. Dr.&#8211;Ing. T. Klassen und Prof. Dr.&#8211;Ing. Julian Jepsen Maschinenbau, Wirtschaftsingenieurwesen Werkstofftechnik I HT Werkstofftechnik II WT 7 insgesamt ((2) Werkstofftechnik I, (1) [&hellip;]<\/p>\n","protected":false},"author":3306,"featured_media":0,"parent":862,"menu_order":0,"comment_status":"closed","ping_status":"closed","template":"","meta":{"footnotes":""},"categories":[6],"tags":[],"class_list":["post-326","page","type-page","status-publish","hentry","category-lehre"],"_links":{"self":[{"href":"https:\/\/www.hsu-hh.de\/awt\/wp-json\/wp\/v2\/pages\/326","targetHints":{"allow":["GET"]}}],"collection":[{"href":"https:\/\/www.hsu-hh.de\/awt\/wp-json\/wp\/v2\/pages"}],"about":[{"href":"https:\/\/www.hsu-hh.de\/awt\/wp-json\/wp\/v2\/types\/page"}],"author":[{"embeddable":true,"href":"https:\/\/www.hsu-hh.de\/awt\/wp-json\/wp\/v2\/users\/3306"}],"replies":[{"embeddable":true,"href":"https:\/\/www.hsu-hh.de\/awt\/wp-json\/wp\/v2\/comments?post=326"}],"version-history":[{"count":8,"href":"https:\/\/www.hsu-hh.de\/awt\/wp-json\/wp\/v2\/pages\/326\/revisions"}],"predecessor-version":[{"id":1494,"href":"https:\/\/www.hsu-hh.de\/awt\/wp-json\/wp\/v2\/pages\/326\/revisions\/1494"}],"up":[{"embeddable":true,"href":"https:\/\/www.hsu-hh.de\/awt\/wp-json\/wp\/v2\/pages\/862"}],"wp:attachment":[{"href":"https:\/\/www.hsu-hh.de\/awt\/wp-json\/wp\/v2\/media?parent=326"}],"wp:term":[{"taxonomy":"category","embeddable":true,"href":"https:\/\/www.hsu-hh.de\/awt\/wp-json\/wp\/v2\/categories?post=326"},{"taxonomy":"post_tag","embeddable":true,"href":"https:\/\/www.hsu-hh.de\/awt\/wp-json\/wp\/v2\/tags?post=326"}],"curies":[{"name":"wp","href":"https:\/\/api.w.org\/{rel}","templated":true}]}}