{"id":280,"date":"2022-05-30T13:22:00","date_gmt":"2022-05-30T11:22:00","guid":{"rendered":"https:\/\/www.hsu-hh.de\/awt\/?page_id=280"},"modified":"2022-07-26T09:57:45","modified_gmt":"2022-07-26T07:57:45","slug":"kollaborationen","status":"publish","type":"page","link":"https:\/\/www.hsu-hh.de\/awt\/forschung\/kollaborationen\/","title":{"rendered":"Kollaborationen"},"content":{"rendered":"\n<h2 class=\"wp-block-heading\">Forschung und Lehre<\/h2>\n\n\n\n<div class=\"wp-block-columns is-layout-flex wp-container-core-columns-is-layout-9d6595d7 wp-block-columns-is-layout-flex\">\n<div class=\"wp-block-column is-layout-flow wp-block-column-is-layout-flow\">\n<div class=\"wp-block-image\"><figure class=\"aligncenter size-full is-resized\"><a href=\"https:\/\/www.dlr.de\" rel='nofollow'><img loading=\"lazy\" decoding=\"async\" src=\"https:\/\/www.hsu-hh.de\/awt\/wp-content\/uploads\/sites\/866\/2022\/04\/DLR-1.png\" data-credit=\"Deutsches Zentrum f\u00fcr Luft- und Raumfahrt e. V. (DLR)\" alt=\" \" class=\"wp-image-209\" width=\"168\" height=\"140\" \/><\/a><\/figure><\/div>\n<\/div>\n\n\n\n<div class=\"wp-block-column is-layout-flow wp-block-column-is-layout-flow\">\n<div class=\"wp-block-image\"><figure class=\"aligncenter size-full is-resized\"><a href=\"https:\/\/web.unipv.it\/\" rel='nofollow'><img loading=\"lazy\" decoding=\"async\" src=\"https:\/\/www.hsu-hh.de\/awt\/wp-content\/uploads\/sites\/866\/2022\/04\/Universita-di-pavia.jpg\" data-credit=\"Universit\u00e0 degli Studi di Pavia\" alt=\" \" class=\"wp-image-200\" width=\"133\" height=\"140\" srcset=\"https:\/\/www.hsu-hh.de\/awt\/wp-content\/uploads\/sites\/866\/2022\/04\/Universita-di-pavia.jpg 311w, https:\/\/www.hsu-hh.de\/awt\/wp-content\/uploads\/sites\/866\/2022\/04\/Universita-di-pavia-286x300.jpg 286w\" sizes=\"auto, (max-width: 133px) 100vw, 133px\" \/><\/a><\/figure><\/div>\n<\/div>\n\n\n\n<div class=\"wp-block-column is-layout-flow wp-block-column-is-layout-flow\">\n<div class=\"wp-block-image\"><figure class=\"aligncenter size-full is-resized\"><a href=\"https:\/\/www.uqtr.ca\/\" rel='nofollow'><img loading=\"lazy\" decoding=\"async\" src=\"https:\/\/www.hsu-hh.de\/awt\/wp-content\/uploads\/sites\/866\/2022\/04\/UQTR.png\" data-credit=\"Universit\u00e9 du Qu\u00e9bec \u00e0 Trois-Rivi\u00e8res\" alt=\" \" class=\"wp-image-201\" width=\"270\" height=\"105\" srcset=\"https:\/\/www.hsu-hh.de\/awt\/wp-content\/uploads\/sites\/866\/2022\/04\/UQTR.png 360w, https:\/\/www.hsu-hh.de\/awt\/wp-content\/uploads\/sites\/866\/2022\/04\/UQTR-300x117.png 300w\" sizes=\"auto, (max-width: 270px) 100vw, 270px\" \/><\/a><\/figure><\/div>\n<\/div>\n<\/div>\n\n\n\n<div class=\"wp-block-columns is-layout-flex wp-container-core-columns-is-layout-9d6595d7 wp-block-columns-is-layout-flex\">\n<div class=\"wp-block-column is-layout-flow wp-block-column-is-layout-flow\">\n<h3 class=\"has-text-align-center wp-block-heading\"><a href=\"https:\/\/www.dlr.de\" data-type=\"URL\" data-id=\"https:\/\/www.dlr.de\" rel='nofollow'>Deutsches Zentrum f\u00fcr Luft- und Raumfahrt (DLR)<\/a><\/h3>\n\n\n\n<ul class=\"wp-block-list\"><li><a href=\"https:\/\/www.dlr.de\/ve\/\" rel='nofollow'>Institut f\u00fcr Vernetzte Energiesystem<\/a><\/li><li><a href=\"https:\/\/www.dlr.de\/tt\/\" rel='nofollow'>Institut f\u00fcr Technische Thermodynamik<\/a><\/li><li><a href=\"https:\/\/www.dlr.de\/ms\/\" rel='nofollow'>Institut f\u00fcr Maritime Energiesysteme<\/a><\/li><\/ul>\n<\/div>\n\n\n\n<div class=\"wp-block-column is-layout-flow wp-block-column-is-layout-flow\">\n<h3 class=\"has-text-align-center wp-block-heading\"><a href=\"https:\/\/web.unipv.it\/\" rel='nofollow'>Universit\u00e0 di Pavia, Italien<\/a><\/h3>\n<\/div>\n\n\n\n<div class=\"wp-block-column is-layout-flow wp-block-column-is-layout-flow\">\n<h3 class=\"has-text-align-center wp-block-heading\"><a href=\"https:\/\/www.uqtr.ca\/\" rel='nofollow'>Universit\u00e9 Trois Rivi\u00e8res, Qu\u00e9bec, Kanada<\/a><\/h3>\n<\/div>\n<\/div>\n\n\n\n<div class=\"wp-block-columns is-layout-flex wp-container-core-columns-is-layout-9d6595d7 wp-block-columns-is-layout-flex\">\n<div class=\"wp-block-column is-layout-flow wp-block-column-is-layout-flow\">\n<figure class=\"wp-block-image size-full\"><a href=\"https:\/\/www.tuhh.de\/\" rel='nofollow'><img loading=\"lazy\" decoding=\"async\" width=\"358\" height=\"98\" src=\"https:\/\/www.hsu-hh.de\/awt\/wp-content\/uploads\/sites\/866\/2022\/04\/tuhh.png\" data-credit=\"\" alt=\"logo\" class=\"wp-image-165\" srcset=\"https:\/\/www.hsu-hh.de\/awt\/wp-content\/uploads\/sites\/866\/2022\/04\/tuhh.png 358w, https:\/\/www.hsu-hh.de\/awt\/wp-content\/uploads\/sites\/866\/2022\/04\/tuhh-300x82.png 300w\" sizes=\"auto, (max-width: 358px) 100vw, 358px\" \/><\/a><\/figure>\n<\/div>\n\n\n\n<div class=\"wp-block-column is-layout-flow wp-block-column-is-layout-flow\">\n<div class=\"wp-block-image\"><figure class=\"alignleft size-full is-resized\"><a href=\"https:\/\/zal.aero\/\" rel='nofollow'><img loading=\"lazy\" decoding=\"async\" src=\"https:\/\/www.hsu-hh.de\/awt\/wp-content\/uploads\/sites\/866\/2022\/04\/ZAL.png\" data-credit=\"ZAL Zentrum f\u00fcr Angewandte Luftfahrtforschung GmbH\" alt=\" \" class=\"wp-image-204\" width=\"394\" height=\"95\" \/><\/a><\/figure><\/div>\n<\/div>\n\n\n\n<div class=\"wp-block-column is-layout-flow wp-block-column-is-layout-flow\">\n<div class=\"wp-block-image\"><figure class=\"alignright size-full is-resized\"><a href=\"https:\/\/hysolutions-hamburg.de\/\" rel='nofollow'><img loading=\"lazy\" decoding=\"async\" src=\"https:\/\/www.hsu-hh.de\/awt\/wp-content\/uploads\/sites\/866\/2022\/04\/HySolutions.png\" data-credit=\"hySolutions GmbH\" alt=\" \" class=\"wp-image-194\" width=\"275\" height=\"73\" srcset=\"https:\/\/www.hsu-hh.de\/awt\/wp-content\/uploads\/sites\/866\/2022\/04\/HySolutions.png 550w, https:\/\/www.hsu-hh.de\/awt\/wp-content\/uploads\/sites\/866\/2022\/04\/HySolutions-300x79.png 300w\" sizes=\"auto, (max-width: 275px) 100vw, 275px\" \/><\/a><\/figure><\/div>\n<\/div>\n<\/div>\n\n\n\n<div class=\"wp-block-columns is-layout-flex wp-container-core-columns-is-layout-9d6595d7 wp-block-columns-is-layout-flex\">\n<div class=\"wp-block-column is-layout-flow wp-block-column-is-layout-flow\">\n<h3 class=\"has-text-align-center wp-block-heading\"><a href=\"https:\/\/www.tuhh.de\/\" rel='nofollow'>Technische Universit\u00e4t Hamburg (TUHH)<\/a><\/h3>\n\n\n\n<ul class=\"wp-block-list\"><li><a href=\"https:\/\/www.tuhh.de\/iue\/\" rel='nofollow'>Institut f\u00fcr Umwelttechnik und Energiewirtschaft<\/a><\/li><\/ul>\n<\/div>\n\n\n\n<div class=\"wp-block-column is-layout-flow wp-block-column-is-layout-flow\">\n<h3 class=\"has-text-align-center wp-block-heading\"><a href=\"https:\/\/zal.aero\/\" rel='nofollow'>Zentrum f\u00fcr Angewandte Luftfahrtforschung (ZAL)<\/a><\/h3>\n<\/div>\n\n\n\n<div class=\"wp-block-column is-layout-flow wp-block-column-is-layout-flow\">\n<h3 class=\"has-text-align-center wp-block-heading\"><a href=\"https:\/\/hysolutions-hamburg.de\/\" data-type=\"URL\" data-id=\"https:\/\/hysolutions-hamburg.de\/\" rel='nofollow'>HySolutions<\/a><\/h3>\n<\/div>\n<\/div>\n\n\n\n<hr class=\"wp-block-separator\" \/>\n\n\n\n<h2 class=\"wp-block-heading\">Verbundorganisationen<\/h2>\n\n\n\n<div class=\"wp-block-columns is-layout-flex wp-container-core-columns-is-layout-9d6595d7 wp-block-columns-is-layout-flex\">\n<div class=\"wp-block-column is-layout-flow wp-block-column-is-layout-flow\">\n<div class=\"wp-block-image\"><figure class=\"aligncenter size-full is-resized\"><a href=\"https:\/\/energieforschungsverbund.hamburg\/\" rel='nofollow'><img loading=\"lazy\" decoding=\"async\" src=\"https:\/\/www.hsu-hh.de\/awt\/wp-content\/uploads\/sites\/866\/2022\/04\/EFH.png\" data-credit=\"Energieforschungsverbund Hamburg\" alt=\"\" class=\"wp-image-212\" width=\"147\" height=\"140\" \/><\/a><\/figure><\/div>\n<\/div>\n\n\n\n<div class=\"wp-block-column is-layout-flow wp-block-column-is-layout-flow\">\n<div class=\"wp-block-image\"><figure class=\"aligncenter size-full is-resized\"><a href=\"https:\/\/www.eek-sh.de\/\" rel='nofollow'><img loading=\"lazy\" decoding=\"async\" src=\"https:\/\/www.hsu-hh.de\/awt\/wp-content\/uploads\/sites\/866\/2022\/04\/EEK.png\" data-credit=\" eek.sh\" alt=\" \" class=\"wp-image-211\" width=\"194\" height=\"140\" srcset=\"https:\/\/www.hsu-hh.de\/awt\/wp-content\/uploads\/sites\/866\/2022\/04\/EEK.png 509w, https:\/\/www.hsu-hh.de\/awt\/wp-content\/uploads\/sites\/866\/2022\/04\/EEK-300x216.png 300w\" sizes=\"auto, (max-width: 194px) 100vw, 194px\" \/><\/a><\/figure><\/div>\n<\/div>\n\n\n\n<div class=\"wp-block-column is-layout-flow wp-block-column-is-layout-flow\">\n<div class=\"wp-block-image\"><figure class=\"aligncenter size-full is-resized\"><a href=\"https:\/\/www.erneuerbare-energien-hamburg.de\/\" rel='nofollow'><img loading=\"lazy\" decoding=\"async\" src=\"https:\/\/www.hsu-hh.de\/awt\/wp-content\/uploads\/sites\/866\/2022\/04\/EEH.png\" data-credit=\" Erneuerbare Energien Hamburg Clusteragentur GmbH (EEHH)\" alt=\"\" class=\"wp-image-210\" width=\"371\" height=\"109\" \/><\/a><\/figure><\/div>\n<\/div>\n<\/div>\n\n\n\n<div class=\"wp-block-columns is-layout-flex wp-container-core-columns-is-layout-9d6595d7 wp-block-columns-is-layout-flex\">\n<div class=\"wp-block-column is-layout-flow wp-block-column-is-layout-flow\">\n<h3 class=\"has-text-align-center wp-block-heading\"><a href=\"https:\/\/energieforschungsverbund.hamburg\/\" rel='nofollow'>Energie-Forschungsverbund Hamburg (EFH)<\/a><\/h3>\n<\/div>\n\n\n\n<div class=\"wp-block-column is-layout-flow wp-block-column-is-layout-flow\">\n<h3 class=\"has-text-align-center wp-block-heading\"><a href=\"https:\/\/www.eek-sh.de\/\" rel='nofollow'>Kompetenzzentrum Erneuerbare Energien und Klimaschutz Schleswig-Holstein<\/a><\/h3>\n<\/div>\n\n\n\n<div class=\"wp-block-column is-layout-flow wp-block-column-is-layout-flow\">\n<h3 class=\"has-text-align-center wp-block-heading\"><a href=\"https:\/\/www.erneuerbare-energien-hamburg.de\/\" rel='nofollow'>Erneuerbare-Energien Cluster<\/a><\/h3>\n<\/div>\n<\/div>\n\n\n\n<div class=\"wp-block-columns is-layout-flex wp-container-core-columns-is-layout-9d6595d7 wp-block-columns-is-layout-flex\">\n<div class=\"wp-block-column is-layout-flow wp-block-column-is-layout-flow\">\n<div class=\"wp-block-image\"><figure class=\"aligncenter size-full is-resized\"><a href=\"https:\/\/hydrogeneurope.eu\/\" rel='nofollow'><img loading=\"lazy\" decoding=\"async\" src=\"https:\/\/www.hsu-hh.de\/awt\/wp-content\/uploads\/sites\/866\/2022\/04\/Hydrogen-Europe.png\" data-credit=\"Hydrogen Europe\" alt=\"\" class=\"wp-image-206\" width=\"241\" height=\"98\" srcset=\"https:\/\/www.hsu-hh.de\/awt\/wp-content\/uploads\/sites\/866\/2022\/04\/Hydrogen-Europe.png 481w, https:\/\/www.hsu-hh.de\/awt\/wp-content\/uploads\/sites\/866\/2022\/04\/Hydrogen-Europe-300x122.png 300w\" sizes=\"auto, (max-width: 241px) 100vw, 241px\" \/><\/a><\/figure><\/div>\n<\/div>\n\n\n\n<div class=\"wp-block-column is-layout-flow wp-block-column-is-layout-flow\">\n<div class=\"wp-block-image\"><figure class=\"aligncenter size-full is-resized\"><a href=\"https:\/\/www.h2hamburg.de\/\" rel='nofollow'><img loading=\"lazy\" decoding=\"async\" src=\"https:\/\/www.hsu-hh.de\/awt\/wp-content\/uploads\/sites\/866\/2022\/04\/Wasserstoffgesellschaft-Hamburg.png\" data-credit=\" Wasserstoff-Gesellschaft Hamburg e.V.\" alt=\"\" class=\"wp-image-203\" width=\"310\" height=\"94\" srcset=\"https:\/\/www.hsu-hh.de\/awt\/wp-content\/uploads\/sites\/866\/2022\/04\/Wasserstoffgesellschaft-Hamburg.png 619w, https:\/\/www.hsu-hh.de\/awt\/wp-content\/uploads\/sites\/866\/2022\/04\/Wasserstoffgesellschaft-Hamburg-300x91.png 300w\" sizes=\"auto, (max-width: 310px) 100vw, 310px\" \/><\/a><\/figure><\/div>\n<\/div>\n<\/div>\n\n\n\n<div class=\"wp-block-columns is-layout-flex wp-container-core-columns-is-layout-9d6595d7 wp-block-columns-is-layout-flex\">\n<div class=\"wp-block-column is-layout-flow wp-block-column-is-layout-flow\">\n<h3 class=\"has-text-align-center wp-block-heading\"><a href=\"https:\/\/hydrogeneurope.eu\/\" rel='nofollow'>Hydrogen Europe Research<\/a><\/h3>\n<\/div>\n\n\n\n<div class=\"wp-block-column is-layout-flow wp-block-column-is-layout-flow\">\n<h3 class=\"has-text-align-center wp-block-heading\"><a href=\"https:\/\/www.h2hamburg.de\/\" rel='nofollow'>Wasserstoffgesellschaft Hamburg<br><\/a><\/h3>\n<\/div>\n<\/div>\n","protected":false},"excerpt":{"rendered":"<p>Forschung und Lehre Deutsches Zentrum f\u00fcr Luft- und Raumfahrt (DLR) Institut f\u00fcr Vernetzte Energiesystem Institut f\u00fcr Technische Thermodynamik Institut f\u00fcr Maritime Energiesysteme Universit\u00e0 di Pavia, Italien Universit\u00e9 Trois Rivi\u00e8res, Qu\u00e9bec, [&hellip;]<\/p>\n","protected":false},"author":3306,"featured_media":0,"parent":112,"menu_order":0,"comment_status":"closed","ping_status":"closed","template":"","meta":{"footnotes":""},"categories":[4],"tags":[],"class_list":["post-280","page","type-page","status-publish","hentry","category-forschung"],"_links":{"self":[{"href":"https:\/\/www.hsu-hh.de\/awt\/wp-json\/wp\/v2\/pages\/280","targetHints":{"allow":["GET"]}}],"collection":[{"href":"https:\/\/www.hsu-hh.de\/awt\/wp-json\/wp\/v2\/pages"}],"about":[{"href":"https:\/\/www.hsu-hh.de\/awt\/wp-json\/wp\/v2\/types\/page"}],"author":[{"embeddable":true,"href":"https:\/\/www.hsu-hh.de\/awt\/wp-json\/wp\/v2\/users\/3306"}],"replies":[{"embeddable":true,"href":"https:\/\/www.hsu-hh.de\/awt\/wp-json\/wp\/v2\/comments?post=280"}],"version-history":[{"count":14,"href":"https:\/\/www.hsu-hh.de\/awt\/wp-json\/wp\/v2\/pages\/280\/revisions"}],"predecessor-version":[{"id":649,"href":"https:\/\/www.hsu-hh.de\/awt\/wp-json\/wp\/v2\/pages\/280\/revisions\/649"}],"up":[{"embeddable":true,"href":"https:\/\/www.hsu-hh.de\/awt\/wp-json\/wp\/v2\/pages\/112"}],"wp:attachment":[{"href":"https:\/\/www.hsu-hh.de\/awt\/wp-json\/wp\/v2\/media?parent=280"}],"wp:term":[{"taxonomy":"category","embeddable":true,"href":"https:\/\/www.hsu-hh.de\/awt\/wp-json\/wp\/v2\/categories?post=280"},{"taxonomy":"post_tag","embeddable":true,"href":"https:\/\/www.hsu-hh.de\/awt\/wp-json\/wp\/v2\/tags?post=280"}],"curies":[{"name":"wp","href":"https:\/\/api.w.org\/{rel}","templated":true}]}}