{"id":2038,"date":"2025-11-19T16:12:01","date_gmt":"2025-11-19T15:12:01","guid":{"rendered":"https:\/\/www.hsu-hh.de\/awt\/?page_id=2038"},"modified":"2025-11-19T16:25:28","modified_gmt":"2025-11-19T15:25:28","slug":"waermeleitfaehigkeit-von-metallhydriden","status":"publish","type":"page","link":"https:\/\/www.hsu-hh.de\/awt\/forschung\/projekte\/waermeleitfaehigkeit-von-metallhydriden\/","title":{"rendered":"W\u00e4rmeleitf\u00e4higkeit von Metallhydriden"},"content":{"rendered":"\n<div class=\"wp-block-columns is-layout-flex wp-container-core-columns-is-layout-9d6595d7 wp-block-columns-is-layout-flex\">\n<div class=\"wp-block-column is-layout-flow wp-block-column-is-layout-flow\">\n<div class=\"wp-block-columns is-layout-flex wp-container-core-columns-is-layout-9d6595d7 wp-block-columns-is-layout-flex\">\n<div class=\"wp-block-column is-layout-flow wp-block-column-is-layout-flow\" style=\"flex-basis:33.33%\"><div class=\"wp-block-image is-resized is-style-default\">\n<figure class=\"aligncenter size-full\"><img loading=\"lazy\" decoding=\"async\" width=\"768\" height=\"1024\" src=\"https:\/\/www.hsu-hh.de\/awt\/wp-content\/uploads\/sites\/866\/2025\/11\/Thermocell2.jpg\" data-credit=\"Fritsch\" alt=\"\" class=\"wp-image-2040\" style=\"width:auto;height:500px\" srcset=\"https:\/\/www.hsu-hh.de\/awt\/wp-content\/uploads\/sites\/866\/2025\/11\/Thermocell2.jpg 768w, https:\/\/www.hsu-hh.de\/awt\/wp-content\/uploads\/sites\/866\/2025\/11\/Thermocell2-225x300.jpg 225w\" sizes=\"auto, (max-width: 768px) 100vw, 768px\" \/><\/figure>\n<\/div><\/div>\n\n\n\n<div class=\"wp-block-column is-layout-flow wp-block-column-is-layout-flow\" style=\"flex-basis:66.66%\"><div class=\"wp-block-image is-resized is-style-default\">\n<figure class=\"aligncenter size-full\"><img loading=\"lazy\" decoding=\"async\" width=\"2560\" height=\"2071\" src=\"https:\/\/www.hsu-hh.de\/awt\/wp-content\/uploads\/sites\/866\/2025\/11\/TridentAufbau-scaled.jpg\" data-credit=\"Fritsch\" alt=\"\" class=\"wp-image-2041\" style=\"width:auto;height:500px\" srcset=\"https:\/\/www.hsu-hh.de\/awt\/wp-content\/uploads\/sites\/866\/2025\/11\/TridentAufbau-scaled.jpg 2560w, https:\/\/www.hsu-hh.de\/awt\/wp-content\/uploads\/sites\/866\/2025\/11\/TridentAufbau-300x243.jpg 300w, https:\/\/www.hsu-hh.de\/awt\/wp-content\/uploads\/sites\/866\/2025\/11\/TridentAufbau-1024x829.jpg 1024w, https:\/\/www.hsu-hh.de\/awt\/wp-content\/uploads\/sites\/866\/2025\/11\/TridentAufbau-768x621.jpg 768w, https:\/\/www.hsu-hh.de\/awt\/wp-content\/uploads\/sites\/866\/2025\/11\/TridentAufbau-1536x1243.jpg 1536w, https:\/\/www.hsu-hh.de\/awt\/wp-content\/uploads\/sites\/866\/2025\/11\/TridentAufbau-2048x1657.jpg 2048w, https:\/\/www.hsu-hh.de\/awt\/wp-content\/uploads\/sites\/866\/2025\/11\/TridentAufbau-1100x890.jpg 1100w\" sizes=\"auto, (max-width: 2560px) 100vw, 2560px\" \/><\/figure>\n<\/div><\/div>\n<\/div>\n<\/div>\n<\/div>\n\n\n\n<p>Eine geringe W\u00e4rmeleitf\u00e4higkeit f\u00fchrt zu Temperaturgradienten innerhalb des Metallhydrid-Speichers, was die Reaktionsgeschwindigkeit verlangsamt und die Systemeffizienz mindert. Im Extremfall k\u00f6nnen lokale \u00dcberhitzungen die Materialstruktur sch\u00e4digen oder die Sicherheit gef\u00e4hrden. Daher ist es entscheidend, die effektive W\u00e4rmeleitf\u00e4higkeit des Hydridbetts zu kennen und gezielt zu optimieren \u2013 sei es durch Materialmodifikation, Zugabe von W\u00e4rmeleitadditiven oder konstruktive Ma\u00dfnahmen im Speicherdesign.<\/p>\n\n\n\n<p>Die Untersuchung dieses Parameters ist somit nicht nur eine theoretische Aufgabe, sondern ein praktischer Schl\u00fcssel f\u00fcr die Entwicklung leistungsf\u00e4higer Wasserstoffspeicher, die den Anforderungen einer nachhaltigen Energieversorgung gerecht werden.<\/p>\n\n\n\n<p>Mit verschiedenen Systemen \u2013 von selbstentwickelten Druckgef\u00e4\u00dfen, die mittels der sogenannten Steady-State-Methode messen bis hin zu neuesten kommerziell verf\u00fcgbaren Ger\u00e4ten, die mittels der Hot-Wire-Methode in nadelf\u00f6rmigen oder flachen Sensoren messen \u2013 ist es uns m\u00f6glich, die effektive W\u00e4rmeleitf\u00e4higkeit verschiedenster Materialien nicht nur wie bislang im unaktivierten Zustand oder unter Argonatmosph\u00e4re zu vermessen, sondern dar\u00fcber hinaus in unterschiedlichsten Zust\u00e4nden hinsichtlich der Temperatur und dem Wasserstoff-Druck des Systems. Dies erm\u00f6glicht die Weiterentwicklung aller genutzten Metallhydrid-Systeme unter Kenntnis und Ber\u00fccksichtigung dieses entscheidenden Parameters.<\/p>\n\n\n\n<div style=\"height:20px\" aria-hidden=\"true\" class=\"wp-block-spacer\"><\/div>\n\n\n\n<div class=\"wp-block-columns is-layout-flex wp-container-core-columns-is-layout-9d6595d7 wp-block-columns-is-layout-flex\">\n<div class=\"wp-block-column is-layout-flow wp-block-column-is-layout-flow\" style=\"flex-basis:33.33%\">\n<p><strong><strong>Forschungspartner:<\/strong><\/strong><\/p>\n<\/div>\n\n\n\n<div class=\"wp-block-column is-layout-flow wp-block-column-is-layout-flow\" style=\"flex-basis:66.66%\">\n<div class=\"wp-block-columns is-layout-flex wp-container-core-columns-is-layout-9d6595d7 wp-block-columns-is-layout-flex\">\n<div class=\"wp-block-column is-layout-flow wp-block-column-is-layout-flow\">\n<figure class=\"wp-block-image size-full is-resized\"><img loading=\"lazy\" decoding=\"async\" width=\"454\" height=\"326\" src=\"https:\/\/www.hsu-hh.de\/awt\/wp-content\/uploads\/sites\/866\/2022\/04\/hsu.png\" data-credit=\"Helmut-Schmidt-Universit\u00e4t\/Universit\u00e4t der Bundeswehr Hamburg\" alt=\"\" class=\"wp-image-174\" style=\"width:244px\" srcset=\"https:\/\/www.hsu-hh.de\/awt\/wp-content\/uploads\/sites\/866\/2022\/04\/hsu.png 454w, https:\/\/www.hsu-hh.de\/awt\/wp-content\/uploads\/sites\/866\/2022\/04\/hsu-300x215.png 300w\" sizes=\"auto, (max-width: 454px) 100vw, 454px\" \/><\/figure>\n<\/div>\n\n\n\n<div class=\"wp-block-column is-layout-flow wp-block-column-is-layout-flow\">\n<figure class=\"wp-block-image size-full\"><a href=\"https:\/\/www.hereon.de\/institutes\/hydrogen_technology\/index.php.de\" rel='nofollow'><img loading=\"lazy\" decoding=\"async\" width=\"364\" height=\"138\" src=\"https:\/\/www.hsu-hh.de\/awt\/wp-content\/uploads\/sites\/866\/2022\/04\/hereon.png\" data-credit=\"Helmholtz-Zentrum hereon GmbH\" alt=\"\" class=\"wp-image-164\" srcset=\"https:\/\/www.hsu-hh.de\/awt\/wp-content\/uploads\/sites\/866\/2022\/04\/hereon.png 364w, https:\/\/www.hsu-hh.de\/awt\/wp-content\/uploads\/sites\/866\/2022\/04\/hereon-300x114.png 300w\" sizes=\"auto, (max-width: 364px) 100vw, 364px\" \/><\/a><\/figure>\n<\/div>\n<\/div>\n<\/div>\n<\/div>\n\n\n\n<div class=\"wp-block-columns is-layout-flex wp-container-core-columns-is-layout-9d6595d7 wp-block-columns-is-layout-flex\">\n<div class=\"wp-block-column is-layout-flow wp-block-column-is-layout-flow\" style=\"flex-basis:33.33%\">\n<p><strong>Kontakt:<\/strong><\/p>\n<\/div>\n\n\n\n<div class=\"wp-block-column is-layout-flow wp-block-column-is-layout-flow\" style=\"flex-basis:66.66%\">\n<p><a href=\"https:\/\/www.hsu-hh.de\/awt\/team\/fritsch\/\" data-type=\"page\" data-id=\"253\">Carolin Fritsch<\/a><\/p>\n<\/div>\n<\/div>\n\n\n\n<p><\/p>\n","protected":false},"excerpt":{"rendered":"<p>Eine geringe W\u00e4rmeleitf\u00e4higkeit f\u00fchrt zu Temperaturgradienten innerhalb des Metallhydrid-Speichers, was die Reaktionsgeschwindigkeit verlangsamt und die Systemeffizienz mindert. Im Extremfall k\u00f6nnen lokale \u00dcberhitzungen die Materialstruktur sch\u00e4digen oder die Sicherheit gef\u00e4hrden. Daher [&hellip;]<\/p>\n","protected":false},"author":3306,"featured_media":0,"parent":155,"menu_order":0,"comment_status":"closed","ping_status":"closed","template":"","meta":{"footnotes":""},"categories":[4],"tags":[],"class_list":["post-2038","page","type-page","status-publish","hentry","category-forschung"],"_links":{"self":[{"href":"https:\/\/www.hsu-hh.de\/awt\/wp-json\/wp\/v2\/pages\/2038","targetHints":{"allow":["GET"]}}],"collection":[{"href":"https:\/\/www.hsu-hh.de\/awt\/wp-json\/wp\/v2\/pages"}],"about":[{"href":"https:\/\/www.hsu-hh.de\/awt\/wp-json\/wp\/v2\/types\/page"}],"author":[{"embeddable":true,"href":"https:\/\/www.hsu-hh.de\/awt\/wp-json\/wp\/v2\/users\/3306"}],"replies":[{"embeddable":true,"href":"https:\/\/www.hsu-hh.de\/awt\/wp-json\/wp\/v2\/comments?post=2038"}],"version-history":[{"count":4,"href":"https:\/\/www.hsu-hh.de\/awt\/wp-json\/wp\/v2\/pages\/2038\/revisions"}],"predecessor-version":[{"id":2049,"href":"https:\/\/www.hsu-hh.de\/awt\/wp-json\/wp\/v2\/pages\/2038\/revisions\/2049"}],"up":[{"embeddable":true,"href":"https:\/\/www.hsu-hh.de\/awt\/wp-json\/wp\/v2\/pages\/155"}],"wp:attachment":[{"href":"https:\/\/www.hsu-hh.de\/awt\/wp-json\/wp\/v2\/media?parent=2038"}],"wp:term":[{"taxonomy":"category","embeddable":true,"href":"https:\/\/www.hsu-hh.de\/awt\/wp-json\/wp\/v2\/categories?post=2038"},{"taxonomy":"post_tag","embeddable":true,"href":"https:\/\/www.hsu-hh.de\/awt\/wp-json\/wp\/v2\/tags?post=2038"}],"curies":[{"name":"wp","href":"https:\/\/api.w.org\/{rel}","templated":true}]}}