{"id":1771,"date":"2025-05-05T15:42:09","date_gmt":"2025-05-05T13:42:09","guid":{"rendered":"https:\/\/www.hsu-hh.de\/awt\/?page_id=1771"},"modified":"2025-10-13T16:30:19","modified_gmt":"2025-10-13T14:30:19","slug":"additive-fertigung-mhspeicher","status":"publish","type":"page","link":"https:\/\/www.hsu-hh.de\/awt\/forschung\/projekte\/additive-fertigung-mhspeicher\/","title":{"rendered":"Additive Fertigung eines Metallhydridspeichers"},"content":{"rendered":"\n<figure class=\"wp-block-image size-full\"><img loading=\"lazy\" decoding=\"async\" width=\"1328\" height=\"558\" src=\"https:\/\/www.hsu-hh.de\/awt\/wp-content\/uploads\/sites\/866\/2025\/05\/BildProzess.png\" data-credit=\"Brumm\" alt=\"\" class=\"wp-image-1773\" srcset=\"https:\/\/www.hsu-hh.de\/awt\/wp-content\/uploads\/sites\/866\/2025\/05\/BildProzess.png 1328w, https:\/\/www.hsu-hh.de\/awt\/wp-content\/uploads\/sites\/866\/2025\/05\/BildProzess-300x126.png 300w, https:\/\/www.hsu-hh.de\/awt\/wp-content\/uploads\/sites\/866\/2025\/05\/BildProzess-1024x430.png 1024w, https:\/\/www.hsu-hh.de\/awt\/wp-content\/uploads\/sites\/866\/2025\/05\/BildProzess-768x323.png 768w, https:\/\/www.hsu-hh.de\/awt\/wp-content\/uploads\/sites\/866\/2025\/05\/BildProzess-1100x462.png 1100w\" sizes=\"auto, (max-width: 1328px) 100vw, 1328px\" \/><\/figure>\n\n\n\n<div style=\"height:20px\" aria-hidden=\"true\" class=\"wp-block-spacer\"><\/div>\n\n\n\n<p>Im G\u00fcter- und Warenverkehr spielen LKWs nach wie vor eine bedeutende Rolle, da sie vor allem den Transport im Nahbereich \u00fcbernehmen. F\u00fcr diesen Sektor stellt die Energiewende allerdings eine besonders gro\u00dfe Herausforderung dar, da batterieelektrische Systeme wie sie in PKWs mehr und mehr zu sehen sind, keine Alternative darstellen. Grund daf\u00fcr ist, dass im Schwerlastverkehr h\u00f6here Energiedichten ben\u00f6tigt werden und lange Beladungszeiten nicht wirtschaftlich sind. Auch Wasserstoffdruckspeicher liefern nicht die Energiedichte, die idealerweise ben\u00f6tigt wird. Eine Alternative bietet die Wasserstoffspeicherung in Feststoffen, sogenannten Metallhydriden, die den Wasserstoff in chemischen Bindungen speichern und so besonders hohe Speicherdichten erzielen k\u00f6nnen.<\/p>\n\n\n\n<p>Metallhydridspeicher m\u00fcssen besondere Anspr\u00fcche erf\u00fcllen. So muss beispielsweise die W\u00e4rmeaustauschfl\u00e4che im Tank optimiert werden, da so die Reaktionsw\u00e4rme f\u00fcr die Absorption <abbr title=\"beziehungsweise\">bzw.<\/abbr> Desorption von Wasserstoff m\u00f6glich schnell abgef\u00fchrt <abbr title=\"beziehungsweise\">bzw.<\/abbr> zugef\u00fchrt werden kann. Dies ist unter anderem ausschlaggebend f\u00fcr die Zeit, die zum Beladen ben\u00f6tigt wird. Eine M\u00f6glichkeit die Tankgeometrie zu optimieren, bietet die additive Fertigung. Im Vergleich zur herk\u00f6mmlichen Fertigung k\u00f6nnen hier deutlich komplexere Designs realisiert werden und der Metallhydridspeicher weiter optimiert werden.<\/p>\n\n\n\n<p>In diesem Projekt wird mittels Laserauftragsschwei\u00dfen ein Metallhydridspeicher gefertigt, der dank einer komplexen Innengeometrie den W\u00e4rmetransport optimiert. Hierf\u00fcr erzeugen mehrere Laserstrahlen ein Schmelzbad, in welches ein Draht gef\u00fchrt wird. Mit Hilfe eines Roboterarms wird dann die gew\u00fcnschte Struktur aufgebaut. Im Vergleich zu pulverbasierten Verfahren, kann mittels Drahts eine h\u00f6here Auftragsrate realisiert werden und Probleme mit dem Umgang mit dem Pulver vermieden werden.<\/p>\n\n\n\n<p>Zuerst werden verschiedene Legierungen untersucht und bez\u00fcglich ihrer Schwei\u00dfbarkeit in dem Prozess und den resultierenden mechanischen Eigenschaften bewertet. Parallel wird mittels Simulationssoftware eine geeignete Geometrie f\u00fcr der Tank ermittelt. Im Anschluss an diese beiden Schritte wird der Metallhydridtank gefertigt und getestet.<\/p>\n\n\n\n<p>Neben der Energiewende wird in Deutschland auch auf dem Verkehrssektor eine gro\u00dfe Mobilit\u00e4tswende n\u00f6tig sein, um insbesondere die nationalen CO<sub>2<\/sub>-Ziele der Bundesregierung einzuhalten und um langfristig eine nachhaltige Energieversorgung zu erreichen. Einen wichtigen Beitrag hierf\u00fcr k\u00f6nnen neben reinen Batteriefahrzeugen auch Fahrzeuge basierend auf Brennstoffzellenantrieben leisten. In den bisher verf\u00fcgbaren Fahrzeugen kommen vorwiegend Druckspeichertanks f\u00fcr Wasserstoff mit Dr\u00fccken bis 700 bar zum Einsatz. Insbesondere f\u00fcr Nutzfahrzeuge, Busse oder Schienenfahrzeuge sind jedoch noch h\u00f6herer Speicherdichten n\u00f6tig. Eine M\u00f6glichkeit hierf\u00fcr bietet die Wasserstoffspeicherung in Feststoffen, die durch eine chemische Reaktion eine sichere und kompakte Speicherl\u00f6sung bieten kann. Bisherige Studien fokussierten hier auf Materialien, die bereits bei Raumtemperatur arbeiteten konnten, jedoch auf das Gewicht bezogen nur recht geringe Speicherdichten aufwiesen. <\/p>\n\n\n\n<div style=\"height:20px\" aria-hidden=\"true\" class=\"wp-block-spacer\"><\/div>\n\n\n\n<div class=\"wp-block-columns is-layout-flex wp-container-core-columns-is-layout-9d6595d7 wp-block-columns-is-layout-flex\">\n<div class=\"wp-block-column is-layout-flow wp-block-column-is-layout-flow\" style=\"flex-basis:33.33%\">\n<p><strong><strong>Forschungspartner:<\/strong><\/strong><\/p>\n<\/div>\n\n\n\n<div class=\"wp-block-column is-layout-flow wp-block-column-is-layout-flow\" style=\"flex-basis:66.66%\">\n<div class=\"wp-block-columns is-layout-flex wp-container-core-columns-is-layout-9d6595d7 wp-block-columns-is-layout-flex\">\n<div class=\"wp-block-column is-layout-flow wp-block-column-is-layout-flow\">\n<figure class=\"wp-block-image size-full is-resized\"><img loading=\"lazy\" decoding=\"async\" width=\"454\" height=\"326\" src=\"https:\/\/www.hsu-hh.de\/awt\/wp-content\/uploads\/sites\/866\/2022\/04\/hsu.png\" data-credit=\"Helmut-Schmidt-Universit\u00e4t\/Universit\u00e4t der Bundeswehr Hamburg\" alt=\"\" class=\"wp-image-174\" style=\"width:244px\" srcset=\"https:\/\/www.hsu-hh.de\/awt\/wp-content\/uploads\/sites\/866\/2022\/04\/hsu.png 454w, https:\/\/www.hsu-hh.de\/awt\/wp-content\/uploads\/sites\/866\/2022\/04\/hsu-300x215.png 300w\" sizes=\"auto, (max-width: 454px) 100vw, 454px\" \/><\/figure>\n<\/div>\n\n\n\n<div class=\"wp-block-column is-layout-flow wp-block-column-is-layout-flow\">\n<figure class=\"wp-block-image size-full\"><a href=\"https:\/\/www.hereon.de\/institutes\/hydrogen_technology\/index.php.de\" rel='nofollow'><img loading=\"lazy\" decoding=\"async\" width=\"364\" height=\"138\" src=\"https:\/\/www.hsu-hh.de\/awt\/wp-content\/uploads\/sites\/866\/2022\/04\/hereon.png\" data-credit=\"Helmholtz-Zentrum hereon GmbH\" alt=\"\" class=\"wp-image-164\" srcset=\"https:\/\/www.hsu-hh.de\/awt\/wp-content\/uploads\/sites\/866\/2022\/04\/hereon.png 364w, https:\/\/www.hsu-hh.de\/awt\/wp-content\/uploads\/sites\/866\/2022\/04\/hereon-300x114.png 300w\" sizes=\"auto, (max-width: 364px) 100vw, 364px\" \/><\/a><\/figure>\n<\/div>\n<\/div>\n<\/div>\n<\/div>\n\n\n\n<div class=\"wp-block-columns is-layout-flex wp-container-core-columns-is-layout-9d6595d7 wp-block-columns-is-layout-flex\">\n<div class=\"wp-block-column is-layout-flow wp-block-column-is-layout-flow\" style=\"flex-basis:33.33%\">\n<p><strong>Kontakt:<\/strong><\/p>\n<\/div>\n\n\n\n<div class=\"wp-block-column is-layout-flow wp-block-column-is-layout-flow\" style=\"flex-basis:66.66%\">\n<p><a href=\"https:\/\/www.hsu-hh.de\/awt\/Brumm\/\" data-type=\"link\" data-id=\"https:\/\/www.hsu-hh.de\/awt\/Brumm\/\">Jannik Brumm<\/a><\/p>\n<\/div>\n<\/div>\n","protected":false},"excerpt":{"rendered":"<p>Im G\u00fcter- und Warenverkehr spielen LKWs nach wie vor eine bedeutende Rolle, da sie vor allem den Transport im Nahbereich \u00fcbernehmen. F\u00fcr diesen Sektor stellt die Energiewende allerdings eine besonders [&hellip;]<\/p>\n","protected":false},"author":3306,"featured_media":0,"parent":155,"menu_order":0,"comment_status":"closed","ping_status":"closed","template":"","meta":{"footnotes":""},"categories":[4],"tags":[],"class_list":["post-1771","page","type-page","status-publish","hentry","category-forschung"],"_links":{"self":[{"href":"https:\/\/www.hsu-hh.de\/awt\/wp-json\/wp\/v2\/pages\/1771","targetHints":{"allow":["GET"]}}],"collection":[{"href":"https:\/\/www.hsu-hh.de\/awt\/wp-json\/wp\/v2\/pages"}],"about":[{"href":"https:\/\/www.hsu-hh.de\/awt\/wp-json\/wp\/v2\/types\/page"}],"author":[{"embeddable":true,"href":"https:\/\/www.hsu-hh.de\/awt\/wp-json\/wp\/v2\/users\/3306"}],"replies":[{"embeddable":true,"href":"https:\/\/www.hsu-hh.de\/awt\/wp-json\/wp\/v2\/comments?post=1771"}],"version-history":[{"count":7,"href":"https:\/\/www.hsu-hh.de\/awt\/wp-json\/wp\/v2\/pages\/1771\/revisions"}],"predecessor-version":[{"id":2171,"href":"https:\/\/www.hsu-hh.de\/awt\/wp-json\/wp\/v2\/pages\/1771\/revisions\/2171"}],"up":[{"embeddable":true,"href":"https:\/\/www.hsu-hh.de\/awt\/wp-json\/wp\/v2\/pages\/155"}],"wp:attachment":[{"href":"https:\/\/www.hsu-hh.de\/awt\/wp-json\/wp\/v2\/media?parent=1771"}],"wp:term":[{"taxonomy":"category","embeddable":true,"href":"https:\/\/www.hsu-hh.de\/awt\/wp-json\/wp\/v2\/categories?post=1771"},{"taxonomy":"post_tag","embeddable":true,"href":"https:\/\/www.hsu-hh.de\/awt\/wp-json\/wp\/v2\/tags?post=1771"}],"curies":[{"name":"wp","href":"https:\/\/api.w.org\/{rel}","templated":true}]}}