{"id":160,"date":"2022-05-30T07:24:10","date_gmt":"2022-05-30T05:24:10","guid":{"rendered":"https:\/\/www.hsu-hh.de\/awt\/?page_id=160"},"modified":"2025-10-23T17:27:04","modified_gmt":"2025-10-23T15:27:04","slug":"digi-hypro-3","status":"publish","type":"page","link":"https:\/\/www.hsu-hh.de\/awt\/forschung\/projekte\/digi-hypro-3\/","title":{"rendered":"Digi-HyPro"},"content":{"rendered":"<div class=\"wp-block-image is-style-default\">\n<figure class=\"aligncenter size-large is-resized\"><img loading=\"lazy\" decoding=\"async\" width=\"1024\" height=\"399\" src=\"https:\/\/www.hsu-hh.de\/awt\/wp-content\/uploads\/sites\/866\/2022\/04\/Digi-HyPro1-1024x399.png\" data-credit=\"Digi-HyPro\" alt=\"o\" class=\"wp-image-208\" style=\"width:1024px;height:399px\" srcset=\"https:\/\/www.hsu-hh.de\/awt\/wp-content\/uploads\/sites\/866\/2022\/04\/Digi-HyPro1-1024x399.png 1024w, https:\/\/www.hsu-hh.de\/awt\/wp-content\/uploads\/sites\/866\/2022\/04\/Digi-HyPro1-300x117.png 300w, https:\/\/www.hsu-hh.de\/awt\/wp-content\/uploads\/sites\/866\/2022\/04\/Digi-HyPro1-768x299.png 768w, https:\/\/www.hsu-hh.de\/awt\/wp-content\/uploads\/sites\/866\/2022\/04\/Digi-HyPro1-1100x428.png 1100w, https:\/\/www.hsu-hh.de\/awt\/wp-content\/uploads\/sites\/866\/2022\/04\/Digi-HyPro1.png 1430w\" sizes=\"auto, (max-width: 1024px) 100vw, 1024px\" \/><\/figure>\n<\/div>\n\n\n<p><strong><span style=\"font-size: revert;color: initial\">Digitalisierte Wasserstoffprozesskette f\u00fcr die Energiewende (Digi-HyPro)<\/span> <\/strong><\/p>\n\n\n\n<p>Neben der preisg\u00fcnstigen Erzeugung und <abbr title=\"gegebenenfalls\">ggf.<\/abbr> dem Transport spielt vor allem die sichere und langzeitstabile Speicherung von Wasserstoff eine zentrale Rolle, um gr\u00f6\u00dfere Fluktuationen zwischen der Energiegewinnung aus nachhaltigen Quellen und dem Bedarf auszugleichen. Die kontinuierliche Energieversorgung muss auch zur \u00dcberbr\u00fcckung l\u00e4ngerer Dunkelflauten zuverl\u00e4ssig sichergestellt werden, ohne auf fossile Energietr\u00e4ger angewiesen zu sein. Nicht zuletzt wird durch die Energiespeicherung auch ein Beitrag zur Energiesouver\u00e4nit\u00e4t von Deutschland und Europa geleistet. Energiefl\u00fcsse m\u00fcssen computergest\u00fctzt gesteuert werden, um die Dynamik der Netze und Speicher optimal aufeinander abzustimmen und damit die Energieversorgung f\u00fcr Strom und W\u00e4rme jederzeit zu gew\u00e4hrleisten.<br>Im Projekt Digi-HyPro soll die Entwicklung und Erprobung einer Smart-Energy-Transform-Box (SET-Box) realisiert werden. Ein solches System kann modular (und damit skalierbar) sowie dezentral an verschiedenen Stellen eingesetzt werden. Innerhalb der Box kann Wasserstoff durch einen Elektrolyseur erzeugt (Schnittstelle Ausspeisung aus Stromnetz) und nach Durchlaufen einer Membrantrocknung kompakt und sicher in einem Metallhydridspeicher gespeichert oder dem Erdgasnetz zugeleitet werden (Schnittstelle Einspeisung ins Gasnetz). Bei Bedarf kann der Wasserstoff aber auch aus dem Zwischenspeicher oder aus dem Gasnetz entnommen werden (Schnittstelle Extraktion aus Gasnetz). F\u00fcr die Entnahme aus dem Gasnetz sollen effiziente Polymer-basierte Membranen f\u00fcr die Grobtrennung von Erdgas und Wasserstoff und wiederum Metallhydride zur Feintrennung erprobt werden. Der Wasserstoff aus dem Zwischenspeicher oder dem Gasnetz kann neben der Brennstoffzelle auch \u00fcber Metallhydridkompressoren an andere Systeme auf einem h\u00f6heren Druckniveau abgegeben und beispielsweise zur Betankung von Fahrzeugen (LKW, PWK, Schiffe, <abbr title=\"et cetera\">etc.<\/abbr>) genutzt werden (Schnittstelle Mobilit\u00e4tsnetz). Die SET-Box erm\u00f6glicht somit Energie flexibel zu transformieren und kann netzdienlich und zuverl\u00e4ssig Strom-, Gas- und Mobilit\u00e4tsnetz effizient koppeln.<\/p>\n\n\n\n<p><strong>Umfang des SET-box-Systems im Laborma\u00dfstab (\u2264 10 kWel Leistung):<\/strong> Die SET-box wird derzeit entwickelt, um den Elektrolyseur, die Brennstoffzelle, den Metallhydridspeicher und den Metallhydridkompression zu integrieren und zu koppeln. F\u00fcr die Durchf\u00fchrung der Integration sind Systemsimulationen zusammen mit experimenteller Kopplung ein integraler Bestandteil der laufenden Arbeiten. Das vereinfachte Diagramm zeigt Bilder der Versuchsaufbauten im Laborma\u00dfstab. Dieser Ma\u00dfstab dient der weiteren Optimierung der Metallhydrid-basierten Einheiten sowie der Wasserstoff- und W\u00e4rmemanagementstrategien. In einem sp\u00e4teren Schritt werden weitere Komponenten als Teil der Setbox betrachtet, wie z. B. Gasseparationseinheiten um das System mit dem Gasnetz zu koppeln.<\/p>\n\n\n<div class=\"wp-block-image is-style-default\">\n<figure class=\"aligncenter size-full\"><img loading=\"lazy\" decoding=\"async\" width=\"516\" height=\"233\" src=\"https:\/\/www.hsu-hh.de\/awt\/wp-content\/uploads\/sites\/866\/2023\/02\/scale-10-1.jpg\" data-credit=\"Julian P.\/ Myriam C.G.\" alt=\"\" class=\"wp-image-1134\" srcset=\"https:\/\/www.hsu-hh.de\/awt\/wp-content\/uploads\/sites\/866\/2023\/02\/scale-10-1.jpg 516w, https:\/\/www.hsu-hh.de\/awt\/wp-content\/uploads\/sites\/866\/2023\/02\/scale-10-1-300x135.jpg 300w\" sizes=\"auto, (max-width: 516px) 100vw, 516px\" \/><\/figure>\n<\/div>\n\n\n<p><strong>Wasserstoffspeicherung<\/strong>: Ein Prototyp eines Metallhydridspeichers wurde entwickelt, um eine Machbarkeitsstudie durchzuf\u00fchren und um weitere Aspekte der Wasserstoffspeicherung in fester Form zu untersuchen. Der Prototyp wurde konzipiert, 15 kg einer hydridbildenden Legierung zu fassen und ist f\u00fcr den Betrieb unter gem\u00e4\u00dfigten Bedingungen, d. h. unter Raumtemperatur und niedrigen Dr\u00fccken (\u2264 35 bar) ausgelegt. Diese Bedingungen erf\u00fcllen die Vorraussetzung zur Kopplung des Speichers mit Niederdruckelektrolyseuren und Raumtemperatur-Brennstoffzellen. Sowohl der Versuchsaufbau als auch der digitale Zwilling werden parallel entwickelt, um eine der vielversprechendsten Wasserstoff-Speichertechnologien zu untersuchen und zu optimieren.<\/p>\n\n\n<div class=\"wp-block-image is-style-default\">\n<figure class=\"aligncenter size-full is-resized\"><img loading=\"lazy\" decoding=\"async\" width=\"454\" height=\"267\" src=\"https:\/\/www.hsu-hh.de\/awt\/wp-content\/uploads\/sites\/866\/2023\/02\/Hydrogen_storage-1.png\" data-credit=\"Julian P.\" alt=\"\" class=\"wp-image-1133\" style=\"width:454px;height:267px\" srcset=\"https:\/\/www.hsu-hh.de\/awt\/wp-content\/uploads\/sites\/866\/2023\/02\/Hydrogen_storage-1.png 454w, https:\/\/www.hsu-hh.de\/awt\/wp-content\/uploads\/sites\/866\/2023\/02\/Hydrogen_storage-1-300x176.png 300w\" sizes=\"auto, (max-width: 454px) 100vw, 454px\" \/><\/figure>\n<\/div>\n\n\n<p><strong>Wasserstoffkompression<\/strong>: Im Rahmen des Projekts werden auch Prototypen von Metallhydrid-Kompressoren entwickelt. In diesem Fall wurde der erste Ansatz f\u00fcr einen zweistufigen Kompressor mit etwa 1 kg hydridbildender Legierung in jeder Stufe konzipiert. Der zweite Prototyp wird in jeder Stufe etwa 20 kg einer hydridbildenden Legierung enthalten. Der Druckbereich des Kompressors soll es erm\u00f6glichen Wasserstoff mit 350 bar f\u00fcr die Betankung von Lastkraftwagen zur Verf\u00fcgung zu stellen.<\/p>\n\n\n<div class=\"wp-block-image is-style-default\">\n<figure class=\"aligncenter size-full\"><img loading=\"lazy\" decoding=\"async\" width=\"471\" height=\"239\" src=\"https:\/\/www.hsu-hh.de\/awt\/wp-content\/uploads\/sites\/866\/2023\/02\/Hydrogen_compression-1.png\" data-credit=\"Julian P.\" alt=\"\" class=\"wp-image-1132\" srcset=\"https:\/\/www.hsu-hh.de\/awt\/wp-content\/uploads\/sites\/866\/2023\/02\/Hydrogen_compression-1.png 471w, https:\/\/www.hsu-hh.de\/awt\/wp-content\/uploads\/sites\/866\/2023\/02\/Hydrogen_compression-1-300x152.png 300w\" sizes=\"auto, (max-width: 471px) 100vw, 471px\" \/><\/figure>\n<\/div>\n\n\n<div style=\"height:20px\" aria-hidden=\"true\" class=\"wp-block-spacer\"><\/div>\n\n\n\n<p><strong>Laufzeit:<\/strong> 10\/2020 \u2013 12\/2026<\/p>\n\n\n\n<div class=\"wp-block-columns is-layout-flex wp-container-core-columns-is-layout-9d6595d7 wp-block-columns-is-layout-flex\">\n<div class=\"wp-block-column is-layout-flow wp-block-column-is-layout-flow\">\n<p><strong>Gef\u00f6rdert durch<\/strong>:<\/p>\n<\/div>\n\n\n\n<div class=\"wp-block-column is-layout-flow wp-block-column-is-layout-flow\">\n<p><a href=\"https:\/\/dtecbw.de\/home\/forschung\/hsu\/projekt-digi-hypro\" data-type=\"URL\" data-id=\"https:\/\/dtecbw.de\/home\/forschung\/hsu\/projekt-digi-hypro\" target=\"_blank\" rel=\"noreferrer noopener\">Zentrum f\u00fcr Digitalisierungs- und Technologieforschung der Bundeswehr (dtec.bw)<\/a><\/p>\n\n\n<div class=\"wp-block-image is-style-default\">\n<figure class=\"alignleft size-full is-resized\"><img loading=\"lazy\" decoding=\"async\" width=\"400\" height=\"122\" src=\"https:\/\/www.hsu-hh.de\/awt\/wp-content\/uploads\/sites\/866\/2022\/04\/dtec.png\" data-credit=\"dtec.bw Zentrum f\u00fcr Digitalisierungs- und Technologieforschung\" alt=\"dtec\" class=\"wp-image-167\" style=\"width:200px;height:61px\" srcset=\"https:\/\/www.hsu-hh.de\/awt\/wp-content\/uploads\/sites\/866\/2022\/04\/dtec.png 400w, https:\/\/www.hsu-hh.de\/awt\/wp-content\/uploads\/sites\/866\/2022\/04\/dtec-300x92.png 300w\" sizes=\"auto, (max-width: 400px) 100vw, 400px\" \/><\/figure>\n<\/div><\/div>\n<\/div>\n\n\n\n<div class=\"wp-block-columns is-layout-flex wp-container-core-columns-is-layout-9d6595d7 wp-block-columns-is-layout-flex\">\n<div class=\"wp-block-column is-layout-flow wp-block-column-is-layout-flow\">\n<p><strong>Projektpartner:<\/strong><\/p>\n<\/div>\n\n\n\n<div class=\"wp-block-column is-layout-flow wp-block-column-is-layout-flow\" style=\"flex-basis:50%\">\n<ul class=\"wp-block-list\">\n<li><a href=\"https:\/\/www.hereon.de\/index.php.de\" rel='nofollow'>Helmholtz-Zentrum Hereon<\/a>\n<ul class=\"wp-block-list\">\n<li><a href=\"https:\/\/www.hereon.de\/institutes\/hydrogen_technology\/index.php.de\" rel='nofollow'>Institut f\u00fcr Wasserstofftechnologie<\/a><\/li>\n\n\n\n<li><a href=\"https:\/\/www.hereon.de\/institutes\/membrane_research\/index.php.de\" rel='nofollow'>Institut f\u00fcr Polymerforschung<\/a><\/li>\n<\/ul>\n<\/li>\n\n\n\n<li><a href=\"https:\/\/www.dlr.de\/ve\/\" rel='nofollow'>Deutsches Zentrum f\u00fcr Luft- und Raumfahrt, Institut f\u00fcr Vernetzte Energiesysteme<\/a><\/li>\n\n\n\n<li><a href=\"https:\/\/www.tuhh.de\/iue\/home.html\" rel='nofollow'>Technische Universit\u00e4t Hamburg, Institut f\u00fcr Umwelttechnik und Energiewirtschaft<\/a><\/li>\n<\/ul>\n<\/div>\n<\/div>\n\n\n\n<div class=\"wp-block-columns is-layout-flex wp-container-core-columns-is-layout-9d6595d7 wp-block-columns-is-layout-flex\">\n<div class=\"wp-block-column is-layout-flow wp-block-column-is-layout-flow\">\n<figure class=\"wp-block-image size-full is-resized\"><a href=\"https:\/\/www.hereon.de\/index.php.de\" rel='nofollow'><img loading=\"lazy\" decoding=\"async\" width=\"364\" height=\"138\" src=\"https:\/\/www.hsu-hh.de\/awt\/wp-content\/uploads\/sites\/866\/2022\/04\/hereon.png\" data-credit=\"Helmholtz-Zentrum hereon GmbH\" alt=\"\" class=\"wp-image-164\" style=\"width:287px;height:109px\" srcset=\"https:\/\/www.hsu-hh.de\/awt\/wp-content\/uploads\/sites\/866\/2022\/04\/hereon.png 364w, https:\/\/www.hsu-hh.de\/awt\/wp-content\/uploads\/sites\/866\/2022\/04\/hereon-300x114.png 300w\" sizes=\"auto, (max-width: 364px) 100vw, 364px\" \/><\/a><\/figure>\n<\/div>\n\n\n\n<div class=\"wp-block-column is-layout-flow wp-block-column-is-layout-flow\">\n<figure class=\"wp-block-image size-full is-resized\"><a href=\"https:\/\/www.tuhh.de\/iue\/home.html\" rel='nofollow'><img loading=\"lazy\" decoding=\"async\" width=\"358\" height=\"98\" src=\"https:\/\/www.hsu-hh.de\/awt\/wp-content\/uploads\/sites\/866\/2022\/04\/tuhh.png\" data-credit=\"\" alt=\"\" class=\"wp-image-165\" style=\"width:336px;height:92px\" srcset=\"https:\/\/www.hsu-hh.de\/awt\/wp-content\/uploads\/sites\/866\/2022\/04\/tuhh.png 358w, https:\/\/www.hsu-hh.de\/awt\/wp-content\/uploads\/sites\/866\/2022\/04\/tuhh-300x82.png 300w\" sizes=\"auto, (max-width: 358px) 100vw, 358px\" \/><\/a><\/figure>\n\n\n\n<p><\/p>\n<\/div>\n\n\n\n<div class=\"wp-block-column is-layout-flow wp-block-column-is-layout-flow\">\n<figure class=\"wp-block-image size-full is-resized\"><a href=\"\/\/www.dlr.de\/ve\/\" rel='nofollow'><img loading=\"lazy\" decoding=\"async\" width=\"339\" height=\"233\" src=\"https:\/\/www.hsu-hh.de\/awt\/wp-content\/uploads\/sites\/866\/2022\/04\/dlr.png\" data-credit=\"Deutsche Zentrum f\u00fcr Luft- und Raumfahrt e. V. \" alt=\"\" class=\"wp-image-166\" style=\"width:172px;height:118px\" srcset=\"https:\/\/www.hsu-hh.de\/awt\/wp-content\/uploads\/sites\/866\/2022\/04\/dlr.png 339w, https:\/\/www.hsu-hh.de\/awt\/wp-content\/uploads\/sites\/866\/2022\/04\/dlr-300x206.png 300w\" sizes=\"auto, (max-width: 339px) 100vw, 339px\" \/><\/a><\/figure>\n\n\n\n<p><\/p>\n<\/div>\n<\/div>\n\n\n\n<div class=\"wp-block-columns is-layout-flex wp-container-core-columns-is-layout-9d6595d7 wp-block-columns-is-layout-flex\">\n<div class=\"wp-block-column is-layout-flow wp-block-column-is-layout-flow\" style=\"flex-basis:33.33%\">\n<p><strong>Kontakt<\/strong>:<\/p>\n<\/div>\n\n\n\n<div class=\"wp-block-column is-layout-flow wp-block-column-is-layout-flow\" style=\"flex-basis:66.66%\">\n<p><a href=\"https:\/\/www.hsu-hh.de\/awt\/puszkiel\/\" data-type=\"page\" data-id=\"237\"><abbr title=\"Doktor\">Dr.<\/abbr> Juli\u00e1n Puszkiel<\/a><\/p>\n<\/div>\n<\/div>\n","protected":false},"excerpt":{"rendered":"<p>Digitalisierte Wasserstoffprozesskette f\u00fcr die Energiewende (Digi-HyPro) Neben der preisg\u00fcnstigen Erzeugung und ggf. dem Transport spielt vor allem die sichere und langzeitstabile Speicherung von Wasserstoff eine zentrale Rolle, um gr\u00f6\u00dfere Fluktuationen [&hellip;]<\/p>\n","protected":false},"author":3340,"featured_media":0,"parent":155,"menu_order":0,"comment_status":"closed","ping_status":"closed","template":"","meta":{"footnotes":""},"categories":[4],"tags":[],"class_list":["post-160","page","type-page","status-publish","hentry","category-forschung"],"_links":{"self":[{"href":"https:\/\/www.hsu-hh.de\/awt\/wp-json\/wp\/v2\/pages\/160","targetHints":{"allow":["GET"]}}],"collection":[{"href":"https:\/\/www.hsu-hh.de\/awt\/wp-json\/wp\/v2\/pages"}],"about":[{"href":"https:\/\/www.hsu-hh.de\/awt\/wp-json\/wp\/v2\/types\/page"}],"author":[{"embeddable":true,"href":"https:\/\/www.hsu-hh.de\/awt\/wp-json\/wp\/v2\/users\/3340"}],"replies":[{"embeddable":true,"href":"https:\/\/www.hsu-hh.de\/awt\/wp-json\/wp\/v2\/comments?post=160"}],"version-history":[{"count":16,"href":"https:\/\/www.hsu-hh.de\/awt\/wp-json\/wp\/v2\/pages\/160\/revisions"}],"predecessor-version":[{"id":2035,"href":"https:\/\/www.hsu-hh.de\/awt\/wp-json\/wp\/v2\/pages\/160\/revisions\/2035"}],"up":[{"embeddable":true,"href":"https:\/\/www.hsu-hh.de\/awt\/wp-json\/wp\/v2\/pages\/155"}],"wp:attachment":[{"href":"https:\/\/www.hsu-hh.de\/awt\/wp-json\/wp\/v2\/media?parent=160"}],"wp:term":[{"taxonomy":"category","embeddable":true,"href":"https:\/\/www.hsu-hh.de\/awt\/wp-json\/wp\/v2\/categories?post=160"},{"taxonomy":"post_tag","embeddable":true,"href":"https:\/\/www.hsu-hh.de\/awt\/wp-json\/wp\/v2\/tags?post=160"}],"curies":[{"name":"wp","href":"https:\/\/api.w.org\/{rel}","templated":true}]}}