{"id":112,"date":"2018-01-17T14:06:36","date_gmt":"2018-01-17T13:06:36","guid":{"rendered":"https:\/\/www.hsu-hh.de\/vorlage\/?page_id=112"},"modified":"2022-07-26T10:18:49","modified_gmt":"2022-07-26T08:18:49","slug":"forschung","status":"publish","type":"page","link":"https:\/\/www.hsu-hh.de\/awt\/forschung\/","title":{"rendered":"Forschung"},"content":{"rendered":"<script>\tvar sosereDefaults = {\"allowfullscreen\":true,\"fit\":\"contain\",\"transition\":\"crossfade\",\"loop\":true,\"autoplay\":\"3000\",\"stopautoplayontouch\":true,\"keyboard\":true,\"nav\":\"thumbs\"}<\/script><div class='sosere--wp' data-ids='153,293'data-link='file'data-itemtag='dl'data-icontag='dt'data-captiontag='dd'data-columns='0'data-size='large'data-width='1024'data-auto='false'data-max-width='100%'data-ratio='1.4992679355783'><div id='gallery-1' class='gallery galleryid-112 gallery-columns-0 gallery-size-thumbnail'><dl class='gallery-item'>\n\t\t\t<dt class='gallery-icon landscape'>\n\t\t\t\t<a href='https:\/\/www.hsu-hh.de\/awt\/wp-content\/uploads\/sites\/866\/2022\/04\/Forschung_1-1024x683.jpg' data-full='https:\/\/www.hsu-hh.de\/awt\/wp-content\/uploads\/sites\/866\/2022\/04\/Forschung_1.jpg' data-credit=\"Foto: Hereon \/ Christian Schmid\"><img loading=\"lazy\" decoding=\"async\" width=\"150\" height=\"150\" src=\"https:\/\/www.hsu-hh.de\/awt\/wp-content\/uploads\/sites\/866\/2022\/04\/Forschung_1-150x150.jpg\" class=\"attachment-thumbnail size-thumbnail\" alt=\"Wasserstoffsystemlabor\" aria-describedby=\"gallery-1-153\" srcset=\"https:\/\/www.hsu-hh.de\/awt\/wp-content\/uploads\/sites\/866\/2022\/04\/Forschung_1-150x150.jpg 150w, https:\/\/www.hsu-hh.de\/awt\/wp-content\/uploads\/sites\/866\/2022\/04\/Forschung_1-100x100.jpg 100w\" sizes=\"auto, (max-width: 150px) 100vw, 150px\" \/><\/a>\n\t\t\t<\/dt>\n\t\t\t\t<dd class='wp-caption-text gallery-caption' id='gallery-1-153'>\n\t\t\t\tWasserstoffsystemlabor zur Charakterisierung und Kopplung eines Wasserstoffspeichers mit einem Brennstoffzellen- oder Elektrolysesystems\n\t\t\t\t<\/dd><\/dl><dl class='gallery-item'>\n\t\t\t<dt class='gallery-icon landscape'>\n\t\t\t\t<a href='https:\/\/www.hsu-hh.de\/awt\/wp-content\/uploads\/sites\/866\/2022\/04\/Forschung_0-1024x683.jpg' data-full='https:\/\/www.hsu-hh.de\/awt\/wp-content\/uploads\/sites\/866\/2022\/04\/Forschung_0.jpg' data-credit=\"Foto: Hereon \/ Christian Schmid\"><img loading=\"lazy\" decoding=\"async\" width=\"150\" height=\"150\" src=\"https:\/\/www.hsu-hh.de\/awt\/wp-content\/uploads\/sites\/866\/2022\/04\/Forschung_0-150x150.jpg\" class=\"attachment-thumbnail size-thumbnail\" alt=\"Metallhydridlegierung\" aria-describedby=\"gallery-1-293\" srcset=\"https:\/\/www.hsu-hh.de\/awt\/wp-content\/uploads\/sites\/866\/2022\/04\/Forschung_0-150x150.jpg 150w, https:\/\/www.hsu-hh.de\/awt\/wp-content\/uploads\/sites\/866\/2022\/04\/Forschung_0-100x100.jpg 100w\" sizes=\"auto, (max-width: 150px) 100vw, 150px\" \/><\/a>\n\t\t\t<\/dt>\n\t\t\t\t<dd class='wp-caption-text gallery-caption' id='gallery-1-293'>\n\t\t\t\tEine Metallhydridlegierung auf Basis von Titan-Eisen-Mangan in loser Pulversch\u00fcttung und als gepresstes Pellet\n\t\t\t\t<\/dd><\/dl>\n\t\t<\/div>\n<\/div>\n\n\n<p>Eine wesentliche Herausforderung f\u00fcr die erfolgreiche Implementierung der Wasserstofftechnologie ist die <strong>Speicherung von Wasserstoff<\/strong>. An der Professur f\u00fcr Angewandte Werkstofftechnik m\u00f6chten wir dazu beitragen technisch effiziente und sichere sowie wirtschaftliche L\u00f6sungen zu entwickeln. Wir arbeiten deshalb an wissenschaftlichen Fragestellungen f\u00fcr mobile und station\u00e4re Wasserstoffspeicher auf Basis von Metallhydriden sowie deren Integration in bestehende Anwendungsstrukturen. Diese Forschung zeichnet sich durch eine hohe Interdisziplinarit\u00e4t <abbr title=\"unter anderem\">u.a.<\/abbr> aus den Bereichen Werkstofftechnik, physikalische Chemie, Anlagenbau, Verfahrenstechnik und Wirtschaftswissenschaften aus und schlie\u00dft grundlegende experimentelle Arbeiten im Laborma\u00dfstab und die Erfassung von Daten aus realen Aufbauten von Testanlagen inklusive Sicherheitskonzepte mit ein. Wir versuchen mit unser Forschung die Br\u00fccke zwischen der grundlegenden Material- und Legierungsentwicklung hin zu der konkreten Anwendung in einem PKW, Schiff oder im Rahmen der Sektorkopplung zu schlagen und so ein wissenschaftliches Verst\u00e4ndnis der damit zusammenh\u00e4ngenden Fragen bei der Hochskalierung vom Labor- zum Prototypenma\u00dfstab zu erlangen. Komplement\u00e4r erg\u00e4nzt werden diese experimentellen Arbeiten durch computerbasierte Simulation (<em>engl<\/em>. digital twin) auf Komponenten- (Finite Elemente Methoden und Multiphysik-Simulationen) und Systemebene (Systemsimulation).<\/p>\n\n\n\n<p><br>Das Ziel unserer Forschung ist, ein tieferes wissenschaftliches Verst\u00e4ndnis f\u00fcr Materialien und Prozesse im Themenbereich Wasserstoffspeicherung zu erlangen und dieses Wissen mit dem Verhalten im Gesamtsystem zu verkn\u00fcpfen. Aus dem Zusammenspiel von in-situ-Experimenten und Simulationen \u00fcber die gesamte Wertsch\u00f6pfungskette sollen von der gew\u00fcnschten Anwendung unmittelbar R\u00fcckschl\u00fcsse auf die erforderlichen Materialkennwerte und das Speicherdesign m\u00f6glich werden.<\/p>\n\n\n\n<div style=\"height:39px\" aria-hidden=\"true\" class=\"wp-block-spacer\"><\/div>\n\n\n\n<div class=\"wp-block-columns is-layout-flex wp-container-core-columns-is-layout-9d6595d7 wp-block-columns-is-layout-flex\">\n<div class=\"wp-block-column is-layout-flow wp-block-column-is-layout-flow\">\n<p class=\"has-text-align-center has-grey-background-color has-background\"><a href=\"https:\/\/www.hsu-hh.de\/awt\/projekte\/\" data-type=\"page\" data-id=\"155\">Projekte<\/a><\/p>\n<\/div>\n\n\n\n<div class=\"wp-block-column is-layout-flow wp-block-column-is-layout-flow\">\n<p class=\"has-text-align-center has-grey-background-color has-background\"><a href=\"https:\/\/www.hsu-hh.de\/awt\/veroeffentlichungen\/\" data-type=\"page\" data-id=\"189\">Ver\u00f6ffentlichungen<\/a><\/p>\n<\/div>\n\n\n\n<div class=\"wp-block-column is-layout-flow wp-block-column-is-layout-flow\">\n<p class=\"has-text-align-center has-grey-background-color has-background\"><a href=\"https:\/\/www.hsu-hh.de\/awt\/kollaborationen\/\" data-type=\"page\" data-id=\"280\">Kollaborationen<\/a><\/p>\n<\/div>\n<\/div>\n","protected":false},"excerpt":{"rendered":"<p>Eine wesentliche Herausforderung f\u00fcr die erfolgreiche Implementierung der Wasserstofftechnologie ist die Speicherung von Wasserstoff. An der Professur f\u00fcr Angewandte Werkstofftechnik m\u00f6chten wir dazu beitragen technisch effiziente und sichere sowie wirtschaftliche [&hellip;]<\/p>\n","protected":false},"author":26,"featured_media":0,"parent":0,"menu_order":0,"comment_status":"closed","ping_status":"closed","template":"","meta":{"footnotes":""},"categories":[4],"tags":[],"class_list":["post-112","page","type-page","status-publish","hentry","category-forschung"],"_links":{"self":[{"href":"https:\/\/www.hsu-hh.de\/awt\/wp-json\/wp\/v2\/pages\/112","targetHints":{"allow":["GET"]}}],"collection":[{"href":"https:\/\/www.hsu-hh.de\/awt\/wp-json\/wp\/v2\/pages"}],"about":[{"href":"https:\/\/www.hsu-hh.de\/awt\/wp-json\/wp\/v2\/types\/page"}],"author":[{"embeddable":true,"href":"https:\/\/www.hsu-hh.de\/awt\/wp-json\/wp\/v2\/users\/26"}],"replies":[{"embeddable":true,"href":"https:\/\/www.hsu-hh.de\/awt\/wp-json\/wp\/v2\/comments?post=112"}],"version-history":[{"count":12,"href":"https:\/\/www.hsu-hh.de\/awt\/wp-json\/wp\/v2\/pages\/112\/revisions"}],"predecessor-version":[{"id":986,"href":"https:\/\/www.hsu-hh.de\/awt\/wp-json\/wp\/v2\/pages\/112\/revisions\/986"}],"wp:attachment":[{"href":"https:\/\/www.hsu-hh.de\/awt\/wp-json\/wp\/v2\/media?parent=112"}],"wp:term":[{"taxonomy":"category","embeddable":true,"href":"https:\/\/www.hsu-hh.de\/awt\/wp-json\/wp\/v2\/categories?post=112"},{"taxonomy":"post_tag","embeddable":true,"href":"https:\/\/www.hsu-hh.de\/awt\/wp-json\/wp\/v2\/tags?post=112"}],"curies":[{"name":"wp","href":"https:\/\/api.w.org\/{rel}","templated":true}]}}