{"id":794,"date":"2018-03-20T11:09:23","date_gmt":"2018-03-20T10:09:23","guid":{"rendered":"https:\/\/www.hsu-hh.de\/aut\/?page_id=794"},"modified":"2022-05-24T10:40:58","modified_gmt":"2022-05-24T08:40:58","slug":"entwicklung-eines-intelligenten-analyse-und-optimierungssystems-auf-basis-eines-digitalen-prozess-zwillings-zur-steigerung-der-produktivitaet-bei-der-fraesbearbeitung-komplexer-bauteile-aus-hochleist","status":"publish","type":"page","link":"https:\/\/www.hsu-hh.de\/aut\/forschung\/forschungsthemen\/entwicklung-eines-intelligenten-analyse-und-optimierungssystems-auf-basis-eines-digitalen-prozess-zwillings-zur-steigerung-der-produktivitaet-bei-der-fraesbearbeitung-komplexer-bauteile-aus-hochleist","title":{"rendered":"Entwicklung eines Digitalen-Prozess-Zwillings als Grundlage f\u00fcr Analyse-, Optimierungs- und Dokumentationsprozesse in der Zerspanungstechnik"},"content":{"rendered":"<p>Die stetig wachsenden Anforderungen an die Fertigungsindustrie im Hinblick auf Individualit\u00e4t, Qualit\u00e4t und Produktgew\u00e4hrleistung stellen f\u00fcr klein und mittelst\u00e4ndische Unternehmen eine gro\u00dfe Herausforderung dar. Die Digitalisierung von Prozessen innerhalb der gesamten Wertsch\u00f6pfungskette erm\u00f6glicht das Abbilden des Produktlebenszyklus vom Konzept \u00fcber die Entwicklung und Fertigung bis hin zum Recycling. Prozesse k\u00f6nnen detailliert dekomponiert werden und erm\u00f6glichen im Rahmen der Digitalisierung Ans\u00e4tze, die den <abbr title=\"oben genannt\">o.g.<\/abbr> Anforderungen <abbr title=\"zum Beispiel\">z.B.<\/abbr> durch datengetriebenen Prozessoptimierung gerecht werden.<\/p>\n<p>Die intelligente Aufbereitung und Auswertung von bereits vorhandenen Prozessdaten zu einem Informationsmodell, dem sogenannten Digitalen-Prozess-Zwilling, stellt einen innovativen Ansatz zur Interpretation von Prozessabl\u00e4ufen dar. Die so gewonnenen Erkenntnisse k\u00f6nnen zur Prozessoptimierung herangezogen werden. Des Weiteren bietet dieser Ansatz eine vereinfachte M\u00f6glichkeit den Anforderungen zur Dokumentationspflicht nachzukommen.<\/p>\n<p>In Zusammenarbeit mit der Technischen Universit\u00e4t Dresden (TUD), Quality Park Aviation Center <abbr title=\"Gesellschaft mit beschr\u00e4nkter Haftung\">GmbH<\/abbr> (QPAC) und Precision Mechanics Group <abbr title=\"Gesellschaft mit beschr\u00e4nkter Haftung\">GmbH<\/abbr> (PMG) wurde im Rahmen eines Forschungsvorhabens die Entwicklung eines Digitalen-Prozess-Zwillings in der Fr\u00e4sbearbeitung untersucht.<\/p>\n<p>Heutige Soft- und Hardwarel\u00f6sungen in der CNC-Technik erm\u00f6glichen die Datenerfassung w\u00e4hrend eines laufenden Bearbeitungsprozesses. Der Digitale-Prozess-Zwilling repr\u00e4sentiert somit die Entstehung des Bauteils. Neben den Prozessdaten aus der Bearbeitung wurden weitere dem Produktentwicklungsprozess zugeh\u00f6rigen Daten aus verschiedenen Bereichen der Wertsch\u00f6pfung extrahiert und im Digitalen-Prozess-Zwilling vereint. F\u00fcr jedes Bauteil wurde somit ein individueller einzigartiger Digitaler-Prozess-Zwilling erzeugt.<\/p>\n<p>Die gewonnenen Erkenntnisse zur Erstellung dieser Digitalen-Prozess-Zwillinge wurden an industriellen Praxisbeispielen validiert und auf deren praktische Anwendbarkeit untersucht.<\/p>\n<p>Seitens der Helmut-Schmidt-Universit\u00e4t \/ Universit\u00e4t der Bundeswehr Hamburg wurde das Projekt durch Herrn Christian Corinth, M. Sc. und Frau Birte Caesar, <abbr title=\"Master of Science\">M.Sc.<\/abbr> bearbeitet.<\/p>\n\n\n<figure class=\"wp-block-image size-large is-resized\"><img loading=\"lazy\" decoding=\"async\" src=\"https:\/\/www.hsu-hh.de\/aut\/wp-content\/uploads\/sites\/670\/2021\/12\/BMWi_Fz_2017_Office_Farbe_de-8-995x1024.png\" data-credit=\"Bundesministerium f\u00fcr Wirtschaft und Klimaschutz\" alt=\"Gef\u00f6rdert durch das Bundesministerium f\u00fcr Wirtschaft und Klimaschutz\" class=\"wp-image-2774\" width=\"172\" height=\"177\" srcset=\"https:\/\/www.hsu-hh.de\/aut\/wp-content\/uploads\/sites\/670\/2021\/12\/BMWi_Fz_2017_Office_Farbe_de-8-995x1024.png 995w, https:\/\/www.hsu-hh.de\/aut\/wp-content\/uploads\/sites\/670\/2021\/12\/BMWi_Fz_2017_Office_Farbe_de-8-291x300.png 291w, https:\/\/www.hsu-hh.de\/aut\/wp-content\/uploads\/sites\/670\/2021\/12\/BMWi_Fz_2017_Office_Farbe_de-8-768x791.png 768w, https:\/\/www.hsu-hh.de\/aut\/wp-content\/uploads\/sites\/670\/2021\/12\/BMWi_Fz_2017_Office_Farbe_de-8-1100x1132.png 1100w, https:\/\/www.hsu-hh.de\/aut\/wp-content\/uploads\/sites\/670\/2021\/12\/BMWi_Fz_2017_Office_Farbe_de-8.png 1360w\" sizes=\"auto, (max-width: 172px) 100vw, 172px\" \/><\/figure>\n\n\n\n<p><\/p>\n","protected":false},"excerpt":{"rendered":"<p>Die stetig wachsenden Anforderungen an die Fertigungsindustrie im Hinblick auf Individualit\u00e4t, Qualit\u00e4t und Produktgew\u00e4hrleistung stellen f\u00fcr klein und mittelst\u00e4ndische Unternehmen eine gro\u00dfe Herausforderung dar. Die Digitalisierung von Prozessen innerhalb der [&hellip;]<\/p>\n","protected":false},"author":86,"featured_media":0,"parent":164,"menu_order":0,"comment_status":"closed","ping_status":"closed","template":"","meta":{"footnotes":""},"categories":[4],"tags":[],"class_list":["post-794","page","type-page","status-publish","hentry","category-forschung"],"_links":{"self":[{"href":"https:\/\/www.hsu-hh.de\/aut\/wp-json\/wp\/v2\/pages\/794","targetHints":{"allow":["GET"]}}],"collection":[{"href":"https:\/\/www.hsu-hh.de\/aut\/wp-json\/wp\/v2\/pages"}],"about":[{"href":"https:\/\/www.hsu-hh.de\/aut\/wp-json\/wp\/v2\/types\/page"}],"author":[{"embeddable":true,"href":"https:\/\/www.hsu-hh.de\/aut\/wp-json\/wp\/v2\/users\/86"}],"replies":[{"embeddable":true,"href":"https:\/\/www.hsu-hh.de\/aut\/wp-json\/wp\/v2\/comments?post=794"}],"version-history":[{"count":4,"href":"https:\/\/www.hsu-hh.de\/aut\/wp-json\/wp\/v2\/pages\/794\/revisions"}],"predecessor-version":[{"id":3114,"href":"https:\/\/www.hsu-hh.de\/aut\/wp-json\/wp\/v2\/pages\/794\/revisions\/3114"}],"up":[{"embeddable":true,"href":"https:\/\/www.hsu-hh.de\/aut\/wp-json\/wp\/v2\/pages\/164"}],"wp:attachment":[{"href":"https:\/\/www.hsu-hh.de\/aut\/wp-json\/wp\/v2\/media?parent=794"}],"wp:term":[{"taxonomy":"category","embeddable":true,"href":"https:\/\/www.hsu-hh.de\/aut\/wp-json\/wp\/v2\/categories?post=794"},{"taxonomy":"post_tag","embeddable":true,"href":"https:\/\/www.hsu-hh.de\/aut\/wp-json\/wp\/v2\/tags?post=794"}],"curies":[{"name":"wp","href":"https:\/\/api.w.org\/{rel}","templated":true}]}}