{"id":740,"date":"2018-03-12T11:33:18","date_gmt":"2018-03-12T10:33:18","guid":{"rendered":"https:\/\/www.hsu-hh.de\/aut\/?page_id=740"},"modified":"2021-12-13T12:23:03","modified_gmt":"2021-12-13T11:23:03","slug":"agent-pro-agentenbasierte-steuerung-der-produktionslogistik","status":"publish","type":"page","link":"https:\/\/www.hsu-hh.de\/aut\/forschung\/forschungsthemen\/agent-pro-agentenbasierte-steuerung-der-produktionslogistik","title":{"rendered":"Agent.Pro: Agentenbasierte Steuerung der Produktionslogistik"},"content":{"rendered":"<p>Im ZIM-Projekt Agent.Pro wurde ein Konzept zur effizienten und termingerechten Steuerung von Produktions- und Logistikabl\u00e4ufen erforscht, welches auch auf kurzfristige Ver\u00e4nderungen reagieren kann. Die Projektpartner A&amp;T Solution GmbH (Nordenham), Helmut Schmidt Universit\u00e4t \/ Universit\u00e4t der Bundeswehr Hamburg (HSU), Professur f\u00fcr Automatisierungstechnik, und Hochschule f\u00fcr Angewandte Wissenschaften Hamburg (HAW), Business Innovation Laboratory, entwickelten hierzu eine L\u00f6sung, die auf den Konzepten IoT (\u201eInternet of Things\u201c) und Software-Agenten basiert. Mit Hilfe einer Mikro-Controller- und WLAN-basierten Standortsermittlung (HAW) sowie einer digitalen Repr\u00e4sentation in Form von Agenten (HSU), werden die logistischen Objekte intelligenter, k\u00f6nnen ihren eigenen Zustand feststellen, Planabweichungen erkennen und Plan\u00e4nderungen berechnen und vorschlagen.<\/p>\n<p>Die Implementierung erfolgte dabei \u00fcber den Ansatz einer Service-orientierten IT-Architektur. Dadurch wird sichergestellt, dass die L\u00f6sung leicht in bestehende IT-Landschaften und Wertsch\u00f6pfungsnetzwerke integriert werden kann.<\/p>\n<p>Seitens der HSU wurde das Projekt bearbeitet durch Herrn <a href=\"https:\/\/www.hsu-hh.de\/aut\/team\">Felix Gehlhoff, M.Sc.<\/a><\/p>\n<p>Agent.Pro ist Teil des ZIM- Netzwerks f\u00fcr intelligente Produktionstechnologie (InPro), siehe www.inpro-netzwerk.de, und wurde, auf Beschluss des deutschen Bundestags, vom Bundesministerium f\u00fcr Wirtschaft und Energie unter den F\u00f6rderkennzeichen 16KN069722 \/ 16KN069722 \/ 16KN069722 gef\u00f6rdert.<\/p>\n<p>Projektzeitraum: 08\/2017-01\/2020<\/p>\n<p>\u00a0<\/p>\n\n\n<figure class=\"wp-block-image size-large is-resized\"><img loading=\"lazy\" decoding=\"async\" src=\"https:\/\/www.hsu-hh.de\/aut\/wp-content\/uploads\/sites\/670\/2021\/12\/BMWi_Fz_2017_Office_Farbe_de-8-995x1024.png\" data-credit=\"Bundesministerium f\u00fcr Wirtschaft und Klimaschutz\" alt=\"\" class=\"wp-image-2774\" width=\"222\" height=\"228\" srcset=\"https:\/\/www.hsu-hh.de\/aut\/wp-content\/uploads\/sites\/670\/2021\/12\/BMWi_Fz_2017_Office_Farbe_de-8-995x1024.png 995w, https:\/\/www.hsu-hh.de\/aut\/wp-content\/uploads\/sites\/670\/2021\/12\/BMWi_Fz_2017_Office_Farbe_de-8-291x300.png 291w, https:\/\/www.hsu-hh.de\/aut\/wp-content\/uploads\/sites\/670\/2021\/12\/BMWi_Fz_2017_Office_Farbe_de-8-768x791.png 768w, https:\/\/www.hsu-hh.de\/aut\/wp-content\/uploads\/sites\/670\/2021\/12\/BMWi_Fz_2017_Office_Farbe_de-8-1100x1132.png 1100w, https:\/\/www.hsu-hh.de\/aut\/wp-content\/uploads\/sites\/670\/2021\/12\/BMWi_Fz_2017_Office_Farbe_de-8.png 1360w\" sizes=\"auto, (max-width: 222px) 100vw, 222px\" \/><\/figure>\n","protected":false},"excerpt":{"rendered":"<p>Im ZIM-Projekt Agent.Pro wurde ein Konzept zur effizienten und termingerechten Steuerung von Produktions- und Logistikabl\u00e4ufen erforscht, welches auch auf kurzfristige Ver\u00e4nderungen reagieren kann. Die Projektpartner A&amp;T Solution GmbH (Nordenham), Helmut [&hellip;]<\/p>\n","protected":false},"author":78,"featured_media":0,"parent":164,"menu_order":0,"comment_status":"closed","ping_status":"closed","template":"","meta":{"footnotes":""},"categories":[4],"tags":[],"class_list":["post-740","page","type-page","status-publish","hentry","category-forschung"],"_links":{"self":[{"href":"https:\/\/www.hsu-hh.de\/aut\/wp-json\/wp\/v2\/pages\/740","targetHints":{"allow":["GET"]}}],"collection":[{"href":"https:\/\/www.hsu-hh.de\/aut\/wp-json\/wp\/v2\/pages"}],"about":[{"href":"https:\/\/www.hsu-hh.de\/aut\/wp-json\/wp\/v2\/types\/page"}],"author":[{"embeddable":true,"href":"https:\/\/www.hsu-hh.de\/aut\/wp-json\/wp\/v2\/users\/78"}],"replies":[{"embeddable":true,"href":"https:\/\/www.hsu-hh.de\/aut\/wp-json\/wp\/v2\/comments?post=740"}],"version-history":[{"count":3,"href":"https:\/\/www.hsu-hh.de\/aut\/wp-json\/wp\/v2\/pages\/740\/revisions"}],"predecessor-version":[{"id":2775,"href":"https:\/\/www.hsu-hh.de\/aut\/wp-json\/wp\/v2\/pages\/740\/revisions\/2775"}],"up":[{"embeddable":true,"href":"https:\/\/www.hsu-hh.de\/aut\/wp-json\/wp\/v2\/pages\/164"}],"wp:attachment":[{"href":"https:\/\/www.hsu-hh.de\/aut\/wp-json\/wp\/v2\/media?parent=740"}],"wp:term":[{"taxonomy":"category","embeddable":true,"href":"https:\/\/www.hsu-hh.de\/aut\/wp-json\/wp\/v2\/categories?post=740"},{"taxonomy":"post_tag","embeddable":true,"href":"https:\/\/www.hsu-hh.de\/aut\/wp-json\/wp\/v2\/tags?post=740"}],"curies":[{"name":"wp","href":"https:\/\/api.w.org\/{rel}","templated":true}]}}