{"id":4794,"date":"2026-04-26T21:40:19","date_gmt":"2026-04-26T19:40:19","guid":{"rendered":"https:\/\/www.hsu-hh.de\/aut\/?page_id=4794"},"modified":"2026-04-26T21:40:19","modified_gmt":"2026-04-26T19:40:19","slug":"roschlaub","status":"publish","type":"page","link":"https:\/\/www.hsu-hh.de\/aut\/team\/roschlaub","title":{"rendered":"Joshua-Lean Roschlaub, M.Sc."},"content":{"rendered":"\n<h2 class=\"wp-block-heading\">Wissenschaftlicher Mitarbeiter<\/h2>\n\n\n\n<hr class=\"wp-block-separator has-css-opacity\" \/>\n\n\n\n<div class=\"wp-block-columns is-layout-flex wp-container-core-columns-is-layout-9d6595d7 wp-block-columns-is-layout-flex\">\n<div class=\"wp-block-column is-layout-flow wp-block-column-is-layout-flow\" style=\"flex-basis:66.66%\">\n<p><strong>E-Mail:<\/strong> <a href=\"mailto:joshualean.roschlaub@hsu.hamburg\" rel='nofollow'>joshualean.roschlaub@hsu.hamburg<\/a> <\/p>\n\n\n\n<p><strong>Telefon:<\/strong> +49 40 6541-3090<\/p>\n\n\n\n<p><strong>Fax:<\/strong> +49 40 6541-2004<\/p>\n\n\n\n<p><strong>Raum:<\/strong> H1\/1214<\/p>\n\n\n\n<p><strong>Postanschrift: <\/strong><\/p>\n\n\n\n<p>Helmut-Schmidt-Universit\u00e4t<br>Fakult\u00e4t f\u00fcr Maschinenbau<br>Professur f\u00fcr Automatisierungstechnik<br>Postfach 70 08 22<br>22008 Hamburg<\/p>\n\n\n\n<p><strong>Besucheranschrift:<\/strong><\/p>\n\n\n\n<p>Helmut-Schmidt-Universit\u00e4t<br>Geb\u00e4ude H1<br>Holstenhofweg 85<br>22043 Hamburg<\/p>\n\n\n\n<p><a href=\"http:\/\/www.linkedin.com\/in\/joshua-lean-roschlaub\" rel='nofollow'>LinkedIn<\/a><\/p>\n<\/div>\n\n\n\n<div class=\"wp-block-column is-layout-flow wp-block-column-is-layout-flow\" style=\"flex-basis:33.33%\">\n<p><\/p>\n<\/div>\n<\/div>\n\n\n\n<hr class=\"wp-block-separator has-css-opacity\" \/>\n\n\n\n<h2 class=\"wp-block-heading\">Projekte<\/h2>\n\n\n\n<p>Offshore Windenergy Maintenance Optimization (OWiMO)<\/p>\n\n\n\n<hr class=\"wp-block-separator has-css-opacity\" \/>\n\n\n\n<h2 class=\"wp-block-heading\">Betreute Arbeiten:<\/h2>\n\n\n\n<hr class=\"wp-block-separator has-alpha-channel-opacity\" \/>\n\n\n\n<h2 class=\"wp-block-heading\"><abbr title=\"Studentische Hilfskraft\">SHK<\/abbr>-Stellen, Angebote f\u00fcr Seminar- und Abschlussarbeiten<\/h2>\n\n\n\n<hr class=\"wp-block-separator has-alpha-channel-opacity\" \/>\n\n\n\n<h2 class=\"wp-block-heading\">Ver\u00f6ffentlichungen<\/h2>\n","protected":false},"excerpt":{"rendered":"<p>Wissenschaftlicher Mitarbeiter E-Mail: joshualean.roschlaub@hsu.hamburg Telefon: +49 40 6541-3090 Fax: +49 40 6541-2004 Raum: H1\/1214 Postanschrift: Helmut-Schmidt-Universit\u00e4tFakult\u00e4t f\u00fcr MaschinenbauProfessur f\u00fcr AutomatisierungstechnikPostfach 70 08 2222008 Hamburg Besucheranschrift: Helmut-Schmidt-Universit\u00e4tGeb\u00e4ude H1Holstenhofweg 8522043 Hamburg LinkedIn [&hellip;]<\/p>\n","protected":false},"author":2905,"featured_media":0,"parent":1188,"menu_order":0,"comment_status":"closed","ping_status":"closed","template":"","meta":{"footnotes":""},"categories":[4],"tags":[],"class_list":["post-4794","page","type-page","status-publish","hentry","category-forschung"],"_links":{"self":[{"href":"https:\/\/www.hsu-hh.de\/aut\/wp-json\/wp\/v2\/pages\/4794","targetHints":{"allow":["GET"]}}],"collection":[{"href":"https:\/\/www.hsu-hh.de\/aut\/wp-json\/wp\/v2\/pages"}],"about":[{"href":"https:\/\/www.hsu-hh.de\/aut\/wp-json\/wp\/v2\/types\/page"}],"author":[{"embeddable":true,"href":"https:\/\/www.hsu-hh.de\/aut\/wp-json\/wp\/v2\/users\/2905"}],"replies":[{"embeddable":true,"href":"https:\/\/www.hsu-hh.de\/aut\/wp-json\/wp\/v2\/comments?post=4794"}],"version-history":[{"count":1,"href":"https:\/\/www.hsu-hh.de\/aut\/wp-json\/wp\/v2\/pages\/4794\/revisions"}],"predecessor-version":[{"id":4795,"href":"https:\/\/www.hsu-hh.de\/aut\/wp-json\/wp\/v2\/pages\/4794\/revisions\/4795"}],"up":[{"embeddable":true,"href":"https:\/\/www.hsu-hh.de\/aut\/wp-json\/wp\/v2\/pages\/1188"}],"wp:attachment":[{"href":"https:\/\/www.hsu-hh.de\/aut\/wp-json\/wp\/v2\/media?parent=4794"}],"wp:term":[{"taxonomy":"category","embeddable":true,"href":"https:\/\/www.hsu-hh.de\/aut\/wp-json\/wp\/v2\/categories?post=4794"},{"taxonomy":"post_tag","embeddable":true,"href":"https:\/\/www.hsu-hh.de\/aut\/wp-json\/wp\/v2\/tags?post=4794"}],"curies":[{"name":"wp","href":"https:\/\/api.w.org\/{rel}","templated":true}]}}