{"id":4727,"date":"2026-02-13T16:15:15","date_gmt":"2026-02-13T15:15:15","guid":{"rendered":"https:\/\/www.hsu-hh.de\/aut\/?page_id=4727"},"modified":"2026-02-13T16:17:20","modified_gmt":"2026-02-13T15:17:20","slug":"integrierte-plattform-fuer-peer-to-peer-energiehandel-und-marktbasiertes-netzengpassmanagement-durch-sektorenkopplung-interphase","status":"publish","type":"page","link":"https:\/\/www.hsu-hh.de\/aut\/forschung\/forschungsthemen\/integrierte-plattform-fuer-peer-to-peer-energiehandel-und-marktbasiertes-netzengpassmanagement-durch-sektorenkopplung-interphase","title":{"rendered":"Integrierte Plattform f\u00fcr Peer-to-Peer Energiehandel und marktbasiertes Netzengpassmanagement durch Sektorenkopplung (InterPhaSe)"},"content":{"rendered":"\n<p>Mit der zunehmenden Dezentralisierung der Energieversorgung und dem steigenden Anteil erneuerbarer Energien ver\u00e4ndern sich die Anforderungen an Strom- und W\u00e4rmenetze grundlegend. Im Projekt InterPhaSe wird eine integrierte Plattform f\u00fcr lokalen Peer-to-Peer-Energiehandel entwickelt, die Strom- und W\u00e4rmem\u00e4rkte sektorengekoppelt zusammenf\u00fchrt und gleichzeitig ein marktbasiertes Netzengpassmanagement erm\u00f6glicht. Ziel ist es, Flexibilit\u00e4ten gezielt zu aktivieren, Netzengp\u00e4sse effizient zu bewirtschaften und die aktive Rolle von Prosumern im Energiesystem zu st\u00e4rken.<\/p>\n\n\n\n<p>Ein zentraler Bestandteil des Projekts ist die Entwicklung und Integration von Ma\u00dfnahmen gegen Marktmanipulation in lokalen Energiem\u00e4rkten. Potenzielle Manipulationsformen wie strategisches Bieten, k\u00fcnstliche Verknappung oder Intermarkt-Ausnutzung zwischen Strom- und W\u00e4rmemarkt werden systematisch analysiert. Darauf aufbauend werden geeignete Mitigationsstrategien entwickelt, evaluiert und technisch in die Plattform integriert. Erg\u00e4nzend werden regulatorische Handlungsempfehlungen abgeleitet, um einen rechtssicheren und gro\u00dffl\u00e4chig \u00fcbertragbaren Betrieb lokaler P2P-Energiem\u00e4rkte zu erm\u00f6glichen.<\/p>\n\n\n\n<p>Neben der Manipulationspr\u00e4vention adressiert InterPhaSe die Integration von Prosumern in reale Netzgebiete, die Weiterentwicklung von Heim-Energiemanagementsystemen (HEMS), die Kopplung von Strom- und W\u00e4rmesektor sowie die Entwicklung modellbasierter Werkzeuge zur Marktintegration. Die Plattform wird in Simulationen, im Living Lab sowie in einem realen Versorgungsgebiet erprobt und unter praxisnahen Bedingungen validiert.<\/p>\n\n\n\n<p>Durch InterPhaSe entstehen belastbare Konzepte f\u00fcr transparente, manipulationsresistente und akzeptanzf\u00e4hige lokale Energiem\u00e4rkte. Die Ergebnisse leisten einen Beitrag zur Stabilisierung der Verteilnetze, zur effizienten Nutzung von Flexibilit\u00e4ten und zur Weiterentwicklung regulatorischer Rahmenbedingungen f\u00fcr sektorengekoppelte Energiem\u00e4rkte.<\/p>\n\n\n\n<p>Das Projekt InterPhaSe wird im Rahmen des 8. Energieforschungsprogramms des Bundesministeriums f\u00fcr Wirtschaft und Energie gef\u00f6rdert. Die Laufzeit des Projekts erstreckt sich von Oktober 2025 bis September 2028.<\/p>\n\n\n\n<p>Projektpartner sind die Helmut-Schmidt-Universit\u00e4t \/ Universit\u00e4t der Bundeswehr Hamburg, Bergische Universit\u00e4t Wuppertal, EnFlex.<abbr title=\"Informationstechnologie\">IT<\/abbr> <abbr title=\"Gesellschaft mit beschr\u00e4nkter Haftung\">GmbH<\/abbr>, Gas- und W\u00e4rme-Institut Essen e.V., Hochschule f\u00fcr Angewandte Wissenschaften Hamburg, KEO <abbr title=\"Gesellschaft mit beschr\u00e4nkter Haftung\">GmbH<\/abbr>, PSI Software SE, Ruhr-Universit\u00e4t Bochum, TraveNetz <abbr title=\"Gesellschaft mit beschr\u00e4nkter Haftung\">GmbH<\/abbr> sowie Universit\u00e4t Duisburg-Essen.<\/p>\n\n\n\n<p>Das Projekt wird von Nane Zimmermann und <abbr title=\"Doktor\">Dr.<\/abbr>&#8211;<abbr title=\"Ingenieur\">Ing.<\/abbr> Lukas Wagner bearbeitet.<\/p>\n","protected":false},"excerpt":{"rendered":"<p>Mit der zunehmenden Dezentralisierung der Energieversorgung und dem steigenden Anteil erneuerbarer Energien ver\u00e4ndern sich die Anforderungen an Strom- und W\u00e4rmenetze grundlegend. Im Projekt InterPhaSe wird eine integrierte Plattform f\u00fcr lokalen [&hellip;]<\/p>\n","protected":false},"author":2905,"featured_media":0,"parent":164,"menu_order":0,"comment_status":"closed","ping_status":"closed","template":"","meta":{"footnotes":""},"categories":[4],"tags":[],"class_list":["post-4727","page","type-page","status-publish","hentry","category-forschung"],"_links":{"self":[{"href":"https:\/\/www.hsu-hh.de\/aut\/wp-json\/wp\/v2\/pages\/4727","targetHints":{"allow":["GET"]}}],"collection":[{"href":"https:\/\/www.hsu-hh.de\/aut\/wp-json\/wp\/v2\/pages"}],"about":[{"href":"https:\/\/www.hsu-hh.de\/aut\/wp-json\/wp\/v2\/types\/page"}],"author":[{"embeddable":true,"href":"https:\/\/www.hsu-hh.de\/aut\/wp-json\/wp\/v2\/users\/2905"}],"replies":[{"embeddable":true,"href":"https:\/\/www.hsu-hh.de\/aut\/wp-json\/wp\/v2\/comments?post=4727"}],"version-history":[{"count":1,"href":"https:\/\/www.hsu-hh.de\/aut\/wp-json\/wp\/v2\/pages\/4727\/revisions"}],"predecessor-version":[{"id":4728,"href":"https:\/\/www.hsu-hh.de\/aut\/wp-json\/wp\/v2\/pages\/4727\/revisions\/4728"}],"up":[{"embeddable":true,"href":"https:\/\/www.hsu-hh.de\/aut\/wp-json\/wp\/v2\/pages\/164"}],"wp:attachment":[{"href":"https:\/\/www.hsu-hh.de\/aut\/wp-json\/wp\/v2\/media?parent=4727"}],"wp:term":[{"taxonomy":"category","embeddable":true,"href":"https:\/\/www.hsu-hh.de\/aut\/wp-json\/wp\/v2\/categories?post=4727"},{"taxonomy":"post_tag","embeddable":true,"href":"https:\/\/www.hsu-hh.de\/aut\/wp-json\/wp\/v2\/tags?post=4727"}],"curies":[{"name":"wp","href":"https:\/\/api.w.org\/{rel}","templated":true}]}}