{"id":4654,"date":"2025-11-17T11:32:35","date_gmt":"2025-11-17T10:32:35","guid":{"rendered":"https:\/\/www.hsu-hh.de\/aut\/?page_id=4654"},"modified":"2025-11-17T17:00:11","modified_gmt":"2025-11-17T16:00:11","slug":"vr-ar-labor","status":"publish","type":"page","link":"https:\/\/www.hsu-hh.de\/aut\/forschung\/labor\/vr-ar-labor","title":{"rendered":"VR\/AR Labor"},"content":{"rendered":"\n<p>Das VR\/AR-Labor bietet moderne Infrastruktur f\u00fcr immersive Forschung und Lehre. Mit professioneller VR\/AR-Hardware und leistungsstarker Rechentechnik erm\u00f6glichen wir die Entwicklung und Erprobung innovativer VR\/AR-Anwendungen. Die Kombination aus modernster Technik und vielseitiger Software-Integration schafft ideale Voraussetzungen f\u00fcr Projekte in Forschung und Lehre.<\/p>\n\n\n\n<div class=\"wp-block-columns is-layout-flex wp-container-core-columns-is-layout-9d6595d7 wp-block-columns-is-layout-flex\">\n<div class=\"wp-block-column is-layout-flow wp-block-column-is-layout-flow\">\n<figure class=\"wp-block-image size-large\"><img loading=\"lazy\" decoding=\"async\" width=\"1024\" height=\"692\" src=\"https:\/\/www.hsu-hh.de\/aut\/wp-content\/uploads\/sites\/670\/2025\/11\/vr_lab_1-1024x692.jpg\" data-credit=\"HSU-IfA\" alt=\"\" class=\"wp-image-4662\" style=\"aspect-ratio:3\/2;object-fit:cover\" srcset=\"https:\/\/www.hsu-hh.de\/aut\/wp-content\/uploads\/sites\/670\/2025\/11\/vr_lab_1-1024x692.jpg 1024w, https:\/\/www.hsu-hh.de\/aut\/wp-content\/uploads\/sites\/670\/2025\/11\/vr_lab_1-300x203.jpg 300w, https:\/\/www.hsu-hh.de\/aut\/wp-content\/uploads\/sites\/670\/2025\/11\/vr_lab_1-768x519.jpg 768w, https:\/\/www.hsu-hh.de\/aut\/wp-content\/uploads\/sites\/670\/2025\/11\/vr_lab_1-1536x1037.jpg 1536w, https:\/\/www.hsu-hh.de\/aut\/wp-content\/uploads\/sites\/670\/2025\/11\/vr_lab_1-2048x1383.jpg 2048w, https:\/\/www.hsu-hh.de\/aut\/wp-content\/uploads\/sites\/670\/2025\/11\/vr_lab_1-1100x743.jpg 1100w\" sizes=\"auto, (max-width: 1024px) 100vw, 1024px\" \/><\/figure>\n<\/div>\n\n\n\n<div class=\"wp-block-column is-layout-flow wp-block-column-is-layout-flow\">\n<figure class=\"wp-block-image size-large\"><img loading=\"lazy\" decoding=\"async\" width=\"1024\" height=\"744\" src=\"https:\/\/www.hsu-hh.de\/aut\/wp-content\/uploads\/sites\/670\/2025\/11\/vr_lab_3-1024x744.jpg\" data-credit=\"HSU-IfA\" alt=\"\" class=\"wp-image-4664\" style=\"aspect-ratio:3\/2;object-fit:cover\" srcset=\"https:\/\/www.hsu-hh.de\/aut\/wp-content\/uploads\/sites\/670\/2025\/11\/vr_lab_3-1024x744.jpg 1024w, https:\/\/www.hsu-hh.de\/aut\/wp-content\/uploads\/sites\/670\/2025\/11\/vr_lab_3-300x218.jpg 300w, https:\/\/www.hsu-hh.de\/aut\/wp-content\/uploads\/sites\/670\/2025\/11\/vr_lab_3-768x558.jpg 768w, https:\/\/www.hsu-hh.de\/aut\/wp-content\/uploads\/sites\/670\/2025\/11\/vr_lab_3-1536x1117.jpg 1536w, https:\/\/www.hsu-hh.de\/aut\/wp-content\/uploads\/sites\/670\/2025\/11\/vr_lab_3-2048x1489.jpg 2048w, https:\/\/www.hsu-hh.de\/aut\/wp-content\/uploads\/sites\/670\/2025\/11\/vr_lab_3-1100x800.jpg 1100w\" sizes=\"auto, (max-width: 1024px) 100vw, 1024px\" \/><\/figure>\n<\/div>\n<\/div>\n\n\n\n<h1 class=\"wp-block-heading\">Ausstattung<\/h1>\n\n\n\n<h2 class=\"wp-block-heading\">Virtual Reality Brillen<\/h2>\n\n\n\n<p><strong>HTC Vive Focus Vision<\/strong>&nbsp;und&nbsp;<strong>HTC Vive Pro 2<\/strong>&nbsp;erm\u00f6glichen immersive VR-Erfahrungen mit hoher Aufl\u00f6sung und pr\u00e4zisem Tracking f\u00fcr anspruchsvolle Simulationen.<\/p>\n\n\n\n<h2 class=\"wp-block-heading\">Augmented Reality Brillen<\/h2>\n\n\n\n<p><strong>Microsoft HoloLens 2<\/strong>&nbsp;bietet r\u00e4umliches Computing f\u00fcr Mixed-Reality-Anwendungen mit Hand- und Eye-Tracking.<\/p>\n\n\n\n<h2 class=\"wp-block-heading\">Hardware<\/h2>\n\n\n\n<ul class=\"wp-block-list\">\n<li><strong>Workstation<\/strong>&nbsp;mit NVIDIA RTX Ada 6000 f\u00fcr hochaufl\u00f6sende Echtzeit-Simulationen<\/li>\n\n\n\n<li><strong>Mobiler Laptop<\/strong>&nbsp;mit NVIDIA RTX 5090 f\u00fcr Pr\u00e4sentationen au\u00dferhalb des Labors<\/li>\n\n\n\n<li><strong>98-Zoll-Monitor<\/strong>&nbsp;zur Spiegelung des VR-Bilds f\u00fcr Demonstrationen vor gr\u00f6\u00dferen Gruppen<\/li>\n<\/ul>\n\n\n\n<h2 class=\"wp-block-heading\">Software<\/h2>\n\n\n\n<p>Anbindung an&nbsp;<strong>3DEXPERIENCE<\/strong>&nbsp;mit Simulations- und Design-Paketen sowie weiteren fachspezifischen Anwendungen.<\/p>\n\n\n\n<h1 class=\"wp-block-heading\">Nutzung<\/h1>\n\n\n\n<p>Das VR\/AR-Labor wird in Forschungsprojekten eingesetzt und unterst\u00fctzt dabei Fragestellungen aus verschiedenen Bereichen, zum Beispiel der Planung von Produktionslinien im Flugzeugbau.<\/p>\n\n\n\n<h2 class=\"wp-block-heading\">Studentische Arbeiten<\/h2>\n\n\n\n<p>Auch f\u00fcr studentische Arbeiten steht das Labor offen: Studien-, Bachelor- und Masterarbeiten sowie T\u00e4tigkeiten als <abbr title=\"Studentische Hilfskraft\">SHK<\/abbr> k\u00f6nnen hier in einem professionellen Umfeld umgesetzt werden. Lust bekommen, im Rahmen einer studentischen Arbeit oder als <abbr title=\"Studentische Hilfskraft\">SHK<\/abbr> eigene Ideen im AR\/VR-Labor umzusetzen? Dann melden Sie sich bei uns (<a href=\"https:\/\/www.hsu-hh.de\/aut\/lehre#Studentische-Arbeiten\">Studentische Arbeiten<\/a>) \u2013 wir freuen uns auf spannende Projekte und sind gespannt auf Vorschl\u00e4ge!<\/p>\n","protected":false},"excerpt":{"rendered":"<p>Das VR\/AR-Labor bietet moderne Infrastruktur f\u00fcr immersive Forschung und Lehre. Mit professioneller VR\/AR-Hardware und leistungsstarker Rechentechnik erm\u00f6glichen wir die Entwicklung und Erprobung innovativer VR\/AR-Anwendungen. Die Kombination aus modernster Technik und [&hellip;]<\/p>\n","protected":false},"author":2905,"featured_media":0,"parent":153,"menu_order":0,"comment_status":"closed","ping_status":"closed","template":"","meta":{"footnotes":""},"categories":[4],"tags":[],"class_list":["post-4654","page","type-page","status-publish","hentry","category-forschung"],"_links":{"self":[{"href":"https:\/\/www.hsu-hh.de\/aut\/wp-json\/wp\/v2\/pages\/4654","targetHints":{"allow":["GET"]}}],"collection":[{"href":"https:\/\/www.hsu-hh.de\/aut\/wp-json\/wp\/v2\/pages"}],"about":[{"href":"https:\/\/www.hsu-hh.de\/aut\/wp-json\/wp\/v2\/types\/page"}],"author":[{"embeddable":true,"href":"https:\/\/www.hsu-hh.de\/aut\/wp-json\/wp\/v2\/users\/2905"}],"replies":[{"embeddable":true,"href":"https:\/\/www.hsu-hh.de\/aut\/wp-json\/wp\/v2\/comments?post=4654"}],"version-history":[{"count":4,"href":"https:\/\/www.hsu-hh.de\/aut\/wp-json\/wp\/v2\/pages\/4654\/revisions"}],"predecessor-version":[{"id":4668,"href":"https:\/\/www.hsu-hh.de\/aut\/wp-json\/wp\/v2\/pages\/4654\/revisions\/4668"}],"up":[{"embeddable":true,"href":"https:\/\/www.hsu-hh.de\/aut\/wp-json\/wp\/v2\/pages\/153"}],"wp:attachment":[{"href":"https:\/\/www.hsu-hh.de\/aut\/wp-json\/wp\/v2\/media?parent=4654"}],"wp:term":[{"taxonomy":"category","embeddable":true,"href":"https:\/\/www.hsu-hh.de\/aut\/wp-json\/wp\/v2\/categories?post=4654"},{"taxonomy":"post_tag","embeddable":true,"href":"https:\/\/www.hsu-hh.de\/aut\/wp-json\/wp\/v2\/tags?post=4654"}],"curies":[{"name":"wp","href":"https:\/\/api.w.org\/{rel}","templated":true}]}}