{"id":457,"date":"2017-10-25T00:28:21","date_gmt":"2017-10-24T22:28:21","guid":{"rendered":"https:\/\/www.hsu-hh.de\/aut\/?page_id=457"},"modified":"2024-04-19T14:13:07","modified_gmt":"2024-04-19T12:13:07","slug":"fertigungstechnische-laboranlage","status":"publish","type":"page","link":"https:\/\/www.hsu-hh.de\/aut\/forschung\/labor\/fertigungstechnische-laboranlage","title":{"rendered":"Fertigungstechnische Laboranlage"},"content":{"rendered":"\n<h2 class=\"wp-block-heading\" id=\"contentblock\">Modell eines industriellen Fertigungssystems mit Speicherprogrammierbaren Steuerung und PROFIBUS-DP Vernetzung<\/h2>\n\n\n\n<p>Die Modellfertigungsanlage dient zur Demonstration von Aufbau und Funktionsweise der Fertigungsautomatisierung in einer modular aufgebauten Fertigungslinie unter Verwendung eines dezentralen Steuerungskonzeptes in einem Profibus-DP Netzwerk.Die Aufgabe der Modellfertigungsanlage besteht darin, aus einem Hochregallager Rohteile\/Halbzeuge unterschiedlicher Farbe anzufordern, diese vor dem Einschleusen in die Bearbeitung auf korrekte Lieferung zu \u00fcberpr\u00fcfen und <abbr title=\"gegebenenfalls\">ggf.<\/abbr> fehlerhaft gelieferte Teile&nbsp; auszuschleusen. Die \u201eGut-Teile\u201c werden anschlie\u00dfend in drei Bearbeitungsstationen den Auftragsvorgaben gem\u00e4\u00df bearbeitet (Fr\u00e4sen, Drehen, Bohren). Ist die jeweilige Bearbeitungabgeschlossen, werden die fertigen Teile durch einem Portalkran von der Assembly-Line (Fertigungsstra\u00dfe) auf ein f\u00fchrerloses Transportsystem gesetzt, welches die Fertigteile mit Hilfe eines Knickarmroboters in ein Auslieferungslager einlagert (im Modell identisch mit dem Rohteillager).<\/p>\n\n\n\n<div class=\"wp-block-columns is-layout-flex wp-container-core-columns-is-layout-9d6595d7 wp-block-columns-is-layout-flex\">\n<div class=\"wp-block-column is-layout-flow wp-block-column-is-layout-flow\"><div class=\"wp-block-image\">\n<figure class=\"aligncenter size-full\"><img loading=\"lazy\" decoding=\"async\" width=\"448\" height=\"336\" src=\"https:\/\/www.hsu-hh.de\/aut\/wp-content\/uploads\/sites\/670\/2024\/04\/ga1IcjsJPRiLIEUg.jpg\" data-credit=\"IfA\" alt=\"fischertechnik\" class=\"wp-image-4004\" srcset=\"https:\/\/www.hsu-hh.de\/aut\/wp-content\/uploads\/sites\/670\/2024\/04\/ga1IcjsJPRiLIEUg.jpg 448w, https:\/\/www.hsu-hh.de\/aut\/wp-content\/uploads\/sites\/670\/2024\/04\/ga1IcjsJPRiLIEUg-300x225.jpg 300w\" sizes=\"auto, (max-width: 448px) 100vw, 448px\" \/><\/figure>\n<\/div><\/div>\n\n\n\n<div class=\"wp-block-column is-layout-flow wp-block-column-is-layout-flow\"><div class=\"wp-block-image\">\n<figure class=\"aligncenter size-full\"><img loading=\"lazy\" decoding=\"async\" width=\"403\" height=\"336\" src=\"https:\/\/www.hsu-hh.de\/aut\/wp-content\/uploads\/sites\/670\/2024\/04\/Q1ZXN8gPHyeJtBg4.jpg\" data-credit=\"IfA\" alt=\"fischertechnik\" class=\"wp-image-4003\" srcset=\"https:\/\/www.hsu-hh.de\/aut\/wp-content\/uploads\/sites\/670\/2024\/04\/Q1ZXN8gPHyeJtBg4.jpg 403w, https:\/\/www.hsu-hh.de\/aut\/wp-content\/uploads\/sites\/670\/2024\/04\/Q1ZXN8gPHyeJtBg4-300x250.jpg 300w\" sizes=\"auto, (max-width: 403px) 100vw, 403px\" \/><figcaption class=\"wp-element-caption\">fischertechnik<\/figcaption><\/figure>\n<\/div><\/div>\n<\/div>\n\n\n\n<p>Die einzelnen Module der Fertigungsanlage (Lager, Bearbeitungsmodule, Sortiermodule, Transportwagen, \u2026) werden dezentral durch WAGO SPS gesteuert, welche als Profibus-Slaves in einem Profibus-DP Netzwerk mit einem&nbsp; Profibus-Master von ABB (AC500) organisiert werden. Neben der Organisation der Kommunikation zwischen den Profibus-Slaves (WAGO-SPS) laufen zus\u00e4tzlich eine Auftragsverwaltung und eine Visualisierung auf dem Profibus-Master.<\/p>\n\n\n\n<h3 class=\"wp-block-heading\">Unser Modell zur dezentralen vernetzten Fertigung besteht aus:<\/h3>\n\n\n\n<ul class=\"wp-block-list\">\n<li>1 ABB AC500 SPS als Profibus-Master mit Visualisierung und Auftragsverwaltung<\/li>\n\n\n\n<li>9 WAGO SPS 750-833 als Profibus-Slaves<\/li>\n\n\n\n<li>1 ProfibusDP-Netzwerk (Kabel)<\/li>\n\n\n\n<li>1 Bluetooth Funknetz zur Steuerung des f\u00fchrerlosen Transportfahrzeugs<\/li>\n\n\n\n<li>1 Deutschmann Profibus\/Bluetooth-Adapter (Profibus-Slave)<\/li>\n\n\n\n<li>1 Hochregallager (Fischertechnik)<\/li>\n\n\n\n<li>1 \u00dcbernahmestation (Fischertechnik)<\/li>\n\n\n\n<li>1 Sortierstation (Fischertechnik)<\/li>\n\n\n\n<li>3 Bearbeitungsstationen (Fischertechnik)<\/li>\n\n\n\n<li>2 Portalkr\u00e4ne (Fischertechnik)<\/li>\n\n\n\n<li>1 F\u00fchrerloses Transportfahrzeug mit Blei-Gel-Akku und Bluetooth Sender\/Empf\u00e4nger<\/li>\n\n\n\n<li>1 Industrieroboter Movemaster EX RV-M1 von Mitsubishi<\/li>\n\n\n\n<li>2 Lichttaster, 1 Lichtschranke, 5 Reedkontakten (Magnetsensoren), 32 induktive N\u00e4herungsschalter, 74 mechanischen Endschaltern<\/li>\n\n\n\n<li>53 Motoren, 2 Summer, 1 LED Leuchte, 2 Signals\u00e4ulen, 2 Saugpumpen, 2 Entl\u00fcftungsventile<\/li>\n\n\n\n<li>50 Holzkl\u00f6tzchen<\/li>\n<\/ul>\n\n\n\n<p>Die eingesetzte Software: CoDeSys 2.3.9.9 von 3S<\/p>\n\n\n\n<div class=\"wp-block-columns is-layout-flex wp-container-core-columns-is-layout-9d6595d7 wp-block-columns-is-layout-flex\">\n<div class=\"wp-block-column is-layout-flow wp-block-column-is-layout-flow\"><div class=\"wp-block-image\">\n<figure class=\"aligncenter size-full\"><img loading=\"lazy\" decoding=\"async\" width=\"320\" height=\"240\" src=\"https:\/\/www.hsu-hh.de\/aut\/wp-content\/uploads\/sites\/670\/2024\/04\/Owf0OuNigHMSwW8r.jpg\" data-credit=\"IfA\" alt=\"fischertechnik\" class=\"wp-image-4002\" srcset=\"https:\/\/www.hsu-hh.de\/aut\/wp-content\/uploads\/sites\/670\/2024\/04\/Owf0OuNigHMSwW8r.jpg 320w, https:\/\/www.hsu-hh.de\/aut\/wp-content\/uploads\/sites\/670\/2024\/04\/Owf0OuNigHMSwW8r-300x225.jpg 300w\" sizes=\"auto, (max-width: 320px) 100vw, 320px\" \/><\/figure>\n<\/div>\n\n\n<p class=\"has-text-align-center\">Sortierstation<\/p>\n<\/div>\n\n\n\n<div class=\"wp-block-column is-layout-flow wp-block-column-is-layout-flow\"><div class=\"wp-block-image\">\n<figure class=\"aligncenter size-full\"><img loading=\"lazy\" decoding=\"async\" width=\"320\" height=\"240\" src=\"https:\/\/www.hsu-hh.de\/aut\/wp-content\/uploads\/sites\/670\/2024\/04\/YfUMGMmUHz7TcvhR.jpg\" data-credit=\"IfA\" alt=\"fischertechnik\" class=\"wp-image-4001\" srcset=\"https:\/\/www.hsu-hh.de\/aut\/wp-content\/uploads\/sites\/670\/2024\/04\/YfUMGMmUHz7TcvhR.jpg 320w, https:\/\/www.hsu-hh.de\/aut\/wp-content\/uploads\/sites\/670\/2024\/04\/YfUMGMmUHz7TcvhR-300x225.jpg 300w\" sizes=\"auto, (max-width: 320px) 100vw, 320px\" \/><\/figure>\n<\/div>\n\n\n<p class=\"has-text-align-center\">Greiferstation<\/p>\n<\/div>\n\n\n\n<div class=\"wp-block-column is-layout-flow wp-block-column-is-layout-flow\"><div class=\"wp-block-image\">\n<figure class=\"aligncenter size-full\"><img loading=\"lazy\" decoding=\"async\" width=\"320\" height=\"240\" src=\"https:\/\/www.hsu-hh.de\/aut\/wp-content\/uploads\/sites\/670\/2024\/04\/7BweE3xubZF1pOKu.jpg\" data-credit=\"IfA\" alt=\"fischertechnik\" class=\"wp-image-4000\" srcset=\"https:\/\/www.hsu-hh.de\/aut\/wp-content\/uploads\/sites\/670\/2024\/04\/7BweE3xubZF1pOKu.jpg 320w, https:\/\/www.hsu-hh.de\/aut\/wp-content\/uploads\/sites\/670\/2024\/04\/7BweE3xubZF1pOKu-300x225.jpg 300w\" sizes=\"auto, (max-width: 320px) 100vw, 320px\" \/><\/figure>\n<\/div>\n\n\n<p class=\"has-text-align-center\">Bearbeitungsstation<\/p>\n<\/div>\n<\/div>\n\n\n\n<h2 class=\"wp-block-heading\">Pr\u00fcfautomaten zur vollautomatisierten, mechanischen und elektrischen Pr\u00fcfung von Verschl\u00fcssen f\u00fcr Geschirrsp\u00fclmaschinen<\/h2>\n\n\n\n<p>Der Pr\u00fcfautomat wurde noch vor wenigen Jahren bei einem Hersteller von Geschirrsp\u00fclmaschinen in der Produktion eingesetzt und wurde zur \u00dcberpr\u00fcfung einer einzigen Pr\u00fcfteilvariante genutzt. Die Verschl\u00fcsse befinden sich auf einem F\u00f6rderband in einer Warteschlange bevor sie verarbeitet werden. Mit Hilfe eines getakteten Rundschalttisches mit angegliederten Stationen kann der Pr\u00fcfautomat derzeit nach dem FIFO-Prinzip eine Bauform von Verschl\u00fcssen in verschiedenen, aufeinanderfolgenden Schritten bearbeiten. Ein Pr\u00fcfteil durchl\u00e4uft folgenden Prozessverlauf durch den Pr\u00fcfautomaten:<\/p>\n\n\n\n<ol class=\"wp-block-list\">\n<li>Zuf\u00fchrung zum Drehtisch auf eine Pr\u00fcfteilhalterung<\/li>\n\n\n\n<li>Andr\u00fccken des Pr\u00fcfteiles auf seine Halterung<\/li>\n\n\n\n<li>Mechanische Pr\u00fcfung<\/li>\n\n\n\n<li>Elektrische Pr\u00fcfung<\/li>\n\n\n\n<li>Stempeln eines Pr\u00fcfstempels auf das Pr\u00fcfteil<\/li>\n\n\n\n<li>Entnahme vom Drehtisch<\/li>\n<\/ol>\n\n\n\n<p>Der gesamte Pr\u00fcfautomat ist SPS-gesteuert, alles \u00fcber eine Festverdrahtung mit der SPS verbunden und die Stationen werden, wie es beim besagten Hersteller \u00fcblich ist, pneumatisch betrieben. Abbildung&nbsp;1 und 2 zeigen den Pr\u00fcfautomaten.<\/p>\n\n\n\n<div class=\"wp-block-columns is-layout-flex wp-container-core-columns-is-layout-9d6595d7 wp-block-columns-is-layout-flex\">\n<div class=\"wp-block-column is-layout-flow wp-block-column-is-layout-flow\"><div class=\"wp-block-image\">\n<figure class=\"aligncenter size-large\"><img loading=\"lazy\" decoding=\"async\" width=\"1024\" height=\"768\" src=\"https:\/\/www.hsu-hh.de\/aut\/wp-content\/uploads\/sites\/670\/2024\/04\/5NkcTpFK4MGIEWh5-1024x768.jpeg\" data-credit=\"IfA\" alt=\"Pr\u00fcfautomat\" class=\"wp-image-3999\" srcset=\"https:\/\/www.hsu-hh.de\/aut\/wp-content\/uploads\/sites\/670\/2024\/04\/5NkcTpFK4MGIEWh5-1024x768.jpeg 1024w, https:\/\/www.hsu-hh.de\/aut\/wp-content\/uploads\/sites\/670\/2024\/04\/5NkcTpFK4MGIEWh5-300x225.jpeg 300w, https:\/\/www.hsu-hh.de\/aut\/wp-content\/uploads\/sites\/670\/2024\/04\/5NkcTpFK4MGIEWh5-768x576.jpeg 768w, https:\/\/www.hsu-hh.de\/aut\/wp-content\/uploads\/sites\/670\/2024\/04\/5NkcTpFK4MGIEWh5-1536x1152.jpeg 1536w, https:\/\/www.hsu-hh.de\/aut\/wp-content\/uploads\/sites\/670\/2024\/04\/5NkcTpFK4MGIEWh5-2048x1536.jpeg 2048w, https:\/\/www.hsu-hh.de\/aut\/wp-content\/uploads\/sites\/670\/2024\/04\/5NkcTpFK4MGIEWh5-1100x825.jpeg 1100w\" sizes=\"auto, (max-width: 1024px) 100vw, 1024px\" \/><\/figure>\n<\/div>\n\n\n<p class=\"has-text-align-center\">Abbildung 1: Pr\u00fcfautomat zur vollautomatisierten Pr\u00fcfung von Verschl\u00fcssen f\u00fcr Geschirrsp\u00fclmaschinen<\/p>\n<\/div>\n\n\n\n<div class=\"wp-block-column is-layout-flow wp-block-column-is-layout-flow\"><div class=\"wp-block-image\">\n<figure class=\"aligncenter size-large is-resized\"><img loading=\"lazy\" decoding=\"async\" width=\"768\" height=\"1024\" src=\"https:\/\/www.hsu-hh.de\/aut\/wp-content\/uploads\/sites\/670\/2024\/04\/jYp6ifpYomFXVIRz-768x1024.jpeg\" data-credit=\"IfA\" alt=\"Pr\u00fcfautomat\" class=\"wp-image-3998\" style=\"width:318px;height:auto\" srcset=\"https:\/\/www.hsu-hh.de\/aut\/wp-content\/uploads\/sites\/670\/2024\/04\/jYp6ifpYomFXVIRz-768x1024.jpeg 768w, https:\/\/www.hsu-hh.de\/aut\/wp-content\/uploads\/sites\/670\/2024\/04\/jYp6ifpYomFXVIRz-225x300.jpeg 225w, https:\/\/www.hsu-hh.de\/aut\/wp-content\/uploads\/sites\/670\/2024\/04\/jYp6ifpYomFXVIRz-1152x1536.jpeg 1152w, https:\/\/www.hsu-hh.de\/aut\/wp-content\/uploads\/sites\/670\/2024\/04\/jYp6ifpYomFXVIRz-1536x2048.jpeg 1536w, https:\/\/www.hsu-hh.de\/aut\/wp-content\/uploads\/sites\/670\/2024\/04\/jYp6ifpYomFXVIRz-1100x1467.jpeg 1100w, https:\/\/www.hsu-hh.de\/aut\/wp-content\/uploads\/sites\/670\/2024\/04\/jYp6ifpYomFXVIRz.jpeg 1704w\" sizes=\"auto, (max-width: 768px) 100vw, 768px\" \/><\/figure>\n<\/div>\n\n\n<p class=\"has-text-align-center\">Abbildung 2: Zufuhr eines Pr\u00fcfteils auf den Drehtisch mittels Greifer<\/p>\n<\/div>\n<\/div>\n","protected":false},"excerpt":{"rendered":"<p>Modell eines industriellen Fertigungssystems mit Speicherprogrammierbaren Steuerung und PROFIBUS-DP Vernetzung Die Modellfertigungsanlage dient zur Demonstration von Aufbau und Funktionsweise der Fertigungsautomatisierung in einer modular aufgebauten Fertigungslinie unter Verwendung eines dezentralen [&hellip;]<\/p>\n","protected":false},"author":78,"featured_media":0,"parent":153,"menu_order":0,"comment_status":"closed","ping_status":"closed","template":"","meta":{"footnotes":""},"categories":[4],"tags":[],"class_list":["post-457","page","type-page","status-publish","hentry","category-forschung"],"_links":{"self":[{"href":"https:\/\/www.hsu-hh.de\/aut\/wp-json\/wp\/v2\/pages\/457","targetHints":{"allow":["GET"]}}],"collection":[{"href":"https:\/\/www.hsu-hh.de\/aut\/wp-json\/wp\/v2\/pages"}],"about":[{"href":"https:\/\/www.hsu-hh.de\/aut\/wp-json\/wp\/v2\/types\/page"}],"author":[{"embeddable":true,"href":"https:\/\/www.hsu-hh.de\/aut\/wp-json\/wp\/v2\/users\/78"}],"replies":[{"embeddable":true,"href":"https:\/\/www.hsu-hh.de\/aut\/wp-json\/wp\/v2\/comments?post=457"}],"version-history":[{"count":6,"href":"https:\/\/www.hsu-hh.de\/aut\/wp-json\/wp\/v2\/pages\/457\/revisions"}],"predecessor-version":[{"id":4007,"href":"https:\/\/www.hsu-hh.de\/aut\/wp-json\/wp\/v2\/pages\/457\/revisions\/4007"}],"up":[{"embeddable":true,"href":"https:\/\/www.hsu-hh.de\/aut\/wp-json\/wp\/v2\/pages\/153"}],"wp:attachment":[{"href":"https:\/\/www.hsu-hh.de\/aut\/wp-json\/wp\/v2\/media?parent=457"}],"wp:term":[{"taxonomy":"category","embeddable":true,"href":"https:\/\/www.hsu-hh.de\/aut\/wp-json\/wp\/v2\/categories?post=457"},{"taxonomy":"post_tag","embeddable":true,"href":"https:\/\/www.hsu-hh.de\/aut\/wp-json\/wp\/v2\/tags?post=457"}],"curies":[{"name":"wp","href":"https:\/\/api.w.org\/{rel}","templated":true}]}}