{"id":450,"date":"2017-10-25T00:26:01","date_gmt":"2017-10-24T22:26:01","guid":{"rendered":"https:\/\/www.hsu-hh.de\/aut\/?page_id=450"},"modified":"2024-04-19T13:57:36","modified_gmt":"2024-04-19T11:57:36","slug":"batch-prozess-anlage-mit-prozessleitsystemen","status":"publish","type":"page","link":"https:\/\/www.hsu-hh.de\/aut\/forschung\/labor\/batch-prozess-anlage-mit-prozessleitsystemen","title":{"rendered":"Batch-Prozess-Anlage mit Prozessleitsystemen"},"content":{"rendered":"\n<h2 class=\"wp-block-heading\"><strong>Ba<\/strong>tch Mischanlage<\/h2>\n\n\n\n<p>Die Batch Mischanlage dient als realit\u00e4tsnaher Demonstrator f\u00fcr in der Prozessautomatisierung \/ Verfahrenstechnik eingesetzten Hard- und Softwarekomponenten. Beginnend beim dem Prozessleitsystem, \u00fcber den Bus bis hinunter auf die Ebene der Sensoren und Aktoren (intelligente Feldger\u00e4te). Der in der Mischanlage realisierte Prozess besteht darin, ein Fluidgemisch mit vorgegebenem Mischungsverh\u00e4ltnis herzustellen. Zu diesem Zweck werden aus zwei Vorratsbeh\u00e4ltern die ben\u00f6tigten Mengen an Rohstoff in jeweils einen Dosierbeh\u00e4lter gepumpt und anschlie\u00dfend, wenn die ben\u00f6tigten Mengen der Fluide A und B dosiert sind, in einem Mischtank unter Verwendung eines R\u00fchrers vermengt. Im Demonstrator sind drei Prozessleitsysteme (System 800xA von ABB, PCS7 BoxPC von Siemens und DeltaV von Emerson) eingebaut, zwischen welchen vor Inbetriebnahme der Anlage gew\u00e4hlt werden kann. Ziel ist die Visualisieren und Steuerung in Verbindung mit der Untersuchung verschiedener Leittechniksysteme.<\/p>\n\n\n\n<p>Die Anlage ist zus\u00e4tzlich mit SPS der Firma WAGO ausgestattet, welche wahlweise als dezentrale SPS, wie auch als einfacher Profibus I\/O-Knoten betrieben werden k\u00f6nnen, um entweder das Konzept einer zentralen oder eine verteilten Steuerung zu realisieren.<\/p>\n\n\n<div class=\"wp-block-image\">\n<figure class=\"aligncenter size-full\"><img loading=\"lazy\" decoding=\"async\" width=\"448\" height=\"336\" src=\"https:\/\/www.hsu-hh.de\/aut\/wp-content\/uploads\/sites\/670\/2024\/04\/s6n4giywHzYgzCBU.jpg\" data-credit=\"IfA\" alt=\"Batch\" class=\"wp-image-3993\" srcset=\"https:\/\/www.hsu-hh.de\/aut\/wp-content\/uploads\/sites\/670\/2024\/04\/s6n4giywHzYgzCBU.jpg 448w, https:\/\/www.hsu-hh.de\/aut\/wp-content\/uploads\/sites\/670\/2024\/04\/s6n4giywHzYgzCBU-300x225.jpg 300w\" sizes=\"auto, (max-width: 448px) 100vw, 448px\" \/><\/figure>\n<\/div>\n\n\n<p>Die in der Anlage verbauten Feldger\u00e4te (Sensoren und Aktoren) sind allesamt Industriekomponenten namhafter Hersteller, wie <abbr title=\"zum Beispiel\">z.B.<\/abbr> Fischer Rosemount, ABB, Endress+Hauser, Pepperl u. Fuchs. Sie erlauben somit einen wirklichkeitsgetreuen Eindruck \u00fcber die in einer verfahrenstechnischen Anlage eingesetzten Ger\u00e4te und verf\u00fcgen entweder \u00fcber eine ProfibusDP\/PA -,&nbsp; eine Foundation Fieldbus- oder eine HART-Schnittstelle. Dies erm\u00f6glicht es, die Besonderheiten bei der Integration und Konfiguration von Feldger\u00e4ten in inhomogenen Busstrukturen kennen zu lernen.<\/p>\n\n\n\n<h2 class=\"wp-block-heading\">Die Anlage besteht aus den folgenden Komponenten:<\/h2>\n\n\n\n<ul class=\"wp-block-list\">\n<li>3 Prozessleitsysteme (System 800xA, PCS7 BoxPC 620, DeltaV)<\/li>\n\n\n\n<li>6 WAGO 750-833 SPS (Profibus-Slave)<\/li>\n\n\n\n<li>1 transparentes Profibus DP\/PA-Gateway (Pepperl u. Fuchs)<\/li>\n\n\n\n<li>2 Vorrats-, 2 Dosier-, 1 Misch- und 1 Pufferbeh\u00e4lter, Kunststoffrohr DN20<\/li>\n\n\n\n<li>2 umrichtergesteuerte Dosier-Membran-Pumpen Prominent Sigma S3Ca<\/li>\n\n\n\n<li>1 umrichtergesteuerte Netzsch\/Nemo-Pumpe<\/li>\n\n\n\n<li>1 R\u00fchrer Heidolph RZR2051 mit RS232\/ProfibusDP-Adapter<\/li>\n\n\n\n<li>10 &nbsp;2\/2-Wege-Membran-Ventilen Gem\u00fc 690<\/li>\n\n\n\n<li>1 Durchflusssensor von Rosemount<\/li>\n\n\n\n<li>6 Drucktransmitter Endress+Hauser PMC71 Cerabar zur F\u00fcllstandsmessung<\/li>\n\n\n\n<li>1 F\u00fcllstandsradar Endress+Hauser PMP40 Levelflex M<\/li>\n\n\n\n<li>2 Regelventile von ABB <abbr title=\"beziehungsweise\">bzw.<\/abbr> Fischer<\/li>\n\n\n\n<li>1 Werma Signals\u00e4ule<\/li>\n<\/ul>\n\n\n\n<h2 class=\"wp-block-heading\">Eingesetzte Software:<\/h2>\n\n\n\n<ul class=\"wp-block-list\">\n<li>CoDeSys 2.3.9.9 von 3S Smart <span lang=\"en\" xml:lang=\"en\">Software<\/span> Solutions<\/li>\n\n\n\n<li>PCS7 V6.1 und PDM von Siemens<\/li>\n\n\n\n<li>System 800xA von ABB<\/li>\n\n\n\n<li>DeltaV von Emerson Process Management<\/li>\n<\/ul>\n\n\n\n<h2 class=\"wp-block-heading\">Visualisierung<\/h2>\n\n\n\n<p>Zur Steuerung des Destillationsprozesses steht eine grafische Oberfl\u00e4che zur Verf\u00fcgung. Diese zeigt alle wichtigen Prozessinformationen an und l\u00e4\u00dft ein Eingreifen in den Destillationsprozess zu. In einem Vertiefungslabor wird den Studenten angeboten, eine solche Benutzeroberfl\u00e4che nach den aktuellen Standards selbst zu entwerfen und implementieren.<\/p>\n\n\n\n<div class=\"wp-block-media-text is-stacked-on-mobile is-vertically-aligned-center\" style=\"grid-template-columns:25% auto\"><figure class=\"wp-block-media-text__media\"><img loading=\"lazy\" decoding=\"async\" width=\"1024\" height=\"787\" src=\"https:\/\/www.hsu-hh.de\/aut\/wp-content\/uploads\/sites\/670\/2024\/04\/PPjlztcuh6wYpXiZ-1024x787.gif\" data-credit=\"IfA\" alt=\"Gesamt\u00fcbersicht\" class=\"wp-image-3989 size-full\" srcset=\"https:\/\/www.hsu-hh.de\/aut\/wp-content\/uploads\/sites\/670\/2024\/04\/PPjlztcuh6wYpXiZ-1024x787.gif 1024w, https:\/\/www.hsu-hh.de\/aut\/wp-content\/uploads\/sites\/670\/2024\/04\/PPjlztcuh6wYpXiZ-300x231.gif 300w, https:\/\/www.hsu-hh.de\/aut\/wp-content\/uploads\/sites\/670\/2024\/04\/PPjlztcuh6wYpXiZ-768x590.gif 768w, https:\/\/www.hsu-hh.de\/aut\/wp-content\/uploads\/sites\/670\/2024\/04\/PPjlztcuh6wYpXiZ-1100x845.gif 1100w\" sizes=\"auto, (max-width: 1024px) 100vw, 1024px\" \/><\/figure><div class=\"wp-block-media-text__content\">\n<p>Gesamt\u00fcbersicht<\/p>\n<\/div><\/div>\n\n\n\n<div class=\"wp-block-media-text is-stacked-on-mobile\" style=\"grid-template-columns:25% auto\"><figure class=\"wp-block-media-text__media\"><img loading=\"lazy\" decoding=\"async\" width=\"1024\" height=\"787\" src=\"https:\/\/www.hsu-hh.de\/aut\/wp-content\/uploads\/sites\/670\/2024\/04\/3DlEhIn59qbq4NSh-1024x787.gif\" data-credit=\"IfA\" alt=\"Vorlagebeh\u00e4lter\" class=\"wp-image-3988 size-full\" srcset=\"https:\/\/www.hsu-hh.de\/aut\/wp-content\/uploads\/sites\/670\/2024\/04\/3DlEhIn59qbq4NSh-1024x787.gif 1024w, https:\/\/www.hsu-hh.de\/aut\/wp-content\/uploads\/sites\/670\/2024\/04\/3DlEhIn59qbq4NSh-300x231.gif 300w, https:\/\/www.hsu-hh.de\/aut\/wp-content\/uploads\/sites\/670\/2024\/04\/3DlEhIn59qbq4NSh-768x590.gif 768w, https:\/\/www.hsu-hh.de\/aut\/wp-content\/uploads\/sites\/670\/2024\/04\/3DlEhIn59qbq4NSh-1100x845.gif 1100w\" sizes=\"auto, (max-width: 1024px) 100vw, 1024px\" \/><\/figure><div class=\"wp-block-media-text__content\">\n<p>Vorlagebeh\u00e4lter<\/p>\n<\/div><\/div>\n\n\n\n<div class=\"wp-block-media-text is-stacked-on-mobile\" style=\"grid-template-columns:25% auto\"><figure class=\"wp-block-media-text__media\"><img loading=\"lazy\" decoding=\"async\" width=\"1024\" height=\"787\" src=\"https:\/\/www.hsu-hh.de\/aut\/wp-content\/uploads\/sites\/670\/2024\/04\/00aH12AqUjPdllIK-1024x787.gif\" data-credit=\"IfA\" alt=\"Kolonne\" class=\"wp-image-3991 size-full\" srcset=\"https:\/\/www.hsu-hh.de\/aut\/wp-content\/uploads\/sites\/670\/2024\/04\/00aH12AqUjPdllIK-1024x787.gif 1024w, https:\/\/www.hsu-hh.de\/aut\/wp-content\/uploads\/sites\/670\/2024\/04\/00aH12AqUjPdllIK-300x231.gif 300w, https:\/\/www.hsu-hh.de\/aut\/wp-content\/uploads\/sites\/670\/2024\/04\/00aH12AqUjPdllIK-768x590.gif 768w, https:\/\/www.hsu-hh.de\/aut\/wp-content\/uploads\/sites\/670\/2024\/04\/00aH12AqUjPdllIK-1100x845.gif 1100w\" sizes=\"auto, (max-width: 1024px) 100vw, 1024px\" \/><\/figure><div class=\"wp-block-media-text__content\">\n<p>Kolonne<\/p>\n<\/div><\/div>\n\n\n\n<div class=\"wp-block-media-text is-stacked-on-mobile\" style=\"grid-template-columns:25% auto\"><figure class=\"wp-block-media-text__media\"><img loading=\"lazy\" decoding=\"async\" width=\"1024\" height=\"787\" src=\"https:\/\/www.hsu-hh.de\/aut\/wp-content\/uploads\/sites\/670\/2024\/04\/gJZwC28vrVod0sQI-1024x787.gif\" data-credit=\"IfA\" alt=\"Destillatbeh\u00e4lter\" class=\"wp-image-3992 size-full\" srcset=\"https:\/\/www.hsu-hh.de\/aut\/wp-content\/uploads\/sites\/670\/2024\/04\/gJZwC28vrVod0sQI-1024x787.gif 1024w, https:\/\/www.hsu-hh.de\/aut\/wp-content\/uploads\/sites\/670\/2024\/04\/gJZwC28vrVod0sQI-300x231.gif 300w, https:\/\/www.hsu-hh.de\/aut\/wp-content\/uploads\/sites\/670\/2024\/04\/gJZwC28vrVod0sQI-768x590.gif 768w, https:\/\/www.hsu-hh.de\/aut\/wp-content\/uploads\/sites\/670\/2024\/04\/gJZwC28vrVod0sQI-1100x845.gif 1100w\" sizes=\"auto, (max-width: 1024px) 100vw, 1024px\" \/><\/figure><div class=\"wp-block-media-text__content\">\n<p>Destillatbeh\u00e4lter<\/p>\n<\/div><\/div>\n\n\n\n<div class=\"wp-block-media-text is-stacked-on-mobile\" style=\"grid-template-columns:25% auto\"><figure class=\"wp-block-media-text__media\"><img loading=\"lazy\" decoding=\"async\" width=\"1024\" height=\"787\" src=\"https:\/\/www.hsu-hh.de\/aut\/wp-content\/uploads\/sites\/670\/2024\/04\/Ob3zzCf9L3nOoJx4-1024x787.gif\" data-credit=\"IfA\" alt=\"K\u00fchlkreislauf\" class=\"wp-image-3990 size-full\" srcset=\"https:\/\/www.hsu-hh.de\/aut\/wp-content\/uploads\/sites\/670\/2024\/04\/Ob3zzCf9L3nOoJx4-1024x787.gif 1024w, https:\/\/www.hsu-hh.de\/aut\/wp-content\/uploads\/sites\/670\/2024\/04\/Ob3zzCf9L3nOoJx4-300x231.gif 300w, https:\/\/www.hsu-hh.de\/aut\/wp-content\/uploads\/sites\/670\/2024\/04\/Ob3zzCf9L3nOoJx4-768x590.gif 768w, https:\/\/www.hsu-hh.de\/aut\/wp-content\/uploads\/sites\/670\/2024\/04\/Ob3zzCf9L3nOoJx4-1100x845.gif 1100w\" sizes=\"auto, (max-width: 1024px) 100vw, 1024px\" \/><\/figure><div class=\"wp-block-media-text__content\">\n<p>K\u00fchlkreislauf<\/p>\n<\/div><\/div>\n","protected":false},"excerpt":{"rendered":"<p>Batch Mischanlage Die Batch Mischanlage dient als realit\u00e4tsnaher Demonstrator f\u00fcr in der Prozessautomatisierung \/ Verfahrenstechnik eingesetzten Hard- und Softwarekomponenten. Beginnend beim dem Prozessleitsystem, \u00fcber den Bus bis hinunter auf die [&hellip;]<\/p>\n","protected":false},"author":78,"featured_media":0,"parent":153,"menu_order":0,"comment_status":"closed","ping_status":"closed","template":"","meta":{"footnotes":""},"categories":[4],"tags":[],"class_list":["post-450","page","type-page","status-publish","hentry","category-forschung"],"_links":{"self":[{"href":"https:\/\/www.hsu-hh.de\/aut\/wp-json\/wp\/v2\/pages\/450","targetHints":{"allow":["GET"]}}],"collection":[{"href":"https:\/\/www.hsu-hh.de\/aut\/wp-json\/wp\/v2\/pages"}],"about":[{"href":"https:\/\/www.hsu-hh.de\/aut\/wp-json\/wp\/v2\/types\/page"}],"author":[{"embeddable":true,"href":"https:\/\/www.hsu-hh.de\/aut\/wp-json\/wp\/v2\/users\/78"}],"replies":[{"embeddable":true,"href":"https:\/\/www.hsu-hh.de\/aut\/wp-json\/wp\/v2\/comments?post=450"}],"version-history":[{"count":9,"href":"https:\/\/www.hsu-hh.de\/aut\/wp-json\/wp\/v2\/pages\/450\/revisions"}],"predecessor-version":[{"id":4006,"href":"https:\/\/www.hsu-hh.de\/aut\/wp-json\/wp\/v2\/pages\/450\/revisions\/4006"}],"up":[{"embeddable":true,"href":"https:\/\/www.hsu-hh.de\/aut\/wp-json\/wp\/v2\/pages\/153"}],"wp:attachment":[{"href":"https:\/\/www.hsu-hh.de\/aut\/wp-json\/wp\/v2\/media?parent=450"}],"wp:term":[{"taxonomy":"category","embeddable":true,"href":"https:\/\/www.hsu-hh.de\/aut\/wp-json\/wp\/v2\/categories?post=450"},{"taxonomy":"post_tag","embeddable":true,"href":"https:\/\/www.hsu-hh.de\/aut\/wp-json\/wp\/v2\/tags?post=450"}],"curies":[{"name":"wp","href":"https:\/\/api.w.org\/{rel}","templated":true}]}}