{"id":448,"date":"2017-10-25T00:22:37","date_gmt":"2017-10-24T22:22:37","guid":{"rendered":"https:\/\/www.hsu-hh.de\/aut\/?page_id=448"},"modified":"2024-04-19T11:48:31","modified_gmt":"2024-04-19T09:48:31","slug":"simulations-arbeitsplaetze-fuer-produktion-und-logistik","status":"publish","type":"page","link":"https:\/\/www.hsu-hh.de\/aut\/forschung\/labor\/simulations-arbeitsplaetze-fuer-produktion-und-logistik","title":{"rendered":"Simulations-Arbeitspl\u00e4tze f\u00fcr Produktion und Logistik"},"content":{"rendered":"<div class=\"wp-block-image\">\n<figure class=\"aligncenter size-full\"><img loading=\"lazy\" decoding=\"async\" width=\"909\" height=\"642\" src=\"https:\/\/www.hsu-hh.de\/aut\/wp-content\/uploads\/sites\/670\/2017\/10\/JuPzg73M17iC50SX.jpg\" data-credit=\"IfA\" alt=\"Simulations-Arbeitspl\u00e4tze f\u00fcr Produktion und Logistik\" class=\"wp-image-465\" srcset=\"https:\/\/www.hsu-hh.de\/aut\/wp-content\/uploads\/sites\/670\/2017\/10\/JuPzg73M17iC50SX.jpg 909w, https:\/\/www.hsu-hh.de\/aut\/wp-content\/uploads\/sites\/670\/2017\/10\/JuPzg73M17iC50SX-300x212.jpg 300w, https:\/\/www.hsu-hh.de\/aut\/wp-content\/uploads\/sites\/670\/2017\/10\/JuPzg73M17iC50SX-768x542.jpg 768w\" sizes=\"auto, (max-width: 909px) 100vw, 909px\" \/><\/figure>\n<\/div>\n\n\n<p>Das Simulationslabor der Professur f\u00fcr Automatisierungstechnik wurde 2009 im Zuge der neu angebotenen Lehrveranstaltungen f\u00fcr die Master-Studieng\u00e4nge eingerichtet. Ziel ist es, den Studenten die M\u00f6glichkeiten der simulationsbasierten Methoden in den Themengebieten der Automatisierungstechnik n\u00e4her zu bringen.<\/p>\n\n\n\n<p><strong>Im Einzelnen sind dies:<\/strong><\/p>\n\n\n\n<p>Materiallflusssimulation (Software: FlexSim \/ Modellierung: FlexScript)<br>Prozesssimulaton verfahrenstechnischer Anlagen (Software: Dymola \/ Modellierung: Modelica &#8211; Fluid)<\/p>\n\n\n\n<p><strong>Weiterhin wird das Simulationslabor f\u00fcr die Weiterentwicklung von Engineering-Methoden genutzt.<\/strong><\/p>\n\n\n\n<p>Beispiele hierf\u00fcr sind:<br>Durchg\u00e4ngiges Prozessleitsystem-Engineeing<br>Entwicklung einer durchg\u00e4ngigen CAE-Werkzeugkette und Erprobung von Datenaustauschformaten<\/p>\n\n\n<div class=\"wp-block-image\">\n<figure class=\"aligncenter size-full\"><img loading=\"lazy\" decoding=\"async\" width=\"627\" height=\"172\" src=\"https:\/\/www.hsu-hh.de\/aut\/wp-content\/uploads\/sites\/670\/2024\/04\/u9mm2wnrIRymzWm8.jpg\" data-credit=\"IfA\" alt=\"Simulations-Arbeitspl\u00e4tze f\u00fcr Produktion und Logistik\" class=\"wp-image-3979\" srcset=\"https:\/\/www.hsu-hh.de\/aut\/wp-content\/uploads\/sites\/670\/2024\/04\/u9mm2wnrIRymzWm8.jpg 627w, https:\/\/www.hsu-hh.de\/aut\/wp-content\/uploads\/sites\/670\/2024\/04\/u9mm2wnrIRymzWm8-300x82.jpg 300w\" sizes=\"auto, (max-width: 627px) 100vw, 627px\" \/><\/figure>\n<\/div>","protected":false},"excerpt":{"rendered":"<p>Das Simulationslabor der Professur f\u00fcr Automatisierungstechnik wurde 2009 im Zuge der neu angebotenen Lehrveranstaltungen f\u00fcr die Master-Studieng\u00e4nge eingerichtet. Ziel ist es, den Studenten die M\u00f6glichkeiten der simulationsbasierten Methoden in den [&hellip;]<\/p>\n","protected":false},"author":78,"featured_media":0,"parent":153,"menu_order":0,"comment_status":"closed","ping_status":"closed","template":"","meta":{"footnotes":""},"categories":[4],"tags":[],"class_list":["post-448","page","type-page","status-publish","hentry","category-forschung"],"_links":{"self":[{"href":"https:\/\/www.hsu-hh.de\/aut\/wp-json\/wp\/v2\/pages\/448","targetHints":{"allow":["GET"]}}],"collection":[{"href":"https:\/\/www.hsu-hh.de\/aut\/wp-json\/wp\/v2\/pages"}],"about":[{"href":"https:\/\/www.hsu-hh.de\/aut\/wp-json\/wp\/v2\/types\/page"}],"author":[{"embeddable":true,"href":"https:\/\/www.hsu-hh.de\/aut\/wp-json\/wp\/v2\/users\/78"}],"replies":[{"embeddable":true,"href":"https:\/\/www.hsu-hh.de\/aut\/wp-json\/wp\/v2\/comments?post=448"}],"version-history":[{"count":6,"href":"https:\/\/www.hsu-hh.de\/aut\/wp-json\/wp\/v2\/pages\/448\/revisions"}],"predecessor-version":[{"id":3982,"href":"https:\/\/www.hsu-hh.de\/aut\/wp-json\/wp\/v2\/pages\/448\/revisions\/3982"}],"up":[{"embeddable":true,"href":"https:\/\/www.hsu-hh.de\/aut\/wp-json\/wp\/v2\/pages\/153"}],"wp:attachment":[{"href":"https:\/\/www.hsu-hh.de\/aut\/wp-json\/wp\/v2\/media?parent=448"}],"wp:term":[{"taxonomy":"category","embeddable":true,"href":"https:\/\/www.hsu-hh.de\/aut\/wp-json\/wp\/v2\/categories?post=448"},{"taxonomy":"post_tag","embeddable":true,"href":"https:\/\/www.hsu-hh.de\/aut\/wp-json\/wp\/v2\/tags?post=448"}],"curies":[{"name":"wp","href":"https:\/\/api.w.org\/{rel}","templated":true}]}}