{"id":446,"date":"2017-10-25T00:21:28","date_gmt":"2017-10-24T22:21:28","guid":{"rendered":"https:\/\/www.hsu-hh.de\/aut\/?page_id=446"},"modified":"2025-03-04T08:13:28","modified_gmt":"2025-03-04T07:13:28","slug":"robotik-labor","status":"publish","type":"page","link":"https:\/\/www.hsu-hh.de\/aut\/forschung\/labor\/robotik-labor","title":{"rendered":"Robotik-Labor"},"content":{"rendered":"\n<p>Im Robotik-Labor ist ein Standard 6-Achs-Knickarm-Roboter vorhanden. Dadurch kann ein breites Spektrum an Fragestellungen aus der Industrie untersucht werden. Dieses reicht von einfachen Handhabungsaufgaben, wie sie vielfach in der Industrie vorkommen, bis hin zu komplexeren Bewegungen. Zudem kann mit dem Roboter spanende Fertigungsverfahren wie <abbr title=\"zum Beispiel\">z.B.<\/abbr> Fr\u00e4sen oder Bohren angewendet werden. Simulationsmodelle helfen, den Prozess zu modellieren, zu optimieren und letztlich in der Realit\u00e4t anzuwenden.<\/p>\n\n\n<div class=\"wp-block-image\">\n<figure class=\"aligncenter size-large\"><img loading=\"lazy\" decoding=\"async\" width=\"1024\" height=\"557\" src=\"https:\/\/www.hsu-hh.de\/aut\/wp-content\/uploads\/sites\/670\/2025\/02\/Roboter-1024x557.png\" data-credit=\"Professur f\u00fcr Automatisierungstechnik\" alt=\"\" class=\"wp-image-4341\" srcset=\"https:\/\/www.hsu-hh.de\/aut\/wp-content\/uploads\/sites\/670\/2025\/02\/Roboter-1024x557.png 1024w, https:\/\/www.hsu-hh.de\/aut\/wp-content\/uploads\/sites\/670\/2025\/02\/Roboter-300x163.png 300w, https:\/\/www.hsu-hh.de\/aut\/wp-content\/uploads\/sites\/670\/2025\/02\/Roboter-768x417.png 768w, https:\/\/www.hsu-hh.de\/aut\/wp-content\/uploads\/sites\/670\/2025\/02\/Roboter-1536x835.png 1536w, https:\/\/www.hsu-hh.de\/aut\/wp-content\/uploads\/sites\/670\/2025\/02\/Roboter-1100x598.png 1100w, https:\/\/www.hsu-hh.de\/aut\/wp-content\/uploads\/sites\/670\/2025\/02\/Roboter.png 1921w\" sizes=\"auto, (max-width: 1024px) 100vw, 1024px\" \/><\/figure>\n<\/div>\n\n\n<p>Dar\u00fcber hinaus wird in Kooperation mit dem <a href=\"https:\/\/www.hsu-hh.de\/werkstoffkunde\/\">Institut f\u00fcr Werkstofftechnik<\/a> am robotergef\u00fchrten Kaltgasspritzen geforscht.<\/p>\n\n\n<div class=\"wp-block-image\">\n<figure class=\"aligncenter size-large is-resized\"><img loading=\"lazy\" decoding=\"async\" width=\"1024\" height=\"768\" src=\"https:\/\/www.hsu-hh.de\/aut\/wp-content\/uploads\/sites\/670\/2025\/03\/CORE_KGS_1-1024x768.jpg\" data-credit=\"Professur f\u00fcr Automatisierungstechnik\" alt=\"\" class=\"wp-image-4431\" style=\"width:515px;height:auto\" srcset=\"https:\/\/www.hsu-hh.de\/aut\/wp-content\/uploads\/sites\/670\/2025\/03\/CORE_KGS_1-1024x768.jpg 1024w, https:\/\/www.hsu-hh.de\/aut\/wp-content\/uploads\/sites\/670\/2025\/03\/CORE_KGS_1-300x225.jpg 300w, https:\/\/www.hsu-hh.de\/aut\/wp-content\/uploads\/sites\/670\/2025\/03\/CORE_KGS_1-768x576.jpg 768w, https:\/\/www.hsu-hh.de\/aut\/wp-content\/uploads\/sites\/670\/2025\/03\/CORE_KGS_1-1536x1152.jpg 1536w, https:\/\/www.hsu-hh.de\/aut\/wp-content\/uploads\/sites\/670\/2025\/03\/CORE_KGS_1-2048x1536.jpg 2048w, https:\/\/www.hsu-hh.de\/aut\/wp-content\/uploads\/sites\/670\/2025\/03\/CORE_KGS_1-1100x825.jpg 1100w\" sizes=\"auto, (max-width: 1024px) 100vw, 1024px\" \/><\/figure>\n<\/div>\n\n\n<p>Aktuelle Forschungsprojekte unserer Professur im Bereich der Robotik sind:<\/p>\n\n\n\n<ul class=\"wp-block-list\">\n<li><a href=\"https:\/\/www.hsu-hh.de\/aut\/labor-fuer-intelligente-leichtbauproduktion-laila\">Labor f\u00fcr intelligente Leichtbauproduktion (LaiLa)<\/a><\/li>\n\n\n\n<li><a href=\"https:\/\/www.hsu-hh.de\/aut\/forschung\/forschungsthemen\/computergesteuerte-bauteilaufarbeitung-computer-based-refurbishment-core\">Computergesteuerte Bauteilaufarbeitung (COmputer-based REfurbishment, CORE)<\/a><\/li>\n\n\n\n<li><a href=\"https:\/\/www.hsu-hh.de\/aut\/forschung\/forschungsthemen\/intelligente-modulare-robotik-und-integrierte-produktionsgestaltung-im-flugzeugbau-imod\">Intelligente modulare Robotik und integrierte Produktionsgestaltung im Flugzeugbau (iMOD)<\/a><\/li>\n\n\n\n<li><a href=\"https:\/\/www.hsu-hh.de\/forschung\/fakultaeten-uebergreifend\/uas-at-hsu\/riva\">Rechtskonforme&nbsp;<abbr title=\"Informationstechnologie\">IT<\/abbr>-Konzepte und -L\u00f6sungen f\u00fcr Verb\u00fcnde autonomer Land-, Wasser- und Luftfahrzeuge (RIVA)<\/a><\/li>\n<\/ul>\n\n\n\n<p>Eine \u00dcbersicht \u00fcber all unsere Forschungsprojekte befindet sich hier: <a href=\"https:\/\/www.hsu-hh.de\/aut\/forschung\/forschungsthemen\">https:\/\/www.hsu-hh.de\/aut\/forschung\/forschungsthemen<\/a><\/p>\n","protected":false},"excerpt":{"rendered":"<p>Im Robotik-Labor ist ein Standard 6-Achs-Knickarm-Roboter vorhanden. Dadurch kann ein breites Spektrum an Fragestellungen aus der Industrie untersucht werden. Dieses reicht von einfachen Handhabungsaufgaben, wie sie vielfach in der Industrie [&hellip;]<\/p>\n","protected":false},"author":78,"featured_media":0,"parent":153,"menu_order":0,"comment_status":"closed","ping_status":"closed","template":"","meta":{"footnotes":""},"categories":[4],"tags":[],"class_list":["post-446","page","type-page","status-publish","hentry","category-forschung"],"_links":{"self":[{"href":"https:\/\/www.hsu-hh.de\/aut\/wp-json\/wp\/v2\/pages\/446","targetHints":{"allow":["GET"]}}],"collection":[{"href":"https:\/\/www.hsu-hh.de\/aut\/wp-json\/wp\/v2\/pages"}],"about":[{"href":"https:\/\/www.hsu-hh.de\/aut\/wp-json\/wp\/v2\/types\/page"}],"author":[{"embeddable":true,"href":"https:\/\/www.hsu-hh.de\/aut\/wp-json\/wp\/v2\/users\/78"}],"replies":[{"embeddable":true,"href":"https:\/\/www.hsu-hh.de\/aut\/wp-json\/wp\/v2\/comments?post=446"}],"version-history":[{"count":7,"href":"https:\/\/www.hsu-hh.de\/aut\/wp-json\/wp\/v2\/pages\/446\/revisions"}],"predecessor-version":[{"id":4432,"href":"https:\/\/www.hsu-hh.de\/aut\/wp-json\/wp\/v2\/pages\/446\/revisions\/4432"}],"up":[{"embeddable":true,"href":"https:\/\/www.hsu-hh.de\/aut\/wp-json\/wp\/v2\/pages\/153"}],"wp:attachment":[{"href":"https:\/\/www.hsu-hh.de\/aut\/wp-json\/wp\/v2\/media?parent=446"}],"wp:term":[{"taxonomy":"category","embeddable":true,"href":"https:\/\/www.hsu-hh.de\/aut\/wp-json\/wp\/v2\/categories?post=446"},{"taxonomy":"post_tag","embeddable":true,"href":"https:\/\/www.hsu-hh.de\/aut\/wp-json\/wp\/v2\/tags?post=446"}],"curies":[{"name":"wp","href":"https:\/\/api.w.org\/{rel}","templated":true}]}}