{"id":444,"date":"2017-10-25T00:20:34","date_gmt":"2017-10-24T22:20:34","guid":{"rendered":"https:\/\/www.hsu-hh.de\/aut\/?page_id=444"},"modified":"2025-03-03T12:13:23","modified_gmt":"2025-03-03T11:13:23","slug":"modulare-verfahrenstechnische-anlage-industrie-4-0-fuer-die-prozessindustrie-2","status":"publish","type":"page","link":"https:\/\/www.hsu-hh.de\/aut\/forschung\/labor\/modulare-verfahrenstechnische-anlage-industrie-4-0-fuer-die-prozessindustrie-2","title":{"rendered":"Modulare verfahrenstechnische Anlage: Industrie-4.0 f\u00fcr die Prozessindustrie"},"content":{"rendered":"\n<p>Die modulare verfahrenstechnische Anlage (ModVA) ist ein innovatives Demonstrationssystem, das die Konzepte der Modularisierung in der Prozessindustrie veranschaulicht und die Anwendung des Module Type Package (MTP) untersucht.\u00a0\u00a0<\/p>\n\n\n\n<figure class=\"wp-block-image size-large\"><img loading=\"lazy\" decoding=\"async\" width=\"1024\" height=\"768\" src=\"https:\/\/www.hsu-hh.de\/aut\/wp-content\/uploads\/sites\/670\/2025\/03\/MODVA_Raum_2-1024x768.jpg\" data-credit=\"HSU-IfA\" alt=\"\" class=\"wp-image-4394\" srcset=\"https:\/\/www.hsu-hh.de\/aut\/wp-content\/uploads\/sites\/670\/2025\/03\/MODVA_Raum_2-1024x768.jpg 1024w, https:\/\/www.hsu-hh.de\/aut\/wp-content\/uploads\/sites\/670\/2025\/03\/MODVA_Raum_2-300x225.jpg 300w, https:\/\/www.hsu-hh.de\/aut\/wp-content\/uploads\/sites\/670\/2025\/03\/MODVA_Raum_2-768x576.jpg 768w, https:\/\/www.hsu-hh.de\/aut\/wp-content\/uploads\/sites\/670\/2025\/03\/MODVA_Raum_2-1536x1152.jpg 1536w, https:\/\/www.hsu-hh.de\/aut\/wp-content\/uploads\/sites\/670\/2025\/03\/MODVA_Raum_2-1100x825.jpg 1100w, https:\/\/www.hsu-hh.de\/aut\/wp-content\/uploads\/sites\/670\/2025\/03\/MODVA_Raum_2.jpg 2016w\" sizes=\"auto, (max-width: 1024px) 100vw, 1024px\" \/><\/figure>\n\n\n\n<p>Die ModVA besteht aus f\u00fcnf Modulen, die unterschiedliche Prozessfunktionen abdecken:&nbsp;<\/p>\n\n\n\n<ol start=\"1\" class=\"wp-block-list\">\n<li><strong>Mischmodul<\/strong>: Verantwortlich f\u00fcr die pr\u00e4zise Vermengung von fl\u00fcssigen oder festen Rohstoffen.\u00a0<\/li>\n<\/ol>\n\n\n\n<ol start=\"2\" class=\"wp-block-list\">\n<li><strong>Filtermodul<\/strong>: Dient der Reinigung und Separation von unerw\u00fcnschten Bestandteilen.\u00a0<\/li>\n<\/ol>\n\n\n\n<ol start=\"3\" class=\"wp-block-list\">\n<li><strong>Destilliermodul<\/strong>: Erm\u00f6glicht die Trennung von Stoffgemischen durch Destillation.\u00a0<\/li>\n<\/ol>\n\n\n\n<ol start=\"4\" class=\"wp-block-list\">\n<li><strong>Abf\u00fcllmodul<\/strong>: F\u00fchrt die pr\u00e4zise Dosierung und Abf\u00fcllung der Produkte durch.\u00a0<\/li>\n<\/ol>\n\n\n\n<ol start=\"5\" class=\"wp-block-list\">\n<li><strong>Backbone (Medienversorgung)<\/strong>: Stellt zentrale Ressourcen wie Energie und Druckluft bereit.\u00a0<\/li>\n<\/ol>\n\n\n<script>\tvar sosereDefaults = {\"allowfullscreen\":true,\"fit\":\"contain\",\"transition\":\"crossfade\",\"loop\":true,\"autoplay\":\"3000\",\"stopautoplayontouch\":true,\"keyboard\":true,\"nav\":\"thumbs\"}<\/script><div class='sosere--wp' data-ids='4403,4399,4400,4396,4397,4398,4401,4402,4404'data-link='file'data-itemtag='dl'data-icontag='dt'data-captiontag='dd'data-columns='0'data-size='large'data-width='1024'data-auto='false'data-max-width='100%'data-ratio='1.3333333333333'><div id='gallery-1' class='gallery galleryid-444 gallery-columns-0 gallery-size-thumbnail'><dl class='gallery-item'>\n\t\t\t<dt class='gallery-icon landscape'>\n\t\t\t\t<a href='https:\/\/www.hsu-hh.de\/aut\/wp-content\/uploads\/sites\/670\/2025\/03\/MODVA_gesamt_1-1024x768.jpg' data-full='https:\/\/www.hsu-hh.de\/aut\/wp-content\/uploads\/sites\/670\/2025\/03\/MODVA_gesamt_1.jpg' data-credit=\"HSU-IfA\"><img loading=\"lazy\" decoding=\"async\" width=\"150\" height=\"150\" src=\"https:\/\/www.hsu-hh.de\/aut\/wp-content\/uploads\/sites\/670\/2025\/03\/MODVA_gesamt_1-150x150.jpg\" class=\"attachment-thumbnail size-thumbnail\" alt=\"\" aria-describedby=\"gallery-1-4403\" srcset=\"https:\/\/www.hsu-hh.de\/aut\/wp-content\/uploads\/sites\/670\/2025\/03\/MODVA_gesamt_1-150x150.jpg 150w, https:\/\/www.hsu-hh.de\/aut\/wp-content\/uploads\/sites\/670\/2025\/03\/MODVA_gesamt_1-100x100.jpg 100w\" sizes=\"auto, (max-width: 150px) 100vw, 150px\" \/><\/a>\n\t\t\t<\/dt>\n\t\t\t\t<dd class='wp-caption-text gallery-caption' id='gallery-1-4403'>\n\t\t\t\tModVA\n\t\t\t\t<\/dd><\/dl><dl class='gallery-item'>\n\t\t\t<dt class='gallery-icon landscape'>\n\t\t\t\t<a href='https:\/\/www.hsu-hh.de\/aut\/wp-content\/uploads\/sites\/670\/2025\/03\/MODVA_Raum_2-1-1024x768.jpg' data-full='https:\/\/www.hsu-hh.de\/aut\/wp-content\/uploads\/sites\/670\/2025\/03\/MODVA_Raum_2-1.jpg' data-credit=\"HSU-IfA\"><img loading=\"lazy\" decoding=\"async\" width=\"150\" height=\"150\" src=\"https:\/\/www.hsu-hh.de\/aut\/wp-content\/uploads\/sites\/670\/2025\/03\/MODVA_Raum_2-1-150x150.jpg\" class=\"attachment-thumbnail size-thumbnail\" alt=\"\" aria-describedby=\"gallery-1-4399\" srcset=\"https:\/\/www.hsu-hh.de\/aut\/wp-content\/uploads\/sites\/670\/2025\/03\/MODVA_Raum_2-1-150x150.jpg 150w, https:\/\/www.hsu-hh.de\/aut\/wp-content\/uploads\/sites\/670\/2025\/03\/MODVA_Raum_2-1-100x100.jpg 100w\" sizes=\"auto, (max-width: 150px) 100vw, 150px\" \/><\/a>\n\t\t\t<\/dt>\n\t\t\t\t<dd class='wp-caption-text gallery-caption' id='gallery-1-4399'>\n\t\t\t\tModVA\n\t\t\t\t<\/dd><\/dl><dl class='gallery-item'>\n\t\t\t<dt class='gallery-icon landscape'>\n\t\t\t\t<a href='https:\/\/www.hsu-hh.de\/aut\/wp-content\/uploads\/sites\/670\/2025\/03\/MODVA_Raum_4-1024x768.jpg' data-full='https:\/\/www.hsu-hh.de\/aut\/wp-content\/uploads\/sites\/670\/2025\/03\/MODVA_Raum_4.jpg' data-credit=\"HSU-IfA\"><img loading=\"lazy\" decoding=\"async\" width=\"150\" height=\"150\" src=\"https:\/\/www.hsu-hh.de\/aut\/wp-content\/uploads\/sites\/670\/2025\/03\/MODVA_Raum_4-150x150.jpg\" class=\"attachment-thumbnail size-thumbnail\" alt=\"\" aria-describedby=\"gallery-1-4400\" srcset=\"https:\/\/www.hsu-hh.de\/aut\/wp-content\/uploads\/sites\/670\/2025\/03\/MODVA_Raum_4-150x150.jpg 150w, https:\/\/www.hsu-hh.de\/aut\/wp-content\/uploads\/sites\/670\/2025\/03\/MODVA_Raum_4-100x100.jpg 100w\" sizes=\"auto, (max-width: 150px) 100vw, 150px\" \/><\/a>\n\t\t\t<\/dt>\n\t\t\t\t<dd class='wp-caption-text gallery-caption' id='gallery-1-4400'>\n\t\t\t\tModVA\n\t\t\t\t<\/dd><\/dl><dl class='gallery-item'>\n\t\t\t<dt class='gallery-icon portrait'>\n\t\t\t\t<a href='https:\/\/www.hsu-hh.de\/aut\/wp-content\/uploads\/sites\/670\/2025\/03\/MODVA_Abfueller-768x1024.jpg' data-full='https:\/\/www.hsu-hh.de\/aut\/wp-content\/uploads\/sites\/670\/2025\/03\/MODVA_Abfueller.jpg' data-credit=\"HSU-IfA\"><img loading=\"lazy\" decoding=\"async\" width=\"150\" height=\"150\" src=\"https:\/\/www.hsu-hh.de\/aut\/wp-content\/uploads\/sites\/670\/2025\/03\/MODVA_Abfueller-150x150.jpg\" class=\"attachment-thumbnail size-thumbnail\" alt=\"\" aria-describedby=\"gallery-1-4396\" srcset=\"https:\/\/www.hsu-hh.de\/aut\/wp-content\/uploads\/sites\/670\/2025\/03\/MODVA_Abfueller-150x150.jpg 150w, https:\/\/www.hsu-hh.de\/aut\/wp-content\/uploads\/sites\/670\/2025\/03\/MODVA_Abfueller-100x100.jpg 100w\" sizes=\"auto, (max-width: 150px) 100vw, 150px\" \/><\/a>\n\t\t\t<\/dt>\n\t\t\t\t<dd class='wp-caption-text gallery-caption' id='gallery-1-4396'>\n\t\t\t\tAbf\u00fcller\n\t\t\t\t<\/dd><\/dl><dl class='gallery-item'>\n\t\t\t<dt class='gallery-icon portrait'>\n\t\t\t\t<a href='https:\/\/www.hsu-hh.de\/aut\/wp-content\/uploads\/sites\/670\/2025\/03\/MODVA_Backbone-768x1024.jpg' data-full='https:\/\/www.hsu-hh.de\/aut\/wp-content\/uploads\/sites\/670\/2025\/03\/MODVA_Backbone.jpg' data-credit=\"HSU-IfA\"><img loading=\"lazy\" decoding=\"async\" width=\"150\" height=\"150\" src=\"https:\/\/www.hsu-hh.de\/aut\/wp-content\/uploads\/sites\/670\/2025\/03\/MODVA_Backbone-150x150.jpg\" class=\"attachment-thumbnail size-thumbnail\" alt=\"\" aria-describedby=\"gallery-1-4397\" srcset=\"https:\/\/www.hsu-hh.de\/aut\/wp-content\/uploads\/sites\/670\/2025\/03\/MODVA_Backbone-150x150.jpg 150w, https:\/\/www.hsu-hh.de\/aut\/wp-content\/uploads\/sites\/670\/2025\/03\/MODVA_Backbone-100x100.jpg 100w\" sizes=\"auto, (max-width: 150px) 100vw, 150px\" \/><\/a>\n\t\t\t<\/dt>\n\t\t\t\t<dd class='wp-caption-text gallery-caption' id='gallery-1-4397'>\n\t\t\t\tBackbone\n\t\t\t\t<\/dd><\/dl><dl class='gallery-item'>\n\t\t\t<dt class='gallery-icon portrait'>\n\t\t\t\t<a href='https:\/\/www.hsu-hh.de\/aut\/wp-content\/uploads\/sites\/670\/2025\/03\/ModVA_Mischmodul_freigestellt-768x1024.png' data-full='https:\/\/www.hsu-hh.de\/aut\/wp-content\/uploads\/sites\/670\/2025\/03\/ModVA_Mischmodul_freigestellt.png' data-credit=\"HSU-IfA\"><img loading=\"lazy\" decoding=\"async\" width=\"150\" height=\"150\" src=\"https:\/\/www.hsu-hh.de\/aut\/wp-content\/uploads\/sites\/670\/2025\/03\/ModVA_Mischmodul_freigestellt-150x150.png\" class=\"attachment-thumbnail size-thumbnail\" alt=\"\" aria-describedby=\"gallery-1-4398\" srcset=\"https:\/\/www.hsu-hh.de\/aut\/wp-content\/uploads\/sites\/670\/2025\/03\/ModVA_Mischmodul_freigestellt-150x150.png 150w, https:\/\/www.hsu-hh.de\/aut\/wp-content\/uploads\/sites\/670\/2025\/03\/ModVA_Mischmodul_freigestellt-100x100.png 100w\" sizes=\"auto, (max-width: 150px) 100vw, 150px\" \/><\/a>\n\t\t\t<\/dt>\n\t\t\t\t<dd class='wp-caption-text gallery-caption' id='gallery-1-4398'>\n\t\t\t\tMischer\n\t\t\t\t<\/dd><\/dl><dl class='gallery-item'>\n\t\t\t<dt class='gallery-icon portrait'>\n\t\t\t\t<a href='https:\/\/www.hsu-hh.de\/aut\/wp-content\/uploads\/sites\/670\/2025\/03\/MODVA_Destille-768x1024.jpg' data-full='https:\/\/www.hsu-hh.de\/aut\/wp-content\/uploads\/sites\/670\/2025\/03\/MODVA_Destille.jpg' data-credit=\"HSU-IfA\"><img loading=\"lazy\" decoding=\"async\" width=\"150\" height=\"150\" src=\"https:\/\/www.hsu-hh.de\/aut\/wp-content\/uploads\/sites\/670\/2025\/03\/MODVA_Destille-150x150.jpg\" class=\"attachment-thumbnail size-thumbnail\" alt=\"\" aria-describedby=\"gallery-1-4401\" srcset=\"https:\/\/www.hsu-hh.de\/aut\/wp-content\/uploads\/sites\/670\/2025\/03\/MODVA_Destille-150x150.jpg 150w, https:\/\/www.hsu-hh.de\/aut\/wp-content\/uploads\/sites\/670\/2025\/03\/MODVA_Destille-100x100.jpg 100w\" sizes=\"auto, (max-width: 150px) 100vw, 150px\" \/><\/a>\n\t\t\t<\/dt>\n\t\t\t\t<dd class='wp-caption-text gallery-caption' id='gallery-1-4401'>\n\t\t\t\tDestille\n\t\t\t\t<\/dd><\/dl><dl class='gallery-item'>\n\t\t\t<dt class='gallery-icon portrait'>\n\t\t\t\t<a href='https:\/\/www.hsu-hh.de\/aut\/wp-content\/uploads\/sites\/670\/2025\/03\/MODVA_Filter-768x1024.jpg' data-full='https:\/\/www.hsu-hh.de\/aut\/wp-content\/uploads\/sites\/670\/2025\/03\/MODVA_Filter.jpg' data-credit=\"HSU-IfA\"><img loading=\"lazy\" decoding=\"async\" width=\"150\" height=\"150\" src=\"https:\/\/www.hsu-hh.de\/aut\/wp-content\/uploads\/sites\/670\/2025\/03\/MODVA_Filter-150x150.jpg\" class=\"attachment-thumbnail size-thumbnail\" alt=\"\" aria-describedby=\"gallery-1-4402\" srcset=\"https:\/\/www.hsu-hh.de\/aut\/wp-content\/uploads\/sites\/670\/2025\/03\/MODVA_Filter-150x150.jpg 150w, https:\/\/www.hsu-hh.de\/aut\/wp-content\/uploads\/sites\/670\/2025\/03\/MODVA_Filter-100x100.jpg 100w\" sizes=\"auto, (max-width: 150px) 100vw, 150px\" \/><\/a>\n\t\t\t<\/dt>\n\t\t\t\t<dd class='wp-caption-text gallery-caption' id='gallery-1-4402'>\n\t\t\t\tFilter\n\t\t\t\t<\/dd><\/dl><dl class='gallery-item'>\n\t\t\t<dt class='gallery-icon portrait'>\n\t\t\t\t<a href='https:\/\/www.hsu-hh.de\/aut\/wp-content\/uploads\/sites\/670\/2025\/03\/MODVA_Mischer-768x1024.jpg' data-full='https:\/\/www.hsu-hh.de\/aut\/wp-content\/uploads\/sites\/670\/2025\/03\/MODVA_Mischer.jpg' data-credit=\"HSU-IfA\"><img loading=\"lazy\" decoding=\"async\" width=\"150\" height=\"150\" src=\"https:\/\/www.hsu-hh.de\/aut\/wp-content\/uploads\/sites\/670\/2025\/03\/MODVA_Mischer-150x150.jpg\" class=\"attachment-thumbnail size-thumbnail\" alt=\"\" aria-describedby=\"gallery-1-4404\" srcset=\"https:\/\/www.hsu-hh.de\/aut\/wp-content\/uploads\/sites\/670\/2025\/03\/MODVA_Mischer-150x150.jpg 150w, https:\/\/www.hsu-hh.de\/aut\/wp-content\/uploads\/sites\/670\/2025\/03\/MODVA_Mischer-100x100.jpg 100w\" sizes=\"auto, (max-width: 150px) 100vw, 150px\" \/><\/a>\n\t\t\t<\/dt>\n\t\t\t\t<dd class='wp-caption-text gallery-caption' id='gallery-1-4404'>\n\t\t\t\tMischer\n\t\t\t\t<\/dd><\/dl>\n\t\t<\/div>\n<\/div>","protected":false},"excerpt":{"rendered":"<p>Die modulare verfahrenstechnische Anlage (ModVA) ist ein innovatives Demonstrationssystem, das die Konzepte der Modularisierung in der Prozessindustrie veranschaulicht und die Anwendung des Module Type Package (MTP) untersucht.\u00a0\u00a0 Die ModVA besteht [&hellip;]<\/p>\n","protected":false},"author":78,"featured_media":0,"parent":153,"menu_order":0,"comment_status":"closed","ping_status":"closed","template":"","meta":{"footnotes":""},"categories":[4],"tags":[],"class_list":["post-444","page","type-page","status-publish","hentry","category-forschung"],"_links":{"self":[{"href":"https:\/\/www.hsu-hh.de\/aut\/wp-json\/wp\/v2\/pages\/444","targetHints":{"allow":["GET"]}}],"collection":[{"href":"https:\/\/www.hsu-hh.de\/aut\/wp-json\/wp\/v2\/pages"}],"about":[{"href":"https:\/\/www.hsu-hh.de\/aut\/wp-json\/wp\/v2\/types\/page"}],"author":[{"embeddable":true,"href":"https:\/\/www.hsu-hh.de\/aut\/wp-json\/wp\/v2\/users\/78"}],"replies":[{"embeddable":true,"href":"https:\/\/www.hsu-hh.de\/aut\/wp-json\/wp\/v2\/comments?post=444"}],"version-history":[{"count":7,"href":"https:\/\/www.hsu-hh.de\/aut\/wp-json\/wp\/v2\/pages\/444\/revisions"}],"predecessor-version":[{"id":4405,"href":"https:\/\/www.hsu-hh.de\/aut\/wp-json\/wp\/v2\/pages\/444\/revisions\/4405"}],"up":[{"embeddable":true,"href":"https:\/\/www.hsu-hh.de\/aut\/wp-json\/wp\/v2\/pages\/153"}],"wp:attachment":[{"href":"https:\/\/www.hsu-hh.de\/aut\/wp-json\/wp\/v2\/media?parent=444"}],"wp:term":[{"taxonomy":"category","embeddable":true,"href":"https:\/\/www.hsu-hh.de\/aut\/wp-json\/wp\/v2\/categories?post=444"},{"taxonomy":"post_tag","embeddable":true,"href":"https:\/\/www.hsu-hh.de\/aut\/wp-json\/wp\/v2\/tags?post=444"}],"curies":[{"name":"wp","href":"https:\/\/api.w.org\/{rel}","templated":true}]}}