{"id":4406,"date":"2025-03-03T13:13:00","date_gmt":"2025-03-03T12:13:00","guid":{"rendered":"https:\/\/www.hsu-hh.de\/aut\/?page_id=4406"},"modified":"2025-03-03T13:13:07","modified_gmt":"2025-03-03T12:13:07","slug":"mmo-700","status":"publish","type":"page","link":"https:\/\/www.hsu-hh.de\/aut\/forschung\/labor\/mmo-700","title":{"rendered":"MMO-700"},"content":{"rendered":"\n<h2 class=\"wp-block-heading\">Beschreibung des mobilen Roboters MMO-700<\/h2>\n\n\n\n<p>Der <strong>Neobotix MMO-700<\/strong> ist eine vielseitige mobile Plattform, die f\u00fcr eine flexible Integration in industrielle und logistische Prozesse genutzt wird. Das omnidirektionale Fahrwerk erm\u00f6glicht eine hochpr\u00e4zise Bewegung in engen Umgebungen, w\u00e4hrend die robuste Bauweise den Einsatz unter anspruchsvollen Bedingungen gew\u00e4hrleistet.&nbsp;&nbsp;<\/p>\n\n\n\n<p>Zus\u00e4tzlich ist der MMO-700 mit einem <strong>Universal Robots UR10<\/strong> Roboterarm ausgestattet. Dieser Roboterarm erweitert die Funktionalit\u00e4t des MMO-700 erheblich, indem er Aufgaben wie das Greifen, Positionieren oder Montieren von Bauteilen autonom \u00fcbernehmen kann. Der UR10 zeichnet sich durch seine hohe Reichweite und Traglast aus, wodurch er ideal f\u00fcr komplexe Fertigungs- und Handhabungsprozesse geeignet ist. Zudem bietet der UR10 relevante Sicherheitsaspekte, die das kollaborative Arbeiten zwischen Mensch und Roboter erm\u00f6glichen. Mit seiner modularen Struktur ist der MMO-700 optimal f\u00fcr Anwendungen in der Automatisierungstechnik, Forschung und Industrie.&nbsp;<\/p>\n\n\n\n<p>Die Steuerung des MMO-700 erfolgt \u00fcber <strong>ROS2 (Robot Operating System 2)<\/strong>, das eine flexible und skalierbare Open-Source Softwarearchitektur bereitstellt. ROS2 erm\u00f6glicht eine effiziente Kommunikation zwischen den verschiedenen Hardware- und Softwarekomponenten des Roboters und erlaubt die Integration zus\u00e4tzlicher Sensoren und Steuerungsalgorithmen. Durch die Nutzung von ROS2 kann der MMO-700 problemlos in bestehende Automatisierungssysteme eingebunden werden und unterst\u00fctzt moderne Navigationstechniken wie SLAM (Simultaneous Localization and Mapping) zur Kartierung und Lokalisierung in einer Umgebung und das ROS2 Paket Nav2 zur pr\u00e4zisen und effizienten autonomen Navigation. Dar\u00fcber hinaus bietet der Roboter eine robuste Hinderniserkennung und Routenplanung. Zudem wird f\u00fcr Tests und Simulationen vor der realen Durchf\u00fchrung die Simulationsumgebung <strong>Gazebo<\/strong> genutzt, um verschiedene Szenarien zu erproben und die Software kontinuierlich weiterzuentwickeln.&nbsp;<\/p>\n\n\n\n<h2 class=\"wp-block-heading\">Ziele des MMO-700\u00a0<\/h2>\n\n\n\n<p>Der MMO-700 dient in erster Linie dazu, die Effizienz und Flexibilit\u00e4t mobiler Roboter in logistischen und handhabenden Anwendungen zu demonstrieren und weiterzuentwickeln. Seine autonomen F\u00e4higkeiten, kombiniert mit einer ROS2-basierten Steuerung, erm\u00f6glichen eine vielseitige Anpassung an verschiedene Einsatzbereiche. Ziel ist es, die Automatisierung zu f\u00f6rdern und innovative Entwicklungen im Bereich Mobilrobotik, insbesondere die Integration von Ans\u00e4tzen k\u00fcnstlicher Intelligenz f\u00fcr autonome Entscheidungsfindung zu integrieren. Ein weiterer Fokus ist der Einsatz in der Lehre, um Studierenden praxisnahe Erfahrungen in dem Bereich Mobilrobotik zu erm\u00f6glichen und auf zuk\u00fcnftige Aufgaben in der Entwicklung und Anwendung autonomer Systeme vorzubereiten.&nbsp;&nbsp;<\/p>\n\n\n\n<figure class=\"wp-block-video\"><video height=\"1080\" style=\"aspect-ratio: 1920 \/ 1080;\" width=\"1920\" controls src=\"https:\/\/www.hsu-hh.de\/aut\/wp-content\/uploads\/sites\/670\/2025\/03\/AutSys_Projektarbeit.mp4\"><\/video><\/figure>\n","protected":false},"excerpt":{"rendered":"<p>Beschreibung des mobilen Roboters MMO-700 Der Neobotix MMO-700 ist eine vielseitige mobile Plattform, die f\u00fcr eine flexible Integration in industrielle und logistische Prozesse genutzt wird. Das omnidirektionale Fahrwerk erm\u00f6glicht eine [&hellip;]<\/p>\n","protected":false},"author":3039,"featured_media":0,"parent":153,"menu_order":0,"comment_status":"closed","ping_status":"closed","template":"","meta":{"footnotes":""},"categories":[4],"tags":[],"class_list":["post-4406","page","type-page","status-publish","hentry","category-forschung"],"_links":{"self":[{"href":"https:\/\/www.hsu-hh.de\/aut\/wp-json\/wp\/v2\/pages\/4406","targetHints":{"allow":["GET"]}}],"collection":[{"href":"https:\/\/www.hsu-hh.de\/aut\/wp-json\/wp\/v2\/pages"}],"about":[{"href":"https:\/\/www.hsu-hh.de\/aut\/wp-json\/wp\/v2\/types\/page"}],"author":[{"embeddable":true,"href":"https:\/\/www.hsu-hh.de\/aut\/wp-json\/wp\/v2\/users\/3039"}],"replies":[{"embeddable":true,"href":"https:\/\/www.hsu-hh.de\/aut\/wp-json\/wp\/v2\/comments?post=4406"}],"version-history":[{"count":1,"href":"https:\/\/www.hsu-hh.de\/aut\/wp-json\/wp\/v2\/pages\/4406\/revisions"}],"predecessor-version":[{"id":4408,"href":"https:\/\/www.hsu-hh.de\/aut\/wp-json\/wp\/v2\/pages\/4406\/revisions\/4408"}],"up":[{"embeddable":true,"href":"https:\/\/www.hsu-hh.de\/aut\/wp-json\/wp\/v2\/pages\/153"}],"wp:attachment":[{"href":"https:\/\/www.hsu-hh.de\/aut\/wp-json\/wp\/v2\/media?parent=4406"}],"wp:term":[{"taxonomy":"category","embeddable":true,"href":"https:\/\/www.hsu-hh.de\/aut\/wp-json\/wp\/v2\/categories?post=4406"},{"taxonomy":"post_tag","embeddable":true,"href":"https:\/\/www.hsu-hh.de\/aut\/wp-json\/wp\/v2\/tags?post=4406"}],"curies":[{"name":"wp","href":"https:\/\/api.w.org\/{rel}","templated":true}]}}