{"id":434,"date":"2017-10-25T00:07:01","date_gmt":"2017-10-24T22:07:01","guid":{"rendered":"https:\/\/www.hsu-hh.de\/aut\/?page_id=434"},"modified":"2017-10-25T00:07:02","modified_gmt":"2017-10-24T22:07:02","slug":"durchgaengiges-beschreibungsmodell-fuer-den-feldgeraete-lebenszyklus","status":"publish","type":"page","link":"https:\/\/www.hsu-hh.de\/aut\/forschung\/forschungsthemen\/durchgaengiges-beschreibungsmodell-fuer-den-feldgeraete-lebenszyklus","title":{"rendered":"Durchg\u00e4ngiges Beschreibungsmodell f\u00fcr den Feldger\u00e4te-Lebenszyklus."},"content":{"rendered":"<div id=\"contentblock\">\n<div class=\"header_info\">\n<ul>\n<li>bearbeitet von<a title=\"\u00dcberblick \u00bb Mitarbeiter \u00bb Wiss. Mitarbeiter \u00bb Yaoying\u00a0Lin\" href=\"https:\/\/www.hsu-hh.de\/aut\/index_hJVn3M2Xz2wWonra.html\">\u00a0<abbr title=\"Doktor der Ingenieurwissenschaften\">Dr.-Ing.<\/abbr> Yaoying Lin<\/a><\/li>\n<\/ul>\n<\/div>\n<\/div>\n","protected":false},"excerpt":{"rendered":"<p>bearbeitet von\u00a0Dr.-Ing. Yaoying Lin<\/p>\n","protected":false},"author":78,"featured_media":0,"parent":164,"menu_order":0,"comment_status":"closed","ping_status":"closed","template":"","meta":{"footnotes":""},"categories":[4],"tags":[],"class_list":["post-434","page","type-page","status-publish","hentry","category-forschung"],"_links":{"self":[{"href":"https:\/\/www.hsu-hh.de\/aut\/wp-json\/wp\/v2\/pages\/434","targetHints":{"allow":["GET"]}}],"collection":[{"href":"https:\/\/www.hsu-hh.de\/aut\/wp-json\/wp\/v2\/pages"}],"about":[{"href":"https:\/\/www.hsu-hh.de\/aut\/wp-json\/wp\/v2\/types\/page"}],"author":[{"embeddable":true,"href":"https:\/\/www.hsu-hh.de\/aut\/wp-json\/wp\/v2\/users\/78"}],"replies":[{"embeddable":true,"href":"https:\/\/www.hsu-hh.de\/aut\/wp-json\/wp\/v2\/comments?post=434"}],"version-history":[{"count":1,"href":"https:\/\/www.hsu-hh.de\/aut\/wp-json\/wp\/v2\/pages\/434\/revisions"}],"predecessor-version":[{"id":435,"href":"https:\/\/www.hsu-hh.de\/aut\/wp-json\/wp\/v2\/pages\/434\/revisions\/435"}],"up":[{"embeddable":true,"href":"https:\/\/www.hsu-hh.de\/aut\/wp-json\/wp\/v2\/pages\/164"}],"wp:attachment":[{"href":"https:\/\/www.hsu-hh.de\/aut\/wp-json\/wp\/v2\/media?parent=434"}],"wp:term":[{"taxonomy":"category","embeddable":true,"href":"https:\/\/www.hsu-hh.de\/aut\/wp-json\/wp\/v2\/categories?post=434"},{"taxonomy":"post_tag","embeddable":true,"href":"https:\/\/www.hsu-hh.de\/aut\/wp-json\/wp\/v2\/tags?post=434"}],"curies":[{"name":"wp","href":"https:\/\/api.w.org\/{rel}","templated":true}]}}