{"id":430,"date":"2017-10-25T00:04:45","date_gmt":"2017-10-24T22:04:45","guid":{"rendered":"https:\/\/www.hsu-hh.de\/aut\/?page_id=430"},"modified":"2017-10-25T00:04:45","modified_gmt":"2017-10-24T22:04:45","slug":"modellassoziation-und-abhaengigkeitsmanagement-im-industriellen-loesungsgeschaeft","status":"publish","type":"page","link":"https:\/\/www.hsu-hh.de\/aut\/forschung\/forschungsthemen\/modellassoziation-und-abhaengigkeitsmanagement-im-industriellen-loesungsgeschaeft","title":{"rendered":"Modellassoziation und Abh\u00e4ngigkeitsmanagement im industriellen L\u00f6sungsgesch\u00e4ft"},"content":{"rendered":"<p>Am Engineering von Fertigungsanlagen sind verschiedene Gewerke (Hydraulik, Mechanik, Automation, <abbr title=\"und so weiter\">usw.<\/abbr>) beteiligt. Modelle dienen der Dokumentation der Engineeringergebnisse. Jedes Modell repr\u00e4sentiert die Arbeitsergebnisse im jeweiligen Gewerk. Zwischen den Modellen in den jeweiligen Gewerken herrschen Abh\u00e4ngigkeiten, welche jedoch nicht erfasst sind. Die Entscheidungen innerhalb eines Gewerkes k\u00f6nnen daher verschiedenartigen Einfluss auf die T\u00e4tigkeiten und Ergebnisse anderer Gewerke besitzen, ohne dass dies sichtbar sein muss und der Einfluss im anderen Gewerk wahrgenommen wird.<\/p>\n<p>Im Projekt \u201eModellassoziationen und Abh\u00e4ngigkeitsmanagement\u201c sollen die zwischen den am Engineering beteiligten Gewerken bestehenden Abh\u00e4ngigkeiten erfasst und bewertet werden. Die Abh\u00e4ngigkeiten sind weitestgehend nicht dokumentiert, jedoch den einzelnen Beteiligten bekannt, da sie ihr implizites Wissen zum Erfolg des Engineerings einsetzen.<\/p>\n<p>Mithilfe des dokumentierten Wissens \u00fcber die Abh\u00e4ngigkeiten wird die M\u00f6glichkeit er\u00f6ffnet das Engineering erfolgreicher zu gestalten.<\/p>\n<p>Bearbeitet durch: <a href=\"https:\/\/www.hsu-hh.de\/aut\/index_0ijEmWXa84NkB6dC.html\"><abbr title=\"Diplom\">Dipl.<\/abbr>-Wirt.-<abbr title=\"Ingenieur\">Ing.<\/abbr> Tobias J\u00e4ger<\/a><\/p>\n<p>Schwerpunkte:<\/p>\n<ul>\n<li>Verkn\u00fcpfung Dom\u00e4nen-spezifischer Modelle<\/li>\n<li>Identifikation und Bewertung von Abh\u00e4ngigkeiten<\/li>\n<li>Definition von Strategien im Umgang mit Abh\u00e4ngigkeiten<\/li>\n<li>Mitarbeit im<a href=\"http:\/\/www.namur.de\/arbeitsfelder-af-und-projektgruppen-pg\/arbeitsfeld-1-planung-und-errichtung\/ak-112-anforderungen-an-die-modularisierung-von-automatisierungstechnik\/?L=\\\\{3728c0ddcf5026c65bc0b4e995c837d09025c3e7fa253cea254631dfe46bf841}27{3728c0ddcf5026c65bc0b4e995c837d09025c3e7fa253cea254631dfe46bf841}3F\" rel='nofollow'> NAMUR AK 1.12 &#8222;Anforderungen an die Modularisierung von Automatisierungstechnik&#8220;<\/a><\/li>\n<\/ul>\n","protected":false},"excerpt":{"rendered":"<p>Am Engineering von Fertigungsanlagen sind verschiedene Gewerke (Hydraulik, Mechanik, Automation, usw.) beteiligt. Modelle dienen der Dokumentation der Engineeringergebnisse. Jedes Modell repr\u00e4sentiert die Arbeitsergebnisse im jeweiligen Gewerk. Zwischen den Modellen in [&hellip;]<\/p>\n","protected":false},"author":78,"featured_media":0,"parent":164,"menu_order":0,"comment_status":"closed","ping_status":"closed","template":"","meta":{"footnotes":""},"categories":[4],"tags":[],"class_list":["post-430","page","type-page","status-publish","hentry","category-forschung"],"_links":{"self":[{"href":"https:\/\/www.hsu-hh.de\/aut\/wp-json\/wp\/v2\/pages\/430","targetHints":{"allow":["GET"]}}],"collection":[{"href":"https:\/\/www.hsu-hh.de\/aut\/wp-json\/wp\/v2\/pages"}],"about":[{"href":"https:\/\/www.hsu-hh.de\/aut\/wp-json\/wp\/v2\/types\/page"}],"author":[{"embeddable":true,"href":"https:\/\/www.hsu-hh.de\/aut\/wp-json\/wp\/v2\/users\/78"}],"replies":[{"embeddable":true,"href":"https:\/\/www.hsu-hh.de\/aut\/wp-json\/wp\/v2\/comments?post=430"}],"version-history":[{"count":1,"href":"https:\/\/www.hsu-hh.de\/aut\/wp-json\/wp\/v2\/pages\/430\/revisions"}],"predecessor-version":[{"id":431,"href":"https:\/\/www.hsu-hh.de\/aut\/wp-json\/wp\/v2\/pages\/430\/revisions\/431"}],"up":[{"embeddable":true,"href":"https:\/\/www.hsu-hh.de\/aut\/wp-json\/wp\/v2\/pages\/164"}],"wp:attachment":[{"href":"https:\/\/www.hsu-hh.de\/aut\/wp-json\/wp\/v2\/media?parent=430"}],"wp:term":[{"taxonomy":"category","embeddable":true,"href":"https:\/\/www.hsu-hh.de\/aut\/wp-json\/wp\/v2\/categories?post=430"},{"taxonomy":"post_tag","embeddable":true,"href":"https:\/\/www.hsu-hh.de\/aut\/wp-json\/wp\/v2\/tags?post=430"}],"curies":[{"name":"wp","href":"https:\/\/api.w.org\/{rel}","templated":true}]}}