{"id":428,"date":"2017-10-25T00:03:52","date_gmt":"2017-10-24T22:03:52","guid":{"rendered":"https:\/\/www.hsu-hh.de\/aut\/?page_id=428"},"modified":"2017-11-21T09:46:56","modified_gmt":"2017-11-21T08:46:56","slug":"anwendung-von-entwurfsmustern-auf-die-automatisierungstechnik","status":"publish","type":"page","link":"https:\/\/www.hsu-hh.de\/aut\/forschung\/forschungsthemen\/anwendung-von-entwurfsmustern-auf-die-automatisierungstechnik","title":{"rendered":"Anwendung von Entwurfsmustern auf die Automatisierungstechnik"},"content":{"rendered":"<p>Entwurfsmuster (engl.: design patterns) sind als erprobte L\u00f6sungsstrategien von allgemeinen Problemstellungen zu verstehen. Wir alle kennen solche Muster, sind uns \u00fcber deren Vorhandensein jedoch nicht immer bewusst. Beispielsweise legen wir uns vor dem Beginn einer Arbeitsaufgabe das sp\u00e4ter ben\u00f6tigte Werkzeug bereit, um es bei Bedarf griffbereit zu haben. So muss nicht erst der eigentliche Arbeitsablauf zur Suche des gerade ben\u00f6tigten Werkzeuges unterbrochen werden. Oder wir r\u00e4umen die Werkzeuge nach beendeter Arbeit wieder an ihren Platz, damit wir sie beim n\u00e4chsten Mal, wenn diese gebraucht werden, nicht erst suchen m\u00fcssen. Diese Verhaltensmuster verk\u00fcrzen den Arbeitsablauf und erh\u00f6hen somit die Produktivit\u00e4t. Bei jeder Arbeitsaufgabe die wir erledigen, sammeln wir Erfahrungen, die wir in die L\u00f6sung sp\u00e4terer, \u00e4hnlicher Problemstellungen einflie\u00dfen lassen. H\u00e4lt man diese Muster schriftlich fest, k\u00f6nnen auch auf dem jeweiligen Gebiet weniger erfahrene Personen von den Erfahrungen profitieren und so produktiver arbeiten. Seit Mitte der neunziger Jahre werden solche Muster erfolgreich in der Informatik zum Entwurf von Software genutzt.<\/p>\n<p>Ziel der Forschung ist es nun, solche Entwurfsmuster auch f\u00fcr die Automatisierungstechnik zu identifizieren. Durch die Anwendung der identifizierten Muster soll der Engineeringprozess vereinfacht und somit verk\u00fcrzt werden. Das Vorgehen des einzelnen Automatisierungsingenieurs wird auf diese Weise auch f\u00fcr andere rekonstruierbar.<\/p>\n<p><img loading=\"lazy\" decoding=\"async\" src=\"https:\/\/webbox.hsu-hh.de\/images\/j0XNn6J2NB8hoPoc.jpg\" alt=\"Forschungsthematik_Mahler\" width=\"466\" height=\"356\" \/><\/p>\n<p>Bearbeitet durch: <a href=\"https:\/\/www.hsu-hh.de\/aut\/index_85nLPRH0cBQt94GW.html\"><abbr title=\"Diplom-Ingenieur\">Dipl.-Ing.<\/abbr> Carsten Mahler<\/a><\/p>\n<p>Schwerpunkte:<\/p>\n<ul>\n<li>Automatisierungstechnik im Allgemeinen<\/li>\n<li>Identifikation von Entwurfsmustern in der Automatisierungstechnik<\/li>\n<li>Validieren der ermittelten Muster anhand konkreter Maschinenapplikationen<\/li>\n<\/ul>\n","protected":false},"excerpt":{"rendered":"<p>Entwurfsmuster (engl.: design patterns) sind als erprobte L\u00f6sungsstrategien von allgemeinen Problemstellungen zu verstehen. Wir alle kennen solche Muster, sind uns \u00fcber deren Vorhandensein jedoch nicht immer bewusst. Beispielsweise legen wir [&hellip;]<\/p>\n","protected":false},"author":78,"featured_media":0,"parent":164,"menu_order":0,"comment_status":"closed","ping_status":"closed","template":"","meta":{"footnotes":""},"categories":[4],"tags":[],"class_list":["post-428","page","type-page","status-publish","hentry","category-forschung"],"_links":{"self":[{"href":"https:\/\/www.hsu-hh.de\/aut\/wp-json\/wp\/v2\/pages\/428","targetHints":{"allow":["GET"]}}],"collection":[{"href":"https:\/\/www.hsu-hh.de\/aut\/wp-json\/wp\/v2\/pages"}],"about":[{"href":"https:\/\/www.hsu-hh.de\/aut\/wp-json\/wp\/v2\/types\/page"}],"author":[{"embeddable":true,"href":"https:\/\/www.hsu-hh.de\/aut\/wp-json\/wp\/v2\/users\/78"}],"replies":[{"embeddable":true,"href":"https:\/\/www.hsu-hh.de\/aut\/wp-json\/wp\/v2\/comments?post=428"}],"version-history":[{"count":3,"href":"https:\/\/www.hsu-hh.de\/aut\/wp-json\/wp\/v2\/pages\/428\/revisions"}],"predecessor-version":[{"id":541,"href":"https:\/\/www.hsu-hh.de\/aut\/wp-json\/wp\/v2\/pages\/428\/revisions\/541"}],"up":[{"embeddable":true,"href":"https:\/\/www.hsu-hh.de\/aut\/wp-json\/wp\/v2\/pages\/164"}],"wp:attachment":[{"href":"https:\/\/www.hsu-hh.de\/aut\/wp-json\/wp\/v2\/media?parent=428"}],"wp:term":[{"taxonomy":"category","embeddable":true,"href":"https:\/\/www.hsu-hh.de\/aut\/wp-json\/wp\/v2\/categories?post=428"},{"taxonomy":"post_tag","embeddable":true,"href":"https:\/\/www.hsu-hh.de\/aut\/wp-json\/wp\/v2\/tags?post=428"}],"curies":[{"name":"wp","href":"https:\/\/api.w.org\/{rel}","templated":true}]}}