{"id":419,"date":"2017-10-25T00:00:05","date_gmt":"2017-10-24T22:00:05","guid":{"rendered":"https:\/\/www.hsu-hh.de\/aut\/?page_id=419"},"modified":"2017-10-25T00:00:05","modified_gmt":"2017-10-24T22:00:05","slug":"funktionaler-anwendungsentwurf-fuer-verteilte-automatisierungssysteme-fava-dfg-projekt","status":"publish","type":"page","link":"https:\/\/www.hsu-hh.de\/aut\/forschung\/forschungsthemen\/funktionaler-anwendungsentwurf-fuer-verteilte-automatisierungssysteme-fava-dfg-projekt","title":{"rendered":"Funktionaler Anwendungsentwurf f\u00fcr verteilte Automatisierungssysteme &#8211; FAVA (DFG-Projekt)"},"content":{"rendered":"<p>Der Wunsch, komplexe automatisierte Systeme und Anlagen (z. B. Produktionsanlagen) gesamtheitlich optimal zu betreiben, f\u00fchrt zu einer Zunahme der Kopplungen zwischen vormals getrennten Regelungs- und Steuerungsaufgaben. Bedingt durch die r\u00e4umliche Ausdehnung der Anlagen f\u00fchrt dies zu verteilten Automatisierungssystemen, in denen verschiedene Komponenten Automatisierungsaufgaben ausf\u00fchren und miteinander \u00fcber Kommunikationssysteme vernetzt sind. In diesem Forschungsvorhaben soll eine Methodik entwickelt und evaluiert werden welche die Systemelemente \u201eKomponente\u201c, \u201eStruktur\u201c und \u201eKommunikation\u201c durch Merkmale beschreiben kann.<br \/>\nDiese Merkmale sollen mit Anforderungen in Verbindung gesetzt werden um deren Erf\u00fcllung verfolgen zu k\u00f6nnen. Um Wiederverwendung zu unterst\u00fctzen sollen m\u00f6gliche Automatisierungsl\u00f6sungen in Form von Entwurfsmustern dargestellt werden, die einerseits auf diese Merkmale referenzieren und andererseits diese erweiterten Beschreibungsmittel verwenden.<\/p>\n<p>Der Schwerpunkt der Forschungsarbeiten am Institut f\u00fcr Automatisierungstechnik der Helmut-Schmidt-Universit\u00e4t liegt auf der Erarbeitung von Inhalt und Beschreibungsform der Entwurfsmuster.<\/p>\n<h2>Projektpartner:<\/h2>\n<ul>\n<li>\u00a0\u00a0 &#8211; Lehrstuhl f\u00fcr <a href=\"http:\/\/www.itm.tum.de\" rel='nofollow'>Informationstechnik im Maschinenwesen <\/a> der <abbr title=\"Technische Universit\u00e4t\">TU<\/abbr> M\u00fcnchen (Prof. <abbr title=\"Doktor der Ingenieurwissenschaften\">Dr.-Ing.<\/abbr> Birgit Vogel-Heuser)<\/li>\n<li>\u00a0\u00a0 &#8211; <a href=\"http:\/\/www.ifat.uni-magdeburg.de\/ifat.html\" rel='nofollow'>Institut f\u00fcr Automatisierungstechnik <\/a> der Otto-von-Guericke-Universit\u00e4t Magdeburg (Prof. <abbr title=\"Doktor der Ingenieurwissenschaften\">Dr.-Ing.<\/abbr> Christian Diedrich)<\/li>\n<\/ul>\n<p>Zur gemeinsamen Projekthomepage geht es <a href=\"http:\/\/ifatwww.et.uni-magdeburg.de\/FAVA\/\" rel='nofollow'>hier <\/a>.<\/p>\n<p>Die DFG-Seite (GEPRIS) zum Projekt finden Sie <a href=\"http:\/\/gepris.dfg.de\/gepris\/OCTOPUS\/?module=gepris&amp;task=showDetail&amp;context=projekt&amp;id=175022887\" rel='nofollow'>hier <\/a>.<\/p>\n<p>Bearbeitet durch: <a href=\"http:\/\/www.hsu-hh.de\/aut\/index_4kDlq1Rxk1e4e5gG.html\"><abbr title=\"Master of Science\">M.Sc.<\/abbr> Karin Eckert<\/a><\/p>\n","protected":false},"excerpt":{"rendered":"<p>Der Wunsch, komplexe automatisierte Systeme und Anlagen (z. B. Produktionsanlagen) gesamtheitlich optimal zu betreiben, f\u00fchrt zu einer Zunahme der Kopplungen zwischen vormals getrennten Regelungs- und Steuerungsaufgaben. Bedingt durch die r\u00e4umliche [&hellip;]<\/p>\n","protected":false},"author":78,"featured_media":0,"parent":164,"menu_order":0,"comment_status":"closed","ping_status":"closed","template":"","meta":{"footnotes":""},"categories":[4],"tags":[],"class_list":["post-419","page","type-page","status-publish","hentry","category-forschung"],"_links":{"self":[{"href":"https:\/\/www.hsu-hh.de\/aut\/wp-json\/wp\/v2\/pages\/419","targetHints":{"allow":["GET"]}}],"collection":[{"href":"https:\/\/www.hsu-hh.de\/aut\/wp-json\/wp\/v2\/pages"}],"about":[{"href":"https:\/\/www.hsu-hh.de\/aut\/wp-json\/wp\/v2\/types\/page"}],"author":[{"embeddable":true,"href":"https:\/\/www.hsu-hh.de\/aut\/wp-json\/wp\/v2\/users\/78"}],"replies":[{"embeddable":true,"href":"https:\/\/www.hsu-hh.de\/aut\/wp-json\/wp\/v2\/comments?post=419"}],"version-history":[{"count":1,"href":"https:\/\/www.hsu-hh.de\/aut\/wp-json\/wp\/v2\/pages\/419\/revisions"}],"predecessor-version":[{"id":420,"href":"https:\/\/www.hsu-hh.de\/aut\/wp-json\/wp\/v2\/pages\/419\/revisions\/420"}],"up":[{"embeddable":true,"href":"https:\/\/www.hsu-hh.de\/aut\/wp-json\/wp\/v2\/pages\/164"}],"wp:attachment":[{"href":"https:\/\/www.hsu-hh.de\/aut\/wp-json\/wp\/v2\/media?parent=419"}],"wp:term":[{"taxonomy":"category","embeddable":true,"href":"https:\/\/www.hsu-hh.de\/aut\/wp-json\/wp\/v2\/categories?post=419"},{"taxonomy":"post_tag","embeddable":true,"href":"https:\/\/www.hsu-hh.de\/aut\/wp-json\/wp\/v2\/tags?post=419"}],"curies":[{"name":"wp","href":"https:\/\/api.w.org\/{rel}","templated":true}]}}