{"id":4119,"date":"2024-06-24T16:35:02","date_gmt":"2024-06-24T14:35:02","guid":{"rendered":"https:\/\/www.hsu-hh.de\/aut\/?page_id=4119"},"modified":"2024-06-24T16:35:02","modified_gmt":"2024-06-24T14:35:02","slug":"galys","status":"publish","type":"page","link":"https:\/\/www.hsu-hh.de\/aut\/team\/galys","title":{"rendered":"Joshua Lechoslaw Galys, M.Sc."},"content":{"rendered":"\n<h2 class=\"wp-block-heading\">Wissenschaftlicher Mitarbeiter<\/h2>\n\n\n\n<hr class=\"wp-block-separator has-css-opacity\" \/>\n\n\n\n<div class=\"wp-block-columns is-layout-flex wp-container-core-columns-is-layout-9d6595d7 wp-block-columns-is-layout-flex\">\n<div class=\"wp-block-column is-layout-flow wp-block-column-is-layout-flow\" style=\"flex-basis:66.66%\">\n<p><strong>E-Mail: <\/strong><a href=\"mailto:joshua.galys@hsu-hh.de\" rel='nofollow'>joshua.galys@hsu-hh.de<\/a><\/p>\n\n\n\n<p><strong>Fax:<\/strong> +49 40 6541-2004<\/p>\n\n\n\n<p><strong>Raum:<\/strong> H1\/1143<\/p>\n\n\n\n<p><strong>Postanschrift: <\/strong><\/p>\n\n\n\n<p>Helmut-Schmidt-Universit\u00e4t<br>Fakult\u00e4t f\u00fcr Maschinenbau<br>Professur f\u00fcr Automatisierungstechnik<br>Postfach 70 08 22<br>22008 Hamburg<\/p>\n\n\n\n<p><strong>Besucheranschrift:<\/strong><\/p>\n\n\n\n<p>Helmut-Schmidt-Universit\u00e4t<br>Geb\u00e4ude H1<br>Holstenhofweg 85<br>22043 Hamburg<\/p>\n<\/div>\n\n\n\n<div class=\"wp-block-column is-layout-flow wp-block-column-is-layout-flow\" style=\"flex-basis:33.33%\">\n<p><\/p>\n<\/div>\n<\/div>\n\n\n\n<hr class=\"wp-block-separator has-alpha-channel-opacity\" \/>\n\n\n\n<h2 class=\"wp-block-heading\">Projekte<\/h2>\n\n\n\n<p><a href=\"https:\/\/www.hsu-hh.de\/aut\/modellierung-automatisierung-integration-und-optimierung-von-modular-aufgebauten-elektrolyse-anlagen-emodule\">Modellierung, Automatisierung, Integration und Optimierung von modular aufgebauten Elektrolyse-Anlagen (eModule)<\/a><\/p>\n","protected":false},"excerpt":{"rendered":"<p>Wissenschaftlicher Mitarbeiter E-Mail: joshua.galys@hsu-hh.de Fax: +49 40 6541-2004 Raum: H1\/1143 Postanschrift: Helmut-Schmidt-Universit\u00e4tFakult\u00e4t f\u00fcr MaschinenbauProfessur f\u00fcr AutomatisierungstechnikPostfach 70 08 2222008 Hamburg Besucheranschrift: Helmut-Schmidt-Universit\u00e4tGeb\u00e4ude H1Holstenhofweg 8522043 Hamburg Projekte Modellierung, Automatisierung, Integration und [&hellip;]<\/p>\n","protected":false},"author":2905,"featured_media":0,"parent":1188,"menu_order":0,"comment_status":"closed","ping_status":"closed","template":"","meta":{"footnotes":""},"categories":[8],"tags":[],"class_list":["post-4119","page","type-page","status-publish","hentry","category-team"],"_links":{"self":[{"href":"https:\/\/www.hsu-hh.de\/aut\/wp-json\/wp\/v2\/pages\/4119","targetHints":{"allow":["GET"]}}],"collection":[{"href":"https:\/\/www.hsu-hh.de\/aut\/wp-json\/wp\/v2\/pages"}],"about":[{"href":"https:\/\/www.hsu-hh.de\/aut\/wp-json\/wp\/v2\/types\/page"}],"author":[{"embeddable":true,"href":"https:\/\/www.hsu-hh.de\/aut\/wp-json\/wp\/v2\/users\/2905"}],"replies":[{"embeddable":true,"href":"https:\/\/www.hsu-hh.de\/aut\/wp-json\/wp\/v2\/comments?post=4119"}],"version-history":[{"count":1,"href":"https:\/\/www.hsu-hh.de\/aut\/wp-json\/wp\/v2\/pages\/4119\/revisions"}],"predecessor-version":[{"id":4120,"href":"https:\/\/www.hsu-hh.de\/aut\/wp-json\/wp\/v2\/pages\/4119\/revisions\/4120"}],"up":[{"embeddable":true,"href":"https:\/\/www.hsu-hh.de\/aut\/wp-json\/wp\/v2\/pages\/1188"}],"wp:attachment":[{"href":"https:\/\/www.hsu-hh.de\/aut\/wp-json\/wp\/v2\/media?parent=4119"}],"wp:term":[{"taxonomy":"category","embeddable":true,"href":"https:\/\/www.hsu-hh.de\/aut\/wp-json\/wp\/v2\/categories?post=4119"},{"taxonomy":"post_tag","embeddable":true,"href":"https:\/\/www.hsu-hh.de\/aut\/wp-json\/wp\/v2\/tags?post=4119"}],"curies":[{"name":"wp","href":"https:\/\/api.w.org\/{rel}","templated":true}]}}