{"id":408,"date":"2017-10-24T23:39:52","date_gmt":"2017-10-24T21:39:52","guid":{"rendered":"https:\/\/www.hsu-hh.de\/aut\/?page_id=408"},"modified":"2017-10-24T23:39:53","modified_gmt":"2017-10-24T21:39:53","slug":"nutzen-von-information-fuer-dezentrale-steuerungen","status":"publish","type":"page","link":"https:\/\/www.hsu-hh.de\/aut\/forschung\/forschungsthemen\/nutzen-von-information-fuer-dezentrale-steuerungen","title":{"rendered":"Nutzen von Information f\u00fcr dezentrale Steuerungen"},"content":{"rendered":"<p>Bei der Steuerung von Produktions- und Transportprozessen werden zunehmend dezentrale Ans\u00e4tze genutzt, um Entscheidungen zu treffen.<\/p>\n<p>Die Vorteile gegen\u00fcber der Verwendung einer zentralen Steuerung liegen dabei <abbr title=\"unter anderem\">u.a.<\/abbr> in der Flexibilit\u00e4t, in der Verringerung der Komplexit\u00e4t einzelner Entscheidungen und in der Robustheit gegen\u00fcber St\u00f6rungen. Nachteile dezentraler Ans\u00e4tze k\u00f6nnen sich aus der Nutzung nur lokal verf\u00fcgbarer Informationen ergeben, die zu nur lokal optimierten Entscheidungen f\u00fchren und nicht zu einem optimalen Systemergebnis.<\/p>\n<p>In der Forschung werden zur Nutzung von Informationen viele, teils sehr pauschale, Thesen aufgestellt, die bisher nicht oder nur ungen\u00fcgend bewiesen wurden. Zwei dieser Thesen sind:<\/p>\n<ul>\n<li>Je mehr Informationen f\u00fcr eine Entscheidung genutzt werden, desto besser ist die daraus resultierende L\u00f6sung, auch im Hinblick auf das gesamte System.<\/li>\n<li>Je mehr Informationen (je gr\u00f6\u00dfer das betrachtete Umfeld \/ je gr\u00f6\u00dfer der betrachtete Zeithorizont f\u00fcr die Entscheidung) f\u00fcr die Entscheidung hinzugezogen werden, desto gr\u00f6\u00dfer werden die Unwahrscheinlichkeiten, die f\u00fcr den Eintritt vorausgesagter Zust\u00e4nde beachtet werden m\u00fcssen.<\/li>\n<\/ul>\n<p>Ziel der Forschungsarbeit ist es, einen optimalen Entscheidungshorizont (zeitlich \u2013 r\u00e4umlich \u2013 Art und Umfang der Informationen) f\u00fcr dezentrale Steuerungen zu finden.<\/p>\n<p>Schwerpunkte:<\/p>\n<ul>\n<li>Analyse von Zusammenh\u00e4ngen zwischen Information und Leistung an verschiedenen Modellen<\/li>\n<li>Erstellung von Materialfluss-Simulationen mit Materialfluss- und Logistik-Simulations-Software<\/li>\n<li>Validierung der Zusammenh\u00e4nge mittels Simulationen<\/li>\n<\/ul>\n<p>Bearbeitet durch: <a href=\"https:\/\/www.hsu-hh.de\/aut\/index_TdaisAYUZnNKLzYu.html\"><abbr title=\"Diplom-Ingenieur\">Dipl.-Ing.<\/abbr>\u00a0Stefan\u00a0Jerenz<\/a><\/p>\n","protected":false},"excerpt":{"rendered":"<p>Bei der Steuerung von Produktions- und Transportprozessen werden zunehmend dezentrale Ans\u00e4tze genutzt, um Entscheidungen zu treffen. Die Vorteile gegen\u00fcber der Verwendung einer zentralen Steuerung liegen dabei u.a. in der Flexibilit\u00e4t, [&hellip;]<\/p>\n","protected":false},"author":78,"featured_media":0,"parent":164,"menu_order":0,"comment_status":"closed","ping_status":"closed","template":"","meta":{"footnotes":""},"categories":[4],"tags":[],"class_list":["post-408","page","type-page","status-publish","hentry","category-forschung"],"_links":{"self":[{"href":"https:\/\/www.hsu-hh.de\/aut\/wp-json\/wp\/v2\/pages\/408","targetHints":{"allow":["GET"]}}],"collection":[{"href":"https:\/\/www.hsu-hh.de\/aut\/wp-json\/wp\/v2\/pages"}],"about":[{"href":"https:\/\/www.hsu-hh.de\/aut\/wp-json\/wp\/v2\/types\/page"}],"author":[{"embeddable":true,"href":"https:\/\/www.hsu-hh.de\/aut\/wp-json\/wp\/v2\/users\/78"}],"replies":[{"embeddable":true,"href":"https:\/\/www.hsu-hh.de\/aut\/wp-json\/wp\/v2\/comments?post=408"}],"version-history":[{"count":1,"href":"https:\/\/www.hsu-hh.de\/aut\/wp-json\/wp\/v2\/pages\/408\/revisions"}],"predecessor-version":[{"id":409,"href":"https:\/\/www.hsu-hh.de\/aut\/wp-json\/wp\/v2\/pages\/408\/revisions\/409"}],"up":[{"embeddable":true,"href":"https:\/\/www.hsu-hh.de\/aut\/wp-json\/wp\/v2\/pages\/164"}],"wp:attachment":[{"href":"https:\/\/www.hsu-hh.de\/aut\/wp-json\/wp\/v2\/media?parent=408"}],"wp:term":[{"taxonomy":"category","embeddable":true,"href":"https:\/\/www.hsu-hh.de\/aut\/wp-json\/wp\/v2\/categories?post=408"},{"taxonomy":"post_tag","embeddable":true,"href":"https:\/\/www.hsu-hh.de\/aut\/wp-json\/wp\/v2\/tags?post=408"}],"curies":[{"name":"wp","href":"https:\/\/api.w.org\/{rel}","templated":true}]}}