{"id":406,"date":"2017-10-24T23:39:06","date_gmt":"2017-10-24T21:39:06","guid":{"rendered":"https:\/\/www.hsu-hh.de\/aut\/?page_id=406"},"modified":"2017-10-25T00:18:49","modified_gmt":"2017-10-24T22:18:49","slug":"stabilitaetsanalyse-dezentral-autonomer-entscheidungssysteme","status":"publish","type":"page","link":"https:\/\/www.hsu-hh.de\/aut\/forschung\/forschungsthemen\/stabilitaetsanalyse-dezentral-autonomer-entscheidungssysteme","title":{"rendered":"Stabilit\u00e4tsanalyse dezentral-autonomer Entscheidungssysteme"},"content":{"rendered":"<h2>Motivation:<\/h2>\n<p>Dezentral-autonome Steuerungen f\u00fcr Automatisierungssysteme zeichnen sich dadurch aus, dass es nicht nur eine einzelne zentrale Entit\u00e4t gibt, an der alle Informationen zusammenlaufen und in der alle Entscheidungen getroffen werden, sondern es werden mehrere Entscheidungsentit\u00e4ten \u00fcber das Automatisierungssystem verteilt, die selbst\u00e4ndig innerhalb ihrer Verantwortungsbereiche entscheiden k\u00f6nnen und \u00fcber Kooperationsmechanismen miteinander die Steuerungsaufgabe bew\u00e4ltigen. Einer der heutzutage wohl bekanntesten Vertreter dezentral-autonomer Verfahren sind Agentensysteme.<\/p>\n<p>Eine in dezentral-autonomen Steuerungen noch ungel\u00f6ste Fragestellung stellt die Schwierigkeit dar, Aussagen \u00fcber das Verhalten des Gesamtsystems zu treffen, und <abbr title=\"zum Beispiel\">z.B.<\/abbr> die Stabilit\u00e4t des Gesamtsystems zu garantieren. Kann die Stabilit\u00e4t nicht garantiert werden, so k\u00f6nnen unerw\u00fcnschte Schwingungseffekte bis hin zu zerst\u00f6rerischen Instabilit\u00e4ten im System auftreten, obwohl deren Vorkommen aus der Untersuchung jeder einzelnen Entit\u00e4t f\u00fcr sich nicht ersichtlich ist.<\/p>\n<h2>Foschungsziele:<\/h2>\n<p>In diesem Forschungsschwerpunkt werden M\u00f6glichkeiten untersucht, wie eine Stabilit\u00e4tsanalyse eines dezentral-autonomen Entscheidungssystems mit inh\u00e4renten Totzeiten bewerkstelligt werden kann.<\/p>\n<h2>Systemmodellierung und Stabilit\u00e4tsanalyse:<\/h2>\n<p>In einer ersten Phase werden die kleinsten Einheiten eines solchen Systems betrachtet, <abbr title=\"das hei\u00dft\">d.h.<\/abbr> einzelne Entscheidungspunkte an dem eine Stabilit\u00e4tsproblematik bereits auftreten kann. An einem solchen Entscheidungspunkt wird die Verteilung eines Eingangsflusses auf zwei Entscheidungsalternativen (Alternative A und B) geregelt. Die Regelung bedient sich dabei der Differenz der Kenngr\u00f6\u00dfen am Ausgang dieser beiden Entscheidungsalternativen. Durch die inh\u00e4renten Totzeiten im System gelangt die Regelgr\u00f6\u00dfe jedoch erst versp\u00e4tet zum Regler und es kann zu einem instabilen Verhalten des Systems kommen [1]. In der folgenden Abbildung wird ein sich langsam aufschwingendes Verhalten eines einzelnen simulierten Entscheidungspunktes gezeigt.<\/p>\n<p>Abbildung: Schwingungseffekte an einem Entscheidungspunkt mit zwei Alternativen [1]<\/p>\n<p>Ein dabei betrachteter Entscheidungspunkt weist folgende Charakteristiken auf:<\/p>\n<ul>\n<li>Mehrere Entscheidungsalternativen an dem Entscheidungspunkt.<\/li>\n<li>Totzeitbehaftete R\u00fcckwirkung der Entscheidungsalternativen.<\/li>\n<li>Belastungsabh\u00e4ngige und daher zeitver\u00e4nderliche Totzeiten der R\u00fcckwirkungen.<\/li>\n<li>Insgesamt ein nichtlineares und zeitvariantes Verhalten des Entscheidungspunktes.<\/li>\n<\/ul>\n<p>&nbsp;<\/p>\n<p>Bevor eine Stabilit\u00e4tsanalyse durchgef\u00fchrt werden kann muss eine geeignete Modellierung eines Einscheidungspunktes gefunden werden. Ein makroskopischer Modellierungsansatz bietet eine M\u00f6glichkeit der Modellierung und f\u00fchrt zu folgendem Zustandsraummodell:<\/p>\n<p>mit <em>h<sub>A<\/sub><\/em> und <em>h<sub>B<\/sub><\/em> als zeitvariable Totzeiten sowie <em>A<sub>A<\/sub><\/em> und <em>A<sub>B<\/sub><\/em> als zeitvariante Systemmatrizen.<\/p>\n<p>In der zweiten Phase werden ganze Netzwerke bestehend aus vielen Entscheidungspunkten behandelt und ihre Systemstabilit\u00e4t untersucht. Die gefundenen Modellierungs- und Analyseans\u00e4tze werden auf die Dom\u00e4nen Produktionssysteme, Verkehrssysteme und Smart Grid angewandt und \u00fcber den Vergleich mit den Simulationsergebnissen wird ihre G\u00fcte \u00fcberpr\u00fcft.<\/p>\n<p>&nbsp;<\/p>\n<p>Bearbeitet durch: <a href=\"https:\/\/www.hsu-hh.de\/aut\/index_ZTGeXyoUhDRh9eip.html\"><abbr title=\"Diplom-Ingenieur\">Dipl.-Ing.<\/abbr> Ireneus Wior<\/a><br \/>\n[1] I. Wior, A. Fay: Systemdynamische Konsequenzen von Mauterhebung und anderen Eingriffen in den Verkehr. In \u201eat-Automatisierungstechnik\u201c, Jahrgang 60 (2012), Heft 4, S. 194-201.<\/p>\n","protected":false},"excerpt":{"rendered":"<p>Motivation: Dezentral-autonome Steuerungen f\u00fcr Automatisierungssysteme zeichnen sich dadurch aus, dass es nicht nur eine einzelne zentrale Entit\u00e4t gibt, an der alle Informationen zusammenlaufen und in der alle Entscheidungen getroffen werden, [&hellip;]<\/p>\n","protected":false},"author":78,"featured_media":0,"parent":164,"menu_order":0,"comment_status":"closed","ping_status":"closed","template":"","meta":{"footnotes":""},"categories":[4],"tags":[],"class_list":["post-406","page","type-page","status-publish","hentry","category-forschung"],"_links":{"self":[{"href":"https:\/\/www.hsu-hh.de\/aut\/wp-json\/wp\/v2\/pages\/406","targetHints":{"allow":["GET"]}}],"collection":[{"href":"https:\/\/www.hsu-hh.de\/aut\/wp-json\/wp\/v2\/pages"}],"about":[{"href":"https:\/\/www.hsu-hh.de\/aut\/wp-json\/wp\/v2\/types\/page"}],"author":[{"embeddable":true,"href":"https:\/\/www.hsu-hh.de\/aut\/wp-json\/wp\/v2\/users\/78"}],"replies":[{"embeddable":true,"href":"https:\/\/www.hsu-hh.de\/aut\/wp-json\/wp\/v2\/comments?post=406"}],"version-history":[{"count":2,"href":"https:\/\/www.hsu-hh.de\/aut\/wp-json\/wp\/v2\/pages\/406\/revisions"}],"predecessor-version":[{"id":442,"href":"https:\/\/www.hsu-hh.de\/aut\/wp-json\/wp\/v2\/pages\/406\/revisions\/442"}],"up":[{"embeddable":true,"href":"https:\/\/www.hsu-hh.de\/aut\/wp-json\/wp\/v2\/pages\/164"}],"wp:attachment":[{"href":"https:\/\/www.hsu-hh.de\/aut\/wp-json\/wp\/v2\/media?parent=406"}],"wp:term":[{"taxonomy":"category","embeddable":true,"href":"https:\/\/www.hsu-hh.de\/aut\/wp-json\/wp\/v2\/categories?post=406"},{"taxonomy":"post_tag","embeddable":true,"href":"https:\/\/www.hsu-hh.de\/aut\/wp-json\/wp\/v2\/tags?post=406"}],"curies":[{"name":"wp","href":"https:\/\/api.w.org\/{rel}","templated":true}]}}