{"id":398,"date":"2017-10-24T23:34:58","date_gmt":"2017-10-24T21:34:58","guid":{"rendered":"https:\/\/www.hsu-hh.de\/aut\/?page_id=398"},"modified":"2017-10-24T23:34:58","modified_gmt":"2017-10-24T21:34:58","slug":"unterstuetzung-des-auswahlprozesses-von-sensoren-durch-nutzung-von-methoden-der-kuenstlichen-intelligenz","status":"publish","type":"page","link":"https:\/\/www.hsu-hh.de\/aut\/forschung\/forschungsthemen\/unterstuetzung-des-auswahlprozesses-von-sensoren-durch-nutzung-von-methoden-der-kuenstlichen-intelligenz","title":{"rendered":"Unterst\u00fctzung des Auswahlprozesses von Sensoren durch Nutzung von Methoden der k\u00fcnstlichen Intelligenz"},"content":{"rendered":"<h2><strong>Motivation:<\/strong><\/h2>\n<p>In der Prozesstechnik (Produktions- und Logistikprozesse f\u00fcr Gas, \u00d6l, chemische Erzeugnisse aller Art, Nahrungsmittel, Pharmazeutika\u2026) spielen Sensoren eine bedeutende Rolle. Als technisierte Sinnesorgane f\u00fcr die Erfassung des Produkt- und Prozesszustandes sind sie f\u00fcr den teil- und vollautomatischen Betrieb von Prozessanlangen unumg\u00e4nglich.<\/p>\n<p>Die Forderung nach einer hohen Verf\u00fcgbarkeit, optimalem Betrieb und reproduzierbarer Produktqualit\u00e4t kann letztlich nur durch eine st\u00e4ndige, qualitativ m\u00f6glichst hochwertige Analyse der Prozessparameter erreicht werden, um den Produktionsprozess pr\u00e4ziser, flexibler und n\u00e4her am Optimum steuern zu k\u00f6nnen. Dar\u00fcber hinaus liefern Sensoren unter anderem auch Informationen f\u00fcr die Arbeitssicherheit, Anlagensicherheit, Anlagenverf\u00fcgbarkeit und Umweltschutz. Die Auswahl der Sensorik ist dabei von alles entscheidender Bedeutung.<\/p>\n<p>Hier gilt der Grundsatz: <strong><em>Der richtige Sensor an die richtige Stelle<\/em>.<\/strong><\/p>\n<h2><strong>Problemstellung:<\/strong><\/h2>\n<p>Sensoren arbeiten nach verschiedenen physikalischen Messprinzipien\/Messverfahren. So unterscheidet allein die Durchflussmesstechnik mehr als 10 verschiedene Messverfahren (<abbr title=\"zum Beispiel\">z.B.<\/abbr> Coriolis, Wirkdruck, Ultraschall, Wirbelz\u00e4hler, Ovalrad, Drallz\u00e4hler, Magnetisch-Induktiv\u2026). Die richtige Auswahl des Messverfahrens f\u00fcr eine Messstelle ist dabei entscheidend f\u00fcr die Qualit\u00e4t, Sicherheit und die Wirtschaftlichkeit der Messung (und damit f\u00fcr das Betreiben des ganzen Prozesses).<\/p>\n<p>Die Auswahl (<abbr title=\"zum Beispiel\">z.B.<\/abbr> bei der Planung\/dem Engineering einer Anlage) des richtigen Sensors, <abbr title=\"beziehungsweise\">bzw.<\/abbr> des richtigen Messverfahrens ist jedoch eine enorm umfassende Aufgabe f\u00fcr den Planungsingenieur. Dabei m\u00fcssen sehr viele relevante Parameter bez\u00fcglich der Einsatzbedingungen, Prozessanforderungen, Umgebungsbedingungen des zuk\u00fcnftigen Messger\u00e4tes in die Auswahl\u00fcberlegung einbezogen werden (der m\u00f6gliche L\u00f6sungsraum wird sehr gro\u00df und un\u00fcbersichtlich). Diese komplexe Aufgabestellung muss jedoch f\u00fcr jede Messstelle einzeln durchgef\u00fchrt werden. Bei Planungsaufgaben mit gr\u00f6\u00dferen Anlagen und mitunter mehreren tausend Sensoren wird schnell klar, dass der\u00a0 Anwender hier Unterst\u00fctzung ben\u00f6tigt.<\/p>\n<p>Methoden der k\u00fcnstlichen Intelligenz, wie <abbr title=\"zum Beispiel\">z.B.<\/abbr> die wissensbasierten Systeme (siehe Bild unten) bieten heute M\u00f6glichkeiten solche Planungs- und Auswahlaufgaben effizient zu unterst\u00fctzen.<\/p>\n<h2><strong>Ziele und Schwerpunkte:<\/strong><\/h2>\n<ul>\n<li>Unterst\u00fctzung des Auswahlprozesses mittels Methoden der k\u00fcnstlichen Intelligenz<\/li>\n<li>Entwerfen einer aktualisierbaren, herstellerneutralen Wissensbasis zur Abbildung von Expertenwissen<\/li>\n<li>Wissensbasierte Abbildung mehrdimensionaler Abh\u00e4ngigkeiten (Zusammenh\u00e4nge physikalisch relevanter Auswahlparameter untereinander <abbr title=\"zum Beispiel\">z.B.<\/abbr> Druck, Temperatur, Querschnitt)<\/li>\n<li>Untersuchung geeigneter Schnittstellen und Formate f\u00fcr die Integration des Auswahlprozesses in den elektronischen Workflow (Nutzung bereits vorhandener Planungsinformationen, verwenden standardisierter Merkmale\u2026) und in das formalisierte Anlagenmodell<\/li>\n<\/ul>\n<p>&nbsp;<\/p>\n<p>Bearbeitet durch: <a href=\"https:\/\/www.hsu-hh.de\/aut\/index_C7ubDgqZ4cItf7ZK.html\"><abbr title=\"Diplom\">Dipl.<\/abbr>-Ing Maik Riedel<\/a><\/p>\n","protected":false},"excerpt":{"rendered":"<p>Motivation: In der Prozesstechnik (Produktions- und Logistikprozesse f\u00fcr Gas, \u00d6l, chemische Erzeugnisse aller Art, Nahrungsmittel, Pharmazeutika\u2026) spielen Sensoren eine bedeutende Rolle. Als technisierte Sinnesorgane f\u00fcr die Erfassung des Produkt- und [&hellip;]<\/p>\n","protected":false},"author":78,"featured_media":0,"parent":164,"menu_order":0,"comment_status":"closed","ping_status":"closed","template":"","meta":{"footnotes":""},"categories":[4],"tags":[],"class_list":["post-398","page","type-page","status-publish","hentry","category-forschung"],"_links":{"self":[{"href":"https:\/\/www.hsu-hh.de\/aut\/wp-json\/wp\/v2\/pages\/398","targetHints":{"allow":["GET"]}}],"collection":[{"href":"https:\/\/www.hsu-hh.de\/aut\/wp-json\/wp\/v2\/pages"}],"about":[{"href":"https:\/\/www.hsu-hh.de\/aut\/wp-json\/wp\/v2\/types\/page"}],"author":[{"embeddable":true,"href":"https:\/\/www.hsu-hh.de\/aut\/wp-json\/wp\/v2\/users\/78"}],"replies":[{"embeddable":true,"href":"https:\/\/www.hsu-hh.de\/aut\/wp-json\/wp\/v2\/comments?post=398"}],"version-history":[{"count":1,"href":"https:\/\/www.hsu-hh.de\/aut\/wp-json\/wp\/v2\/pages\/398\/revisions"}],"predecessor-version":[{"id":399,"href":"https:\/\/www.hsu-hh.de\/aut\/wp-json\/wp\/v2\/pages\/398\/revisions\/399"}],"up":[{"embeddable":true,"href":"https:\/\/www.hsu-hh.de\/aut\/wp-json\/wp\/v2\/pages\/164"}],"wp:attachment":[{"href":"https:\/\/www.hsu-hh.de\/aut\/wp-json\/wp\/v2\/media?parent=398"}],"wp:term":[{"taxonomy":"category","embeddable":true,"href":"https:\/\/www.hsu-hh.de\/aut\/wp-json\/wp\/v2\/categories?post=398"},{"taxonomy":"post_tag","embeddable":true,"href":"https:\/\/www.hsu-hh.de\/aut\/wp-json\/wp\/v2\/tags?post=398"}],"curies":[{"name":"wp","href":"https:\/\/api.w.org\/{rel}","templated":true}]}}