{"id":396,"date":"2017-10-24T23:33:29","date_gmt":"2017-10-24T21:33:29","guid":{"rendered":"https:\/\/www.hsu-hh.de\/aut\/?page_id=396"},"modified":"2017-11-21T09:46:53","modified_gmt":"2017-11-21T08:46:53","slug":"automatische-auswertung-von-pdf-engineering-dokumenten","status":"publish","type":"page","link":"https:\/\/www.hsu-hh.de\/aut\/forschung\/forschungsthemen\/automatische-auswertung-von-pdf-engineering-dokumenten","title":{"rendered":"Automatische Auswertung von PDF-Engineering-Dokumenten"},"content":{"rendered":"<div class=\"header_info\">\n<p>Viele Engineering-Dokumente liegen heutzutage als PDF-Dateien vor. Sie sind damit digitalisiert gespeichert, aber nicht digital auswertbar.<\/p>\n<p>An der Professur wurden zwei verschiedene Verfahren entwickelt, um Inhalte aus PDF-Dateien in ein digitales, Computer-auswertbares Format zu \u00fcberf\u00fchren:<\/p>\n<p>a) \u00dcberf\u00fchrung von Scans in ein objektorientiertes Datenmodell:<\/p>\n<p>Pl\u00e4ne, die als Scans vorliegen (<abbr title=\"zum Beispiel\">z.B.<\/abbr> Rohrleitungs- und Instrumentierungs-Flie\u00dfbilder), k\u00f6nnen in ein objektorientiertes Modell \u00fcberf\u00fchrt werden, das die Objekte und deren Verbindungen enth\u00e4lt.<\/p>\n<p>Ver\u00f6ffentlichung mit dazu:<\/p>\n<p>Esteban Arroyo, Mario Hoernicke, Pablo Rodr\u00edguez, Alexander Fay:<\/p>\n<p>Automatic derivation of qualitative plant simulation models from legacy piping and instrumentation diagrams.<\/p>\n<p>Computers &amp; Chemical Engineering, Volume 92, 2 September 2016, Pages 112-132<\/p>\n<p>b) \u00dcberf\u00fchrung von SVG-Inhalten in eine Computer-auswertbare Form:<\/p>\n<p>Pl\u00e4ne (<abbr title=\"zum Beispiel\">z.B.<\/abbr> Rohrleitungs- und Instrumentierungs-Flie\u00dfbilder), die als\u00a0Scalable\u00a0Vector\u00a0Graphic\u00a0vorliegen, k\u00f6nnen in ein objektorientiertes Modell \u00fcberf\u00fchrt werden, das die Objekte und deren Verbindungen enth\u00e4lt.<\/p>\n<p>Tabellen (<abbr title=\"zum Beispiel\">z.B.<\/abbr>\u00a0Cause&amp;Effect\u00a0Tables), die als\u00a0Scalable\u00a0Vector\u00a0Graphic\u00a0vorliegen, k\u00f6nnen in eine Excel-Tabelle \u00fcberf\u00fchrt werden.<\/p>\n<p>&nbsp;<\/p>\n<p>Ver\u00f6ffentlichung dazu:<\/p>\n<p>X.L. Hoang, E. Arroyo, A. Fay: Automatische Analyse und Erkennung graphischer Inhalte von SVG-basierten Engineering-Dokumenten \/\u00a0Automatic\u00a0analysis\u00a0and\u00a0recognition\u00a0of\u00a0graphical\u00a0content\u00a0in SVG-based\u00a0engineering\u00a0documents. In: at &#8211; Automatisierungstechnik. Band 64, Heft 2, Seiten 133\u2013146, ISSN (Online) 2196-677X, ISSN (Print) 0178-2312, <abbr title=\"Digital Object Identifier\">DOI<\/abbr>: 10.1515\/auto-2015-0089\u00a0 &#8211;\u00a0February\u00a02016.<\/p>\n<p>&nbsp;<\/p>\n<p>Bitte kontaktieren Sie bei Interesse Herrn\u00a0<a title=\"Startseite \u00bb Mitarbeiter \u00bb Wiss. Mitarbeiter \u00bb Xuan Luu\u00a0Hoang\" href=\"https:\/\/www.hsu-hh.de\/aut\/index_oO6RnGEjqp0xhNAK.html\"><abbr title=\"Master of Science\">M.Sc.<\/abbr> Xuan-Luu Hoang<\/a>.<\/p>\n<\/div>\n","protected":false},"excerpt":{"rendered":"<p>Viele Engineering-Dokumente liegen heutzutage als PDF-Dateien vor. Sie sind damit digitalisiert gespeichert, aber nicht digital auswertbar. An der Professur wurden zwei verschiedene Verfahren entwickelt, um Inhalte aus PDF-Dateien in ein [&hellip;]<\/p>\n","protected":false},"author":78,"featured_media":0,"parent":164,"menu_order":0,"comment_status":"closed","ping_status":"closed","template":"","meta":{"footnotes":""},"categories":[4],"tags":[],"class_list":["post-396","page","type-page","status-publish","hentry","category-forschung"],"_links":{"self":[{"href":"https:\/\/www.hsu-hh.de\/aut\/wp-json\/wp\/v2\/pages\/396","targetHints":{"allow":["GET"]}}],"collection":[{"href":"https:\/\/www.hsu-hh.de\/aut\/wp-json\/wp\/v2\/pages"}],"about":[{"href":"https:\/\/www.hsu-hh.de\/aut\/wp-json\/wp\/v2\/types\/page"}],"author":[{"embeddable":true,"href":"https:\/\/www.hsu-hh.de\/aut\/wp-json\/wp\/v2\/users\/78"}],"replies":[{"embeddable":true,"href":"https:\/\/www.hsu-hh.de\/aut\/wp-json\/wp\/v2\/comments?post=396"}],"version-history":[{"count":2,"href":"https:\/\/www.hsu-hh.de\/aut\/wp-json\/wp\/v2\/pages\/396\/revisions"}],"predecessor-version":[{"id":542,"href":"https:\/\/www.hsu-hh.de\/aut\/wp-json\/wp\/v2\/pages\/396\/revisions\/542"}],"up":[{"embeddable":true,"href":"https:\/\/www.hsu-hh.de\/aut\/wp-json\/wp\/v2\/pages\/164"}],"wp:attachment":[{"href":"https:\/\/www.hsu-hh.de\/aut\/wp-json\/wp\/v2\/media?parent=396"}],"wp:term":[{"taxonomy":"category","embeddable":true,"href":"https:\/\/www.hsu-hh.de\/aut\/wp-json\/wp\/v2\/categories?post=396"},{"taxonomy":"post_tag","embeddable":true,"href":"https:\/\/www.hsu-hh.de\/aut\/wp-json\/wp\/v2\/tags?post=396"}],"curies":[{"name":"wp","href":"https:\/\/api.w.org\/{rel}","templated":true}]}}