{"id":394,"date":"2017-10-24T23:32:36","date_gmt":"2017-10-24T21:32:36","guid":{"rendered":"https:\/\/www.hsu-hh.de\/aut\/?page_id=394"},"modified":"2017-11-21T09:53:40","modified_gmt":"2017-11-21T08:53:40","slug":"gebaeudeautomatisierung-requirements-engineering-und-engineering-unterstuetzung","status":"publish","type":"page","link":"https:\/\/www.hsu-hh.de\/aut\/forschung\/forschungsthemen\/gebaeudeautomatisierung-requirements-engineering-und-engineering-unterstuetzung","title":{"rendered":"Geb\u00e4udeautomatisierung: Requirements Engineering und Engineering-Unterst\u00fctzung"},"content":{"rendered":"<h2>Projektbeschreibung<\/h2>\n<p>Als Geb\u00e4udeautomation (GA) bezeichnet man die Gesamtheit von \u00dcberwachungs-, Steuer-, Regel- und Optimierungseinrichtungen in Geb\u00e4uden. Sie ist damit ein wichtiger Bestandteil des technischen Facility Managements. Ziel ist es die Funktionsabl\u00e4ufe gewerke\u00fcbergreifend automatisch, nach vorgegebenen Parametern durchzuf\u00fchren oder deren Bedienung <abbr title=\"beziehungsweise\">bzw.<\/abbr> \u00dcberwachung zu vereinfachen. Alle Sensoren, Aktoren und weitere technischen Einheiten im Geb\u00e4ude werden mittels Bussysteme miteinander verbunden. Kennzeichnendes Merkmal der GA ist die dezentrale Anordnung der Steuerungseinheiten. Im Zuge steigender Energiepreise finden GA-Systeme nicht mehr nur in Gro\u00dfbauprojekten Anwendung, sondern auch Zunehmens in kleineren Objketen (Stichwort: \u201eEnergiepass\u201c). Im Gegensatz zur Prozess- und Fertigungstechnik befindet sich die GA noch in den Kinderschuhen, weshalb das Arbeiten in diesem Bereich einen besonderen Reiz ausmacht.<\/p>\n<h2>Forschungsthema an der HSU im Bereich Geb\u00e4udeautomatisierung:<\/h2>\n<p>Wie im gesamten Bereich der Automatisierungstechnik nehmen die Engineeringkosten auch in der GA einen erheblichen Anteil an den Gesamtprojektkosten ein. Daher besch\u00e4ftigt sich unsere Professur mit der Verbesserung des Engineerings, welche zu einer Effizienzsteigerung und somit zur Kostenminimierung innerhalb eines Projektes f\u00fchrt.<\/p>\n<p>Ihr zugrunde liegt ein wissensbasierter Ansatz der mit Hilfe vonKI-Techniken neue M\u00f6glichkeiten im gesamten Bereich des Engineerings erm\u00f6glicht. Ein Schwerpunkt der Arbeit liegt dabei auf der Schaffung einer optimalen Wissensbasis hinsichtlich Inhalt und Modell. Je nach Tiefe und Komplexit\u00e4t k\u00f6nnen darauf abgestimmte Regeln das Engineering in verschiedenen Bereichen erleichtern. (Komponenetenauswahl, Simulation, <abbr title=\"et cetera\">etc.<\/abbr>)<\/p>\n<div class=\"header_info\">\n<div>\n<p>bearbeitet durch <a title=\"Startseite \u00bb Mitarbeiter \u00bb Wiss. Mitarbeiter \u00bb Andr\u00e9\u00a0Scholz\" href=\"https:\/\/www.hsu-hh.de\/aut\/index_yJDb13rigkem0q0Y.html\"><abbr title=\"Diplom-Ingenieur\">Dipl.-Ing.<\/abbr> A<\/a><a title=\"Startseite \u00bb Mitarbeiter \u00bb Wiss. Mitarbeiter \u00bb Andr\u00e9\u00a0Scholz\" href=\"https:\/\/www.hsu-hh.de\/aut\/index_yJDb13rigkem0q0Y.html\">ndr\u00e9 Scholz<\/a> und <a title=\"Startseite \u00bb Mitarbeiter \u00bb Wiss. Mitarbeiter \u00bb Philipp\u00a0Puntel Schmidt\" href=\"https:\/\/www.hsu-hh.de\/aut\/index_EqDvsJgixwtQfAAh.html\">M. of Systems Eng. Philipp Puntel Schmidt\u00a0<\/a><\/p>\n<\/div>\n<\/div>\n<div class=\"footer_info\">\n<div class=\"footer_info\"><img decoding=\"async\" src=\"https:\/\/webbox.hsu-hh.de\/images\/wbox0028\/Forschung\/aktuelle%20Projekte\/Verweis%20auf%20BMWi-F%C3%B6rderung_large.jpg\" alt=\"Kennzeichen F\u00f6rderung durch das Bundesministerium f\u00fcr Wirtschaft und Energie\" \/><\/div>\n<\/div>\n","protected":false},"excerpt":{"rendered":"<p>Projektbeschreibung Als Geb\u00e4udeautomation (GA) bezeichnet man die Gesamtheit von \u00dcberwachungs-, Steuer-, Regel- und Optimierungseinrichtungen in Geb\u00e4uden. Sie ist damit ein wichtiger Bestandteil des technischen Facility Managements. Ziel ist es die [&hellip;]<\/p>\n","protected":false},"author":78,"featured_media":0,"parent":164,"menu_order":0,"comment_status":"closed","ping_status":"closed","template":"","meta":{"footnotes":""},"categories":[4],"tags":[],"class_list":["post-394","page","type-page","status-publish","hentry","category-forschung"],"_links":{"self":[{"href":"https:\/\/www.hsu-hh.de\/aut\/wp-json\/wp\/v2\/pages\/394","targetHints":{"allow":["GET"]}}],"collection":[{"href":"https:\/\/www.hsu-hh.de\/aut\/wp-json\/wp\/v2\/pages"}],"about":[{"href":"https:\/\/www.hsu-hh.de\/aut\/wp-json\/wp\/v2\/types\/page"}],"author":[{"embeddable":true,"href":"https:\/\/www.hsu-hh.de\/aut\/wp-json\/wp\/v2\/users\/78"}],"replies":[{"embeddable":true,"href":"https:\/\/www.hsu-hh.de\/aut\/wp-json\/wp\/v2\/comments?post=394"}],"version-history":[{"count":2,"href":"https:\/\/www.hsu-hh.de\/aut\/wp-json\/wp\/v2\/pages\/394\/revisions"}],"predecessor-version":[{"id":555,"href":"https:\/\/www.hsu-hh.de\/aut\/wp-json\/wp\/v2\/pages\/394\/revisions\/555"}],"up":[{"embeddable":true,"href":"https:\/\/www.hsu-hh.de\/aut\/wp-json\/wp\/v2\/pages\/164"}],"wp:attachment":[{"href":"https:\/\/www.hsu-hh.de\/aut\/wp-json\/wp\/v2\/media?parent=394"}],"wp:term":[{"taxonomy":"category","embeddable":true,"href":"https:\/\/www.hsu-hh.de\/aut\/wp-json\/wp\/v2\/categories?post=394"},{"taxonomy":"post_tag","embeddable":true,"href":"https:\/\/www.hsu-hh.de\/aut\/wp-json\/wp\/v2\/tags?post=394"}],"curies":[{"name":"wp","href":"https:\/\/api.w.org\/{rel}","templated":true}]}}