{"id":392,"date":"2017-10-24T23:29:41","date_gmt":"2017-10-24T21:29:41","guid":{"rendered":"https:\/\/www.hsu-hh.de\/aut\/?page_id=392"},"modified":"2017-10-24T23:40:50","modified_gmt":"2017-10-24T21:40:50","slug":"interdisziplinaere-wiederverwendung-im-engineering-automatisierter-anlagen","status":"publish","type":"page","link":"https:\/\/www.hsu-hh.de\/aut\/forschung\/forschungsthemen\/interdisziplinaere-wiederverwendung-im-engineering-automatisierter-anlagen","title":{"rendered":"Interdisziplin\u00e4re Wiederverwendung im Engineering automatisierter Anlagen"},"content":{"rendered":"<p>In diesem Forschungsschwerpunkt werden interdisziplin\u00e4re Konzepte erarbeitet und umgesetzt, welche die Wiederverwendung im Engineering automatisierter Anlagen unterst\u00fctzen. Ziel dessen ist es, den projektabh\u00e4ngigen Aufwand des Engineerings zu reduzieren. Hierzu werden bestehende Wiederverwendungsans\u00e4tze verschiedener Gewerke und Dom\u00e4nen kombiniert mit Methoden der Produktentwicklung, um einen Mehrwert f\u00fcr das Engineering zu generieren. Dies umfasst bspw. auch die explizite Ber\u00fccksichtigung von Variabilit\u00e4t innerhalb der Planungsartefakte. Die Umsetzung dieser Ans\u00e4tze erfolgt unter Verwendung g\u00e4ngiger Engineering-Werkzeuge.<\/p>\n<p>Bearbeitet durch:<\/p>\n<p><a title=\"Startseite \u00bb Mitarbeiter \u00bb Ehemalige \u00bb Sebastian\u00a0Schr\u00f6ck\" href=\"https:\/\/www.hsu-hh.de\/aut\/index_XeTKKV8vXMTW9yrx.html\"><abbr title=\"Doktor der Ingenieurwissenschaften\">Dr.-Ing.<\/abbr><\/a><a title=\"Startseite \u00bb Mitarbeiter \u00bb Wiss. Mitarbeiter \u00bb Sebastian\u00a0Schr\u00f6ck\" href=\"https:\/\/www.hsu-hh.de\/aut\/index_XeTKKV8vXMTW9yrx.html\">\u00a0Sebastian Schr\u00f6ck<\/a><\/p>\n<p>Schwerpunkte:<\/p>\n<p>&#8211;\u00a0\u00a0\u00a0\u00a0\u00a0\u00a0\u00a0\u00a0\u00a0 Analysieren der Abh\u00e4ngigkeiten innerhalb der Mechatronik<\/p>\n<p>&#8211;\u00a0\u00a0\u00a0\u00a0\u00a0\u00a0\u00a0\u00a0\u00a0 Untersuchung der Informationsdurchg\u00e4ngigkeit \u00fcber disziplinspezifische Aufgaben<\/p>\n<p>&#8211;\u00a0\u00a0\u00a0\u00a0\u00a0\u00a0\u00a0\u00a0\u00a0 Wiederverwendung und Variantenmanagement im Anlagenbau<\/p>\n<p>&#8211;\u00a0\u00a0\u00a0\u00a0\u00a0\u00a0\u00a0\u00a0\u00a0 Mitarbeit im <a href=\"http:\/\/www.vdi.de\/3739.0.html\" target=\"_blank\" rel=\"noopener noreferrer\">GMA FA 6.12 \u201eDurchg\u00e4ngiges Engineering von Leitsystemen\u201c <img loading=\"lazy\" decoding=\"async\" title=\"Externer Link: GMA FA 6.12 \u201eDurchg\u00e4ngiges Engineering von Leitsystemen\u201c (http:\/\/www.vdi.de\/3739.0.html)\" src=\"https:\/\/www.hsu-hh.de\/image_bricks\/external.gif\" alt=\"Externer Link: GMA FA 6.12 \u201eDurchg\u00e4ngiges Engineering von Leitsystemen\u201c (http:\/\/www.vdi.de\/3739.0.html)\" width=\"11\" height=\"10\" \/> <img loading=\"lazy\" decoding=\"async\" title=\"Link wird in einem neuen Fenster ge\u00f6ffnet\" src=\"https:\/\/www.hsu-hh.de\/image_bricks\/new_window_icon.gif\" alt=\"Link wird in einem neuen Fenster ge\u00f6ffnet\" width=\"10\" height=\"10\" \/><\/a><\/p>\n","protected":false},"excerpt":{"rendered":"<p>In diesem Forschungsschwerpunkt werden interdisziplin\u00e4re Konzepte erarbeitet und umgesetzt, welche die Wiederverwendung im Engineering automatisierter Anlagen unterst\u00fctzen. Ziel dessen ist es, den projektabh\u00e4ngigen Aufwand des Engineerings zu reduzieren. Hierzu werden [&hellip;]<\/p>\n","protected":false},"author":78,"featured_media":0,"parent":164,"menu_order":0,"comment_status":"closed","ping_status":"closed","template":"","meta":{"footnotes":""},"categories":[4],"tags":[],"class_list":["post-392","page","type-page","status-publish","hentry","category-forschung"],"_links":{"self":[{"href":"https:\/\/www.hsu-hh.de\/aut\/wp-json\/wp\/v2\/pages\/392","targetHints":{"allow":["GET"]}}],"collection":[{"href":"https:\/\/www.hsu-hh.de\/aut\/wp-json\/wp\/v2\/pages"}],"about":[{"href":"https:\/\/www.hsu-hh.de\/aut\/wp-json\/wp\/v2\/types\/page"}],"author":[{"embeddable":true,"href":"https:\/\/www.hsu-hh.de\/aut\/wp-json\/wp\/v2\/users\/78"}],"replies":[{"embeddable":true,"href":"https:\/\/www.hsu-hh.de\/aut\/wp-json\/wp\/v2\/comments?post=392"}],"version-history":[{"count":1,"href":"https:\/\/www.hsu-hh.de\/aut\/wp-json\/wp\/v2\/pages\/392\/revisions"}],"predecessor-version":[{"id":393,"href":"https:\/\/www.hsu-hh.de\/aut\/wp-json\/wp\/v2\/pages\/392\/revisions\/393"}],"up":[{"embeddable":true,"href":"https:\/\/www.hsu-hh.de\/aut\/wp-json\/wp\/v2\/pages\/164"}],"wp:attachment":[{"href":"https:\/\/www.hsu-hh.de\/aut\/wp-json\/wp\/v2\/media?parent=392"}],"wp:term":[{"taxonomy":"category","embeddable":true,"href":"https:\/\/www.hsu-hh.de\/aut\/wp-json\/wp\/v2\/categories?post=392"},{"taxonomy":"post_tag","embeddable":true,"href":"https:\/\/www.hsu-hh.de\/aut\/wp-json\/wp\/v2\/tags?post=392"}],"curies":[{"name":"wp","href":"https:\/\/api.w.org\/{rel}","templated":true}]}}