{"id":390,"date":"2017-10-24T23:26:33","date_gmt":"2017-10-24T21:26:33","guid":{"rendered":"https:\/\/www.hsu-hh.de\/aut\/?page_id=390"},"modified":"2017-11-21T09:54:28","modified_gmt":"2017-11-21T08:54:28","slug":"it-sicherheit-von-automatisierten-anlagen","status":"publish","type":"page","link":"https:\/\/www.hsu-hh.de\/aut\/forschung\/forschungsthemen\/it-sicherheit-von-automatisierten-anlagen","title":{"rendered":"IT-Sicherheit von automatisierten Anlagen"},"content":{"rendered":"<div id=\"contentblock\">\n<div class=\"header_info\">\n<div id=\"contentblock\"><a name=\"content\" rel='nofollow'><\/a><\/p>\n<div class=\"header_info\">\n<h1><img loading=\"lazy\" decoding=\"async\" class=\"\" title=\"INSA\" src=\"https:\/\/webbox.hsu-hh.de\/images\/wbox0028\/Forschung\/aktuelle%20Projekte\/INSA.jpg\" width=\"336\" height=\"336\" \/><\/h1>\n<\/div>\n<\/div>\n<h2>Entwicklung eines integrierten softwaregest\u00fctzten Werkzeuges zur nutzergef\u00fchrten Sicherheitsanalyse von Automatisierungsanlagen<\/h2>\n<p>Im Rahmen des vom Bundesministeriums f\u00fcr Wirtschaft und Technologie gef\u00f6rderten Forschungsprojektes INSA sollen wichtige Beitr\u00e4ge zur Verbesserung der <abbr title=\"Informationstechnologie\">IT<\/abbr>-Sicherheit von Produktionsanlagen insbesondere in kleinen und mittelst\u00e4ndischen Unternehmen (KMU) realisiert und erprobt werden.<\/p>\n<p>Die <abbr title=\"Informationstechnologie\">IT<\/abbr>-Sicherheit von Produktionsanlagen wird zu einer immer wichtigeren Komponente des Schutzes von Unternehmen gegen Cyber-Attacken. Neben Angriffen aus dem Internet sind dabei interne Angriffsquellen in Betracht zu ziehen. G\u00e4ngige Vorgehensmodelle, wie z. B. die VDI-Richtlinie 2182, setzen dabei unter anderem auf eine wiederkehrende Analyse der Bedrohungen und auf die Implementierung entsprechender Schutzma\u00dfnahmen. Die Durchf\u00fchrung einer solchen wiederkehrenden Gef\u00e4hrdungsanalyse ist mit einem wiederkehrenden manuellen Aufwand verbunden sowie mit hohen Anforderungen an Fachwissen und Erfahrung des Personals verbunden. Dies f\u00fchrt dazu, dass besonders kleine und mittlere Unternehmen die Durchf\u00fchrung dieser Ma\u00dfnahmen h\u00e4ufig meiden. Ziel des Projektes ist die Unterst\u00fctzung kleiner und mittlerer Unternehmen bei der erstmaligen und wiederkehrenden Durchf\u00fchrung entsprechender Bedrohungsanalysen.<\/p>\n<p>Der Ansatz des Projektes beruht auf der automatisierten <abbr title=\"beziehungsweise\">bzw.<\/abbr> teilautomatisierten Erfassung der installierten Automatisierungskomponenten (Assets). Danach kann f\u00fcr bekannte Standardkomponenten oder Komponentengruppen durch die Verwendung wissensbasierter Methoden eine Beurteilung der Bedrohung einer Automatisierungsanlage erfolgen. Hierf\u00fcr wird fachspezifisches Wissen erfasst und verarbeitet.<\/p>\n<h2><strong>Projektpartner:<\/strong><\/h2>\n<p>\u2022 Hochschule Hannover, Hannover<br \/>\n\u2022 Helmut-Schmidt-Universit\u00e4t \/ Universit\u00e4t der Bundeswehr, Hamburg<br \/>\n\u2022 M&amp;M <span lang=\"en\" xml:lang=\"en\">Software<\/span> <abbr title=\"Gesellschaft mit beschr\u00e4nkter Haftung\">GmbH<\/abbr>, St. Georgen<br \/>\n\u2022 ConSecur <abbr title=\"Gesellschaft mit beschr\u00e4nkter Haftung\">GmbH<\/abbr>, Meppen<br \/>\n\u2022 PHOENIX CONTACT Electronics <abbr title=\"Gesellschaft mit beschr\u00e4nkter Haftung\">GmbH<\/abbr>, Bad Pyrmont<br \/>\n\u2022 Nieders\u00e4chsischen Ministerium f\u00fcr Inneres und Sport, Hannover<br \/>\nF\u00f6rderkennzeichen: KF2421105BZ3 beim BMWi<\/p>\n<p>geplante Laufzeit: 01.04.2013 \u2013 30.11.2015<br \/>\nBearbeitet durch:<\/p>\n<p><a title=\"Startseite \u00bb Mitarbeiter \u00bb Wiss. Mitarbeiter \u00bb Matthias\u00a0Glawe\" href=\"https:\/\/www.hsu-hh.de\/aut\/index_fKqe9lxhzFFZPjuG.html\"><abbr title=\"Diplom-Ingenieur\">Dipl.-Ing.<\/abbr> Matthias Glawe<\/a><\/p>\n<p><a title=\"Startseite \u00bb Mitarbeiter \u00bb Wiss. Mitarbeiter \u00bb Andr\u00e9\u00a0Scholz\" href=\"https:\/\/www.hsu-hh.de\/aut\/index_yJDb13rigkem0q0Y.html\"><abbr title=\"Diplom-Ingenieur\">Dipl.-Ing.<\/abbr> Andr\u00e9 Scholz<\/a><\/p>\n<\/div>\n<\/div>\n","protected":false},"excerpt":{"rendered":"<p>Entwicklung eines integrierten softwaregest\u00fctzten Werkzeuges zur nutzergef\u00fchrten Sicherheitsanalyse von Automatisierungsanlagen Im Rahmen des vom Bundesministeriums f\u00fcr Wirtschaft und Technologie gef\u00f6rderten Forschungsprojektes INSA sollen wichtige Beitr\u00e4ge zur Verbesserung der IT-Sicherheit von [&hellip;]<\/p>\n","protected":false},"author":78,"featured_media":0,"parent":164,"menu_order":0,"comment_status":"closed","ping_status":"closed","template":"","meta":{"footnotes":""},"categories":[4],"tags":[],"class_list":["post-390","page","type-page","status-publish","hentry","category-forschung"],"_links":{"self":[{"href":"https:\/\/www.hsu-hh.de\/aut\/wp-json\/wp\/v2\/pages\/390","targetHints":{"allow":["GET"]}}],"collection":[{"href":"https:\/\/www.hsu-hh.de\/aut\/wp-json\/wp\/v2\/pages"}],"about":[{"href":"https:\/\/www.hsu-hh.de\/aut\/wp-json\/wp\/v2\/types\/page"}],"author":[{"embeddable":true,"href":"https:\/\/www.hsu-hh.de\/aut\/wp-json\/wp\/v2\/users\/78"}],"replies":[{"embeddable":true,"href":"https:\/\/www.hsu-hh.de\/aut\/wp-json\/wp\/v2\/comments?post=390"}],"version-history":[{"count":2,"href":"https:\/\/www.hsu-hh.de\/aut\/wp-json\/wp\/v2\/pages\/390\/revisions"}],"predecessor-version":[{"id":557,"href":"https:\/\/www.hsu-hh.de\/aut\/wp-json\/wp\/v2\/pages\/390\/revisions\/557"}],"up":[{"embeddable":true,"href":"https:\/\/www.hsu-hh.de\/aut\/wp-json\/wp\/v2\/pages\/164"}],"wp:attachment":[{"href":"https:\/\/www.hsu-hh.de\/aut\/wp-json\/wp\/v2\/media?parent=390"}],"wp:term":[{"taxonomy":"category","embeddable":true,"href":"https:\/\/www.hsu-hh.de\/aut\/wp-json\/wp\/v2\/categories?post=390"},{"taxonomy":"post_tag","embeddable":true,"href":"https:\/\/www.hsu-hh.de\/aut\/wp-json\/wp\/v2\/tags?post=390"}],"curies":[{"name":"wp","href":"https:\/\/api.w.org\/{rel}","templated":true}]}}